{"id":705,"date":"2023-09-18T12:30:54","date_gmt":"2023-09-18T12:30:54","guid":{"rendered":"https:\/\/talkto.ac\/le-paiement-a-echoue\/"},"modified":"2023-09-28T13:53:02","modified_gmt":"2023-09-28T13:53:02","slug":"le-paiement-a-echoue","status":"publish","type":"page","link":"https:\/\/talkto.ac\/sk\/le-paiement-a-echoue\/","title":{"rendered":"Platba zlyhala"},"content":{"rendered":"<p>Je n\u00e1m \u013e\u00fato, ale va\u0161a transakcia sa nespracovala. Sk\u00faste to pros\u00edm znova alebo kontaktujte podporu str\u00e1nky.<\/p>","protected":false},"excerpt":{"rendered":"<p>Je n\u00e1m \u013e\u00fato, ale va\u0161a transakcia sa nespracovala. Sk\u00faste to pros\u00edm znova alebo kontaktujte podporu str\u00e1nky.<\/p>","protected":false},"author":1,"featured_media":0,"parent":0,"menu_order":0,"comment_status":"closed","ping_status":"closed","template":"","meta":{"_et_pb_use_builder":"","_et_pb_old_content":"","_et_gb_content_width":"","inline_featured_image":false,"footnotes":""},"class_list":["post-705","page","type-page","status-publish","hentry"],"_links":{"self":[{"href":"https:\/\/talkto.ac\/sk\/wp-json\/wp\/v2\/pages\/705","targetHints":{"allow":["GET"]}}],"collection":[{"href":"https:\/\/talkto.ac\/sk\/wp-json\/wp\/v2\/pages"}],"about":[{"href":"https:\/\/talkto.ac\/sk\/wp-json\/wp\/v2\/types\/page"}],"author":[{"embeddable":true,"href":"https:\/\/talkto.ac\/sk\/wp-json\/wp\/v2\/users\/1"}],"replies":[{"embeddable":true,"href":"https:\/\/talkto.ac\/sk\/wp-json\/wp\/v2\/comments?post=705"}],"version-history":[{"count":1,"href":"https:\/\/talkto.ac\/sk\/wp-json\/wp\/v2\/pages\/705\/revisions"}],"predecessor-version":[{"id":859,"href":"https:\/\/talkto.ac\/sk\/wp-json\/wp\/v2\/pages\/705\/revisions\/859"}],"wp:attachment":[{"href":"https:\/\/talkto.ac\/sk\/wp-json\/wp\/v2\/media?parent=705"}],"curies":[{"name":"wp","href":"https:\/\/api.w.org\/{rel}","templated":true}]}}