{"id":1033,"date":"2024-02-06T14:19:43","date_gmt":"2024-02-06T14:19:43","guid":{"rendered":"https:\/\/talkto.ac\/?page_id=1033"},"modified":"2026-02-03T13:20:23","modified_gmt":"2026-02-03T13:20:23","slug":"conditions-de-paiements-recurrents","status":"publish","type":"page","link":"https:\/\/talkto.ac\/sk\/conditions-de-paiements-recurrents\/","title":{"rendered":"Opakuj\u00face sa platobn\u00e9 podmienky"},"content":{"rendered":"<p>[et_pb_section fb_built=&#8221;1&#8243; admin_label=&#8221;Header&#8221; _builder_version=&#8221;4.17.6&#8243; custom_margin=&#8221;0px||||false|false&#8221; custom_padding=&#8221;0px||||false|false&#8221; locked=&#8221;off&#8221; global_colors_info=&#8221;{}&#8221;][et_pb_row column_structure=&#8221;1_2,1_2&#8243; custom_padding_last_edited=&#8221;on|phone&#8221; module_class=&#8221;custom-header&#8221; _builder_version=&#8221;4.17.6&#8243; _module_preset=&#8221;default&#8221; width=&#8221;70%&#8221; width_tablet=&#8221;&#8221; width_phone=&#8221;78%&#8221; width_last_edited=&#8221;on|desktop&#8221; custom_margin_tablet=&#8221;&#8221; custom_margin_phone=&#8221;0px||0px||true|false&#8221; custom_margin_last_edited=&#8221;on|phone&#8221; custom_padding_tablet=&#8221;&#8221; custom_padding_phone=&#8221;0px||0px||true|false&#8221; global_colors_info=&#8221;{}&#8221;][et_pb_column type=&#8221;1_2&#8243; _builder_version=&#8221;4.17.6&#8243; _module_preset=&#8221;default&#8221; global_colors_info=&#8221;{}&#8221;][et_pb_text _builder_version=&#8221;4.23.4&#8243; _module_preset=&#8221;default&#8221; custom_margin=&#8221;80px||||false|false&#8221; custom_margin_tablet=&#8221;0px||||false|false&#8221; custom_margin_phone=&#8221;0px||0px||false|false&#8221; custom_margin_last_edited=&#8221;on|tablet&#8221; custom_padding=&#8221;||0px||false|false&#8221; header_text_align_tablet=&#8221;&#8221; header_text_align_phone=&#8221;center&#8221; header_text_align_last_edited=&#8221;on|phone&#8221; global_colors_info=&#8221;{}&#8221;]<\/p>\n<h1>Podmienky opakovan\u00fdch platieb<\/h1>\n<p>[\/et_pb_text][et_pb_button button_url=&#8221;https:\/\/talkto.ac\/passer-le-test\/&#8221; button_text=&#8221;Commencer le test&#8221; button_alignment=&#8221;center&#8221; disabled_on=&#8221;on|off|off&#8221; module_class=&#8221;custom-btn &#8221; _builder_version=&#8221;4.17.6&#8243; _dynamic_attributes=&#8221;button_url&#8221; _module_preset=&#8221;default&#8221; custom_margin=&#8221;||||true|false&#8221; locked=&#8221;off&#8221; global_colors_info=&#8221;{}&#8221;][\/et_pb_button][\/et_pb_column][et_pb_column type=&#8221;1_2&#8243; _builder_version=&#8221;4.17.6&#8243; _module_preset=&#8221;default&#8221; global_colors_info=&#8221;{}&#8221;][et_pb_image src=&#8221;https:\/\/talkto.ac\/wp-content\/uploads\/2023\/08\/Legal.svg&#8221; title_text=&#8221;Legal&#8221; align_tablet=&#8221;&#8221; align_phone=&#8221;center&#8221; align_last_edited=&#8221;on|phone&#8221; _builder_version=&#8221;4.17.6&#8243; _module_preset=&#8221;default&#8221; positioning=&#8221;relative&#8221; horizontal_offset=&#8221;-3vw&#8221; vertical_offset_tablet=&#8221;&#8221; vertical_offset_phone=&#8221;-5vh&#8221; vertical_offset_last_edited=&#8221;on|phone&#8221; horizontal_offset_tablet=&#8221;-3vw&#8221; horizontal_offset_phone=&#8221;-30vw&#8221; horizontal_offset_last_edited=&#8221;on|desktop&#8221; width_tablet=&#8221;&#8221; width_phone=&#8221;130vw&#8221; width_last_edited=&#8221;on|phone&#8221; custom_margin_tablet=&#8221;&#8221; custom_margin_phone=&#8221;0px||||false|false&#8221; custom_margin_last_edited=&#8221;on|phone&#8221; custom_padding_tablet=&#8221;&#8221; custom_padding_phone=&#8221;0px||||false|false&#8221; custom_padding_last_edited=&#8221;on|phone&#8221; global_colors_info=&#8221;{}&#8221;][\/et_pb_image][et_pb_button button_url=&#8221;https:\/\/talkto.ac\/passer-le-test\/&#8221; button_text=&#8221;Commencer le test&#8221; button_alignment=&#8221;center&#8221; disabled_on=&#8221;off|on|on&#8221; module_class=&#8221;custom-btn center&#8221; _builder_version=&#8221;4.17.6&#8243; _dynamic_attributes=&#8221;button_url&#8221; _module_preset=&#8221;default&#8221; custom_margin=&#8221;||||true|false&#8221; locked=&#8221;off&#8221; global_colors_info=&#8221;{}&#8221;][\/et_pb_button][\/et_pb_column][\/et_pb_row][\/et_pb_section][et_pb_section fb_built=&#8221;1&#8243; _builder_version=&#8221;4.17.6&#8243; _module_preset=&#8221;default&#8221; locked=&#8221;off&#8221; global_colors_info=&#8221;{}&#8221;][et_pb_row _builder_version=&#8221;4.17.6&#8243; _module_preset=&#8221;default&#8221; global_colors_info=&#8221;{}&#8221;][et_pb_column type=&#8221;4_4&#8243; _builder_version=&#8221;4.17.6&#8243; _module_preset=&#8221;default&#8221; global_colors_info=&#8221;{}&#8221;][et_pb_text _builder_version=&#8221;4.27.4&#8243; _module_preset=&#8221;default&#8221; hover_enabled=&#8221;0&#8243; global_colors_info=&#8221;{}&#8221; sticky_enabled=&#8221;0&#8243;]<\/p>\n<p><strong>CELLO POP SL<\/strong>so s\u00eddlom na adrese AVENIDA EUROPA (ED ATICA 5,), 26 - 2 PLT 28224, Madrid - DPH: ESB70809629<\/p>\n<p>Delegovan\u00e9 na :<\/p>\n<p>SAS FRIENDZ. S\u00eddlo: 9, rue de Paris - 94100 St-Maur-Des-Foss\u00e9s. Siren 891 437 535 NAF: 62.01Z- Z\u00e1kladn\u00e9 imanie 1 200,00 EUR. \u010c\u00edslo DPH FR16891437535<\/p>\n<p>Marketing v\u0161etk\u00e9ho obsahu uverejnen\u00e9ho na str\u00e1nke\u00a0<a href=\"http:\/\/www.talkt.ac\/\" target=\"_blank\" rel=\"noopener\">www.talkto.ac<\/a>v s\u00falade s ustanoveniami zmluvy uzavretej medzi oboma stranami<\/p>\n<p>Posledn\u00e1 aktualiz\u00e1cia: 08. j\u00fala 2025<\/p>\n<p>[\/et_pb_text][et_pb_text module_class=&#8221;custom-title&#8221; _builder_version=&#8221;4.17.6&#8243; _module_preset=&#8221;default&#8221; global_colors_info=&#8221;{}&#8221;]<\/p>\n<h2>Preambula<\/h2>\n<p>[\/et_pb_text][et_pb_text _builder_version=&#8221;4.27.4&#8243; _module_preset=&#8221;default&#8221; global_colors_info=&#8221;{}&#8221;]<\/p>\n<p>Predplatn\u00e9 slu\u017eieb www.talkto.ac v\u00e1m poskytuje pr\u00edstup k nasleduj\u00facim v\u00fdhod\u00e1m:<\/p>\n<ul>\n<li>Neobmedzen\u00e9 testy<\/li>\n<li>Ukladanie v\u0161etk\u00fdch v\u00fdsledkov testov<\/li>\n<li>Porovnania medzi testami<\/li>\n<li>V\u00fdsledky zaslan\u00e9 e-mailom.<\/li>\n<\/ul>\n<p>Predplatn\u00e9 v\u00e1m umo\u017en\u00ed pr\u00edstup do \u010dlenskej z\u00f3ny na 24 hod\u00edn za akciov\u00fa cenu 0,5 EUR s DPH. Po skon\u010den\u00ed tohto sk\u00fa\u0161obn\u00e9ho obdobia sa za\u010dne uplat\u0148ova\u0165 mesa\u010dn\u00e9 predplatn\u00e9 vo v\u00fd\u0161ke 47,5 EUR s DPH mesa\u010dne. Platba bude automaticky strh\u00e1van\u00e1 z va\u0161ej kreditnej karty ka\u017ed\u00fd mesiac v de\u0148 v\u00fdro\u010dia.<\/p>\n<p>Predplatn\u00e9 m\u00f4\u017eete kedyko\u013evek a bezpodmiene\u010dne zru\u0161i\u0165 priamo na tejto str\u00e1nke:\u00a0<a href=\"https:\/\/talkto.ac\/sk\/se-desabonner\/\">https:\/\/talkto.ac\/se-desabonner\/<\/a><\/p>\n<p>Ak chcete zru\u0161i\u0165 svoje predplatn\u00e9, kontaktujte n\u00e1\u0161 z\u00e1kazn\u00edcky servis e-mailom na adrese\u00a0<a href=\"mailto:contact.talkto1@gmail.com\">contact.talkto1@gmail.com<\/a>alebo prostredn\u00edctvom kontaktn\u00e9ho formul\u00e1ra na tomto odkaze:\u00a0<a href=\"https:\/\/talkto.ac\/sk\/contact\/\">https:\/\/talkto.ac\/contact\/<\/a><\/p>\n<p>www.talkto.ac inform\u00e1cie o z\u00e1kazn\u00edkoch \u010falej nepred\u00e1va; osobn\u00e9 \u00fadaje sa pou\u017e\u00edvaj\u00fa v\u00fdlu\u010dne na \u00fa\u010dely komunik\u00e1cie so z\u00e1kazn\u00edkmi a poskytovania po\u017eadovanej \u00farovne slu\u017eieb.<\/p>\n<p>www.talkto.ac vyu\u017e\u00edva poskytovate\u013eov platobn\u00fdch slu\u017eieb, ktor\u00ed sp\u013a\u0148aj\u00fa po\u017eadovan\u00e9 bezpe\u010dnostn\u00e9 \u0161tandardy PCI DSS.<\/p>\n<p>[\/et_pb_text][\/et_pb_column][\/et_pb_row][\/et_pb_section]<\/p>","protected":false},"excerpt":{"rendered":"<p>Conditions de paiements recurrentsCELLO POP SL, dont le si\u00e8ge social est situ\u00e9 \u00e0 AVENIDA EUROPA (ED ATICA 5,), 26 &#8211; 2 PLT 28224, Madrid \u2013 VAT : ESB70809629 D\u00e9l\u00e8gue \u00e0\u00a0: La soci\u00e9t\u00e9 SAS FRIENDZ. Si\u00e8ge Social\u00a0:\u00a0 9, rue de Paris &#8211; 94100 St-Maur-Des-Foss\u00e9s. Siren 891 437 535 NAF\u00a0: 62.01Z\u2013 Capital social de 1.200,00 \u20ac. TVA [&hellip;]<\/p>","protected":false},"author":1,"featured_media":0,"parent":0,"menu_order":0,"comment_status":"closed","ping_status":"closed","template":"","meta":{"_et_pb_use_builder":"on","_et_pb_old_content":"","_et_gb_content_width":"","inline_featured_image":false,"footnotes":""},"class_list":["post-1033","page","type-page","status-publish","hentry"],"_links":{"self":[{"href":"https:\/\/talkto.ac\/sk\/wp-json\/wp\/v2\/pages\/1033","targetHints":{"allow":["GET"]}}],"collection":[{"href":"https:\/\/talkto.ac\/sk\/wp-json\/wp\/v2\/pages"}],"about":[{"href":"https:\/\/talkto.ac\/sk\/wp-json\/wp\/v2\/types\/page"}],"author":[{"embeddable":true,"href":"https:\/\/talkto.ac\/sk\/wp-json\/wp\/v2\/users\/1"}],"replies":[{"embeddable":true,"href":"https:\/\/talkto.ac\/sk\/wp-json\/wp\/v2\/comments?post=1033"}],"version-history":[{"count":8,"href":"https:\/\/talkto.ac\/sk\/wp-json\/wp\/v2\/pages\/1033\/revisions"}],"predecessor-version":[{"id":3504,"href":"https:\/\/talkto.ac\/sk\/wp-json\/wp\/v2\/pages\/1033\/revisions\/3504"}],"wp:attachment":[{"href":"https:\/\/talkto.ac\/sk\/wp-json\/wp\/v2\/media?parent=1033"}],"curies":[{"name":"wp","href":"https:\/\/api.w.org\/{rel}","templated":true}]}}