{"id":1033,"date":"2024-02-06T14:19:43","date_gmt":"2024-02-06T14:19:43","guid":{"rendered":"https:\/\/talkto.ac\/?page_id=1033"},"modified":"2026-02-03T13:20:23","modified_gmt":"2026-02-03T13:20:23","slug":"conditions-de-paiements-recurrents","status":"publish","type":"page","link":"https:\/\/talkto.ac\/ro\/conditions-de-paiements-recurrents\/","title":{"rendered":"Condi\u021bii de plat\u0103 recurente"},"content":{"rendered":"<p>[et_pb_section fb_built=&#8221;1&#8243; admin_label=&#8221;Header&#8221; _builder_version=&#8221;4.17.6&#8243; custom_margin=&#8221;0px||||false|false&#8221; custom_padding=&#8221;0px||||false|false&#8221; locked=&#8221;off&#8221; global_colors_info=&#8221;{}&#8221;][et_pb_row column_structure=&#8221;1_2,1_2&#8243; custom_padding_last_edited=&#8221;on|phone&#8221; module_class=&#8221;custom-header&#8221; _builder_version=&#8221;4.17.6&#8243; _module_preset=&#8221;default&#8221; width=&#8221;70%&#8221; width_tablet=&#8221;&#8221; width_phone=&#8221;78%&#8221; width_last_edited=&#8221;on|desktop&#8221; custom_margin_tablet=&#8221;&#8221; custom_margin_phone=&#8221;0px||0px||true|false&#8221; custom_margin_last_edited=&#8221;on|phone&#8221; custom_padding_tablet=&#8221;&#8221; custom_padding_phone=&#8221;0px||0px||true|false&#8221; global_colors_info=&#8221;{}&#8221;][et_pb_column type=&#8221;1_2&#8243; _builder_version=&#8221;4.17.6&#8243; _module_preset=&#8221;default&#8221; global_colors_info=&#8221;{}&#8221;][et_pb_text _builder_version=&#8221;4.23.4&#8243; _module_preset=&#8221;default&#8221; custom_margin=&#8221;80px||||false|false&#8221; custom_margin_tablet=&#8221;0px||||false|false&#8221; custom_margin_phone=&#8221;0px||0px||false|false&#8221; custom_margin_last_edited=&#8221;on|tablet&#8221; custom_padding=&#8221;||0px||false|false&#8221; header_text_align_tablet=&#8221;&#8221; header_text_align_phone=&#8221;center&#8221; header_text_align_last_edited=&#8221;on|phone&#8221; global_colors_info=&#8221;{}&#8221;]<\/p>\n<h1>Condi\u021bii de plat\u0103 recurent\u0103<\/h1>\n<p>[\/et_pb_text][et_pb_button button_url=&#8221;https:\/\/talkto.ac\/passer-le-test\/&#8221; button_text=&#8221;Commencer le test&#8221; button_alignment=&#8221;center&#8221; disabled_on=&#8221;on|off|off&#8221; module_class=&#8221;custom-btn &#8221; _builder_version=&#8221;4.17.6&#8243; _dynamic_attributes=&#8221;button_url&#8221; _module_preset=&#8221;default&#8221; custom_margin=&#8221;||||true|false&#8221; locked=&#8221;off&#8221; global_colors_info=&#8221;{}&#8221;][\/et_pb_button][\/et_pb_column][et_pb_column type=&#8221;1_2&#8243; _builder_version=&#8221;4.17.6&#8243; _module_preset=&#8221;default&#8221; global_colors_info=&#8221;{}&#8221;][et_pb_image src=&#8221;https:\/\/talkto.ac\/wp-content\/uploads\/2023\/08\/Legal.svg&#8221; title_text=&#8221;Legal&#8221; align_tablet=&#8221;&#8221; align_phone=&#8221;center&#8221; align_last_edited=&#8221;on|phone&#8221; _builder_version=&#8221;4.17.6&#8243; _module_preset=&#8221;default&#8221; positioning=&#8221;relative&#8221; horizontal_offset=&#8221;-3vw&#8221; vertical_offset_tablet=&#8221;&#8221; vertical_offset_phone=&#8221;-5vh&#8221; vertical_offset_last_edited=&#8221;on|phone&#8221; horizontal_offset_tablet=&#8221;-3vw&#8221; horizontal_offset_phone=&#8221;-30vw&#8221; horizontal_offset_last_edited=&#8221;on|desktop&#8221; width_tablet=&#8221;&#8221; width_phone=&#8221;130vw&#8221; width_last_edited=&#8221;on|phone&#8221; custom_margin_tablet=&#8221;&#8221; custom_margin_phone=&#8221;0px||||false|false&#8221; custom_margin_last_edited=&#8221;on|phone&#8221; custom_padding_tablet=&#8221;&#8221; custom_padding_phone=&#8221;0px||||false|false&#8221; custom_padding_last_edited=&#8221;on|phone&#8221; global_colors_info=&#8221;{}&#8221;][\/et_pb_image][et_pb_button button_url=&#8221;https:\/\/talkto.ac\/passer-le-test\/&#8221; button_text=&#8221;Commencer le test&#8221; button_alignment=&#8221;center&#8221; disabled_on=&#8221;off|on|on&#8221; module_class=&#8221;custom-btn center&#8221; _builder_version=&#8221;4.17.6&#8243; _dynamic_attributes=&#8221;button_url&#8221; _module_preset=&#8221;default&#8221; custom_margin=&#8221;||||true|false&#8221; locked=&#8221;off&#8221; global_colors_info=&#8221;{}&#8221;][\/et_pb_button][\/et_pb_column][\/et_pb_row][\/et_pb_section][et_pb_section fb_built=&#8221;1&#8243; _builder_version=&#8221;4.17.6&#8243; _module_preset=&#8221;default&#8221; locked=&#8221;off&#8221; global_colors_info=&#8221;{}&#8221;][et_pb_row _builder_version=&#8221;4.17.6&#8243; _module_preset=&#8221;default&#8221; global_colors_info=&#8221;{}&#8221;][et_pb_column type=&#8221;4_4&#8243; _builder_version=&#8221;4.17.6&#8243; _module_preset=&#8221;default&#8221; global_colors_info=&#8221;{}&#8221;][et_pb_text _builder_version=&#8221;4.27.4&#8243; _module_preset=&#8221;default&#8221; hover_enabled=&#8221;0&#8243; global_colors_info=&#8221;{}&#8221; sticky_enabled=&#8221;0&#8243;]<\/p>\n<p><strong>CELLO POP SL<\/strong>cu sediul social la AVENIDA EUROPA (ED ATICA 5,), 26 - 2 PLT 28224, Madrid - TVA: ESB70809629<\/p>\n<p>Delegat c\u0103tre :<\/p>\n<p>SAS FRIENDZ. Sediul social: 9, rue de Paris - 94100 St-Maur-Des-Foss\u00e9s. Siren 891 437 535 NAF: 62.01Z- Capital social de 1 200,00 \u20ac. Num\u0103r de TVA FR16891437535<\/p>\n<p>Comercializarea \u00eentregului con\u021binut publicat pe site\u00a0<a href=\"http:\/\/www.talkt.ac\/\" target=\"_blank\" rel=\"noopener\">www.talkto.ac<\/a>\u00een conformitate cu prevederile contractului \u00eencheiat \u00eentre cele dou\u0103 p\u0103r\u021bi<\/p>\n<p>Ultima actualizare: 08 iulie 2025<\/p>\n<p>[\/et_pb_text][et_pb_text module_class=&#8221;custom-title&#8221; _builder_version=&#8221;4.17.6&#8243; _module_preset=&#8221;default&#8221; global_colors_info=&#8221;{}&#8221;]<\/p>\n<h2>Preambul<\/h2>\n<p>[\/et_pb_text][et_pb_text _builder_version=&#8221;4.27.4&#8243; _module_preset=&#8221;default&#8221; global_colors_info=&#8221;{}&#8221;]<\/p>\n<p>Abonarea la serviciile www.talkto.ac v\u0103 ofer\u0103 acces la urm\u0103toarele beneficii:<\/p>\n<ul>\n<li>Teste nelimitate<\/li>\n<li>Stocarea tuturor rezultatelor testelor<\/li>\n<li>Compara\u021bii \u00eentre teste<\/li>\n<li>Rezultatele sunt trimise prin e-mail.<\/li>\n<\/ul>\n<p>Abonamentul v\u0103 ofer\u0103 acces la zona membrilor timp de 24 de ore la tariful promo\u021bional de 0,5 EUR, TVA inclus\u0103. La sf\u00e2r\u0219itul acestei perioade de prob\u0103, se va aplica abonamentul lunar de 47,5 EUR TVA inclus pe lun\u0103. Plata va fi debitat\u0103 automat de pe cardul dvs. de credit \u00een fiecare lun\u0103 la data anivers\u0103rii.<\/p>\n<p>V\u0103 pute\u021bi anula abonamentul \u00een orice moment \u0219i necondi\u021bionat direct pe aceast\u0103 pagin\u0103:\u00a0<a href=\"https:\/\/talkto.ac\/ro\/se-desabonner\/\">https:\/\/talkto.ac\/se-desabonner\/<\/a><\/p>\n<p>Pentru a v\u0103 anula abonamentul, v\u0103 rug\u0103m s\u0103 contacta\u021bi Serviciul nostru pentru clien\u021bi prin e-mail la adresa\u00a0<a href=\"mailto:contact.talkto1@gmail.com\">contact.talkto1@gmail.com<\/a>sau prin intermediul formularului nostru de contact, urm\u00e2nd acest link:\u00a0<a href=\"https:\/\/talkto.ac\/ro\/contact\/\">https:\/\/talkto.ac\/contact\/<\/a><\/p>\n<p>www.talkto.ac nu revinde informa\u021biile despre clien\u021bi; datele personale sunt utilizate exclusiv \u00een scopul comunic\u0103rii cu clien\u021bii \u0219i al furniz\u0103rii nivelului de servicii dorit.<\/p>\n<p>www.talkto.ac utilizeaz\u0103 furnizori de servicii de plat\u0103 care respect\u0103 standardele de securitate PCI DSS necesare.<\/p>\n<p>[\/et_pb_text][\/et_pb_column][\/et_pb_row][\/et_pb_section]<\/p>","protected":false},"excerpt":{"rendered":"<p>Conditions de paiements recurrentsCELLO POP SL, dont le si\u00e8ge social est situ\u00e9 \u00e0 AVENIDA EUROPA (ED ATICA 5,), 26 &#8211; 2 PLT 28224, Madrid \u2013 VAT : ESB70809629 D\u00e9l\u00e8gue \u00e0\u00a0: La soci\u00e9t\u00e9 SAS FRIENDZ. Si\u00e8ge Social\u00a0:\u00a0 9, rue de Paris &#8211; 94100 St-Maur-Des-Foss\u00e9s. Siren 891 437 535 NAF\u00a0: 62.01Z\u2013 Capital social de 1.200,00 \u20ac. TVA [&hellip;]<\/p>","protected":false},"author":1,"featured_media":0,"parent":0,"menu_order":0,"comment_status":"closed","ping_status":"closed","template":"","meta":{"_et_pb_use_builder":"on","_et_pb_old_content":"","_et_gb_content_width":"","inline_featured_image":false,"footnotes":""},"class_list":["post-1033","page","type-page","status-publish","hentry"],"_links":{"self":[{"href":"https:\/\/talkto.ac\/ro\/wp-json\/wp\/v2\/pages\/1033","targetHints":{"allow":["GET"]}}],"collection":[{"href":"https:\/\/talkto.ac\/ro\/wp-json\/wp\/v2\/pages"}],"about":[{"href":"https:\/\/talkto.ac\/ro\/wp-json\/wp\/v2\/types\/page"}],"author":[{"embeddable":true,"href":"https:\/\/talkto.ac\/ro\/wp-json\/wp\/v2\/users\/1"}],"replies":[{"embeddable":true,"href":"https:\/\/talkto.ac\/ro\/wp-json\/wp\/v2\/comments?post=1033"}],"version-history":[{"count":8,"href":"https:\/\/talkto.ac\/ro\/wp-json\/wp\/v2\/pages\/1033\/revisions"}],"predecessor-version":[{"id":3504,"href":"https:\/\/talkto.ac\/ro\/wp-json\/wp\/v2\/pages\/1033\/revisions\/3504"}],"wp:attachment":[{"href":"https:\/\/talkto.ac\/ro\/wp-json\/wp\/v2\/media?parent=1033"}],"curies":[{"name":"wp","href":"https:\/\/api.w.org\/{rel}","templated":true}]}}