{"id":769,"date":"2023-09-20T11:54:44","date_gmt":"2023-09-20T11:54:44","guid":{"rendered":"https:\/\/talkto.ac\/?page_id=769"},"modified":"2026-02-15T23:00:57","modified_gmt":"2026-02-15T23:00:57","slug":"resultat-du-test","status":"publish","type":"page","link":"https:\/\/talkto.ac\/lt\/resultat-du-test\/","title":{"rendered":"Bandym\u0173 rezultatai"},"content":{"rendered":"<p>[et_pb_section fb_built=&#8221;1&#8243; module_class=&#8221;english-test&#8221; _builder_version=&#8221;4.27.4&#8243; _module_preset=&#8221;default&#8221; background_color=&#8221;RGBA(255,255,255,0)&#8221; custom_margin=&#8221;0px||0px||true|false&#8221; custom_padding=&#8221;0px||0px||true|false&#8221; custom_css_before=&#8221;content:&#8221;;||position:absolute;||background:url(&#8216;https:\/\/talkto.ac\/wp-content\/uploads\/2023\/09\/Trace-2517.svg&#8217;);||background-size:cover;||right:0;||top:-50px;||width:900px;||height:900px;||display:block;&#8221; global_colors_info=&#8221;{}&#8221;][et_pb_row _builder_version=&#8221;4.27.4&#8243; _module_preset=&#8221;default&#8221; width=&#8221;100%&#8221; max_width=&#8221;100%&#8221; global_colors_info=&#8221;{}&#8221;][et_pb_column type=&#8221;4_4&#8243; _builder_version=&#8221;4.17.6&#8243; _module_preset=&#8221;default&#8221; global_colors_info=&#8221;{}&#8221;][et_pb_text _builder_version=&#8221;4.27.4&#8243; _module_preset=&#8221;default&#8221; global_colors_info=&#8221;{}&#8221;]<\/p>\n<p>J\u016bs dar neu\u017epild\u0117te klausimyno (SQL)<br \/>\n[\/et_pb_text][et_pb_code _builder_version=&#8221;4.27.4&#8243; _module_preset=&#8221;default&#8221; width=&#8221;100%&#8221; positioning=&#8221;absolute&#8221; custom_css_main_element=&#8221;opacity:0;||user-select:none;||pointer-events:none;&#8221; hover_enabled=&#8221;0&#8243; sticky_enabled=&#8221;0&#8243;]<script>\/\/ \u00c0 ajouter dans le <head> ou en bas de page<!-- [et_pb_line_break_holder] -->document.addEventListener(\"DOMContentLoaded\", function () {<!-- [et_pb_line_break_holder] -->    var resultsPage = document.querySelector(\".qsm-results-page\");<!-- [et_pb_line_break_holder] -->    var ebookBlock = document.getElementById(\"ebook-upsell-block\");<!-- [et_pb_line_break_holder] -->    <!-- [et_pb_line_break_holder] -->    if (resultsPage && ebookBlock) {<!-- [et_pb_line_break_holder] -->        \/\/ D\u00e9placer l'ebook DANS .qsm-results-page<!-- [et_pb_line_break_holder] -->        resultsPage.appendChild(ebookBlock);<!-- [et_pb_line_break_holder] -->    }<!-- [et_pb_line_break_holder] -->});<\/script>[\/et_pb_code][\/et_pb_column][\/et_pb_row][\/et_pb_section]<\/p>","protected":false},"excerpt":{"rendered":"<p> J\u016bs dar neu\u017epild\u0117te klausimyno (SQL) <\/p>","protected":false},"author":1,"featured_media":0,"parent":0,"menu_order":0,"comment_status":"closed","ping_status":"closed","template":"","meta":{"_et_pb_use_builder":"on","_et_pb_old_content":"<!-- wp:divi\/placeholder \/-->","_et_gb_content_width":"","inline_featured_image":false,"footnotes":""},"class_list":["post-769","page","type-page","status-publish","hentry"],"_links":{"self":[{"href":"https:\/\/talkto.ac\/lt\/wp-json\/wp\/v2\/pages\/769","targetHints":{"allow":["GET"]}}],"collection":[{"href":"https:\/\/talkto.ac\/lt\/wp-json\/wp\/v2\/pages"}],"about":[{"href":"https:\/\/talkto.ac\/lt\/wp-json\/wp\/v2\/types\/page"}],"author":[{"embeddable":true,"href":"https:\/\/talkto.ac\/lt\/wp-json\/wp\/v2\/users\/1"}],"replies":[{"embeddable":true,"href":"https:\/\/talkto.ac\/lt\/wp-json\/wp\/v2\/comments?post=769"}],"version-history":[{"count":27,"href":"https:\/\/talkto.ac\/lt\/wp-json\/wp\/v2\/pages\/769\/revisions"}],"predecessor-version":[{"id":3598,"href":"https:\/\/talkto.ac\/lt\/wp-json\/wp\/v2\/pages\/769\/revisions\/3598"}],"wp:attachment":[{"href":"https:\/\/talkto.ac\/lt\/wp-json\/wp\/v2\/media?parent=769"}],"curies":[{"name":"wp","href":"https:\/\/api.w.org\/{rel}","templated":true}]}}