{"id":39,"date":"2023-08-18T13:37:08","date_gmt":"2023-08-18T13:37:08","guid":{"rendered":"https:\/\/talkto.ac\/?page_id=39"},"modified":"2026-02-03T13:25:25","modified_gmt":"2026-02-03T13:25:25","slug":"protection-des-donnees","status":"publish","type":"page","link":"https:\/\/talkto.ac\/lt\/protection-des-donnees\/","title":{"rendered":"Duomen\u0173 apsauga"},"content":{"rendered":"<p>[et_pb_section fb_built=&#8221;1&#8243; admin_label=&#8221;Header&#8221; _builder_version=&#8221;4.17.6&#8243; custom_margin=&#8221;0px||||false|false&#8221; custom_padding=&#8221;0px||||false|false&#8221; locked=&#8221;off&#8221; global_colors_info=&#8221;{}&#8221;][et_pb_row column_structure=&#8221;1_2,1_2&#8243; custom_padding_last_edited=&#8221;on|phone&#8221; module_class=&#8221;custom-header&#8221; _builder_version=&#8221;4.17.6&#8243; _module_preset=&#8221;default&#8221; width=&#8221;70%&#8221; width_tablet=&#8221;&#8221; width_phone=&#8221;78%&#8221; width_last_edited=&#8221;on|desktop&#8221; custom_margin_tablet=&#8221;&#8221; custom_margin_phone=&#8221;0px||0px||true|false&#8221; custom_margin_last_edited=&#8221;on|phone&#8221; custom_padding_tablet=&#8221;&#8221; custom_padding_phone=&#8221;0px||0px||true|false&#8221; global_colors_info=&#8221;{}&#8221;][et_pb_column type=&#8221;1_2&#8243; _builder_version=&#8221;4.17.6&#8243; _module_preset=&#8221;default&#8221; global_colors_info=&#8221;{}&#8221;][et_pb_text _builder_version=&#8221;4.17.6&#8243; _module_preset=&#8221;default&#8221; custom_margin=&#8221;80px||||false|false&#8221; custom_margin_tablet=&#8221;0px||||false|false&#8221; custom_margin_phone=&#8221;0px||0px||false|false&#8221; custom_margin_last_edited=&#8221;on|tablet&#8221; custom_padding=&#8221;||0px||false|false&#8221; header_text_align_tablet=&#8221;&#8221; header_text_align_phone=&#8221;center&#8221; header_text_align_last_edited=&#8221;on|phone&#8221; global_colors_info=&#8221;{}&#8221;]<\/p>\n<h1>Apsauga<br \/>\n<span class=\"bigger\">duomenys<\/span><\/h1>\n<p>[\/et_pb_text][et_pb_button button_url=&#8221;https:\/\/talkto.ac\/passer-le-test\/&#8221; button_text=&#8221;Commencer le test&#8221; button_alignment=&#8221;center&#8221; disabled_on=&#8221;on|off|off&#8221; module_class=&#8221;custom-btn &#8221; _builder_version=&#8221;4.17.6&#8243; _dynamic_attributes=&#8221;button_url&#8221; _module_preset=&#8221;default&#8221; custom_margin=&#8221;||||true|false&#8221; locked=&#8221;off&#8221; global_colors_info=&#8221;{}&#8221;][\/et_pb_button][\/et_pb_column][et_pb_column type=&#8221;1_2&#8243; _builder_version=&#8221;4.17.6&#8243; _module_preset=&#8221;default&#8221; global_colors_info=&#8221;{}&#8221;][et_pb_image src=&#8221;https:\/\/talkto.ac\/wp-content\/uploads\/2023\/08\/Legal.svg&#8221; title_text=&#8221;Legal&#8221; align_tablet=&#8221;&#8221; align_phone=&#8221;center&#8221; align_last_edited=&#8221;on|phone&#8221; _builder_version=&#8221;4.17.6&#8243; _module_preset=&#8221;default&#8221; positioning=&#8221;relative&#8221; horizontal_offset=&#8221;-3vw&#8221; vertical_offset_tablet=&#8221;&#8221; vertical_offset_phone=&#8221;-5vh&#8221; vertical_offset_last_edited=&#8221;on|phone&#8221; horizontal_offset_tablet=&#8221;-3vw&#8221; horizontal_offset_phone=&#8221;-30vw&#8221; horizontal_offset_last_edited=&#8221;on|desktop&#8221; width_tablet=&#8221;&#8221; width_phone=&#8221;130vw&#8221; width_last_edited=&#8221;on|phone&#8221; custom_margin_tablet=&#8221;&#8221; custom_margin_phone=&#8221;0px||||false|false&#8221; custom_margin_last_edited=&#8221;on|phone&#8221; custom_padding_tablet=&#8221;&#8221; custom_padding_phone=&#8221;0px||||false|false&#8221; custom_padding_last_edited=&#8221;on|phone&#8221; global_colors_info=&#8221;{}&#8221;][\/et_pb_image][et_pb_button button_url=&#8221;https:\/\/talkto.ac\/passer-le-test\/&#8221; button_text=&#8221;Commencer le test&#8221; button_alignment=&#8221;center&#8221; disabled_on=&#8221;off|on|on&#8221; module_class=&#8221;custom-btn center&#8221; _builder_version=&#8221;4.17.6&#8243; _dynamic_attributes=&#8221;button_url&#8221; _module_preset=&#8221;default&#8221; custom_margin=&#8221;||||true|false&#8221; locked=&#8221;off&#8221; global_colors_info=&#8221;{}&#8221;][\/et_pb_button][\/et_pb_column][\/et_pb_row][\/et_pb_section][et_pb_section fb_built=&#8221;1&#8243; _builder_version=&#8221;4.17.6&#8243; _module_preset=&#8221;default&#8221; locked=&#8221;off&#8221; global_colors_info=&#8221;{}&#8221;][et_pb_row _builder_version=&#8221;4.17.6&#8243; _module_preset=&#8221;default&#8221; global_colors_info=&#8221;{}&#8221;][et_pb_column type=&#8221;4_4&#8243; _builder_version=&#8221;4.17.6&#8243; _module_preset=&#8221;default&#8221; global_colors_info=&#8221;{}&#8221;][et_pb_text _builder_version=&#8221;4.27.4&#8243; _module_preset=&#8221;default&#8221; hover_enabled=&#8221;0&#8243; global_colors_info=&#8221;{}&#8221; sticky_enabled=&#8221;0&#8243; locked=&#8221;off&#8221;]<\/p>\n<p><strong>CELLO POP SL<\/strong>kurios registruota buvein\u0117 yra adresu AVENIDA EUROPA (ED ATICA 5,), 26 - 2 PLT 28224, Madridas - PVM: ESB70809629<\/p>\n<p>Deleguota :<\/p>\n<p>SAS FRIENDZ. Registruota buvein\u0117: 94100 St-Maur-Des-Foss\u00e9s, 94100 St-Maur-Des-Foss\u00e9s, rue de Paris. Siren 891 437 535 NAF: 62.01Z- Akcinis kapitalas 1 200,00 EUR. PVM mok\u0117tojo kodas FR16891437535<\/p>\n<p>viso svetain\u0117je paskelbto turinio rinkodara\u00a0<a href=\"http:\/\/www.talkt.ac\/\" target=\"_blank\" rel=\"noopener\">www.talkto.ac<\/a>pagal abiej\u0173 \u0161ali\u0173 sudarytos sutarties nuostatas.<\/p>\n<p>Paskutin\u012f kart\u0105 atnaujinta: 2025 m. liepos 08 d.<\/p>\n<p>[\/et_pb_text][et_pb_text module_class=&#8221;custom-title&#8221; _builder_version=&#8221;4.17.6&#8243; _module_preset=&#8221;default&#8221; global_colors_info=&#8221;{}&#8221;]<\/p>\n<h2>Preambul\u0117<\/h2>\n<p>[\/et_pb_text][et_pb_text _builder_version=&#8221;4.27.4&#8243; _module_preset=&#8221;default&#8221; global_colors_info=&#8221;{}&#8221;]<\/p>\n<p>T\u0119sdami nar\u0161ym\u0105 m\u016bs\u0173 svetain\u0117je https:\/\/talkto.ac\/ (toliau - Svetain\u0117), Svetain\u0117s lankytojai (toliau - Vartotojai) be i\u0161lyg\u0173 sutinka su toliau nurodytomis nuostatomis ir naudojimo s\u0105lygomis (toliau - G.U.C.). Prie\u0161 prad\u0117damas naudotis m\u016bs\u0173 Svetain\u0117s funkcijomis, Naudotojas patvirtina, kad perskait\u0117 \u0161ias G.U.C. ir su jomis sutinka.<\/p>\n<p>&nbsp;<\/p>\n<p>\u0160iuo metu internete esanti m\u016bs\u0173 Bendr\u0173j\u0173 nuostat\u0173 versija yra vienintel\u0117 versija, kuria galima remtis vis\u0105 Svetain\u0117s naudojimo laikotarp\u012f ir tol, kol j\u0105 pakeisime nauja versija.<\/p>\n<p>&nbsp;<\/p>\n<p>Svetain\u0119 valdo Bendrov\u0117s <strong>CELLO POP SL<\/strong> (toliau - Pardav\u0117jas arba TALKTO), kuris pasilieka teis\u0119 bet kuriuo metu keisti \u0161ias s\u0105lygas. Bet koks naudojimasis m\u016bs\u0173 Svetaine po to, kai buvo pakeistos T.G.U., rei\u0161kia, kad Vartotojas neat\u0161aukiamai sutinka su nauj\u0105ja versija. Nesutikdamas su m\u016bs\u0173 T.G.U., Vartotojas kvie\u010diamas nebesinaudoti m\u016bs\u0173 Svetaine.<\/p>\n<p>[\/et_pb_text][et_pb_text module_class=&#8221;custom-title&#8221; _builder_version=&#8221;4.17.6&#8243; _module_preset=&#8221;default&#8221; global_colors_info=&#8221;{}&#8221;]<\/p>\n<h2>1 straipsnis - Apibr\u0117\u017etys<\/h2>\n<p>[\/et_pb_text][et_pb_text _builder_version=&#8221;4.17.6&#8243; _module_preset=&#8221;default&#8221; global_colors_info=&#8221;{}&#8221;]<\/p>\n<p>Toliau pateiktos s\u0105vokos m\u016bs\u0173 Svetain\u0117je turi \u0161ias reik\u0161mes:<\/p>\n<p>&nbsp;<\/p>\n<p>\"Turinys\" - tai visi elementai, sudarantys m\u016bs\u0173 Svetain\u0117s informacij\u0105 (tekstas, vaizdai, vaizdo \u012fra\u0161ai, algoritmai, programin\u0117 \u012franga, valdikliai ir t. t.) ir leid\u017eiantys jai veikti, informuoti Naudotojus ir pristatyti m\u016bs\u0173 paslaugas;<\/p>\n<p>&nbsp;<\/p>\n<p>\"Intelektin\u0117s nuosavyb\u0117s teis\u0117s\" - tai visos intelektin\u0117s nuosavyb\u0117s ir gretutin\u0117s teis\u0117s (autori\u0173 teis\u0117s, preki\u0173 \u017eenklai, patentai, preki\u0173 pavadinimai, duomen\u0173 baz\u0117s ir t. t.), kurias saugo 1992 m. liepos 1 d. \u012fstatymu Nr. 92-587 sukurtas Intelektin\u0117s nuosavyb\u0117s kodeksas, kurio redakcija galioja tuo metu, kai naudotojas naudojasi Svetaine;<\/p>\n<p>&nbsp;<\/p>\n<p>\"Funkcijos\" - tai visos funkcijos, kuriomis m\u016bs\u0173 Svetain\u0117s naudotojai gali naudotis;<\/p>\n<p>&nbsp;<\/p>\n<p>\"Svetain\u0117\" - tai Pardav\u0117jo valdoma ir Vartotojui prieinama https:\/\/talkto.ac\/ svetain\u0117;<\/p>\n<p>&nbsp;<\/p>\n<p>\"Vartotojas\" - tai bet kuris asmuo, besinaudojantis m\u016bs\u0173 Svetaine ir turintis prieig\u0105 prie jos turinio.<\/p>\n<p>[\/et_pb_text][et_pb_text module_class=&#8221;custom-title&#8221; _builder_version=&#8221;4.17.6&#8243; _module_preset=&#8221;default&#8221; global_colors_info=&#8221;{}&#8221;]<\/p>\n<h2>2 straipsnis - Teisin\u0117 informacija<\/h2>\n<p>[\/et_pb_text][et_pb_text _builder_version=&#8221;4.17.6&#8243; _module_preset=&#8221;default&#8221; global_colors_info=&#8221;{}&#8221;]<\/p>\n<p>Pagal 2004 m. bir\u017eelio 21 d. Pranc\u016bzijos \u012fstatym\u0105 Nr. 2004-575 d\u0117l pasitik\u0117jimo skaitmenine ekonomika m\u016bs\u0173 svetain\u0117s naudotojai yra informuojami apie jos k\u016brime ir steb\u0117senoje dalyvaujan\u010di\u0173 asmen\u0173 tapatyb\u0119:<\/p>\n<p>&nbsp;<\/p>\n<p>Redakcijos vadovas: Carlo Ela contact.talkto1@gmail.com .<\/p>\n<p>&nbsp;<\/p>\n<p>Priiman\u010dioji \u0161alis: Kinsta, 8605 Santa Monica Blvd #92581 West Hollywood, CA 90069 - Jungtin\u0117s Amerikos Valstijos. https:\/\/kinsta.com\/fr\/<\/p>\n<p>&nbsp;<\/p>\n<p>K\u016br\u0117jas: TALKTO<\/p>\n<p>&nbsp;<\/p>\n<p>Duomen\u0173 apsaugos pareig\u016bnas: Carlo Ela contact.talkto1@gmail.com.<\/p>\n<p>[\/et_pb_text][et_pb_text module_class=&#8221;custom-title&#8221; _builder_version=&#8221;4.17.6&#8243; _module_preset=&#8221;default&#8221; global_colors_info=&#8221;{}&#8221;]<\/p>\n<h2>3 straipsnis - Asmens duomen\u0173 apsauga<\/h2>\n<p>[\/et_pb_text][et_pb_text _builder_version=&#8221;4.17.6&#8243; _module_preset=&#8221;default&#8221; global_colors_info=&#8221;{}&#8221;]<\/p>\n<p>Kad gal\u0117tum\u0117te naudotis m\u016bs\u0173 Svetaine, mes tvarkome tam tikrus Vartotoj\u0173 asmens duomenis. \u0160is duomen\u0173 tvarkymas vykdomas pagal 1978 m. sausio 6 d. Pranc\u016bzijos \u012fstatym\u0105 Nr. 78-17 su pakeitimais, susijus\u012f su informacin\u0117mis technologijomis, rinkmenomis ir pilietin\u0117mis laisv\u0117mis (vadinam\u0105j\u012f \"Informacini\u0173 technologij\u0173 ir pilietini\u0173 laisvi\u0173 \u012fstatym\u0105\"), ir pagal Duomen\u0173 apsaugos politik\u0105, kuri\u0105 galima rasti atitinkamame m\u016bs\u0173 Svetain\u0117s skirtuke.<\/p>\n<p>[\/et_pb_text][et_pb_text module_class=&#8221;custom-title&#8221; _builder_version=&#8221;4.17.6&#8243; _module_preset=&#8221;default&#8221; global_colors_info=&#8221;{}&#8221;]<\/p>\n<h2>4 straipsnis - Patekimas \u012f teritorij\u0105<\/h2>\n<p>[\/et_pb_text][et_pb_text _builder_version=&#8221;4.17.6&#8243; _module_preset=&#8221;default&#8221; global_colors_info=&#8221;{}&#8221;]<\/p>\n<p>Prieiga prie Svetain\u0117s ir naudojimasis ja yra skirti tik asmeniniam naudojimui. Vartotojas \u012fsipareigoja nenaudoti Svetain\u0117s ir joje esan\u010dios informacijos ar duomen\u0173 komerciniais, politiniais ar reklaminiais tikslais arba bet kokios formos komerciniam raginimui, ypa\u010d nepageidaujam\u0173 elektronini\u0173 lai\u0161k\u0173 siuntimui.<\/p>\n<p>&nbsp;<\/p>\n<p>\u012e svetain\u0119 gali patekti tik suaugusieji. Leid\u0117jas pasilieka teis\u0119 pra\u0161yti pateikti am\u017ei\u0173 patvirtinant\u012f dokument\u0105, ypa\u010d jei naudojat\u0117s u\u017esakymo internetu paslaugomis. Leid\u0117jas negali b\u016bti laikomas atsakingu u\u017e nepilname\u010di\u0173 prieig\u0105 prie Svetain\u0117s, taip pat negali b\u016bti laikomas atsakingu u\u017e Svetain\u0117s naudotoj\u0173 pateikt\u0105 klaiding\u0105 ar klaidinan\u010di\u0105 informacij\u0105.<\/p>\n<p>&nbsp;<\/p>\n<p>Vartotojai yra asmeni\u0161kai atsakingi u\u017e IT ir telekomunikacij\u0173 i\u0161tekli\u0173, reikaling\u0173 prieigai prie Svetain\u0117s, nustatym\u0105. Jie yra atsakingi u\u017e visas telekomunikacij\u0173 i\u0161laidas, patirtas prisijungiant prie interneto ir naudojantis Svetaine.<\/p>\n<p>[\/et_pb_text][et_pb_text module_class=&#8221;custom-title&#8221; _builder_version=&#8221;4.17.6&#8243; _module_preset=&#8221;default&#8221; global_colors_info=&#8221;{}&#8221;]<\/p>\n<h2>5 straipsnis - Teikiam\u0173 paslaug\u0173 apra\u0161ymas<\/h2>\n<p>[\/et_pb_text][et_pb_text _builder_version=&#8221;4.17.6&#8243; _module_preset=&#8221;default&#8221; global_colors_info=&#8221;{}&#8221;]<\/p>\n<p>Stengiam\u0117s pateikti kuo tikslesn\u0119 informacij\u0105, ta\u010diau negalime b\u016bti atsakingi u\u017e praleist\u0105 informacij\u0105, netikslumus ar informacijos neatnaujinim\u0105. Visa m\u016bs\u0173 svetain\u0117je pateikta informacija yra tik informacinio pob\u016bd\u017eio ir n\u0117ra i\u0161sami; ji pateikiama atsi\u017evelgiant \u012f pakeitimus, padarytus po jos paskelbimo internete.<\/p>\n<p>[\/et_pb_text][et_pb_text module_class=&#8221;custom-title&#8221; _builder_version=&#8221;4.17.6&#8243; _module_preset=&#8221;default&#8221; global_colors_info=&#8221;{}&#8221;]<\/p>\n<h2>6 straipsnis - Intelektin\u0117 nuosavyb\u0117<\/h2>\n<p>[\/et_pb_text][et_pb_text _builder_version=&#8221;4.17.6&#8243; _module_preset=&#8221;default&#8221; global_colors_info=&#8221;{}&#8221;]<\/p>\n<p>6.1 M\u016bs\u0173 svetain\u0117<\/p>\n<p>&nbsp;<\/p>\n<p>Visi preki\u0173 \u017eenklai, nuotraukos, tekstai, komentarai, iliustracijos, paveiksl\u0117liai (animuoti arba ne), vaizdo \u012fra\u0161\u0173 sekos, garsai, taip pat visos kompiuterin\u0117s programos, kurios gali b\u016bti naudojamos Svetainei valdyti, ir apskritai visi Svetain\u0117je atgaminti arba naudojami elementai yra saugomi galiojan\u010di\u0173 intelektin\u0117s nuosavyb\u0117s \u012fstatym\u0173.<\/p>\n<p>&nbsp;<\/p>\n<p>Jie yra visi\u0161ka leid\u0117jo arba jo komercini\u0173 partneri\u0173 nuosavyb\u0117. Bet koks vis\u0173 \u0161i\u0173 element\u0173 ar j\u0173 dalies atgaminimas, pateikimas, naudojimas ar pritaikymas bet kokia forma, \u012fskaitant kompiuterines programas, be i\u0161ankstinio ra\u0161ti\u0161ko Leid\u0117jo sutikimo yra grie\u017etai draud\u017eiamas. Tai, kad leid\u0117jas nepradeda teisini\u0173 veiksm\u0173, kai tik su\u017eino apie tok\u012f neteis\u0117t\u0105 naudojim\u0105, nerei\u0161kia, kad jis sutinka su tokiu naudojimu ir atsisako teisini\u0173 veiksm\u0173.<\/p>\n<p>&nbsp;<\/p>\n<p>Naudotojams grie\u017etai draud\u017eiama :<\/p>\n<p>&nbsp;<\/p>\n<p>Nuolat ar laikinai kopijuoti, atgaminti, reprezentuoti, platinti, platinti ar skelbti vis\u0105 ar dal\u012f turinio ir (arba) Svetain\u0117s bet kokiomis iki \u0161iol \u017einomomis ar ne\u017einomomis priemon\u0117mis ir laikmenomis;<\/p>\n<p>kurti i\u0161vestinius k\u016brinius i\u0161 turinio ir (arba) Svetain\u0117s;<\/p>\n<p>keisti, versti, adaptuoti ar pertvarkyti vis\u0105 turin\u012f ir (arba) Svetain\u0119 ar jo dal\u012f;<\/p>\n<p>i\u0161ardyti, dekompiliuoti ar i\u0161 naujo sukurti Svetain\u0119.<\/p>\n<p>Bet kokiu atveju u\u017e naudojim\u0105si Svetaine atsako tik Vartotojai.<\/p>\n<p>&nbsp;<\/p>\n<p>Bet koks neteis\u0117tas Svetain\u0117s ar bet kurio joje esan\u010dio elemento naudojimas bus laikomas pa\u017eeidimu ir bus persekiojamas pagal Pranc\u016bzijos intelektin\u0117s nuosavyb\u0117s kodekso L. 335-2 ir paskesni\u0173 straipsni\u0173 nuostatas.<\/p>\n<p>&nbsp;<\/p>\n<p>M\u016bs\u0173 prek\u0117s \u017eenklas<\/p>\n<p>Leid\u0117jo ir TALKTO \u017eodiniai ir vaizdiniai preki\u0173 \u017eenklai (logotipai) yra saugomi. Juos naudoti be ra\u0161ti\u0161ko Leid\u0117jo ar jo partneri\u0173 leidimo bet kokioje laikmenoje, siekiant reklamuoti produktus ar paslaugas arba komerciniais tikslais, draud\u017eiama, u\u017e tai Leid\u0117jui gresia baud\u017eiamoji ir civilin\u0117 atsakomyb\u0117 vartotojui ir (arba) bet kuriai tre\u010diajai \u0161aliai.<\/p>\n<p>&nbsp;<\/p>\n<p>Turinys<\/p>\n<p>Turinys yra laisvai prieinamas Svetain\u0117je. Tai, kad \u0161is turinys pateikiamas internete, nerei\u0161kia, kad perduodamos autori\u0173 teis\u0117s ar nuosavyb\u0117s teis\u0117s \u012f turin\u012f, kuris i\u0161lieka visi\u0161ka ir pilna Leid\u0117jo ir autori\u0173 intelektine nuosavybe.<\/p>\n<p>&nbsp;<\/p>\n<p>N\u0117 vienas Naudotojas negali imtis joki\u0173 veiksm\u0173, nesuderinam\u0173 su pagarba autori\u0173 teis\u0117ms ir intelektin\u0117s nuosavyb\u0117s teis\u0117ms arba prie\u0161taraujan\u010di\u0173 kitiems Pranc\u016bzijos ar tarptautiniams \u012fstatymams, susijusiems su intelektin\u0117s nuosavyb\u0117s teis\u0117mis. Leid\u0117jas ir jo bendradarbiai pasilieka teis\u0119 patraukti bet kur\u012f naudotoj\u0105 baud\u017eiamojon atsakomyb\u0117n u\u017e bet kok\u012f \u0161i\u0173 nuostat\u0173 pa\u017eeidim\u0105.<\/p>\n<p>[\/et_pb_text][et_pb_text module_class=&#8221;custom-title&#8221; _builder_version=&#8221;4.17.6&#8243; _module_preset=&#8221;default&#8221; global_colors_info=&#8221;{}&#8221;]<\/p>\n<h2>7 straipsnis - Svetain\u0117s valdymas<\/h2>\n<p>[\/et_pb_text][et_pb_text _builder_version=&#8221;4.17.6&#8243; _module_preset=&#8221;default&#8221; global_colors_info=&#8221;{}&#8221;]<\/p>\n<p>M\u016bs\u0173 Svetain\u0117 naudotojams paprastai prieinama vis\u0105 laik\u0105. Siekdamas tinkamai valdyti Svetain\u0119, leid\u0117jas bet kuriuo metu gali pasilikti teis\u0119 :<\/p>\n<p>&nbsp;<\/p>\n<p>sustabdyti, nutraukti ar apriboti prieig\u0105 prie visos Svetain\u0117s ar jos dalies d\u0117l bet kokios prie\u017easties, i\u0161 anksto apie tai prane\u0161us ar neprane\u0161us ir savo nuo\u017ei\u016bra;<\/p>\n<p>i\u0161trinti bet koki\u0105 informacij\u0105, galin\u010di\u0105 sutrikdyti jos veikim\u0105, d\u0117l bet kokios prie\u017easties, i\u0161 anksto apie tai prane\u0161usi arba neprane\u0161usi ir savo nuo\u017ei\u016bra;<\/p>\n<p>sustabdyti Svetain\u0117s veikl\u0105, kad b\u016bt\u0173 galima atlikti atnaujinimus.<\/p>\n<p>Leid\u0117jas stengsis i\u0161 anksto informuoti naudotojus apie intervencijos datas ir laik\u0105, ta\u010diau jis negali b\u016bti laikomas atsakingu, jei to nepadarys.<\/p>\n<p>[\/et_pb_text][et_pb_text module_class=&#8221;custom-title&#8221; _builder_version=&#8221;4.17.6&#8243; _module_preset=&#8221;default&#8221; global_colors_info=&#8221;{}&#8221;]<\/p>\n<h2>8 straipsnis - Atsakomyb\u0117<\/h2>\n<p>[\/et_pb_text][et_pb_text _builder_version=&#8221;4.17.6&#8243; _module_preset=&#8221;default&#8221; global_colors_info=&#8221;{}&#8221;]<\/p>\n<p>8.1 Patekimas \u012f svetain\u0119<\/p>\n<p>&nbsp;<\/p>\n<p>Leid\u0117jas \u012fsipareigoja d\u0117ti visas pastangas, kad Svetain\u0117 b\u016bt\u0173 pasiekiama 24 valandas per par\u0105, 7 dienas per savait\u0119. Ta\u010diau Leid\u0117jas neprisiima joki\u0173 \u012fsipareigojim\u0173 d\u0117l Svetain\u0117s prieinamumo ir nuolatinio prieinamumo ir negarantuoja, kad Svetain\u0117je nebus klaid\u0173. Leid\u0117jas negali b\u016bti laikomas atsakingu u\u017e bet kokius gedimus, sutrikimus, sunkumus ar veikimo pertr\u016bkius, trukdan\u010dius naudotis Svetaine ar bet kuria i\u0161 jos funkcij\u0173.<\/p>\n<p>&nbsp;<\/p>\n<p>Leid\u0117jas ir \u0161eimininkas negali b\u016bti laikomi atsakingais u\u017e interneto tinklo, telefono linij\u0173 ar kompiuterin\u0117s ir telefono \u012frangos veikimo sutrikimus, ypa\u010d d\u0117l tinklo perkrovos, trukdan\u010dios pasiekti server\u012f.<\/p>\n<p>&nbsp;<\/p>\n<p>Leid\u0117jas negali b\u016bti laikomas atsakingu u\u017e bet kokius teisinius veiksmus, kuri\u0173 imamasi prie\u0161 naudotojus:<\/p>\n<p>&nbsp;<\/p>\n<p>Naudodamiesi Svetaine ar bet kuria kita internetu prieinama paslauga;<\/p>\n<p>D\u0117l to, kad naudotojas nesilaiko \u0161i\u0173 GCU.<\/p>\n<p>&nbsp;<\/p>\n<p>Naudojama \u012franga<\/p>\n<p>U\u017e \u012frang\u0105, kuri\u0105 Naudotojas naudoja prisijungdamas prie Svetain\u0117s, atsako tik pats Naudotojas. Jie privalo imtis vis\u0173 tinkam\u0173 priemoni\u0173 savo \u012frangai ir savo duomenims apsaugoti. Vartotojas \u012fsipareigoja prisijungti prie Svetain\u0117s naudodamasis naujausia \u012franga, kurioje n\u0117ra virus\u0173, ir neseniai atnaujinta nar\u0161ykle.<\/p>\n<p>&nbsp;<\/p>\n<p>Leid\u0117jas neatsako u\u017e \u017eal\u0105, padaryt\u0105 Vartotojams, tre\u010diosioms \u0161alims ir (arba) j\u0173 \u012frangai d\u0117l j\u0173 prisijungimo prie Svetain\u0117s ar naudojimosi ja, ir Vartotojai atsisako vis\u0173 su tuo susijusi\u0173 pretenzij\u0173 Leid\u0117jui.<\/p>\n<p>&nbsp;<\/p>\n<p>Leid\u0117jas negali b\u016bti laikomas atsakingu u\u017e bet koki\u0105 netiesiogin\u0119 \u017eal\u0105 (pvz., rinkos praradim\u0105 ar galimybi\u0173 praradim\u0105), atsiradusi\u0105 d\u0117l naudojimosi Svetaine.<\/p>\n<p>[\/et_pb_text][et_pb_text module_class=&#8221;custom-title&#8221; _builder_version=&#8221;4.17.6&#8243; _module_preset=&#8221;default&#8221; global_colors_info=&#8221;{}&#8221;]<\/p>\n<h2>9 straipsnis - Produkt\u0173 ir paslaug\u0173 nuotraukos bei vaizdavimas<\/h2>\n<p>[\/et_pb_text][et_pb_text _builder_version=&#8221;4.17.6&#8243; _module_preset=&#8221;default&#8221; global_colors_info=&#8221;{}&#8221;]<\/p>\n<p>Svetain\u0117je pateiktos nuotraukos ir j\u0173 apra\u0161ymas n\u0117ra sutartiniai ir leid\u0117jui neprivalomi.<\/p>\n<p>[\/et_pb_text][et_pb_text module_class=&#8221;custom-title&#8221; _builder_version=&#8221;4.17.6&#8243; _module_preset=&#8221;default&#8221; global_colors_info=&#8221;{}&#8221;]<\/p>\n<h2>10 straipsnis - Hipertekstin\u0117s nuorodos<\/h2>\n<p>[\/et_pb_text][et_pb_text _builder_version=&#8221;4.17.6&#8243; _module_preset=&#8221;default&#8221; global_colors_info=&#8221;{}&#8221;]<\/p>\n<p>Vartotojai gali sukurti hipertekstines nuorodas \u012f vis\u0105 svetain\u0119 ar jos dal\u012f, jei TALKTO i\u0161 anksto dav\u0117 ra\u0161ti\u0161k\u0105 leidim\u0105, kurio pra\u0161oma elektroniniu pa\u0161tu \u0161iuo adresu: contact.talkto1@gmail.com.<\/p>\n<p>&nbsp;<\/p>\n<p>Leid\u0117jas gali laisvai atsisakyti i\u0161duoti \u0161\u012f leidim\u0105 ir neprivalo niekaip pagr\u012fsti savo sprendimo. Jei Leid\u0117jas suteikia leidim\u0105, \u0161is leidimas visais atvejais yra tik laikinas ir gali b\u016bti bet kuriuo metu at\u0161auktas, nereikalaujant pagr\u012fsti savo sprendimo. Visais atvejais bet kokia nuoroda turi b\u016bti panaikinta paprastu prek\u0117s \u017eenklo pra\u0161ymu.<\/p>\n<p>&nbsp;<\/p>\n<p>Svetain\u0117je yra daug hipertekstini\u0173 nuorod\u0173 \u012f kitas svetaines, sukurt\u0173 leid\u0117jui leidus. Ta\u010diau m\u016bs\u0173 bendrov\u0117 negali patikrinti tokiu b\u016bdu lankom\u0173 svetaini\u0173 turinio ir tod\u0117l neprisiima jokios atsakomyb\u0117s \u0161iuo at\u017evilgiu.<\/p>\n<p>[\/et_pb_text][et_pb_text module_class=&#8221;custom-title&#8221; _builder_version=&#8221;4.17.6&#8243; _module_preset=&#8221;default&#8221; global_colors_info=&#8221;{}&#8221;]<\/p>\n<h2>11 straipsnis - Dalinis negaliojimas<\/h2>\n<p>[\/et_pb_text][et_pb_text _builder_version=&#8221;4.17.6&#8243; _module_preset=&#8221;default&#8221; global_colors_info=&#8221;{}&#8221;]<\/p>\n<p>Laikinas vieno ar keli\u0173 \u0161i\u0173 bendr\u0173j\u0173 s\u0105lyg\u0173 punkt\u0173 netaikymas jokiomis aplinkyb\u0117mis negali b\u016bti interpretuojamas kaip TALKTO atsisakymas teis\u0117s remtis kuriuo nors i\u0161 min\u0117t\u0173 punkt\u0173.<\/p>\n<p>&nbsp;<\/p>\n<p>Jei viena ar daugiau \u0161i\u0173 s\u0105lyg\u0173 nuostat\u0173 b\u016bt\u0173 paskelbtos negaliojan\u010diomis arba netaikytinomis pagal \u012fstatymus, kitus teis\u0117s aktus arba po galutinio teismo sprendimo, kitos nuostatos likt\u0173 galioti ir b\u016bt\u0173 taikomos visa apimtimi.<\/p>\n<p>[\/et_pb_text][et_pb_text module_class=&#8221;custom-title&#8221; _builder_version=&#8221;4.17.6&#8243; _module_preset=&#8221;default&#8221; global_colors_info=&#8221;{}&#8221;]<\/p>\n<h2>12 straipsnis - Kalba<\/h2>\n<p>[\/et_pb_text][et_pb_text _builder_version=&#8221;4.17.6&#8243; _module_preset=&#8221;default&#8221; global_colors_info=&#8221;{}&#8221;]<\/p>\n<p>Jei \u0161ios bendrosios s\u0105lygos yra i\u0161verstos \u012f vien\u0105 ar daugiau kalb\u0173, kilus prie\u0161taravimui ar gin\u010dui d\u0117l termino ar nuostatos reik\u0161m\u0117s, ai\u0161kinimo kalba bus pranc\u016bz\u0173 kalba.<\/p>\n<p>[\/et_pb_text][et_pb_text module_class=&#8221;custom-title&#8221; _builder_version=&#8221;4.17.6&#8243; _module_preset=&#8221;default&#8221; global_colors_info=&#8221;{}&#8221;]<\/p>\n<h2>13 straipsnis - Taikytina teis\u0117<\/h2>\n<p>[\/et_pb_text][et_pb_text _builder_version=&#8221;4.17.6&#8243; _module_preset=&#8221;default&#8221; global_colors_info=&#8221;{}&#8221;]<\/p>\n<p>\u0160ioms Svetain\u0117s naudojimo s\u0105lygoms taikoma Did\u017eiosios Britanijos teis\u0117, o gin\u010do atveju - i\u0161imtin\u0117 kompetenting\u0173 teism\u0173 jurisdikcija pagal bendr\u0105j\u0105 teis\u0119, atsi\u017evelgiant \u012f konkre\u010di\u0105 jurisdikcij\u0105, kylan\u010di\u0105 i\u0161 konkretaus teisinio ar norminio teksto.<\/p>\n<p>[\/et_pb_text][et_pb_text module_class=&#8221;custom-title&#8221; _builder_version=&#8221;4.17.6&#8243; _module_preset=&#8221;default&#8221; global_colors_info=&#8221;{}&#8221;]<\/p>\n<h2>14 straipsnis - Susisiekite su mumis<\/h2>\n<p>[\/et_pb_text][et_pb_text _builder_version=&#8221;4.17.6&#8243; _module_preset=&#8221;default&#8221; global_colors_info=&#8221;{}&#8221;]<\/p>\n<p>Jei turite klausim\u0173 ar informacijos apie Svetain\u0117je teikiamas paslaugas arba apie pa\u010di\u0105 Svetain\u0119, naudotojas gali palikti \u017einut\u0119 \u0161iuo adresu: <a href=\"mailto:contact.talkto1@gmail.com\">contact.talkto1@gmail.com<\/a>.<\/p>\n<p>[\/et_pb_text][\/et_pb_column][\/et_pb_row][\/et_pb_section]<\/p>","protected":false},"excerpt":{"rendered":"<p>Protection des donn\u00e9esCELLO POP SL, dont le si\u00e8ge social est situ\u00e9 \u00e0 AVENIDA EUROPA (ED ATICA 5,), 26 &#8211; 2 PLT 28224, Madrid \u2013 VAT : ESB70809629 D\u00e9l\u00e8gue \u00e0\u00a0: La soci\u00e9t\u00e9 SAS FRIENDZ. Si\u00e8ge Social\u00a0:\u00a0 9, rue de Paris &#8211; 94100 St-Maur-Des-Foss\u00e9s. Siren 891 437 535 NAF\u00a0: 62.01Z\u2013 Capital social de 1.200,00 \u20ac. TVA intr. [&hellip;]<\/p>","protected":false},"author":1,"featured_media":0,"parent":0,"menu_order":0,"comment_status":"closed","ping_status":"closed","template":"","meta":{"_et_pb_use_builder":"on","_et_pb_old_content":"<!-- wp:divi\/placeholder \/-->","_et_gb_content_width":"","inline_featured_image":false,"footnotes":""},"class_list":["post-39","page","type-page","status-publish","hentry"],"_links":{"self":[{"href":"https:\/\/talkto.ac\/lt\/wp-json\/wp\/v2\/pages\/39","targetHints":{"allow":["GET"]}}],"collection":[{"href":"https:\/\/talkto.ac\/lt\/wp-json\/wp\/v2\/pages"}],"about":[{"href":"https:\/\/talkto.ac\/lt\/wp-json\/wp\/v2\/types\/page"}],"author":[{"embeddable":true,"href":"https:\/\/talkto.ac\/lt\/wp-json\/wp\/v2\/users\/1"}],"replies":[{"embeddable":true,"href":"https:\/\/talkto.ac\/lt\/wp-json\/wp\/v2\/comments?post=39"}],"version-history":[{"count":12,"href":"https:\/\/talkto.ac\/lt\/wp-json\/wp\/v2\/pages\/39\/revisions"}],"predecessor-version":[{"id":3510,"href":"https:\/\/talkto.ac\/lt\/wp-json\/wp\/v2\/pages\/39\/revisions\/3510"}],"wp:attachment":[{"href":"https:\/\/talkto.ac\/lt\/wp-json\/wp\/v2\/media?parent=39"}],"curies":[{"name":"wp","href":"https:\/\/api.w.org\/{rel}","templated":true}]}}