{"id":1033,"date":"2024-02-06T14:19:43","date_gmt":"2024-02-06T14:19:43","guid":{"rendered":"https:\/\/talkto.ac\/?page_id=1033"},"modified":"2026-02-03T13:20:23","modified_gmt":"2026-02-03T13:20:23","slug":"conditions-de-paiements-recurrents","status":"publish","type":"page","link":"https:\/\/talkto.ac\/lt\/conditions-de-paiements-recurrents\/","title":{"rendered":"Pasikartojan\u010dios mok\u0117jimo s\u0105lygos"},"content":{"rendered":"<p>[et_pb_section fb_built=&#8221;1&#8243; admin_label=&#8221;Header&#8221; _builder_version=&#8221;4.17.6&#8243; custom_margin=&#8221;0px||||false|false&#8221; custom_padding=&#8221;0px||||false|false&#8221; locked=&#8221;off&#8221; global_colors_info=&#8221;{}&#8221;][et_pb_row column_structure=&#8221;1_2,1_2&#8243; custom_padding_last_edited=&#8221;on|phone&#8221; module_class=&#8221;custom-header&#8221; _builder_version=&#8221;4.17.6&#8243; _module_preset=&#8221;default&#8221; width=&#8221;70%&#8221; width_tablet=&#8221;&#8221; width_phone=&#8221;78%&#8221; width_last_edited=&#8221;on|desktop&#8221; custom_margin_tablet=&#8221;&#8221; custom_margin_phone=&#8221;0px||0px||true|false&#8221; custom_margin_last_edited=&#8221;on|phone&#8221; custom_padding_tablet=&#8221;&#8221; custom_padding_phone=&#8221;0px||0px||true|false&#8221; global_colors_info=&#8221;{}&#8221;][et_pb_column type=&#8221;1_2&#8243; _builder_version=&#8221;4.17.6&#8243; _module_preset=&#8221;default&#8221; global_colors_info=&#8221;{}&#8221;][et_pb_text _builder_version=&#8221;4.23.4&#8243; _module_preset=&#8221;default&#8221; custom_margin=&#8221;80px||||false|false&#8221; custom_margin_tablet=&#8221;0px||||false|false&#8221; custom_margin_phone=&#8221;0px||0px||false|false&#8221; custom_margin_last_edited=&#8221;on|tablet&#8221; custom_padding=&#8221;||0px||false|false&#8221; header_text_align_tablet=&#8221;&#8221; header_text_align_phone=&#8221;center&#8221; header_text_align_last_edited=&#8221;on|phone&#8221; global_colors_info=&#8221;{}&#8221;]<\/p>\n<h1>Pasikartojan\u010di\u0173 mok\u0117jim\u0173 s\u0105lygos<\/h1>\n<p>[\/et_pb_text][et_pb_button button_url=&#8221;https:\/\/talkto.ac\/passer-le-test\/&#8221; button_text=&#8221;Commencer le test&#8221; button_alignment=&#8221;center&#8221; disabled_on=&#8221;on|off|off&#8221; module_class=&#8221;custom-btn &#8221; _builder_version=&#8221;4.17.6&#8243; _dynamic_attributes=&#8221;button_url&#8221; _module_preset=&#8221;default&#8221; custom_margin=&#8221;||||true|false&#8221; locked=&#8221;off&#8221; global_colors_info=&#8221;{}&#8221;][\/et_pb_button][\/et_pb_column][et_pb_column type=&#8221;1_2&#8243; _builder_version=&#8221;4.17.6&#8243; _module_preset=&#8221;default&#8221; global_colors_info=&#8221;{}&#8221;][et_pb_image src=&#8221;https:\/\/talkto.ac\/wp-content\/uploads\/2023\/08\/Legal.svg&#8221; title_text=&#8221;Legal&#8221; align_tablet=&#8221;&#8221; align_phone=&#8221;center&#8221; align_last_edited=&#8221;on|phone&#8221; _builder_version=&#8221;4.17.6&#8243; _module_preset=&#8221;default&#8221; positioning=&#8221;relative&#8221; horizontal_offset=&#8221;-3vw&#8221; vertical_offset_tablet=&#8221;&#8221; vertical_offset_phone=&#8221;-5vh&#8221; vertical_offset_last_edited=&#8221;on|phone&#8221; horizontal_offset_tablet=&#8221;-3vw&#8221; horizontal_offset_phone=&#8221;-30vw&#8221; horizontal_offset_last_edited=&#8221;on|desktop&#8221; width_tablet=&#8221;&#8221; width_phone=&#8221;130vw&#8221; width_last_edited=&#8221;on|phone&#8221; custom_margin_tablet=&#8221;&#8221; custom_margin_phone=&#8221;0px||||false|false&#8221; custom_margin_last_edited=&#8221;on|phone&#8221; custom_padding_tablet=&#8221;&#8221; custom_padding_phone=&#8221;0px||||false|false&#8221; custom_padding_last_edited=&#8221;on|phone&#8221; global_colors_info=&#8221;{}&#8221;][\/et_pb_image][et_pb_button button_url=&#8221;https:\/\/talkto.ac\/passer-le-test\/&#8221; button_text=&#8221;Commencer le test&#8221; button_alignment=&#8221;center&#8221; disabled_on=&#8221;off|on|on&#8221; module_class=&#8221;custom-btn center&#8221; _builder_version=&#8221;4.17.6&#8243; _dynamic_attributes=&#8221;button_url&#8221; _module_preset=&#8221;default&#8221; custom_margin=&#8221;||||true|false&#8221; locked=&#8221;off&#8221; global_colors_info=&#8221;{}&#8221;][\/et_pb_button][\/et_pb_column][\/et_pb_row][\/et_pb_section][et_pb_section fb_built=&#8221;1&#8243; _builder_version=&#8221;4.17.6&#8243; _module_preset=&#8221;default&#8221; locked=&#8221;off&#8221; global_colors_info=&#8221;{}&#8221;][et_pb_row _builder_version=&#8221;4.17.6&#8243; _module_preset=&#8221;default&#8221; global_colors_info=&#8221;{}&#8221;][et_pb_column type=&#8221;4_4&#8243; _builder_version=&#8221;4.17.6&#8243; _module_preset=&#8221;default&#8221; global_colors_info=&#8221;{}&#8221;][et_pb_text _builder_version=&#8221;4.27.4&#8243; _module_preset=&#8221;default&#8221; hover_enabled=&#8221;0&#8243; global_colors_info=&#8221;{}&#8221; sticky_enabled=&#8221;0&#8243;]<\/p>\n<p><strong>CELLO POP SL<\/strong>kurios registruota buvein\u0117 yra adresu AVENIDA EUROPA (ED ATICA 5,), 26 - 2 PLT 28224, Madridas - PVM: ESB70809629<\/p>\n<p>Deleguota :<\/p>\n<p>SAS FRIENDZ. Registruota buvein\u0117: 94100 St-Maur-Des-Foss\u00e9s, 94100 St-Maur-Des-Foss\u00e9s, rue de Paris. Siren 891 437 535 NAF: 62.01Z- Akcinis kapitalas 1 200,00 EUR. PVM mok\u0117tojo kodas FR16891437535<\/p>\n<p>viso svetain\u0117je paskelbto turinio rinkodara\u00a0<a href=\"http:\/\/www.talkt.ac\/\" target=\"_blank\" rel=\"noopener\">www.talkto.ac<\/a>pagal abiej\u0173 \u0161ali\u0173 sudarytos sutarties nuostatas.<\/p>\n<p>Paskutin\u012f kart\u0105 atnaujinta: 2025 m. liepos 08 d.<\/p>\n<p>[\/et_pb_text][et_pb_text module_class=&#8221;custom-title&#8221; _builder_version=&#8221;4.17.6&#8243; _module_preset=&#8221;default&#8221; global_colors_info=&#8221;{}&#8221;]<\/p>\n<h2>Preambul\u0117<\/h2>\n<p>[\/et_pb_text][et_pb_text _builder_version=&#8221;4.27.4&#8243; _module_preset=&#8221;default&#8221; global_colors_info=&#8221;{}&#8221;]<\/p>\n<p>U\u017esisak\u0119 www.talkto.ac paslaugas, gal\u0117site naudotis \u0161iais privalumais:<\/p>\n<ul>\n<li>Neribotas test\u0173 skai\u010dius<\/li>\n<li>Vis\u0173 tyrim\u0173 rezultat\u0173 saugojimas<\/li>\n<li>Test\u0173 palyginimai<\/li>\n<li>Rezultatai siun\u010diami el. pa\u0161tu.<\/li>\n<\/ul>\n<p>Prenumerata suteikia galimyb\u0119 24 valandas naudotis nari\u0173 zona u\u017e 0,5 EUR su PVM. Pasibaigus \u0161iam bandomajam laikotarpiui, bus taikoma 47,5 EUR su PVM m\u0117nesio prenumerata. Mokestis bus automati\u0161kai nura\u0161omas i\u0161 j\u016bs\u0173 kredito kortel\u0117s kiekvien\u0105 m\u0117nes\u012f metini\u0173 dien\u0105.<\/p>\n<p>Prenumerat\u0105 galite bet kada ir bes\u0105lygi\u0161kai nutraukti tiesiogiai \u0161iame puslapyje:\u00a0<a href=\"https:\/\/talkto.ac\/lt\/se-desabonner\/\">https:\/\/talkto.ac\/se-desabonner\/<\/a><\/p>\n<p>Nor\u0117dami at\u0161aukti prenumerat\u0105, susisiekite su m\u016bs\u0173 klient\u0173 aptarnavimo tarnyba el. pa\u0161tu\u00a0<a href=\"mailto:contact.talkto1@gmail.com\">contact.talkto1@gmail.com<\/a>arba per m\u016bs\u0173 kontaktin\u0119 form\u0105, kuri\u0105 rasite paspaud\u0119 \u0161i\u0105 nuorod\u0105:\u00a0<a href=\"https:\/\/talkto.ac\/lt\/contact\/\">https:\/\/talkto.ac\/contact\/<\/a><\/p>\n<p>www.talkto.ac neperparduoda klient\u0173 informacijos; asmens duomenys naudojami tik bendravimui su klientais ir norimo lygio paslaug\u0173 teikimui.<\/p>\n<p>www.talkto.ac naudojasi mok\u0117jimo paslaug\u0173 teik\u0117jais, kurie atitinka reikalaujamus PCI DSS saugumo standartus.<\/p>\n<p>[\/et_pb_text][\/et_pb_column][\/et_pb_row][\/et_pb_section]<\/p>","protected":false},"excerpt":{"rendered":"<p>Conditions de paiements recurrentsCELLO POP SL, dont le si\u00e8ge social est situ\u00e9 \u00e0 AVENIDA EUROPA (ED ATICA 5,), 26 &#8211; 2 PLT 28224, Madrid \u2013 VAT : ESB70809629 D\u00e9l\u00e8gue \u00e0\u00a0: La soci\u00e9t\u00e9 SAS FRIENDZ. Si\u00e8ge Social\u00a0:\u00a0 9, rue de Paris &#8211; 94100 St-Maur-Des-Foss\u00e9s. Siren 891 437 535 NAF\u00a0: 62.01Z\u2013 Capital social de 1.200,00 \u20ac. TVA [&hellip;]<\/p>","protected":false},"author":1,"featured_media":0,"parent":0,"menu_order":0,"comment_status":"closed","ping_status":"closed","template":"","meta":{"_et_pb_use_builder":"on","_et_pb_old_content":"","_et_gb_content_width":"","inline_featured_image":false,"footnotes":""},"class_list":["post-1033","page","type-page","status-publish","hentry"],"_links":{"self":[{"href":"https:\/\/talkto.ac\/lt\/wp-json\/wp\/v2\/pages\/1033","targetHints":{"allow":["GET"]}}],"collection":[{"href":"https:\/\/talkto.ac\/lt\/wp-json\/wp\/v2\/pages"}],"about":[{"href":"https:\/\/talkto.ac\/lt\/wp-json\/wp\/v2\/types\/page"}],"author":[{"embeddable":true,"href":"https:\/\/talkto.ac\/lt\/wp-json\/wp\/v2\/users\/1"}],"replies":[{"embeddable":true,"href":"https:\/\/talkto.ac\/lt\/wp-json\/wp\/v2\/comments?post=1033"}],"version-history":[{"count":8,"href":"https:\/\/talkto.ac\/lt\/wp-json\/wp\/v2\/pages\/1033\/revisions"}],"predecessor-version":[{"id":3504,"href":"https:\/\/talkto.ac\/lt\/wp-json\/wp\/v2\/pages\/1033\/revisions\/3504"}],"wp:attachment":[{"href":"https:\/\/talkto.ac\/lt\/wp-json\/wp\/v2\/media?parent=1033"}],"curies":[{"name":"wp","href":"https:\/\/api.w.org\/{rel}","templated":true}]}}