{"id":39,"date":"2023-08-18T13:37:08","date_gmt":"2023-08-18T13:37:08","guid":{"rendered":"https:\/\/talkto.ac\/?page_id=39"},"modified":"2026-02-03T13:25:25","modified_gmt":"2026-02-03T13:25:25","slug":"protection-des-donnees","status":"publish","type":"page","link":"https:\/\/talkto.ac\/it\/protection-des-donnees\/","title":{"rendered":"Protezione dei dati"},"content":{"rendered":"<p>[et_pb_section fb_built=&#8221;1&#8243; admin_label=&#8221;Header&#8221; _builder_version=&#8221;4.17.6&#8243; custom_margin=&#8221;0px||||false|false&#8221; custom_padding=&#8221;0px||||false|false&#8221; locked=&#8221;off&#8221; global_colors_info=&#8221;{}&#8221;][et_pb_row column_structure=&#8221;1_2,1_2&#8243; custom_padding_last_edited=&#8221;on|phone&#8221; module_class=&#8221;custom-header&#8221; _builder_version=&#8221;4.17.6&#8243; _module_preset=&#8221;default&#8221; width=&#8221;70%&#8221; width_tablet=&#8221;&#8221; width_phone=&#8221;78%&#8221; width_last_edited=&#8221;on|desktop&#8221; custom_margin_tablet=&#8221;&#8221; custom_margin_phone=&#8221;0px||0px||true|false&#8221; custom_margin_last_edited=&#8221;on|phone&#8221; custom_padding_tablet=&#8221;&#8221; custom_padding_phone=&#8221;0px||0px||true|false&#8221; global_colors_info=&#8221;{}&#8221;][et_pb_column type=&#8221;1_2&#8243; _builder_version=&#8221;4.17.6&#8243; _module_preset=&#8221;default&#8221; global_colors_info=&#8221;{}&#8221;][et_pb_text _builder_version=&#8221;4.17.6&#8243; _module_preset=&#8221;default&#8221; custom_margin=&#8221;80px||||false|false&#8221; custom_margin_tablet=&#8221;0px||||false|false&#8221; custom_margin_phone=&#8221;0px||0px||false|false&#8221; custom_margin_last_edited=&#8221;on|tablet&#8221; custom_padding=&#8221;||0px||false|false&#8221; header_text_align_tablet=&#8221;&#8221; header_text_align_phone=&#8221;center&#8221; header_text_align_last_edited=&#8221;on|phone&#8221; global_colors_info=&#8221;{}&#8221;]<\/p>\n<h1>Protezione di<br \/>\n<span class=\"bigger\">dati<\/span><\/h1>\n<p>[\/et_pb_text][et_pb_button button_url=&#8221;https:\/\/talkto.ac\/passer-le-test\/&#8221; button_text=&#8221;Commencer le test&#8221; button_alignment=&#8221;center&#8221; disabled_on=&#8221;on|off|off&#8221; module_class=&#8221;custom-btn &#8221; _builder_version=&#8221;4.17.6&#8243; _dynamic_attributes=&#8221;button_url&#8221; _module_preset=&#8221;default&#8221; custom_margin=&#8221;||||true|false&#8221; locked=&#8221;off&#8221; global_colors_info=&#8221;{}&#8221;][\/et_pb_button][\/et_pb_column][et_pb_column type=&#8221;1_2&#8243; _builder_version=&#8221;4.17.6&#8243; _module_preset=&#8221;default&#8221; global_colors_info=&#8221;{}&#8221;][et_pb_image src=&#8221;https:\/\/talkto.ac\/wp-content\/uploads\/2023\/08\/Legal.svg&#8221; title_text=&#8221;Legal&#8221; align_tablet=&#8221;&#8221; align_phone=&#8221;center&#8221; align_last_edited=&#8221;on|phone&#8221; _builder_version=&#8221;4.17.6&#8243; _module_preset=&#8221;default&#8221; positioning=&#8221;relative&#8221; horizontal_offset=&#8221;-3vw&#8221; vertical_offset_tablet=&#8221;&#8221; vertical_offset_phone=&#8221;-5vh&#8221; vertical_offset_last_edited=&#8221;on|phone&#8221; horizontal_offset_tablet=&#8221;-3vw&#8221; horizontal_offset_phone=&#8221;-30vw&#8221; horizontal_offset_last_edited=&#8221;on|desktop&#8221; width_tablet=&#8221;&#8221; width_phone=&#8221;130vw&#8221; width_last_edited=&#8221;on|phone&#8221; custom_margin_tablet=&#8221;&#8221; custom_margin_phone=&#8221;0px||||false|false&#8221; custom_margin_last_edited=&#8221;on|phone&#8221; custom_padding_tablet=&#8221;&#8221; custom_padding_phone=&#8221;0px||||false|false&#8221; custom_padding_last_edited=&#8221;on|phone&#8221; global_colors_info=&#8221;{}&#8221;][\/et_pb_image][et_pb_button button_url=&#8221;https:\/\/talkto.ac\/passer-le-test\/&#8221; button_text=&#8221;Commencer le test&#8221; button_alignment=&#8221;center&#8221; disabled_on=&#8221;off|on|on&#8221; module_class=&#8221;custom-btn center&#8221; _builder_version=&#8221;4.17.6&#8243; _dynamic_attributes=&#8221;button_url&#8221; _module_preset=&#8221;default&#8221; custom_margin=&#8221;||||true|false&#8221; locked=&#8221;off&#8221; global_colors_info=&#8221;{}&#8221;][\/et_pb_button][\/et_pb_column][\/et_pb_row][\/et_pb_section][et_pb_section fb_built=&#8221;1&#8243; _builder_version=&#8221;4.17.6&#8243; _module_preset=&#8221;default&#8221; locked=&#8221;off&#8221; global_colors_info=&#8221;{}&#8221;][et_pb_row _builder_version=&#8221;4.17.6&#8243; _module_preset=&#8221;default&#8221; global_colors_info=&#8221;{}&#8221;][et_pb_column type=&#8221;4_4&#8243; _builder_version=&#8221;4.17.6&#8243; _module_preset=&#8221;default&#8221; global_colors_info=&#8221;{}&#8221;][et_pb_text _builder_version=&#8221;4.27.4&#8243; _module_preset=&#8221;default&#8221; hover_enabled=&#8221;0&#8243; global_colors_info=&#8221;{}&#8221; sticky_enabled=&#8221;0&#8243; locked=&#8221;off&#8221;]<\/p>\n<p><strong>CELLO POP SL<\/strong>con sede legale in AVENIDA EUROPA (ED ATICA 5,), 26 - 2 PLT 28224, Madrid - IVA: ESB70809629<\/p>\n<p>Delegato a :<\/p>\n<p>SAS FRIENDZ. Sede legale: 9, rue de Paris - 94100 St-Maur-Des-Foss\u00e9s. Siren 891 437 535 NAF: 62.01Z- Capitale sociale di 1.200,00 euro. Partita IVA: FR16891437535<\/p>\n<p>La commercializzazione di tutti i contenuti pubblicati sul sito\u00a0<a href=\"http:\/\/www.talkt.ac\/\" target=\"_blank\" rel=\"noopener\">www.talkto.ac<\/a>in conformit\u00e0 con le clausole del contratto stipulato tra le due parti<\/p>\n<p>Ultimo aggiornamento: 08 luglio 2025<\/p>\n<p>[\/et_pb_text][et_pb_text module_class=&#8221;custom-title&#8221; _builder_version=&#8221;4.17.6&#8243; _module_preset=&#8221;default&#8221; global_colors_info=&#8221;{}&#8221;]<\/p>\n<h2>Preambolo<\/h2>\n<p>[\/et_pb_text][et_pb_text _builder_version=&#8221;4.27.4&#8243; _module_preset=&#8221;default&#8221; global_colors_info=&#8221;{}&#8221;]<\/p>\n<p>Continuando a navigare sul nostro Sito https:\/\/talkto.ac\/ (di seguito denominato \"il Sito\"), i visitatori del Sito (di seguito denominati \"Utenti\") accettano senza riserve le seguenti disposizioni e condizioni d'uso (di seguito denominate \"C.U.G.\"). Prima di qualsiasi utilizzo delle funzionalit\u00e0 del nostro Sito, l'Utente riconosce di aver letto le presenti CGU e di averle accettate.<\/p>\n<p>&nbsp;<\/p>\n<p>La versione delle nostre C.G.U. attualmente in linea \u00e8 l'unica che pu\u00f2 essere richiamata per tutto il periodo di utilizzo del Sito e fino a quando non la sostituiremo con una nuova versione.<\/p>\n<p>&nbsp;<\/p>\n<p>Il Sito \u00e8 gestito dalle Societ\u00e0 <strong>CELLO POP SL<\/strong> (di seguito il \"Venditore\" o \"TALKTO\"), che si riserva il diritto di modificare le presenti condizioni in qualsiasi momento. Qualsiasi utilizzo del nostro Sito dopo la modifica delle CGU implica l'accettazione irrevocabile da parte dell'Utente della nuova versione. In caso di disaccordo con le nostre CGU, l'Utente \u00e8 invitato a non utilizzare pi\u00f9 il nostro Sito.<\/p>\n<p>[\/et_pb_text][et_pb_text module_class=&#8221;custom-title&#8221; _builder_version=&#8221;4.17.6&#8243; _module_preset=&#8221;default&#8221; global_colors_info=&#8221;{}&#8221;]<\/p>\n<h2>Articolo 1 - Definizioni<\/h2>\n<p>[\/et_pb_text][et_pb_text _builder_version=&#8221;4.17.6&#8243; _module_preset=&#8221;default&#8221; global_colors_info=&#8221;{}&#8221;]<\/p>\n<p>Sul nostro Sito, i termini di seguito riportati hanno il seguente significato:<\/p>\n<p>&nbsp;<\/p>\n<p>\"Contenuto\": si riferisce a tutti gli elementi che compongono le informazioni del nostro Sito (testi, immagini, video, algoritmi, software, widget, ecc.) e che ne consentono il funzionamento, l'informazione degli Utenti e la presentazione dei nostri servizi;<\/p>\n<p>&nbsp;<\/p>\n<p>\"Diritti di propriet\u00e0 intellettuale\": si riferisce a tutti i diritti di propriet\u00e0 intellettuale e ai diritti connessi (diritti d'autore, diritti di marchio, diritti di brevetto, nomi commerciali, banche dati, ecc.) come protetti dal Codice della propriet\u00e0 intellettuale creato dalla legge n. 92-587 del 1\u00b0 luglio 1992, la cui versione in vigore \u00e8 quella applicabile al momento in cui l'utente consulta il Sito;<\/p>\n<p>&nbsp;<\/p>\n<p>\"Caratteristiche\": si riferisce a tutte le funzionalit\u00e0 messe a disposizione dei nostri utenti tramite il nostro Sito;<\/p>\n<p>&nbsp;<\/p>\n<p>\"Sito\": si riferisce al Sito https:\/\/talkto.ac\/ gestito dal Venditore e messo a disposizione dell'Utente;<\/p>\n<p>&nbsp;<\/p>\n<p>\"Utente\": si riferisce a qualsiasi individuo che utilizza il nostro Sito e ha accesso al suo contenuto.<\/p>\n<p>[\/et_pb_text][et_pb_text module_class=&#8221;custom-title&#8221; _builder_version=&#8221;4.17.6&#8243; _module_preset=&#8221;default&#8221; global_colors_info=&#8221;{}&#8221;]<\/p>\n<h2>Articolo 2 - Informazioni legali<\/h2>\n<p>[\/et_pb_text][et_pb_text _builder_version=&#8221;4.17.6&#8243; _module_preset=&#8221;default&#8221; global_colors_info=&#8221;{}&#8221;]<\/p>\n<p>Ai sensi della legge francese n. 2004-575 del 21 giugno 2004 sulla fiducia nell'economia digitale, gli utenti del nostro sito web sono informati dell'identit\u00e0 delle persone coinvolte nella sua creazione e nel suo monitoraggio:<\/p>\n<p>&nbsp;<\/p>\n<p>Responsabile editoriale: Carlo Ela contact.talkto1@gmail.com .<\/p>\n<p>&nbsp;<\/p>\n<p>Host: Kinsta, 8605 Santa Monica Blvd #92581 West Hollywood, CA 90069 - Stati Uniti. https:\/\/kinsta.com\/fr\/<\/p>\n<p>&nbsp;<\/p>\n<p>Sviluppatore: TALKTO<\/p>\n<p>&nbsp;<\/p>\n<p>Responsabile della protezione dei dati: Carlo Ela contact.talkto1@gmail.com.<\/p>\n<p>[\/et_pb_text][et_pb_text module_class=&#8221;custom-title&#8221; _builder_version=&#8221;4.17.6&#8243; _module_preset=&#8221;default&#8221; global_colors_info=&#8221;{}&#8221;]<\/p>\n<h2>Articolo 3 - Protezione dei dati personali<\/h2>\n<p>[\/et_pb_text][et_pb_text _builder_version=&#8221;4.17.6&#8243; _module_preset=&#8221;default&#8221; global_colors_info=&#8221;{}&#8221;]<\/p>\n<p>Per utilizzare il nostro Sito, tratteremo alcuni dati personali degli Utenti. Questo trattamento viene effettuato nel rispetto della legge francese n. 78-17 del 6 gennaio 1978, e successive modifiche, relativa all'informatica, ai file e alle libert\u00e0 civili (nota come \"Legge sull'informatica e le libert\u00e0 civili\") e della Politica di protezione dei dati personali accessibile nella scheda corrispondente del nostro Sito.<\/p>\n<p>[\/et_pb_text][et_pb_text module_class=&#8221;custom-title&#8221; _builder_version=&#8221;4.17.6&#8243; _module_preset=&#8221;default&#8221; global_colors_info=&#8221;{}&#8221;]<\/p>\n<h2>Articolo 4 - Accesso al sito<\/h2>\n<p>[\/et_pb_text][et_pb_text _builder_version=&#8221;4.17.6&#8243; _module_preset=&#8221;default&#8221; global_colors_info=&#8221;{}&#8221;]<\/p>\n<p>L'accesso e l'utilizzo del Sito sono riservati ad un uso strettamente personale. L'Utente si impegna a non utilizzare il Sito e le informazioni o i dati in esso contenuti per scopi commerciali, politici o pubblicitari o per qualsiasi forma di sollecitazione commerciale, in particolare l'invio di e-mail non richieste.<\/p>\n<p>&nbsp;<\/p>\n<p>L'accesso al sito \u00e8 riservato ai maggiorenni. L'Editore si riserva il diritto di richiedere una prova dell'et\u00e0, in particolare se si utilizzano i servizi di ordinazione online. L'Editore non pu\u00f2 essere ritenuto responsabile in caso di accesso al Sito da parte di minori, n\u00e9 in caso di informazioni errate o fuorvianti fornite dagli utenti del Sito.<\/p>\n<p>&nbsp;<\/p>\n<p>Gli utenti sono personalmente responsabili della configurazione delle risorse informatiche e di telecomunicazione necessarie per accedere al Sito. Sono responsabili dei costi di telecomunicazione sostenuti per l'accesso a Internet e l'utilizzo del Sito.<\/p>\n<p>[\/et_pb_text][et_pb_text module_class=&#8221;custom-title&#8221; _builder_version=&#8221;4.17.6&#8243; _module_preset=&#8221;default&#8221; global_colors_info=&#8221;{}&#8221;]<\/p>\n<h2>Articolo 5 - Descrizione dei servizi forniti<\/h2>\n<p>[\/et_pb_text][et_pb_text _builder_version=&#8221;4.17.6&#8243; _module_preset=&#8221;default&#8221; global_colors_info=&#8221;{}&#8221;]<\/p>\n<p>Ci sforziamo di fornire informazioni il pi\u00f9 possibile accurate, ma non possiamo essere ritenuti responsabili per eventuali omissioni, imprecisioni o mancato aggiornamento delle informazioni. Tutte le informazioni fornite sul nostro Sito sono fornite a titolo puramente informativo e non sono esaustive; sono fornite con riserva di modifiche apportate dalla loro messa online.<\/p>\n<p>[\/et_pb_text][et_pb_text module_class=&#8221;custom-title&#8221; _builder_version=&#8221;4.17.6&#8243; _module_preset=&#8221;default&#8221; global_colors_info=&#8221;{}&#8221;]<\/p>\n<h2>Articolo 6 - Propriet\u00e0 intellettuale<\/h2>\n<p>[\/et_pb_text][et_pb_text _builder_version=&#8221;4.17.6&#8243; _module_preset=&#8221;default&#8221; global_colors_info=&#8221;{}&#8221;]<\/p>\n<p>6.1 Il nostro sito web<\/p>\n<p>&nbsp;<\/p>\n<p>Tutti i marchi, le fotografie, i testi, i commenti, le illustrazioni, le immagini (animate o meno), le sequenze video, i suoni, nonch\u00e9 tutte le applicazioni informatiche che possono essere utilizzate per il funzionamento del Sito e, pi\u00f9 in generale, tutti gli elementi riprodotti o utilizzati sul Sito sono protetti dalle leggi sulla propriet\u00e0 intellettuale in vigore.<\/p>\n<p>&nbsp;<\/p>\n<p>Essi sono di piena e intera propriet\u00e0 dell'Editore o dei suoi partner commerciali. \u00c8 severamente vietata la riproduzione, la rappresentazione, l'uso o l'adattamento, in qualsiasi forma, di tutti o parte di questi elementi, comprese le applicazioni informatiche, senza il previo consenso scritto dell'Editore. Il fatto che l'editore non avvii un procedimento non appena viene a conoscenza di tale uso non autorizzato non costituisce un'accettazione di tale uso e una rinuncia a perseguirlo.<\/p>\n<p>&nbsp;<\/p>\n<p>\u00c8 severamente vietato agli utenti di :<\/p>\n<p>&nbsp;<\/p>\n<p>Copiare, riprodurre, rappresentare, diffondere, distribuire o pubblicare, in modo permanente o temporaneo, tutto o parte del contenuto e\/o del Sito con qualsiasi mezzo e su qualsiasi supporto ad oggi conosciuto o sconosciuto;<\/p>\n<p>Creare opere derivate dal contenuto e\/o dal Sito;<\/p>\n<p>Modificare, tradurre, adattare o organizzare in tutto o in parte il Contenuto e\/o il Sito;<\/p>\n<p>Disassemblare, decompilare o decodificare il Sito.<\/p>\n<p>In ogni caso, gli Utenti sono gli unici responsabili del loro utilizzo del Sito.<\/p>\n<p>&nbsp;<\/p>\n<p>Qualsiasi utilizzo non autorizzato del Sito o di uno qualsiasi degli elementi in esso contenuti sar\u00e0 considerato una violazione e sar\u00e0 perseguito in conformit\u00e0 alle disposizioni degli articoli L. 335-2 e seguenti del Codice della propriet\u00e0 intellettuale francese.<\/p>\n<p>&nbsp;<\/p>\n<p>Il nostro marchio<\/p>\n<p>I marchi verbali e visivi (loghi) dell'Editore e di TALKTO sono protetti. Il loro utilizzo senza l'autorizzazione scritta dell'Editore o dei suoi partner su qualsiasi supporto, ai fini della promozione di prodotti o servizi, o per scopi commerciali, \u00e8 vietato, pena l'avvio di procedimenti penali e civili da parte dell'Editore nei confronti dell'utente e\/o di terzi responsabili.<\/p>\n<p>&nbsp;<\/p>\n<p>Contenuto<\/p>\n<p>I contenuti sono liberamente accessibili sul Sito. Il fatto che questi contenuti siano messi online non implica alcun trasferimento di diritti d'autore o di propriet\u00e0 sui contenuti, che rimangono di piena e intera propriet\u00e0 intellettuale dell'Editore e dei collaboratori.<\/p>\n<p>&nbsp;<\/p>\n<p>Nessun Utente pu\u00f2 o dovr\u00e0 adottare misure incompatibili con il rispetto dei diritti d'autore e di propriet\u00e0 intellettuale o che contravvengano a qualsiasi altra legge francese o internazionale relativa ai diritti di propriet\u00e0 intellettuale. L'Editore e i suoi collaboratori si riservano il diritto di perseguire qualsiasi Utente per qualsiasi violazione di queste disposizioni.<\/p>\n<p>[\/et_pb_text][et_pb_text module_class=&#8221;custom-title&#8221; _builder_version=&#8221;4.17.6&#8243; _module_preset=&#8221;default&#8221; global_colors_info=&#8221;{}&#8221;]<\/p>\n<h2>Articolo 7 - Gestione del sito<\/h2>\n<p>[\/et_pb_text][et_pb_text _builder_version=&#8221;4.17.6&#8243; _module_preset=&#8221;default&#8221; global_colors_info=&#8221;{}&#8221;]<\/p>\n<p>Il nostro Sito \u00e8 normalmente accessibile agli utenti in qualsiasi momento. Per la corretta gestione del Sito, l'editore pu\u00f2 riservarsi in qualsiasi momento il diritto di :<\/p>\n<p>&nbsp;<\/p>\n<p>sospendere, interrompere o limitare l'accesso a tutto o parte del Sito, per qualsiasi motivo, con o senza preavviso e a sua esclusiva discrezione;<\/p>\n<p>Eliminare qualsiasi informazione che possa disturbare il suo funzionamento, per qualsiasi motivo, con o senza preavviso e a sua esclusiva discrezione;<\/p>\n<p>Sospendere il Sito per effettuare gli aggiornamenti.<\/p>\n<p>L'Editore far\u00e0 il possibile per informare preventivamente gli utenti delle date e degli orari degli interventi, ma non potr\u00e0 essere ritenuto responsabile in caso di inadempienza.<\/p>\n<p>[\/et_pb_text][et_pb_text module_class=&#8221;custom-title&#8221; _builder_version=&#8221;4.17.6&#8243; _module_preset=&#8221;default&#8221; global_colors_info=&#8221;{}&#8221;]<\/p>\n<h2>Articolo 8 - Responsabilit\u00e0<\/h2>\n<p>[\/et_pb_text][et_pb_text _builder_version=&#8221;4.17.6&#8243; _module_preset=&#8221;default&#8221; global_colors_info=&#8221;{}&#8221;]<\/p>\n<p>8.1 Accesso al sito<\/p>\n<p>&nbsp;<\/p>\n<p>L'Editore si impegna a fare il possibile per garantire che il Sito sia accessibile 24 ore al giorno, 7 giorni alla settimana. Tuttavia, l'Editore non si impegna a garantire la disponibilit\u00e0 e l'accessibilit\u00e0 permanente del Sito e non garantisce che il Sito sia privo di errori. L'Editore non pu\u00f2 essere ritenuto responsabile in caso di guasti, rotture, difficolt\u00e0 o interruzioni del funzionamento che impediscano l'accesso al Sito o a una qualsiasi delle sue funzionalit\u00e0.<\/p>\n<p>&nbsp;<\/p>\n<p>L'Editore e l'host non possono essere ritenuti responsabili in caso di malfunzionamento della rete Internet, delle linee telefoniche o delle apparecchiature informatiche e telefoniche, in particolare a causa della congestione della rete che impedisce l'accesso al server.<\/p>\n<p>&nbsp;<\/p>\n<p>L'editore non pu\u00f2 essere ritenuto responsabile di eventuali azioni legali intraprese contro gli utenti:<\/p>\n<p>&nbsp;<\/p>\n<p>In seguito all'utilizzo del Sito o di qualsiasi altro servizio accessibile via Internet;<\/p>\n<p>In conseguenza del mancato rispetto delle presenti CGU da parte dell'utente.<\/p>\n<p>&nbsp;<\/p>\n<p>Apparecchiature utilizzate<\/p>\n<p>L'attrezzatura utilizzata dall'Utente per connettersi al Sito \u00e8 interamente sotto la responsabilit\u00e0 dell'Utente. L'Utente deve adottare tutte le misure appropriate per proteggere le proprie apparecchiature e i propri dati. L'Utente si impegna ad accedere al Sito utilizzando hardware recente, privo di virus e con un browser aggiornato di recente.<\/p>\n<p>&nbsp;<\/p>\n<p>L'Editore non \u00e8 responsabile di eventuali danni causati agli Utenti, a terzi e\/o alle loro apparecchiature in conseguenza della connessione o dell'utilizzo del Sito, e gli Utenti rinunciano a qualsiasi rivendicazione nei confronti dell'Editore a tale riguardo.<\/p>\n<p>&nbsp;<\/p>\n<p>L'editore non pu\u00f2 essere ritenuto responsabile per eventuali danni indiretti (come la perdita di mercato o di opportunit\u00e0) derivanti dall'uso del Sito.<\/p>\n<p>[\/et_pb_text][et_pb_text module_class=&#8221;custom-title&#8221; _builder_version=&#8221;4.17.6&#8243; _module_preset=&#8221;default&#8221; global_colors_info=&#8221;{}&#8221;]<\/p>\n<h2>Articolo 9 - Fotografie e rappresentazione di prodotti e servizi<\/h2>\n<p>[\/et_pb_text][et_pb_text _builder_version=&#8221;4.17.6&#8243; _module_preset=&#8221;default&#8221; global_colors_info=&#8221;{}&#8221;]<\/p>\n<p>Le fotografie presenti sul Sito, che accompagnano la loro descrizione, non hanno valore contrattuale e non sono vincolanti per l'editore.<\/p>\n<p>[\/et_pb_text][et_pb_text module_class=&#8221;custom-title&#8221; _builder_version=&#8221;4.17.6&#8243; _module_preset=&#8221;default&#8221; global_colors_info=&#8221;{}&#8221;]<\/p>\n<h2>Articolo 10 - Collegamenti ipertestuali<\/h2>\n<p>[\/et_pb_text][et_pb_text _builder_version=&#8221;4.17.6&#8243; _module_preset=&#8221;default&#8221; global_colors_info=&#8221;{}&#8221;]<\/p>\n<p>Gli utenti possono creare collegamenti ipertestuali a tutto o parte del sito, previa autorizzazione scritta di TALKTO, da richiedere via e-mail al seguente indirizzo: contact.talkto1@gmail.com.<\/p>\n<p>&nbsp;<\/p>\n<p>L'Editore \u00e8 libero di rifiutare tale autorizzazione senza dover giustificare in alcun modo la propria decisione. Nel caso in cui l'Editore conceda la sua autorizzazione, questa \u00e8 in ogni caso solo temporanea e pu\u00f2 essere ritirata in qualsiasi momento, senza alcun obbligo di giustificare la sua decisione. In ogni caso, qualsiasi link deve essere ritirato su semplice richiesta del marchio.<\/p>\n<p>&nbsp;<\/p>\n<p>Il sito contiene una serie di collegamenti ipertestuali ad altri siti, creati con l'autorizzazione dell'Editore. Tuttavia, la nostra azienda non \u00e8 in grado di controllare il contenuto dei siti visitati in questo modo e di conseguenza non si assume alcuna responsabilit\u00e0 al riguardo.<\/p>\n<p>[\/et_pb_text][et_pb_text module_class=&#8221;custom-title&#8221; _builder_version=&#8221;4.17.6&#8243; _module_preset=&#8221;default&#8221; global_colors_info=&#8221;{}&#8221;]<\/p>\n<h2>Articolo 11 - Invalidit\u00e0 parziale<\/h2>\n<p>[\/et_pb_text][et_pb_text _builder_version=&#8221;4.17.6&#8243; _module_preset=&#8221;default&#8221; global_colors_info=&#8221;{}&#8221;]<\/p>\n<p>La temporanea inapplicazione di una o pi\u00f9 clausole delle presenti condizioni generali non pu\u00f2 in alcun caso essere interpretata come una rinuncia da parte di TALKTO ad avvalersi di una qualsiasi di tali clausole.<\/p>\n<p>&nbsp;<\/p>\n<p>Se una o pi\u00f9 disposizioni di questi termini e condizioni dovessero essere dichiarate nulle o inapplicabili da una legge, da un regolamento o a seguito di una decisione definitiva di un tribunale, le altre disposizioni manterranno tutta la loro forza e portata e continueranno ad essere applicate integralmente.<\/p>\n<p>[\/et_pb_text][et_pb_text module_class=&#8221;custom-title&#8221; _builder_version=&#8221;4.17.6&#8243; _module_preset=&#8221;default&#8221; global_colors_info=&#8221;{}&#8221;]<\/p>\n<h2>Articolo 12 - Lingua<\/h2>\n<p>[\/et_pb_text][et_pb_text _builder_version=&#8221;4.17.6&#8243; _module_preset=&#8221;default&#8221; global_colors_info=&#8221;{}&#8221;]<\/p>\n<p>Se le presenti condizioni generali sono tradotte in una o pi\u00f9 lingue, la lingua di interpretazione sar\u00e0 il francese in caso di contraddizione o controversia sul significato di un termine o di una disposizione.<\/p>\n<p>[\/et_pb_text][et_pb_text module_class=&#8221;custom-title&#8221; _builder_version=&#8221;4.17.6&#8243; _module_preset=&#8221;default&#8221; global_colors_info=&#8221;{}&#8221;]<\/p>\n<h2>Articolo 13 - Legge applicabile<\/h2>\n<p>[\/et_pb_text][et_pb_text _builder_version=&#8221;4.17.6&#8243; _module_preset=&#8221;default&#8221; global_colors_info=&#8221;{}&#8221;]<\/p>\n<p>Le presenti condizioni di utilizzo del Sito sono regolate dalla legge britannica e - in caso di controversia - sono soggette alla giurisdizione esclusiva dei tribunali competenti in base alla common law, fatta salva una specifica attribuzione di giurisdizione derivante da un particolare testo giuridico o normativo.<\/p>\n<p>[\/et_pb_text][et_pb_text module_class=&#8221;custom-title&#8221; _builder_version=&#8221;4.17.6&#8243; _module_preset=&#8221;default&#8221; global_colors_info=&#8221;{}&#8221;]<\/p>\n<h2>Articolo 14 - Contatti<\/h2>\n<p>[\/et_pb_text][et_pb_text _builder_version=&#8221;4.17.6&#8243; _module_preset=&#8221;default&#8221; global_colors_info=&#8221;{}&#8221;]<\/p>\n<p>Per qualsiasi domanda o informazione sui servizi presentati sul Sito, o sul Sito stesso, l'utente pu\u00f2 lasciare un messaggio al seguente indirizzo: <a href=\"mailto:contact.talkto1@gmail.com\">contact.talkto1@gmail.com<\/a>.<\/p>\n<p>[\/et_pb_text][\/et_pb_column][\/et_pb_row][\/et_pb_section]<\/p>","protected":false},"excerpt":{"rendered":"<p>Protection des donn\u00e9esCELLO POP SL, dont le si\u00e8ge social est situ\u00e9 \u00e0 AVENIDA EUROPA (ED ATICA 5,), 26 &#8211; 2 PLT 28224, Madrid \u2013 VAT : ESB70809629 D\u00e9l\u00e8gue \u00e0\u00a0: La soci\u00e9t\u00e9 SAS FRIENDZ. Si\u00e8ge Social\u00a0:\u00a0 9, rue de Paris &#8211; 94100 St-Maur-Des-Foss\u00e9s. Siren 891 437 535 NAF\u00a0: 62.01Z\u2013 Capital social de 1.200,00 \u20ac. TVA intr. [&hellip;]<\/p>","protected":false},"author":1,"featured_media":0,"parent":0,"menu_order":0,"comment_status":"closed","ping_status":"closed","template":"","meta":{"_et_pb_use_builder":"on","_et_pb_old_content":"<!-- wp:divi\/placeholder \/-->","_et_gb_content_width":"","inline_featured_image":false,"footnotes":""},"class_list":["post-39","page","type-page","status-publish","hentry"],"_links":{"self":[{"href":"https:\/\/talkto.ac\/it\/wp-json\/wp\/v2\/pages\/39","targetHints":{"allow":["GET"]}}],"collection":[{"href":"https:\/\/talkto.ac\/it\/wp-json\/wp\/v2\/pages"}],"about":[{"href":"https:\/\/talkto.ac\/it\/wp-json\/wp\/v2\/types\/page"}],"author":[{"embeddable":true,"href":"https:\/\/talkto.ac\/it\/wp-json\/wp\/v2\/users\/1"}],"replies":[{"embeddable":true,"href":"https:\/\/talkto.ac\/it\/wp-json\/wp\/v2\/comments?post=39"}],"version-history":[{"count":12,"href":"https:\/\/talkto.ac\/it\/wp-json\/wp\/v2\/pages\/39\/revisions"}],"predecessor-version":[{"id":3510,"href":"https:\/\/talkto.ac\/it\/wp-json\/wp\/v2\/pages\/39\/revisions\/3510"}],"wp:attachment":[{"href":"https:\/\/talkto.ac\/it\/wp-json\/wp\/v2\/media?parent=39"}],"curies":[{"name":"wp","href":"https:\/\/api.w.org\/{rel}","templated":true}]}}