{"id":827,"date":"2023-09-28T12:26:55","date_gmt":"2023-09-28T12:26:55","guid":{"rendered":"https:\/\/talkto.ac\/?page_id=827"},"modified":"2025-05-11T21:16:22","modified_gmt":"2025-05-11T21:16:22","slug":"se-desabonner","status":"publish","type":"page","link":"https:\/\/talkto.ac\/hu\/se-desabonner\/","title":{"rendered":"Leiratkoz\u00e1s"},"content":{"rendered":"<p>[et_pb_section fb_built=&#8221;1&#8243; _builder_version=&#8221;4.17.6&#8243; _module_preset=&#8221;default&#8221; global_colors_info=&#8221;{}&#8221;][et_pb_row _builder_version=&#8221;4.23.4&#8243; _module_preset=&#8221;default&#8221; locked=&#8221;off&#8221; global_colors_info=&#8221;{}&#8221;][et_pb_column type=&#8221;4_4&#8243; _builder_version=&#8221;4.17.6&#8243; _module_preset=&#8221;default&#8221; global_colors_info=&#8221;{}&#8221;][et_pb_text module_class=&#8221;custom-title&#8221; _builder_version=&#8221;4.23.4&#8243; _module_preset=&#8221;default&#8221; header_text_align_tablet=&#8221;center&#8221; header_text_align_phone=&#8221;center&#8221; header_text_align_last_edited=&#8221;on|tablet&#8221; module_alignment_tablet=&#8221;center&#8221; module_alignment_phone=&#8221;center&#8221; module_alignment_last_edited=&#8221;on|tablet&#8221; global_colors_info=&#8221;{}&#8221;]<\/p>\n<h2>Leiratkoz\u00e1s<\/h2>\n<p>[\/et_pb_text][\/et_pb_column][\/et_pb_row][et_pb_row _builder_version=&#8221;4.23.4&#8243; _module_preset=&#8221;default&#8221; module_alignment=&#8221;center&#8221; global_colors_info=&#8221;{}&#8221;][et_pb_column type=&#8221;4_4&#8243; _builder_version=&#8221;4.17.6&#8243; _module_preset=&#8221;default&#8221; global_colors_info=&#8221;{}&#8221;][et_pb_text module_class=&#8221;text-unsub&#8221; _builder_version=&#8221;4.23.4&#8243; _module_preset=&#8221;default&#8221; text_font=&#8221;ProximaNova Bold||||||||&#8221; text_font_size=&#8221;20px&#8221; width=&#8221;60%&#8221; width_tablet=&#8221;&#8221; width_phone=&#8221;100%&#8221; width_last_edited=&#8221;on|phone&#8221; module_alignment=&#8221;center&#8221; global_colors_info=&#8221;{}&#8221;]<\/p>\n<p style=\"text-align: left;\">A leiratkoz\u00e1shoz egyszer\u0171en adja meg e-mail c\u00edm\u00e9t, \u00e9s kattintson a \"leiratkoz\u00e1s\" gombra.<\/p>\n<p>[\/et_pb_text][et_pb_code module_id=&#8221;unsubscribe_form&#8221; _builder_version=&#8221;4.27.2&#8243; _module_preset=&#8221;default&#8221; width=&#8221;60%&#8221; width_tablet=&#8221;60%&#8221; width_phone=&#8221;100%&#8221; width_last_edited=&#8221;on|phone&#8221; module_alignment=&#8221;center&#8221; custom_padding=&#8221;40px|40px|40px|40px|true|true&#8221; custom_padding_tablet=&#8221;40px|40px|40px|40px|true|true&#8221; custom_padding_phone=&#8221;|20px||20px|true|true&#8221; custom_padding_last_edited=&#8221;on|phone&#8221; border_radii=&#8221;on|30px|30px|30px|30px&#8221; box_shadow_style=&#8221;preset1&#8243; box_shadow_horizontal=&#8221;3px&#8221; box_shadow_vertical=&#8221;6px&#8221; box_shadow_blur=&#8221;10px&#8221; box_shadow_color=&#8221;rgba(0,0,0,0.16)&#8221; global_colors_info=&#8221;{}&#8221; custom_css_main_element_last_edited=&#8221;on|tablet&#8221; custom_css_main_element_phone=&#8221;overflow-x:hidden;&#8221; custom_css_main_element_tablet=&#8221;overflow-x:hidden;&#8221;]<form action=\"https:\/\/talkto.ac\/wp-admin\/admin-post.php\" method=\"post\">\r\n\t\t\t\t<input type=\"hidden\" name=\"action\" value=\"nexus_cancel_sub\">\r\n\t\t\t\t<div class=\"cancel-wrap\">\r\n\t\t\t\t<label for=\"email\">E-mail<\/label>\r\n\t\t\t\t<input type=\"email\" name=\"email\" id=\"email\" placeholder=\"johndoe@gmail.com\" value=\"\">\r\n\t\t\t\t<input type=\"submit\" value=\"El\u0151fizet\u00e9s t\u00f6rl\u00e9se\">\r\n\t\t\t\t<\/div> \r\n\t\t\t<\/form>[\/et_pb_code][\/et_pb_column][\/et_pb_row][\/et_pb_section][et_pb_section fb_built=&#8221;1&#8243; _builder_version=&#8221;4.17.6&#8243; _module_preset=&#8221;default&#8221; locked=&#8221;off&#8221; global_colors_info=&#8221;{}&#8221;][et_pb_row column_structure=&#8221;1_2,1_2&#8243; _builder_version=&#8221;4.17.6&#8243; _module_preset=&#8221;default&#8221; global_colors_info=&#8221;{}&#8221;][et_pb_column type=&#8221;1_2&#8243; _builder_version=&#8221;4.17.6&#8243; _module_preset=&#8221;default&#8221; global_colors_info=&#8221;{}&#8221;][et_pb_image src=&#8221;https:\/\/talkto.ac\/wp-content\/uploads\/2023\/08\/FAQ.svg&#8221; title_text=&#8221;FAQ&#8221; _builder_version=&#8221;4.17.6&#8243; _module_preset=&#8221;default&#8221; global_colors_info=&#8221;{}&#8221;][\/et_pb_image][\/et_pb_column][et_pb_column type=&#8221;1_2&#8243; _builder_version=&#8221;4.17.6&#8243; _module_preset=&#8221;default&#8221; global_colors_info=&#8221;{}&#8221;][et_pb_text module_class=&#8221;custom-title&#8221; _builder_version=&#8221;4.17.6&#8243; _module_preset=&#8221;default&#8221; locked=&#8221;off&#8221; global_colors_info=&#8221;{}&#8221;]<\/p>\n<h2>GYIK<\/h2>\n<p>[et_pb_text][et_pb_toggle title=\"Mi a c\u00e9lja ennek a tesztnek?\" open_toggle_text_color=\"#4e4e4e\" icon_color=\"#54a1d6\u2033 toggle_icon=\"3||divi|||400\u2033 use_icon_font_size=\"on\" icon_font_size=\"45px\" open_icon_color=\"#54a1d6\u2033 open_toggle_icon=\"2|||divi||400\u2033 open_use_icon_font_size=\"on\" open_icon_font_size=\"45px\" _builder_version=\"4.23.4\u2033 _module_preset=\"default\" title_text_color=\"#4e4e4e\" title_font=\"|700|||||||\" title_font_size=\"18px\" closed_title_font=\"|700|||||||\" closed_title_font_size=\"18px\" body_font=\"|300|||||||\" body_font_size=\"16px\" background_color=\"RGBA(255,255,255,255,0)\" custom_margin=\"|||30px|||false|false\" custom_padding=\"|||5px|||false|false\" custom_css_toggle_title=\"margin-left:-\" custom_css_toggle_content=\"margin-left:20px;\" border_width_all=\"0px\" border_width_bottom=\"3px\" border_color_bottom=\"#54a1d6\u2033 global_colors_info=\"{}\"]<\/p>\n<p>A c\u00e9l az, hogy felm\u00e9rj\u00e9k az adott szem\u00e9ly tud\u00e1s\u00e1t \u00e9s meg\u00e9rt\u00e9s\u00e9t k\u00fcl\u00f6nb\u00f6z\u0151 ter\u00fcleteken.<\/p>\n<p>Ezek a tesztek haszn\u00e1lhat\u00f3k egy szem\u00e9ly \u00e1ltal\u00e1nos tud\u00e1s\u00e1nak felm\u00e9r\u00e9s\u00e9re tudom\u00e1nyos vagy szakmai okokb\u00f3l, vagy arra, hogy seg\u00edtsenek azonos\u00edtani egy szem\u00e9ly er\u0151ss\u00e9geit \u00e9s gyenges\u00e9geit, hogy tov\u00e1bb fejl\u0151dhessen szem\u00e9lyesen \u00e9s szakmailag.<\/p>\n<p>[\/et_pb_toggle][et_pb_toggle title=\"Hogyan kaphatom meg a vizsg\u00e1lati eredm\u00e9nyeket?\" open_toggle_text_color=\"#4e4e4e\" icon_color=\"#54a1d6\u2033 toggle_icon=\"3||divi|||400\u2033 use_icon_font_size=\"on\" icon_font_size=\"45px\" open_icon_color=\"#54a1d6\u2033 open_toggle_icon=\"2|||divi||400\u2033 open_use_icon_font_size=\"on\" open_icon_font_size=\"45px\" _builder_version=\"4.17.6\u2033 _module_preset=\"default\" title_text_color=\"#4e4e4e\" title_font=\"|700|||||||\" title_font_size=\"18px\" closed_title_font=\"|700|||||||\" closed_title_font_size=\"18px\" body_font=\"|300|||||||\" body_font_size=\"16px\" background_color=\"RGBA(255,255,255,255,0)\" custom_margin=\"|||30px|||false|false\" custom_padding=\"|||5px|||false|false\" custom_css_toggle_title=\"margin-left:-20px;\" custom_css_toggle_content=\"margin-left:20px;\" border_width_all=\"0px\" border_width_bottom=\"3px\" border_color_bottom=\"#54a1d6\u2033 global_colors_info=\"{}\"]A teszt eredm\u00e9nyeit 24 \u00f3r\u00e1s aj\u00e1nlat vagy havi el\u0151fizet\u00e9s form\u00e1j\u00e1ban kaphatja meg.<\/p>\n<p>A teszt kit\u00f6lt\u00e9s\u00e9hez \u00e9s a csomag el\u0151fizet\u00e9s\u00e9hez sz\u00fcks\u00e9ges \u00f6sszes l\u00e9p\u00e9st a \"Hogyan m\u0171k\u00f6dik?\" oldalon tal\u00e1lja.<\/p>\n<p>Az \u00d6n fi\u00f3kj\u00e1n elv\u00e9gzett \u00f6sszes teszt el\u0151zm\u00e9nye el\u00e9rhet\u0151 a fi\u00f3kja ter\u00fclet\u00e9n tal\u00e1lhat\u00f3 el\u0151zm\u00e9nyek f\u00fcl\u00f6n[\/et_pb_toggle][et_pb_toggle title=\"Hogyan k\u00f6thetek el\u0151fizet\u00e9st?\" open_toggle_text_color=\"#4e4e4e\" icon_color=\"#54a1d6\u2033 toggle_icon=\"3||divi|||400\u2033 use_icon_font_size=\"on\" icon_font_size=\"45px\" open_icon_color=\"#54a1d6\u2033 open_toggle_icon=\"2|||divi||400\u2033 open_use_icon_font_size=\"on\" open_icon_font_size=\"45px\" _builder_version=\"4.17.6\u2033 _module_preset=\"default\" title_text_color=\"#4e4e4e\" title_font=\"|700|||||||\" title_font_size=\"18px\" closed_title_font=\"|700|||||||\" closed_title_font_size=\"18px\" body_font=\"|300|||||||\" body_font_size=\"16px\" background_color=\"RGBA(255,255,255,255,0)\" custom_margin=\"|||30px|||false|false\" custom_padding=\"|||5px|||false|false\" custom_css_toggle_title=\"margin-left:-20px;\" custom_css_toggle_content=\"margin-left:20px;\" border_width_all=\"0px\" border_width_bottom=\"3px\" border_color_bottom=\"#54a1d6\u2033 global_colors_info=\"{}\"]El\u0151sz\u00f6r is, el kell v\u00e9geznie a tesztet. A teszt v\u00e9g\u00e9n, az eredm\u00e9nyek megtekint\u00e9s\u00e9hez fel kell iratkoznia a 24 \u00f3r\u00e1s aj\u00e1nlatra 0,50 eur\u00f3\u00e9rt. A 24 \u00f3ra eltelt\u00e9vel az aj\u00e1nlat automatikusan havi el\u0151fizet\u00e9sre v\u00e1lt 47,50 \u20ac-\u00e9rt.<\/p>\n<p>Ha csak 24 \u00f3r\u00e1s csomagot szeretne, egyszer\u0171en leiratkozhat.<\/p>\n<p>A teszt kit\u00f6lt\u00e9s\u00e9hez \u00e9s a csomag el\u0151fizet\u00e9s\u00e9hez sz\u00fcks\u00e9ges \u00f6sszes l\u00e9p\u00e9st megtal\u00e1lod a \"Hogyan m\u0171k\u00f6dik?\" oldalon[\/et_pb_toggle][et_pb_toggle title=\"Milyen szolg\u00e1ltat\u00e1sokat tartalmaz az el\u0151fizet\u00e9s?\" open_toggle_text_color=\"#4e4e4e\" icon_color=\"#54a1d6\u2033 toggle_icon=\"3||divi|||400\u2033 use_icon_font_size=\"on\" icon_font_size=\"45px\" open_icon_color=\"#54a1d6\u2033 open_toggle_icon=\"2|||divi||400\u2033 open_use_icon_font_size=\"on\" open_icon_font_size=\"45px\" _builder_version=\"4.23.4\u2033 _module_preset=\"default\" title_text_color=\"#4e4e4e\" title_font=\"|700|||||||\" title_font_size=\"18px\" closed_title_font=\"|700|||||||\" closed_title_font_size=\"18px\" body_font=\"|300|||||||\" body_font_size=\"16px\" background_color=\"RGBA(255,255,255,255,0)\" custom_margin=\"|||30px|||false|false\" custom_padding=\"|||5px|||false|false\" custom_css_toggle_title=\"margin-left:-\" custom_css_toggle_content=\"margin-left:20px;\" border_width_all=\"0px\" border_width_bottom=\"3px\" border_color_bottom=\"#54a1d6\u2033 global_colors_info=\"{}\"]<\/p>\n<p><span>Az el\u0151fizet\u00e9ssel a tesztet tetsz\u0151legesen gyakran elv\u00e9gezheti \u00e9s megism\u00e9telheti (saj\u00e1t maga vagy m\u00e1sok sz\u00e1m\u00e1ra), \u00e9s megkapja az eredm\u00e9nyeket (\u00f6sszehasonl\u00edt\u00e1s \u00e9s t\u00e1rol\u00e1s c\u00e9lj\u00e1b\u00f3l).<\/span><\/p>\n<p>[\/et_pb_toggle][et_pb_button button_url=\"@ET-DC@eyJkeW5hbWljIjp0cnVlLCJjb250ZW50IjoicG9zdF9saW5rX3VybF9wYWdlIiwic2V0dGluZ3MiOnsicG9zdF9pZCI6IjM0In19@\" button_text=\"r\u00e9szletes GYIK\" button_alignment=\"center\" disabled_on=\"off|off|off\" module_class=\"custom-btn center blue\" _builder_version=\"4.17.6\u2033 _dynamic_attributes=\"button_url\" _module_preset=\"default\" button_bg_color=\"#54a1d6\u2033 custom_margin=\"||||true|false\" custom_padding=\"|50px||50px|false|true\" custom_padding_tablet=\"|50px||50px|false|true\" custom_padding_phone=\"|50px||50px|false|true\" custom_padding_last_edited=\"on|desktop\" locked=\"off\" global_colors_info=\"{}\"][\/et_pb_button][\/et_pb_column][\/et_pb_row][\/et_pb_section][\/et_pb_section][\/et_pb_section]<\/p>","protected":false},"excerpt":{"rendered":"<p>Se d\u00e9sabonnerPour vous d\u00e9sabonner facilement, il vous suffit de saisir votre adresse e-mail et de cliquer sur &#8220;annuler l&#8217;abonnement&#8221;.<form action=\"https:\/\/talkto.ac\/wp-admin\/admin-post.php\" method=\"post\">\r\n\t\t\t\t<input type=\"hidden\" name=\"action\" value=\"nexus_cancel_sub\">\r\n\t\t\t\t<div class=\"cancel-wrap\">\r\n\t\t\t\t<label for=\"email\">E-mail<\/label>\r\n\t\t\t\t<input type=\"email\" name=\"email\" id=\"email\" placeholder=\"johndoe@gmail.com\" value=\"\">\r\n\t\t\t\t<input type=\"submit\" value=\"El\u0151fizet\u00e9s t\u00f6rl\u00e9se\">\r\n\t\t\t\t<\/div> \r\n\t\t\t<\/form>FAQL&#8217;objectif est d&#8217;\u00e9valuer les connaissances et la compr\u00e9hension d&#8217;une personne dans une vari\u00e9t\u00e9 de domaines. Ces tests peuvent permettre d\u2019\u00e9valuer les connaissances g\u00e9n\u00e9rales d&#8217;une personne pour des raisons acad\u00e9miques ou professionnelles, ou pour aider \u00e0 d\u00e9terminer les [&hellip;]<\/p>","protected":false},"author":1,"featured_media":0,"parent":0,"menu_order":0,"comment_status":"closed","ping_status":"closed","template":"","meta":{"_et_pb_use_builder":"on","_et_pb_old_content":"<!-- wp:divi\/placeholder \/-->","_et_gb_content_width":"","inline_featured_image":false,"footnotes":""},"class_list":["post-827","page","type-page","status-publish","hentry"],"_links":{"self":[{"href":"https:\/\/talkto.ac\/hu\/wp-json\/wp\/v2\/pages\/827","targetHints":{"allow":["GET"]}}],"collection":[{"href":"https:\/\/talkto.ac\/hu\/wp-json\/wp\/v2\/pages"}],"about":[{"href":"https:\/\/talkto.ac\/hu\/wp-json\/wp\/v2\/types\/page"}],"author":[{"embeddable":true,"href":"https:\/\/talkto.ac\/hu\/wp-json\/wp\/v2\/users\/1"}],"replies":[{"embeddable":true,"href":"https:\/\/talkto.ac\/hu\/wp-json\/wp\/v2\/comments?post=827"}],"version-history":[{"count":27,"href":"https:\/\/talkto.ac\/hu\/wp-json\/wp\/v2\/pages\/827\/revisions"}],"predecessor-version":[{"id":2332,"href":"https:\/\/talkto.ac\/hu\/wp-json\/wp\/v2\/pages\/827\/revisions\/2332"}],"wp:attachment":[{"href":"https:\/\/talkto.ac\/hu\/wp-json\/wp\/v2\/media?parent=827"}],"curies":[{"name":"wp","href":"https:\/\/api.w.org\/{rel}","templated":true}]}}