{"id":705,"date":"2023-09-18T12:30:54","date_gmt":"2023-09-18T12:30:54","guid":{"rendered":"https:\/\/talkto.ac\/le-paiement-a-echoue\/"},"modified":"2023-09-28T13:53:02","modified_gmt":"2023-09-28T13:53:02","slug":"le-paiement-a-echoue","status":"publish","type":"page","link":"https:\/\/talkto.ac\/hu\/le-paiement-a-echoue\/","title":{"rendered":"Fizet\u00e9s sikertelen"},"content":{"rendered":"<p>Sajn\u00e1ljuk, de a tranzakci\u00f3t nem siker\u00fclt feldolgozni. K\u00e9rj\u00fck, pr\u00f3b\u00e1lja meg \u00fajra, vagy l\u00e9pjen kapcsolatba a webhely \u00fcgyf\u00e9lszolg\u00e1lat\u00e1val.<\/p>","protected":false},"excerpt":{"rendered":"<p>Sajn\u00e1ljuk, de a tranzakci\u00f3t nem siker\u00fclt feldolgozni. K\u00e9rj\u00fck, pr\u00f3b\u00e1lja meg \u00fajra, vagy l\u00e9pjen kapcsolatba a webhely \u00fcgyf\u00e9lszolg\u00e1lat\u00e1val.<\/p>","protected":false},"author":1,"featured_media":0,"parent":0,"menu_order":0,"comment_status":"closed","ping_status":"closed","template":"","meta":{"_et_pb_use_builder":"","_et_pb_old_content":"","_et_gb_content_width":"","inline_featured_image":false,"footnotes":""},"class_list":["post-705","page","type-page","status-publish","hentry"],"_links":{"self":[{"href":"https:\/\/talkto.ac\/hu\/wp-json\/wp\/v2\/pages\/705","targetHints":{"allow":["GET"]}}],"collection":[{"href":"https:\/\/talkto.ac\/hu\/wp-json\/wp\/v2\/pages"}],"about":[{"href":"https:\/\/talkto.ac\/hu\/wp-json\/wp\/v2\/types\/page"}],"author":[{"embeddable":true,"href":"https:\/\/talkto.ac\/hu\/wp-json\/wp\/v2\/users\/1"}],"replies":[{"embeddable":true,"href":"https:\/\/talkto.ac\/hu\/wp-json\/wp\/v2\/comments?post=705"}],"version-history":[{"count":1,"href":"https:\/\/talkto.ac\/hu\/wp-json\/wp\/v2\/pages\/705\/revisions"}],"predecessor-version":[{"id":859,"href":"https:\/\/talkto.ac\/hu\/wp-json\/wp\/v2\/pages\/705\/revisions\/859"}],"wp:attachment":[{"href":"https:\/\/talkto.ac\/hu\/wp-json\/wp\/v2\/media?parent=705"}],"curies":[{"name":"wp","href":"https:\/\/api.w.org\/{rel}","templated":true}]}}