{"id":1033,"date":"2024-02-06T14:19:43","date_gmt":"2024-02-06T14:19:43","guid":{"rendered":"https:\/\/talkto.ac\/?page_id=1033"},"modified":"2026-02-03T13:20:23","modified_gmt":"2026-02-03T13:20:23","slug":"conditions-de-paiements-recurrents","status":"publish","type":"page","link":"https:\/\/talkto.ac\/hu\/conditions-de-paiements-recurrents\/","title":{"rendered":"Ism\u00e9tl\u0151d\u0151 fizet\u00e9si felt\u00e9telek"},"content":{"rendered":"<p>[et_pb_section fb_built=&#8221;1&#8243; admin_label=&#8221;Header&#8221; _builder_version=&#8221;4.17.6&#8243; custom_margin=&#8221;0px||||false|false&#8221; custom_padding=&#8221;0px||||false|false&#8221; locked=&#8221;off&#8221; global_colors_info=&#8221;{}&#8221;][et_pb_row column_structure=&#8221;1_2,1_2&#8243; custom_padding_last_edited=&#8221;on|phone&#8221; module_class=&#8221;custom-header&#8221; _builder_version=&#8221;4.17.6&#8243; _module_preset=&#8221;default&#8221; width=&#8221;70%&#8221; width_tablet=&#8221;&#8221; width_phone=&#8221;78%&#8221; width_last_edited=&#8221;on|desktop&#8221; custom_margin_tablet=&#8221;&#8221; custom_margin_phone=&#8221;0px||0px||true|false&#8221; custom_margin_last_edited=&#8221;on|phone&#8221; custom_padding_tablet=&#8221;&#8221; custom_padding_phone=&#8221;0px||0px||true|false&#8221; global_colors_info=&#8221;{}&#8221;][et_pb_column type=&#8221;1_2&#8243; _builder_version=&#8221;4.17.6&#8243; _module_preset=&#8221;default&#8221; global_colors_info=&#8221;{}&#8221;][et_pb_text _builder_version=&#8221;4.23.4&#8243; _module_preset=&#8221;default&#8221; custom_margin=&#8221;80px||||false|false&#8221; custom_margin_tablet=&#8221;0px||||false|false&#8221; custom_margin_phone=&#8221;0px||0px||false|false&#8221; custom_margin_last_edited=&#8221;on|tablet&#8221; custom_padding=&#8221;||0px||false|false&#8221; header_text_align_tablet=&#8221;&#8221; header_text_align_phone=&#8221;center&#8221; header_text_align_last_edited=&#8221;on|phone&#8221; global_colors_info=&#8221;{}&#8221;]<\/p>\n<h1>Ism\u00e9tl\u0151d\u0151 fizet\u00e9si felt\u00e9telek<\/h1>\n<p>[\/et_pb_text][et_pb_button button_url=&#8221;https:\/\/talkto.ac\/passer-le-test\/&#8221; button_text=&#8221;Commencer le test&#8221; button_alignment=&#8221;center&#8221; disabled_on=&#8221;on|off|off&#8221; module_class=&#8221;custom-btn &#8221; _builder_version=&#8221;4.17.6&#8243; _dynamic_attributes=&#8221;button_url&#8221; _module_preset=&#8221;default&#8221; custom_margin=&#8221;||||true|false&#8221; locked=&#8221;off&#8221; global_colors_info=&#8221;{}&#8221;][\/et_pb_button][\/et_pb_column][et_pb_column type=&#8221;1_2&#8243; _builder_version=&#8221;4.17.6&#8243; _module_preset=&#8221;default&#8221; global_colors_info=&#8221;{}&#8221;][et_pb_image src=&#8221;https:\/\/talkto.ac\/wp-content\/uploads\/2023\/08\/Legal.svg&#8221; title_text=&#8221;Legal&#8221; align_tablet=&#8221;&#8221; align_phone=&#8221;center&#8221; align_last_edited=&#8221;on|phone&#8221; _builder_version=&#8221;4.17.6&#8243; _module_preset=&#8221;default&#8221; positioning=&#8221;relative&#8221; horizontal_offset=&#8221;-3vw&#8221; vertical_offset_tablet=&#8221;&#8221; vertical_offset_phone=&#8221;-5vh&#8221; vertical_offset_last_edited=&#8221;on|phone&#8221; horizontal_offset_tablet=&#8221;-3vw&#8221; horizontal_offset_phone=&#8221;-30vw&#8221; horizontal_offset_last_edited=&#8221;on|desktop&#8221; width_tablet=&#8221;&#8221; width_phone=&#8221;130vw&#8221; width_last_edited=&#8221;on|phone&#8221; custom_margin_tablet=&#8221;&#8221; custom_margin_phone=&#8221;0px||||false|false&#8221; custom_margin_last_edited=&#8221;on|phone&#8221; custom_padding_tablet=&#8221;&#8221; custom_padding_phone=&#8221;0px||||false|false&#8221; custom_padding_last_edited=&#8221;on|phone&#8221; global_colors_info=&#8221;{}&#8221;][\/et_pb_image][et_pb_button button_url=&#8221;https:\/\/talkto.ac\/passer-le-test\/&#8221; button_text=&#8221;Commencer le test&#8221; button_alignment=&#8221;center&#8221; disabled_on=&#8221;off|on|on&#8221; module_class=&#8221;custom-btn center&#8221; _builder_version=&#8221;4.17.6&#8243; _dynamic_attributes=&#8221;button_url&#8221; _module_preset=&#8221;default&#8221; custom_margin=&#8221;||||true|false&#8221; locked=&#8221;off&#8221; global_colors_info=&#8221;{}&#8221;][\/et_pb_button][\/et_pb_column][\/et_pb_row][\/et_pb_section][et_pb_section fb_built=&#8221;1&#8243; _builder_version=&#8221;4.17.6&#8243; _module_preset=&#8221;default&#8221; locked=&#8221;off&#8221; global_colors_info=&#8221;{}&#8221;][et_pb_row _builder_version=&#8221;4.17.6&#8243; _module_preset=&#8221;default&#8221; global_colors_info=&#8221;{}&#8221;][et_pb_column type=&#8221;4_4&#8243; _builder_version=&#8221;4.17.6&#8243; _module_preset=&#8221;default&#8221; global_colors_info=&#8221;{}&#8221;][et_pb_text _builder_version=&#8221;4.27.4&#8243; _module_preset=&#8221;default&#8221; hover_enabled=&#8221;0&#8243; global_colors_info=&#8221;{}&#8221; sticky_enabled=&#8221;0&#8243;]<\/p>\n<p><strong>CELLO POP SL<\/strong>sz\u00e9khelye: AVENIDA EUROPA (ED ATICA 5,), 26 - 2 PLT 28224, Madrid - VAT: ESB70809629.<\/p>\n<p>Megb\u00edzott :<\/p>\n<p>SAS FRIENDZ. Bejegyzett sz\u00e9khely: 9, rue de Paris 94100 St-Maur-Des-Foss\u00e9s. Siren 891 437 535 NAF: 62.01Z- 1 200,00 EUR alapt\u0151ke. H\u00c9A-sz\u00e1m: FR16891437535<\/p>\n<p>Az oldalon k\u00f6zz\u00e9tett \u00f6sszes tartalom marketingje\u00a0<a href=\"http:\/\/www.talkt.ac\/\" target=\"_blank\" rel=\"noopener\">www.talkto.ac<\/a>a k\u00e9t f\u00e9l k\u00f6z\u00f6tt l\u00e9trej\u00f6tt szerz\u0151d\u00e9sben foglaltaknak megfelel\u0151en<\/p>\n<p>Utols\u00f3 friss\u00edt\u00e9s: 2025. j\u00falius 08.<\/p>\n<p>[\/et_pb_text][et_pb_text module_class=&#8221;custom-title&#8221; _builder_version=&#8221;4.17.6&#8243; _module_preset=&#8221;default&#8221; global_colors_info=&#8221;{}&#8221;]<\/p>\n<h2>Preambulum<\/h2>\n<p>[\/et_pb_text][et_pb_text _builder_version=&#8221;4.27.4&#8243; _module_preset=&#8221;default&#8221; global_colors_info=&#8221;{}&#8221;]<\/p>\n<p>A www.talkto.ac szolg\u00e1ltat\u00e1saira val\u00f3 el\u0151fizet\u00e9s a k\u00f6vetkez\u0151 el\u0151ny\u00f6kh\u00f6z biztos\u00edt hozz\u00e1f\u00e9r\u00e9st:<\/p>\n<ul>\n<li>Korl\u00e1tlan tesztek<\/li>\n<li>Az \u00f6sszes vizsg\u00e1lati eredm\u00e9ny t\u00e1rol\u00e1sa<\/li>\n<li>A tesztek k\u00f6z\u00f6tti \u00f6sszehasonl\u00edt\u00e1sok<\/li>\n<li>E-mailben k\u00fcld\u00f6tt eredm\u00e9nyek.<\/li>\n<\/ul>\n<p>Az el\u0151fizet\u00e9s 24 \u00f3r\u00e1n kereszt\u00fcl hozz\u00e1f\u00e9r\u00e9st biztos\u00edt a tags\u00e1gi ter\u00fclethez a prom\u00f3ci\u00f3s 0,5 \u20ac (\u00c1FA-val egy\u00fctt) \u00e1ron. A pr\u00f3baid\u0151szak v\u00e9g\u00e9n a havi 47,5 \u20ac\/h\u00f3 (\u00c1FA-val egy\u00fctt) el\u0151fizet\u00e9si d\u00edjat kell fizetni. A fizet\u00e9st minden h\u00f3napban az \u00e9vfordul\u00f3 napj\u00e1n automatikusan megterhelj\u00fck a hitelk\u00e1rty\u00e1j\u00e1r\u00f3l.<\/p>\n<p>El\u0151fizet\u00e9s\u00e9t b\u00e1rmikor \u00e9s felt\u00e9tel n\u00e9lk\u00fcl lemondhatja k\u00f6zvetlen\u00fcl ezen az oldalon:\u00a0<a href=\"https:\/\/talkto.ac\/hu\/se-desabonner\/\">https:\/\/talkto.ac\/se-desabonner\/<\/a><\/p>\n<p>Ha le szeretn\u00e9 mondani el\u0151fizet\u00e9s\u00e9t, k\u00e9rj\u00fck, l\u00e9pjen kapcsolatba \u00fcgyf\u00e9lszolg\u00e1latunkkal e-mailben a k\u00f6vetkez\u0151 c\u00edmen\u00a0<a href=\"mailto:contact.talkto1@gmail.com\">contact.talkto1@gmail.com<\/a>vagy a kapcsolatfelv\u00e9teli \u0171rlapunkon kereszt\u00fcl ezen a linken kereszt\u00fcl:\u00a0<a href=\"https:\/\/talkto.ac\/hu\/contact\/\">https:\/\/talkto.ac\/contact\/<\/a><\/p>\n<p>A www.talkto.ac nem \u00e9rt\u00e9kes\u00edti tov\u00e1bb az \u00fcgyfelek adatait; a szem\u00e9lyes adatokat kiz\u00e1r\u00f3lag az \u00fcgyfelekkel val\u00f3 kommunik\u00e1ci\u00f3 \u00e9s a k\u00edv\u00e1nt szolg\u00e1ltat\u00e1si szint biztos\u00edt\u00e1sa c\u00e9lj\u00e1b\u00f3l haszn\u00e1ljuk fel.<\/p>\n<p>A www.talkto.ac olyan fizet\u00e9si szolg\u00e1ltat\u00f3kat haszn\u00e1l, amelyek megfelelnek az el\u0151\u00edrt PCI DSS biztons\u00e1gi el\u0151\u00edr\u00e1soknak.<\/p>\n<p>[\/et_pb_text][\/et_pb_column][\/et_pb_row][\/et_pb_section]<\/p>","protected":false},"excerpt":{"rendered":"<p>Conditions de paiements recurrentsCELLO POP SL, dont le si\u00e8ge social est situ\u00e9 \u00e0 AVENIDA EUROPA (ED ATICA 5,), 26 &#8211; 2 PLT 28224, Madrid \u2013 VAT : ESB70809629 D\u00e9l\u00e8gue \u00e0\u00a0: La soci\u00e9t\u00e9 SAS FRIENDZ. Si\u00e8ge Social\u00a0:\u00a0 9, rue de Paris &#8211; 94100 St-Maur-Des-Foss\u00e9s. Siren 891 437 535 NAF\u00a0: 62.01Z\u2013 Capital social de 1.200,00 \u20ac. TVA [&hellip;]<\/p>","protected":false},"author":1,"featured_media":0,"parent":0,"menu_order":0,"comment_status":"closed","ping_status":"closed","template":"","meta":{"_et_pb_use_builder":"on","_et_pb_old_content":"","_et_gb_content_width":"","inline_featured_image":false,"footnotes":""},"class_list":["post-1033","page","type-page","status-publish","hentry"],"_links":{"self":[{"href":"https:\/\/talkto.ac\/hu\/wp-json\/wp\/v2\/pages\/1033","targetHints":{"allow":["GET"]}}],"collection":[{"href":"https:\/\/talkto.ac\/hu\/wp-json\/wp\/v2\/pages"}],"about":[{"href":"https:\/\/talkto.ac\/hu\/wp-json\/wp\/v2\/types\/page"}],"author":[{"embeddable":true,"href":"https:\/\/talkto.ac\/hu\/wp-json\/wp\/v2\/users\/1"}],"replies":[{"embeddable":true,"href":"https:\/\/talkto.ac\/hu\/wp-json\/wp\/v2\/comments?post=1033"}],"version-history":[{"count":8,"href":"https:\/\/talkto.ac\/hu\/wp-json\/wp\/v2\/pages\/1033\/revisions"}],"predecessor-version":[{"id":3504,"href":"https:\/\/talkto.ac\/hu\/wp-json\/wp\/v2\/pages\/1033\/revisions\/3504"}],"wp:attachment":[{"href":"https:\/\/talkto.ac\/hu\/wp-json\/wp\/v2\/media?parent=1033"}],"curies":[{"name":"wp","href":"https:\/\/api.w.org\/{rel}","templated":true}]}}