{"id":39,"date":"2023-08-18T13:37:08","date_gmt":"2023-08-18T13:37:08","guid":{"rendered":"https:\/\/talkto.ac\/?page_id=39"},"modified":"2026-02-03T13:25:25","modified_gmt":"2026-02-03T13:25:25","slug":"protection-des-donnees","status":"publish","type":"page","link":"https:\/\/talkto.ac\/et\/protection-des-donnees\/","title":{"rendered":"Andmekaitse"},"content":{"rendered":"<p>[et_pb_section fb_built=&#8221;1&#8243; admin_label=&#8221;Header&#8221; _builder_version=&#8221;4.17.6&#8243; custom_margin=&#8221;0px||||false|false&#8221; custom_padding=&#8221;0px||||false|false&#8221; locked=&#8221;off&#8221; global_colors_info=&#8221;{}&#8221;][et_pb_row column_structure=&#8221;1_2,1_2&#8243; custom_padding_last_edited=&#8221;on|phone&#8221; module_class=&#8221;custom-header&#8221; _builder_version=&#8221;4.17.6&#8243; _module_preset=&#8221;default&#8221; width=&#8221;70%&#8221; width_tablet=&#8221;&#8221; width_phone=&#8221;78%&#8221; width_last_edited=&#8221;on|desktop&#8221; custom_margin_tablet=&#8221;&#8221; custom_margin_phone=&#8221;0px||0px||true|false&#8221; custom_margin_last_edited=&#8221;on|phone&#8221; custom_padding_tablet=&#8221;&#8221; custom_padding_phone=&#8221;0px||0px||true|false&#8221; global_colors_info=&#8221;{}&#8221;][et_pb_column type=&#8221;1_2&#8243; _builder_version=&#8221;4.17.6&#8243; _module_preset=&#8221;default&#8221; global_colors_info=&#8221;{}&#8221;][et_pb_text _builder_version=&#8221;4.17.6&#8243; _module_preset=&#8221;default&#8221; custom_margin=&#8221;80px||||false|false&#8221; custom_margin_tablet=&#8221;0px||||false|false&#8221; custom_margin_phone=&#8221;0px||0px||false|false&#8221; custom_margin_last_edited=&#8221;on|tablet&#8221; custom_padding=&#8221;||0px||false|false&#8221; header_text_align_tablet=&#8221;&#8221; header_text_align_phone=&#8221;center&#8221; header_text_align_last_edited=&#8221;on|phone&#8221; global_colors_info=&#8221;{}&#8221;]<\/p>\n<h1>Kaitse<br \/>\n<span class=\"bigger\">andmed<\/span><\/h1>\n<p>[\/et_pb_text][et_pb_button button_url=&#8221;https:\/\/talkto.ac\/passer-le-test\/&#8221; button_text=&#8221;Commencer le test&#8221; button_alignment=&#8221;center&#8221; disabled_on=&#8221;on|off|off&#8221; module_class=&#8221;custom-btn &#8221; _builder_version=&#8221;4.17.6&#8243; _dynamic_attributes=&#8221;button_url&#8221; _module_preset=&#8221;default&#8221; custom_margin=&#8221;||||true|false&#8221; locked=&#8221;off&#8221; global_colors_info=&#8221;{}&#8221;][\/et_pb_button][\/et_pb_column][et_pb_column type=&#8221;1_2&#8243; _builder_version=&#8221;4.17.6&#8243; _module_preset=&#8221;default&#8221; global_colors_info=&#8221;{}&#8221;][et_pb_image src=&#8221;https:\/\/talkto.ac\/wp-content\/uploads\/2023\/08\/Legal.svg&#8221; title_text=&#8221;Legal&#8221; align_tablet=&#8221;&#8221; align_phone=&#8221;center&#8221; align_last_edited=&#8221;on|phone&#8221; _builder_version=&#8221;4.17.6&#8243; _module_preset=&#8221;default&#8221; positioning=&#8221;relative&#8221; horizontal_offset=&#8221;-3vw&#8221; vertical_offset_tablet=&#8221;&#8221; vertical_offset_phone=&#8221;-5vh&#8221; vertical_offset_last_edited=&#8221;on|phone&#8221; horizontal_offset_tablet=&#8221;-3vw&#8221; horizontal_offset_phone=&#8221;-30vw&#8221; horizontal_offset_last_edited=&#8221;on|desktop&#8221; width_tablet=&#8221;&#8221; width_phone=&#8221;130vw&#8221; width_last_edited=&#8221;on|phone&#8221; custom_margin_tablet=&#8221;&#8221; custom_margin_phone=&#8221;0px||||false|false&#8221; custom_margin_last_edited=&#8221;on|phone&#8221; custom_padding_tablet=&#8221;&#8221; custom_padding_phone=&#8221;0px||||false|false&#8221; custom_padding_last_edited=&#8221;on|phone&#8221; global_colors_info=&#8221;{}&#8221;][\/et_pb_image][et_pb_button button_url=&#8221;https:\/\/talkto.ac\/passer-le-test\/&#8221; button_text=&#8221;Commencer le test&#8221; button_alignment=&#8221;center&#8221; disabled_on=&#8221;off|on|on&#8221; module_class=&#8221;custom-btn center&#8221; _builder_version=&#8221;4.17.6&#8243; _dynamic_attributes=&#8221;button_url&#8221; _module_preset=&#8221;default&#8221; custom_margin=&#8221;||||true|false&#8221; locked=&#8221;off&#8221; global_colors_info=&#8221;{}&#8221;][\/et_pb_button][\/et_pb_column][\/et_pb_row][\/et_pb_section][et_pb_section fb_built=&#8221;1&#8243; _builder_version=&#8221;4.17.6&#8243; _module_preset=&#8221;default&#8221; locked=&#8221;off&#8221; global_colors_info=&#8221;{}&#8221;][et_pb_row _builder_version=&#8221;4.17.6&#8243; _module_preset=&#8221;default&#8221; global_colors_info=&#8221;{}&#8221;][et_pb_column type=&#8221;4_4&#8243; _builder_version=&#8221;4.17.6&#8243; _module_preset=&#8221;default&#8221; global_colors_info=&#8221;{}&#8221;][et_pb_text _builder_version=&#8221;4.27.4&#8243; _module_preset=&#8221;default&#8221; hover_enabled=&#8221;0&#8243; global_colors_info=&#8221;{}&#8221; sticky_enabled=&#8221;0&#8243; locked=&#8221;off&#8221;]<\/p>\n<p><strong>CELLO POP SL<\/strong>asukohaga AVENIDA EUROPA (ED ATICA 5,), 26 - 2 PLT 28224, Madrid - k\u00e4ibemaksukohustuslane: ESB70809629.<\/p>\n<p>Delegeeritud :<\/p>\n<p>SAS FRIENDZ. Registrij\u00e4rgne asukoht: 9, rue de Paris - 94100 St-Maur-Des-Foss\u00e9s. Siren 891 437 535 NAF: 62.01Z- Aktsiakapital 1 200,00 eurot. K\u00e4ibemaksunumber FR16891437535<\/p>\n<p>Turundus kogu veebilehel avaldatud sisu\u00a0<a href=\"http:\/\/www.talkt.ac\/\" target=\"_blank\" rel=\"noopener\">www.talkto.ac<\/a>vastavalt lepinguosaliste vahel s\u00f5lmitud lepingu s\u00e4tetele.<\/p>\n<p>Viimati uuendatud: 08. juuli 2025<\/p>\n<p>[\/et_pb_text][et_pb_text module_class=&#8221;custom-title&#8221; _builder_version=&#8221;4.17.6&#8243; _module_preset=&#8221;default&#8221; global_colors_info=&#8221;{}&#8221;]<\/p>\n<h2>Preambul<\/h2>\n<p>[\/et_pb_text][et_pb_text _builder_version=&#8221;4.27.4&#8243; _module_preset=&#8221;default&#8221; global_colors_info=&#8221;{}&#8221;]<\/p>\n<p>J\u00e4tkates meie veebilehe https:\/\/talkto.ac\/ (edaspidi \"veebileht\") sirvimist, n\u00f5ustuvad veebilehe k\u00fclastajad (edaspidi \"kasutajad\") tingimusteta j\u00e4rgmiste s\u00e4tete ja kasutustingimustega (edaspidi \"\u00fcldtingimused\"). Enne meie veebilehe funktsioonide kasutamist kinnitab kasutaja, et on tutvunud k\u00e4esolevate \u00fcldtingimustega ja n\u00f5ustub nendega.<\/p>\n<p>&nbsp;<\/p>\n<p>Meie \u00fcldtingimuste praegune versioon on ainus versioon, mida saab kasutada kogu veebilehe kasutamise aja jooksul ja kuni me asendame selle uue versiooniga.<\/p>\n<p>&nbsp;<\/p>\n<p>Saiti haldavad \u00e4ri\u00fchingud <strong>CELLO POP SL<\/strong> (edaspidi \"M\u00fc\u00fcja\" v\u00f5i \"TALKTO\"), kes j\u00e4tab endale \u00f5iguse neid tingimusi igal ajal muuta. Meie veebilehe kasutamine p\u00e4rast T.G.U. muutmist t\u00e4hendab, et kasutaja n\u00f5ustub tagasiv\u00f5tmatult uue versiooniga. Kui kasutaja ei n\u00f5ustu meie T.G.U.-ga, palutakse tal l\u00f5petada meie veebilehe kasutamine.<\/p>\n<p>[\/et_pb_text][et_pb_text module_class=&#8221;custom-title&#8221; _builder_version=&#8221;4.17.6&#8243; _module_preset=&#8221;default&#8221; global_colors_info=&#8221;{}&#8221;]<\/p>\n<h2>Artikkel 1 - M\u00f5isted<\/h2>\n<p>[\/et_pb_text][et_pb_text _builder_version=&#8221;4.17.6&#8243; _module_preset=&#8221;default&#8221; global_colors_info=&#8221;{}&#8221;]<\/p>\n<p>Meie saidil on allj\u00e4rgnevatel terminitel j\u00e4rgmised t\u00e4hendused:<\/p>\n<p>&nbsp;<\/p>\n<p>\"Sisu\" - k\u00f5ik elemendid, mis moodustavad meie veebisaidi teabe (tekst, pildid, videod, algoritmid, tarkvara, vidinad jne) ja v\u00f5imaldavad selle toimimist, kasutajate teavitamist ja meie teenuste esitamist;<\/p>\n<p>&nbsp;<\/p>\n<p>\"Intellektuaalomandi \u00f5igused\": viitab k\u00f5igile intellektuaalomandi ja sellega seotud \u00f5igustele (autori\u00f5igused, kaubam\u00e4rgi\u00f5igused, patendi\u00f5igused, \u00e4rinimed, andmebaasid jne), mis on kaitstud 1. juuli 1992. aasta seadusega nr 92-587 loodud intellektuaalomandi seadustikuga, mille kehtiv versioon on see, mis kehtib ajal, mil kasutaja kasutab veebilehte;<\/p>\n<p>&nbsp;<\/p>\n<p>\"Funktsioonid\": viitab k\u00f5igile meie kasutajatele meie veebilehe kaudu k\u00e4ttesaadavaks tehtud funktsioonidele;<\/p>\n<p>&nbsp;<\/p>\n<p>\"Sait\": viitab M\u00fc\u00fcja poolt hallatavale ja Kasutajale k\u00e4ttesaadavaks tehtud veebilehele https:\/\/talkto.ac\/;<\/p>\n<p>&nbsp;<\/p>\n<p>\"Kasutaja\": viitab igale isikule, kes kasutab meie Saiti ja kellel on juurdep\u00e4\u00e4s selle sisule.<\/p>\n<p>[\/et_pb_text][et_pb_text module_class=&#8221;custom-title&#8221; _builder_version=&#8221;4.17.6&#8243; _module_preset=&#8221;default&#8221; global_colors_info=&#8221;{}&#8221;]<\/p>\n<h2>Artikkel 2 - \u00d5iguslik teave<\/h2>\n<p>[\/et_pb_text][et_pb_text _builder_version=&#8221;4.17.6&#8243; _module_preset=&#8221;default&#8221; global_colors_info=&#8221;{}&#8221;]<\/p>\n<p>Vastavalt Prantsuse 21. juuni 2004. aasta seadusele nr 2004-575 usalduse kohta digitaalmajanduses teavitatakse meie veebisaidi kasutajaid selle loomisel ja j\u00e4lgimisel osalevate isikute identiteedist:<\/p>\n<p>&nbsp;<\/p>\n<p>Toimetaja: Carlo Ela contact.talkto1@gmail.com .<\/p>\n<p>&nbsp;<\/p>\n<p>Host: Kinsta, 8605 Santa Monica Blvd #92581 West Hollywood, CA 90069 - Ameerika \u00dchendriigid. https:\/\/kinsta.com\/fr\/.<\/p>\n<p>&nbsp;<\/p>\n<p>Arendaja: TALKTO<\/p>\n<p>&nbsp;<\/p>\n<p>Andmekaitseametnik: Carlo Ela contact.talkto1@gmail.com.<\/p>\n<p>[\/et_pb_text][et_pb_text module_class=&#8221;custom-title&#8221; _builder_version=&#8221;4.17.6&#8243; _module_preset=&#8221;default&#8221; global_colors_info=&#8221;{}&#8221;]<\/p>\n<h2>Artikkel 3 - Isikuandmete kaitse<\/h2>\n<p>[\/et_pb_text][et_pb_text _builder_version=&#8221;4.17.6&#8243; _module_preset=&#8221;default&#8221; global_colors_info=&#8221;{}&#8221;]<\/p>\n<p>Meie veebilehe kasutamiseks t\u00f6\u00f6tleme teatavaid kasutajaid puudutavaid isikuandmeid. See t\u00f6\u00f6tlemine toimub vastavalt 6. jaanuari 1978. aasta Prantsuse seadusele nr 78-17 (muudetud kujul) infotehnoloogia, failide ja kodanikuvabaduste kohta (tuntud kui \"infotehnoloogia ja kodanikuvabaduste seadus\") ja andmekaitsepoliitikale, mis on k\u00e4ttesaadav meie veebilehe vastaval vahekaardil.<\/p>\n<p>[\/et_pb_text][et_pb_text module_class=&#8221;custom-title&#8221; _builder_version=&#8221;4.17.6&#8243; _module_preset=&#8221;default&#8221; global_colors_info=&#8221;{}&#8221;]<\/p>\n<h2>Artikkel 4 - Juurdep\u00e4\u00e4s alale<\/h2>\n<p>[\/et_pb_text][et_pb_text _builder_version=&#8221;4.17.6&#8243; _module_preset=&#8221;default&#8221; global_colors_info=&#8221;{}&#8221;]<\/p>\n<p>Juurdep\u00e4\u00e4s veebilehele ja selle kasutamine on reserveeritud rangelt isiklikuks kasutamiseks. Kasutaja kohustub mitte kasutama veebilehte ja seal sisalduvat teavet v\u00f5i andmeid kaubanduslikel, poliitilistel v\u00f5i reklaami eesm\u00e4rkidel v\u00f5i mis tahes vormis kaubanduslikul eesm\u00e4rgil, eelk\u00f5ige soovimatute e-kirjade saatmiseks.<\/p>\n<p>&nbsp;<\/p>\n<p>Juurdep\u00e4\u00e4s alale on reserveeritud t\u00e4iskasvanutele. V\u00e4ljaandja j\u00e4tab endale \u00f5iguse n\u00f5uda vanuse t\u00f5endamist, eriti kui kasutate online-tellimusteenuseid. V\u00e4ljaandjat ei saa pidada vastutavaks alaealiste juurdep\u00e4\u00e4su korral saidile, samuti ei saa teda pidada vastutavaks saidi kasutajate poolt esitatud eksliku v\u00f5i eksitava teabe korral.<\/p>\n<p>&nbsp;<\/p>\n<p>Kasutajad vastutavad isiklikult Saidile juurdep\u00e4\u00e4suks vajalike IT- ja telekommunikatsiooniressursside seadistamise eest. Nad vastutavad k\u00f5igi Interneti-\u00fchendusega ja veebilehe kasutamisega seotud telekommunikatsioonikulude eest.<\/p>\n<p>[\/et_pb_text][et_pb_text module_class=&#8221;custom-title&#8221; _builder_version=&#8221;4.17.6&#8243; _module_preset=&#8221;default&#8221; global_colors_info=&#8221;{}&#8221;]<\/p>\n<h2>Artikkel 5 - osutatavate teenuste kirjeldus<\/h2>\n<p>[\/et_pb_text][et_pb_text _builder_version=&#8221;4.17.6&#8243; _module_preset=&#8221;default&#8221; global_colors_info=&#8221;{}&#8221;]<\/p>\n<p>P\u00fc\u00fcame anda v\u00f5imalikult t\u00e4pset teavet, kuid me ei saa vastutada mis tahes puuduste, ebat\u00e4psuste v\u00f5i teabe ajakohastamata j\u00e4tmise eest. Kogu meie veebisaidil esitatud teave on esitatud ainult teavitamise eesm\u00e4rgil ja ei ole ammendav; see on esitatud tingimusel, et p\u00e4rast selle \u00fclespanekut on tehtud muudatusi.<\/p>\n<p>[\/et_pb_text][et_pb_text module_class=&#8221;custom-title&#8221; _builder_version=&#8221;4.17.6&#8243; _module_preset=&#8221;default&#8221; global_colors_info=&#8221;{}&#8221;]<\/p>\n<h2>Artikkel 6 - Intellektuaalomand<\/h2>\n<p>[\/et_pb_text][et_pb_text _builder_version=&#8221;4.17.6&#8243; _module_preset=&#8221;default&#8221; global_colors_info=&#8221;{}&#8221;]<\/p>\n<p>6.1 Meie veebileht<\/p>\n<p>&nbsp;<\/p>\n<p>K\u00f5ik kaubam\u00e4rgid, fotod, tekstid, kommentaarid, illustratsioonid, pildid (animeeritud v\u00f5i mitte), videol\u00f5igud, helid, samuti k\u00f5ik arvutirakendused, mida v\u00f5idakse kasutada veebilehe toimimiseks, ja \u00fcldisemalt k\u00f5ik veebilehega reprodutseeritud v\u00f5i kasutatud elemendid on kaitstud kehtivate intellektuaalomandi seadustega.<\/p>\n<p>&nbsp;<\/p>\n<p>Need on t\u00e4ielikult ja t\u00e4ielikult kirjastaja v\u00f5i tema kaubanduspartnerite omand. Nende elementide t\u00e4ielik v\u00f5i osaline reprodutseerimine, esitamine, kasutamine v\u00f5i kohandamine mis tahes kujul, sealhulgas arvutirakendused, on rangelt keelatud ilma kirjastaja eelneva kirjaliku n\u00f5usolekuta. Asjaolu, et kirjastaja ei alusta menetlust niipea, kui ta saab teada sellisest loata kasutamisest, ei t\u00e4henda nimetatud kasutamisega n\u00f5ustumist ja loobumist vastutusele v\u00f5tmisest.<\/p>\n<p>&nbsp;<\/p>\n<p>Kasutajatel on rangelt keelatud :<\/p>\n<p>&nbsp;<\/p>\n<p>kopeerida, reprodutseerida, esitada, levitada, levitada v\u00f5i avaldada alaliselt v\u00f5i ajutiselt kogu sisu ja\/v\u00f5i veebilehe sisu v\u00f5i osa sellest mis tahes viisil ja mis tahes seni teadaoleval v\u00f5i tundmatul andmekandjal;<\/p>\n<p>luua tuletatud teoseid sisu ja\/v\u00f5i veebilehe p\u00f5hjal;<\/p>\n<p>muuta, t\u00f5lkida, kohandada v\u00f5i korraldada kogu sisu ja\/v\u00f5i veebilehe v\u00f5i selle osa;<\/p>\n<p>Saidi lahtimonteerimine, dekompileerimine v\u00f5i p\u00f6\u00f6rdprojekteerimine.<\/p>\n<p>Igal juhul vastutavad kasutajad ainuisikuliselt Saidi kasutamise eest.<\/p>\n<p>&nbsp;<\/p>\n<p>Veebisaidi v\u00f5i selle mis tahes elementide loata kasutamine loetakse rikkumiseks ja selle eest v\u00f5etakse vastutusele vastavalt Prantsuse intellektuaalomandi seadustiku artiklitele L. 335-2 ja sellele j\u00e4rgnevatele artiklitele.<\/p>\n<p>&nbsp;<\/p>\n<p>Meie kaubam\u00e4rk<\/p>\n<p>V\u00e4ljaandja ja TALKTO s\u00f5nalised ja visuaalsed kaubam\u00e4rgid (logod) on kaitstud. Nende kasutamine ilma V\u00e4ljaandja v\u00f5i tema partnerite kirjaliku loata mis tahes kandjal toodete v\u00f5i teenuste reklaamimiseks v\u00f5i \u00e4rilistel eesm\u00e4rkidel on keelatud, mille eest V\u00e4ljaandja \u00e4hvardab kriminaal- ja tsiviilkohtumenetlust kasutaja ja\/v\u00f5i vastutava kolmanda isiku vastu.<\/p>\n<p>&nbsp;<\/p>\n<p>Sisu<\/p>\n<p>Sisu on saidil vabalt k\u00e4ttesaadav. Asjaolu, et see sisu on pandud internetti, ei t\u00e4henda autori\u00f5iguse v\u00f5i omandi\u00f5iguse \u00fcleandmist selle sisu suhtes, mis j\u00e4\u00e4b t\u00e4ielikult ja t\u00e4ielikult kirjastaja ja koostajate intellektuaalseks omandiks.<\/p>\n<p>&nbsp;<\/p>\n<p>\u00dckski kasutaja ei tohi v\u00f5i ei tohi teha mingeid toiminguid, mis on vastuolus autori\u00f5iguse ja intellektuaalomandi \u00f5iguste austamisega v\u00f5i mis on vastuolus m\u00f5ne muu intellektuaalomandi \u00f5igustega seotud Prantsuse v\u00f5i rahvusvahelise seadusega. V\u00e4ljaandja ja selle toetajad j\u00e4tavad endale \u00f5iguse v\u00f5tta kasutajaid nende s\u00e4tete rikkumise eest vastutusele.<\/p>\n<p>[\/et_pb_text][et_pb_text module_class=&#8221;custom-title&#8221; _builder_version=&#8221;4.17.6&#8243; _module_preset=&#8221;default&#8221; global_colors_info=&#8221;{}&#8221;]<\/p>\n<h2>Artikkel 7 - Saitide haldamine<\/h2>\n<p>[\/et_pb_text][et_pb_text _builder_version=&#8221;4.17.6&#8243; _module_preset=&#8221;default&#8221; global_colors_info=&#8221;{}&#8221;]<\/p>\n<p>Meie sait on kasutajatele tavaliselt alati k\u00e4ttesaadav. Saidi n\u00f5uetekohaseks haldamiseks v\u00f5ib v\u00e4ljaandja igal ajal j\u00e4tta endale \u00f5iguse :<\/p>\n<p>&nbsp;<\/p>\n<p>peatada, katkestada v\u00f5i piirata juurdep\u00e4\u00e4su veebilehele v\u00f5i selle osale mis tahes p\u00f5hjusel, ette teatades v\u00f5i ilma ette teatamata ja omal \u00e4ran\u00e4gemisel;<\/p>\n<p>kustutada mis tahes teavet, mis v\u00f5ib mis tahes p\u00f5hjusel h\u00e4irida selle toimimist, kas ette teatades v\u00f5i ilma ette teatamata ja omal \u00e4ran\u00e4gemisel;<\/p>\n<p>Saidi peatamine uuenduste tegemiseks.<\/p>\n<p>V\u00e4ljaandja teeb k\u00f5ik endast oleneva, et teavitada kasutajaid eelnevalt sekkumise kuup\u00e4evadest ja kellaaegadest, kuid ei saa vastutada, kui seda ei tehta.<\/p>\n<p>[\/et_pb_text][et_pb_text module_class=&#8221;custom-title&#8221; _builder_version=&#8221;4.17.6&#8243; _module_preset=&#8221;default&#8221; global_colors_info=&#8221;{}&#8221;]<\/p>\n<h2>Artikkel 8 - Kohustused<\/h2>\n<p>[\/et_pb_text][et_pb_text _builder_version=&#8221;4.17.6&#8243; _module_preset=&#8221;default&#8221; global_colors_info=&#8221;{}&#8221;]<\/p>\n<p>8.1 Juurdep\u00e4\u00e4s tegevuskohale<\/p>\n<p>&nbsp;<\/p>\n<p>V\u00e4ljaandja kohustub tegema k\u00f5ik endast oleneva, et veebileht oleks k\u00e4ttesaadav 24 tundi \u00f6\u00f6p\u00e4evas, 7 p\u00e4eva n\u00e4dalas. V\u00e4ljaandja ei v\u00f5ta siiski mingeid kohustusi seoses veebilehe k\u00e4ttesaadavuse ja pideva juurdep\u00e4\u00e4setavusega ning ei garanteeri, et veebileht on vigadeta. V\u00e4ljaandja ei vastuta mistahes rikke, rikke, raskuse v\u00f5i katkestuse korral, mis takistab juurdep\u00e4\u00e4su veebilehele v\u00f5i selle funktsioonidele.<\/p>\n<p>&nbsp;<\/p>\n<p>V\u00e4ljaandja ja vastuv\u00f5tja ei vastuta internetiv\u00f5rgu, telefoniliinide v\u00f5i arvuti- ja telefoniseadmete rikke korral, eelk\u00f5ige v\u00f5rgu \u00fclekoormuse t\u00f5ttu, mis takistab juurdep\u00e4\u00e4su serverile.<\/p>\n<p>&nbsp;<\/p>\n<p>V\u00e4ljaandja ei vastuta kasutajate vastu v\u00f5etavate \u00f5iguslike meetmete eest:<\/p>\n<p>&nbsp;<\/p>\n<p>Saidi v\u00f5i m\u00f5ne muu Interneti kaudu k\u00e4ttesaadava teenuse kasutamise tulemusena;<\/p>\n<p>Kui kasutaja ei t\u00e4ida neid \u00fcldisi kasutajatingimusi.<\/p>\n<p>&nbsp;<\/p>\n<p>Kasutatud seadmed<\/p>\n<p>Seadmed, mida Kasutaja kasutab Saidiga \u00fchendumiseks, on t\u00e4ielikult Kasutaja vastutusel. Ta peab v\u00f5tma k\u00f5ik vajalikud meetmed oma seadmete ja andmete kaitsmiseks. Kasutaja kohustub kasutama veebilehele juurdep\u00e4\u00e4suks uusimat riistvara, mis on viirusvaba ja millel on hiljuti uuendatud veebilehitseja.<\/p>\n<p>&nbsp;<\/p>\n<p>V\u00e4ljaandja ei vastuta kasutajatele, kolmandatele isikutele ja\/v\u00f5i nende seadmetele p\u00f5hjustatud kahju eest, mis tuleneb nende liitumisest veebilehega v\u00f5i selle kasutamisest, ning kasutajad loobuvad igasugustest n\u00f5uetest V\u00e4ljaandja vastu selles osas.<\/p>\n<p>&nbsp;<\/p>\n<p>V\u00e4ljaandja ei vastuta veebilehe kasutamisest tuleneva kaudse kahju (n\u00e4iteks turu v\u00f5i v\u00f5imaluste kaotuse) eest.<\/p>\n<p>[\/et_pb_text][et_pb_text module_class=&#8221;custom-title&#8221; _builder_version=&#8221;4.17.6&#8243; _module_preset=&#8221;default&#8221; global_colors_info=&#8221;{}&#8221;]<\/p>\n<h2>Artikkel 9 - Fotod ning toodete ja teenuste kujutamine<\/h2>\n<p>[\/et_pb_text][et_pb_text _builder_version=&#8221;4.17.6&#8243; _module_preset=&#8221;default&#8221; global_colors_info=&#8221;{}&#8221;]<\/p>\n<p>Veebisaidil olevad fotod ja nende kirjeldus ei ole lepingulised ega ole kirjastaja jaoks siduvad.<\/p>\n<p>[\/et_pb_text][et_pb_text module_class=&#8221;custom-title&#8221; _builder_version=&#8221;4.17.6&#8243; _module_preset=&#8221;default&#8221; global_colors_info=&#8221;{}&#8221;]<\/p>\n<h2>Artikkel 10 - H\u00fcpertekstilinkid<\/h2>\n<p>[\/et_pb_text][et_pb_text _builder_version=&#8221;4.17.6&#8243; _module_preset=&#8221;default&#8221; global_colors_info=&#8221;{}&#8221;]<\/p>\n<p>Kasutajad v\u00f5ivad luua h\u00fcpertekstilinkid kogu veebilehele v\u00f5i selle osale, kui TALKTO on andnud selleks eelneva kirjaliku loa, mida saab taotleda e-posti aadressil contact.talkto1@gmail.com.<\/p>\n<p>&nbsp;<\/p>\n<p>V\u00e4ljaandja v\u00f5ib selle loa andmisest vabalt keelduda, ilma et ta peaks oma otsust kuidagi p\u00f5hjendama. Juhul kui kirjastaja annab loa, on see luba igal juhul ainult ajutine ja v\u00f5ib igal ajal tagasi v\u00f5tta, ilma et ta oleks kohustatud oma otsust p\u00f5hjendama. Igal juhul tuleb k\u00f5ik lingid t\u00fchistada, kui kaubam\u00e4rk seda lihtsalt n\u00f5uab.<\/p>\n<p>&nbsp;<\/p>\n<p>Veebileht sisaldab mitmeid h\u00fcpertekstilinde teistele veebilehtedele, mis on loodud kirjastaja loal. Meie ettev\u00f5ttel ei ole siiski v\u00f5imalik kontrollida sel viisil k\u00fclastatud veebilehtede sisu ja seet\u00f5ttu ei v\u00f5ta ta selles osas mingit vastutust.<\/p>\n<p>[\/et_pb_text][et_pb_text module_class=&#8221;custom-title&#8221; _builder_version=&#8221;4.17.6&#8243; _module_preset=&#8221;default&#8221; global_colors_info=&#8221;{}&#8221;]<\/p>\n<h2>Artikkel 11 - Osaline kehtetuks tunnistamine<\/h2>\n<p>[\/et_pb_text][et_pb_text _builder_version=&#8221;4.17.6&#8243; _module_preset=&#8221;default&#8221; global_colors_info=&#8221;{}&#8221;]<\/p>\n<p>K\u00e4esolevate \u00fcldtingimuste \u00fche v\u00f5i mitme klausli ajutist mittekohaldamist ei saa mingil juhul t\u00f5lgendada kui TALKTO loobumist m\u00f5nest nimetatud klauslist.<\/p>\n<p>&nbsp;<\/p>\n<p>Kui \u00fcks v\u00f5i mitu k\u00e4esolevate tingimuste s\u00e4tetest kuulutatakse seaduse, m\u00e4\u00e4ruse v\u00f5i l\u00f5pliku kohtuotsuse alusel kehtetuks v\u00f5i kohaldamatuks, s\u00e4ilitavad teised s\u00e4tted kogu oma j\u00f5u ja ulatuse ning j\u00e4\u00e4vad t\u00e4ielikult kehtima.<\/p>\n<p>[\/et_pb_text][et_pb_text module_class=&#8221;custom-title&#8221; _builder_version=&#8221;4.17.6&#8243; _module_preset=&#8221;default&#8221; global_colors_info=&#8221;{}&#8221;]<\/p>\n<h2>Artikkel 12 - Keeled<\/h2>\n<p>[\/et_pb_text][et_pb_text _builder_version=&#8221;4.17.6&#8243; _module_preset=&#8221;default&#8221; global_colors_info=&#8221;{}&#8221;]<\/p>\n<p>Kui k\u00e4esolevad \u00fcldtingimused on t\u00f5lgitud \u00fchte v\u00f5i mitmesse keelde, on t\u00f5lgenduskeeleks prantsuse keel, kui tekib vastuolu v\u00f5i vaidlus m\u00f5ne tingimuse v\u00f5i s\u00e4tte t\u00e4henduse \u00fcle.<\/p>\n<p>[\/et_pb_text][et_pb_text module_class=&#8221;custom-title&#8221; _builder_version=&#8221;4.17.6&#8243; _module_preset=&#8221;default&#8221; global_colors_info=&#8221;{}&#8221;]<\/p>\n<h2>Artikkel 13 - Kohaldatav \u00f5igus<\/h2>\n<p>[\/et_pb_text][et_pb_text _builder_version=&#8221;4.17.6&#8243; _module_preset=&#8221;default&#8221; global_colors_info=&#8221;{}&#8221;]<\/p>\n<p>K\u00e4esolevad veebilehe kasutustingimused on reguleeritud Briti \u00f5igusega ja kuuluvad vaidluse korral p\u00e4devate kohtute ainup\u00e4devusse vastavalt tava\u00f5igusele, kui konkreetsest \u00f5igus- v\u00f5i regulatiivsest tekstist tulenev kohtualluvus ei ole piiratud.<\/p>\n<p>[\/et_pb_text][et_pb_text module_class=&#8221;custom-title&#8221; _builder_version=&#8221;4.17.6&#8243; _module_preset=&#8221;default&#8221; global_colors_info=&#8221;{}&#8221;]<\/p>\n<h2>Artikkel 14 - Kontaktandmed<\/h2>\n<p>[\/et_pb_text][et_pb_text _builder_version=&#8221;4.17.6&#8243; _module_preset=&#8221;default&#8221; global_colors_info=&#8221;{}&#8221;]<\/p>\n<p>Kui teil on k\u00fcsimusi v\u00f5i teavet veebilehel esitatud teenuste v\u00f5i veebilehe enda kohta, v\u00f5ib kasutaja j\u00e4tta s\u00f5numi j\u00e4rgmisel aadressil: <a href=\"mailto:contact.talkto1@gmail.com\">contact.talkto1@gmail.com<\/a>.<\/p>\n<p>[\/et_pb_text][\/et_pb_column][\/et_pb_row][\/et_pb_section]<\/p>","protected":false},"excerpt":{"rendered":"<p>Protection des donn\u00e9esCELLO POP SL, dont le si\u00e8ge social est situ\u00e9 \u00e0 AVENIDA EUROPA (ED ATICA 5,), 26 &#8211; 2 PLT 28224, Madrid \u2013 VAT : ESB70809629 D\u00e9l\u00e8gue \u00e0\u00a0: La soci\u00e9t\u00e9 SAS FRIENDZ. Si\u00e8ge Social\u00a0:\u00a0 9, rue de Paris &#8211; 94100 St-Maur-Des-Foss\u00e9s. Siren 891 437 535 NAF\u00a0: 62.01Z\u2013 Capital social de 1.200,00 \u20ac. TVA intr. [&hellip;]<\/p>","protected":false},"author":1,"featured_media":0,"parent":0,"menu_order":0,"comment_status":"closed","ping_status":"closed","template":"","meta":{"_et_pb_use_builder":"on","_et_pb_old_content":"<!-- wp:divi\/placeholder \/-->","_et_gb_content_width":"","inline_featured_image":false,"footnotes":""},"class_list":["post-39","page","type-page","status-publish","hentry"],"_links":{"self":[{"href":"https:\/\/talkto.ac\/et\/wp-json\/wp\/v2\/pages\/39","targetHints":{"allow":["GET"]}}],"collection":[{"href":"https:\/\/talkto.ac\/et\/wp-json\/wp\/v2\/pages"}],"about":[{"href":"https:\/\/talkto.ac\/et\/wp-json\/wp\/v2\/types\/page"}],"author":[{"embeddable":true,"href":"https:\/\/talkto.ac\/et\/wp-json\/wp\/v2\/users\/1"}],"replies":[{"embeddable":true,"href":"https:\/\/talkto.ac\/et\/wp-json\/wp\/v2\/comments?post=39"}],"version-history":[{"count":12,"href":"https:\/\/talkto.ac\/et\/wp-json\/wp\/v2\/pages\/39\/revisions"}],"predecessor-version":[{"id":3510,"href":"https:\/\/talkto.ac\/et\/wp-json\/wp\/v2\/pages\/39\/revisions\/3510"}],"wp:attachment":[{"href":"https:\/\/talkto.ac\/et\/wp-json\/wp\/v2\/media?parent=39"}],"curies":[{"name":"wp","href":"https:\/\/api.w.org\/{rel}","templated":true}]}}