{"id":827,"date":"2023-09-28T12:26:55","date_gmt":"2023-09-28T12:26:55","guid":{"rendered":"https:\/\/talkto.ac\/?page_id=827"},"modified":"2025-05-11T21:16:22","modified_gmt":"2025-05-11T21:16:22","slug":"se-desabonner","status":"publish","type":"page","link":"https:\/\/talkto.ac\/el\/se-desabonner\/","title":{"rendered":"\u0394\u03b9\u03b1\u03b3\u03c1\u03b1\u03c6\u03ae"},"content":{"rendered":"<p>[et_pb_section fb_built=&#8221;1&#8243; _builder_version=&#8221;4.17.6&#8243; _module_preset=&#8221;default&#8221; global_colors_info=&#8221;{}&#8221;][et_pb_row _builder_version=&#8221;4.23.4&#8243; _module_preset=&#8221;default&#8221; locked=&#8221;off&#8221; global_colors_info=&#8221;{}&#8221;][et_pb_column type=&#8221;4_4&#8243; _builder_version=&#8221;4.17.6&#8243; _module_preset=&#8221;default&#8221; global_colors_info=&#8221;{}&#8221;][et_pb_text module_class=&#8221;custom-title&#8221; _builder_version=&#8221;4.23.4&#8243; _module_preset=&#8221;default&#8221; header_text_align_tablet=&#8221;center&#8221; header_text_align_phone=&#8221;center&#8221; header_text_align_last_edited=&#8221;on|tablet&#8221; module_alignment_tablet=&#8221;center&#8221; module_alignment_phone=&#8221;center&#8221; module_alignment_last_edited=&#8221;on|tablet&#8221; global_colors_info=&#8221;{}&#8221;]<\/p>\n<h2>\u0394\u03b9\u03b1\u03b3\u03c1\u03b1\u03c6\u03ae<\/h2>\n<p>[\/et_pb_text][\/et_pb_column][\/et_pb_row][et_pb_row _builder_version=&#8221;4.23.4&#8243; _module_preset=&#8221;default&#8221; module_alignment=&#8221;center&#8221; global_colors_info=&#8221;{}&#8221;][et_pb_column type=&#8221;4_4&#8243; _builder_version=&#8221;4.17.6&#8243; _module_preset=&#8221;default&#8221; global_colors_info=&#8221;{}&#8221;][et_pb_text module_class=&#8221;text-unsub&#8221; _builder_version=&#8221;4.23.4&#8243; _module_preset=&#8221;default&#8221; text_font=&#8221;ProximaNova Bold||||||||&#8221; text_font_size=&#8221;20px&#8221; width=&#8221;60%&#8221; width_tablet=&#8221;&#8221; width_phone=&#8221;100%&#8221; width_last_edited=&#8221;on|phone&#8221; module_alignment=&#8221;center&#8221; global_colors_info=&#8221;{}&#8221;]<\/p>\n<p style=\"text-align: left;\">\u0393\u03b9\u03b1 \u03bd\u03b1 \u03b4\u03b9\u03b1\u03b3\u03c1\u03b1\u03c6\u03b5\u03af\u03c4\u03b5 \u03b5\u03cd\u03ba\u03bf\u03bb\u03b1, \u03b1\u03c0\u03bb\u03ce\u03c2 \u03c0\u03bb\u03b7\u03ba\u03c4\u03c1\u03bf\u03bb\u03bf\u03b3\u03ae\u03c3\u03c4\u03b5 \u03c4\u03b7 \u03b4\u03b9\u03b5\u03cd\u03b8\u03c5\u03bd\u03c3\u03b7 \u03b7\u03bb\u03b5\u03ba\u03c4\u03c1\u03bf\u03bd\u03b9\u03ba\u03bf\u03cd \u03c4\u03b1\u03c7\u03c5\u03b4\u03c1\u03bf\u03bc\u03b5\u03af\u03bf\u03c5 \u03c3\u03b1\u03c2 \u03ba\u03b1\u03b9 \u03ba\u03ac\u03bd\u03c4\u03b5 \u03ba\u03bb\u03b9\u03ba \u03c3\u03c4\u03bf \"\u03b4\u03b9\u03b1\u03b3\u03c1\u03b1\u03c6\u03ae\".<\/p>\n<p>[\/et_pb_text][et_pb_code module_id=&#8221;unsubscribe_form&#8221; _builder_version=&#8221;4.27.2&#8243; _module_preset=&#8221;default&#8221; width=&#8221;60%&#8221; width_tablet=&#8221;60%&#8221; width_phone=&#8221;100%&#8221; width_last_edited=&#8221;on|phone&#8221; module_alignment=&#8221;center&#8221; custom_padding=&#8221;40px|40px|40px|40px|true|true&#8221; custom_padding_tablet=&#8221;40px|40px|40px|40px|true|true&#8221; custom_padding_phone=&#8221;|20px||20px|true|true&#8221; custom_padding_last_edited=&#8221;on|phone&#8221; border_radii=&#8221;on|30px|30px|30px|30px&#8221; box_shadow_style=&#8221;preset1&#8243; box_shadow_horizontal=&#8221;3px&#8221; box_shadow_vertical=&#8221;6px&#8221; box_shadow_blur=&#8221;10px&#8221; box_shadow_color=&#8221;rgba(0,0,0,0.16)&#8221; global_colors_info=&#8221;{}&#8221; custom_css_main_element_last_edited=&#8221;on|tablet&#8221; custom_css_main_element_phone=&#8221;overflow-x:hidden;&#8221; custom_css_main_element_tablet=&#8221;overflow-x:hidden;&#8221;]<form action=\"https:\/\/talkto.ac\/wp-admin\/admin-post.php\" method=\"post\">\r\n\t\t\t\t<input type=\"hidden\" name=\"action\" value=\"nexus_cancel_sub\">\r\n\t\t\t\t<div class=\"cancel-wrap\">\r\n\t\t\t\t<label for=\"email\">\u0397\u03bb\u03b5\u03ba\u03c4\u03c1\u03bf\u03bd\u03b9\u03ba\u03cc \u03c4\u03b1\u03c7\u03c5\u03b4\u03c1\u03bf\u03bc\u03b5\u03af\u03bf<\/label>\r\n\t\t\t\t<input type=\"email\" name=\"email\" id=\"email\" placeholder=\"johndoe@gmail.com\" value=\"\">\r\n\t\t\t\t<input type=\"submit\" value=\"\u0391\u03ba\u03cd\u03c1\u03c9\u03c3\u03b7 \u03c3\u03c5\u03bd\u03b4\u03c1\u03bf\u03bc\u03ae\u03c2\">\r\n\t\t\t\t<\/div> \r\n\t\t\t<\/form>[\/et_pb_code][\/et_pb_column][\/et_pb_row][\/et_pb_section][et_pb_section fb_built=&#8221;1&#8243; _builder_version=&#8221;4.17.6&#8243; _module_preset=&#8221;default&#8221; locked=&#8221;off&#8221; global_colors_info=&#8221;{}&#8221;][et_pb_row column_structure=&#8221;1_2,1_2&#8243; _builder_version=&#8221;4.17.6&#8243; _module_preset=&#8221;default&#8221; global_colors_info=&#8221;{}&#8221;][et_pb_column type=&#8221;1_2&#8243; _builder_version=&#8221;4.17.6&#8243; _module_preset=&#8221;default&#8221; global_colors_info=&#8221;{}&#8221;][et_pb_image src=&#8221;https:\/\/talkto.ac\/wp-content\/uploads\/2023\/08\/FAQ.svg&#8221; title_text=&#8221;FAQ&#8221; _builder_version=&#8221;4.17.6&#8243; _module_preset=&#8221;default&#8221; global_colors_info=&#8221;{}&#8221;][\/et_pb_image][\/et_pb_column][et_pb_column type=&#8221;1_2&#8243; _builder_version=&#8221;4.17.6&#8243; _module_preset=&#8221;default&#8221; global_colors_info=&#8221;{}&#8221;][et_pb_text module_class=&#8221;custom-title&#8221; _builder_version=&#8221;4.17.6&#8243; _module_preset=&#8221;default&#8221; locked=&#8221;off&#8221; global_colors_info=&#8221;{}&#8221;]<\/p>\n<h2>\u03a3\u03a5\u03a7\u039d\u0388\u03a3 \u0395\u03a1\u03a9\u03a4\u0389\u03a3\u0395\u0399\u03a3<\/h2>\n<p>[\/et_pb_text][et_pb_toggle title=&#8221;Quel est l&#8217;objectif de ce test ?&#8221; open_toggle_text_color=&#8221;#4e4e4e&#8221; icon_color=&#8221;#54a1d6&#8243; toggle_icon=&#8221;&#x33;||divi||400&#8243; use_icon_font_size=&#8221;on&#8221; icon_font_size=&#8221;45px&#8221; open_icon_color=&#8221;#54a1d6&#8243; open_toggle_icon=&#8221;&#x32;||divi||400&#8243; open_use_icon_font_size=&#8221;on&#8221; open_icon_font_size=&#8221;45px&#8221; _builder_version=&#8221;4.23.4&#8243; _module_preset=&#8221;default&#8221; title_text_color=&#8221;#4e4e4e&#8221; title_font=&#8221;|700|||||||&#8221; title_font_size=&#8221;18px&#8221; closed_title_font=&#8221;|700|||||||&#8221; closed_title_font_size=&#8221;18px&#8221; body_font=&#8221;|300|||||||&#8221; body_font_size=&#8221;16px&#8221; background_color=&#8221;RGBA(255,255,255,0)&#8221; custom_margin=&#8221;||30px||false|false&#8221; custom_padding=&#8221;||5px||false|false&#8221; custom_css_toggle_title=&#8221;margin-left:-20px;&#8221; custom_css_toggle_content=&#8221;margin-left:20px;&#8221; border_width_all=&#8221;0px&#8221; border_width_bottom=&#8221;3px&#8221; border_color_bottom=&#8221;#54a1d6&#8243; global_colors_info=&#8221;{}&#8221;]<\/p>\n<p>\u03a3\u03c4\u03cc\u03c7\u03bf\u03c2 \u03b5\u03af\u03bd\u03b1\u03b9 \u03bd\u03b1 \u03b1\u03be\u03b9\u03bf\u03bb\u03bf\u03b3\u03b7\u03b8\u03b5\u03af \u03b7 \u03b3\u03bd\u03ce\u03c3\u03b7 \u03ba\u03b1\u03b9 \u03b7 \u03ba\u03b1\u03c4\u03b1\u03bd\u03cc\u03b7\u03c3\u03b7 \u03b5\u03bd\u03cc\u03c2 \u03b1\u03c4\u03cc\u03bc\u03bf\u03c5 \u03c3\u03b5 \u03b4\u03b9\u03ac\u03c6\u03bf\u03c1\u03bf\u03c5\u03c2 \u03c4\u03bf\u03bc\u03b5\u03af\u03c2.<\/p>\n<p>\u03a4\u03b1 \u03c4\u03b5\u03c3\u03c4 \u03b1\u03c5\u03c4\u03ac \u03bc\u03c0\u03bf\u03c1\u03bf\u03cd\u03bd \u03bd\u03b1 \u03c7\u03c1\u03b7\u03c3\u03b9\u03bc\u03bf\u03c0\u03bf\u03b9\u03b7\u03b8\u03bf\u03cd\u03bd \u03b3\u03b9\u03b1 \u03c4\u03b7\u03bd \u03b1\u03be\u03b9\u03bf\u03bb\u03cc\u03b3\u03b7\u03c3\u03b7 \u03c4\u03c9\u03bd \u03b3\u03b5\u03bd\u03b9\u03ba\u03ce\u03bd \u03b3\u03bd\u03ce\u03c3\u03b5\u03c9\u03bd \u03b5\u03bd\u03cc\u03c2 \u03b1\u03c4\u03cc\u03bc\u03bf\u03c5 \u03b3\u03b9\u03b1 \u03b1\u03ba\u03b1\u03b4\u03b7\u03bc\u03b1\u03ca\u03ba\u03bf\u03cd\u03c2 \u03ae \u03b5\u03c0\u03b1\u03b3\u03b3\u03b5\u03bb\u03bc\u03b1\u03c4\u03b9\u03ba\u03bf\u03cd\u03c2 \u03bb\u03cc\u03b3\u03bf\u03c5\u03c2 \u03ae \u03b3\u03b9\u03b1 \u03bd\u03b1 \u03b2\u03bf\u03b7\u03b8\u03ae\u03c3\u03bf\u03c5\u03bd \u03c3\u03c4\u03bf\u03bd \u03b5\u03bd\u03c4\u03bf\u03c0\u03b9\u03c3\u03bc\u03cc \u03c4\u03c9\u03bd \u03b4\u03c5\u03bd\u03b1\u03c4\u03ce\u03bd \u03ba\u03b1\u03b9 \u03b1\u03b4\u03cd\u03bd\u03b1\u03c4\u03c9\u03bd \u03c3\u03b7\u03bc\u03b5\u03af\u03c9\u03bd \u03b5\u03bd\u03cc\u03c2 \u03b1\u03c4\u03cc\u03bc\u03bf\u03c5, \u03ce\u03c3\u03c4\u03b5 \u03bd\u03b1 \u03c3\u03c5\u03bd\u03b5\u03c7\u03af\u03c3\u03b5\u03b9 \u03bd\u03b1 \u03b1\u03bd\u03b1\u03c0\u03c4\u03cd\u03c3\u03c3\u03b5\u03c4\u03b1\u03b9 \u03c0\u03c1\u03bf\u03c3\u03c9\u03c0\u03b9\u03ba\u03ac \u03ba\u03b1\u03b9 \u03b5\u03c0\u03b1\u03b3\u03b3\u03b5\u03bb\u03bc\u03b1\u03c4\u03b9\u03ba\u03ac.<\/p>\n<p>[\/et_pb_toggle][et_pb_toggle title=&#8221;Comment puis-je obtenir les r\u00e9sultats du test ?&#8221; open_toggle_text_color=&#8221;#4e4e4e&#8221; icon_color=&#8221;#54a1d6&#8243; toggle_icon=&#8221;&#x33;||divi||400&#8243; use_icon_font_size=&#8221;on&#8221; icon_font_size=&#8221;45px&#8221; open_icon_color=&#8221;#54a1d6&#8243; open_toggle_icon=&#8221;&#x32;||divi||400&#8243; open_use_icon_font_size=&#8221;on&#8221; open_icon_font_size=&#8221;45px&#8221; _builder_version=&#8221;4.17.6&#8243; _module_preset=&#8221;default&#8221; title_text_color=&#8221;#4e4e4e&#8221; title_font=&#8221;|700|||||||&#8221; title_font_size=&#8221;18px&#8221; closed_title_font=&#8221;|700|||||||&#8221; closed_title_font_size=&#8221;18px&#8221; body_font=&#8221;|300|||||||&#8221; body_font_size=&#8221;16px&#8221; background_color=&#8221;RGBA(255,255,255,0)&#8221; custom_margin=&#8221;||30px||false|false&#8221; custom_padding=&#8221;||5px||false|false&#8221; custom_css_toggle_title=&#8221;margin-left:-20px;&#8221; custom_css_toggle_content=&#8221;margin-left:20px;&#8221; border_width_all=&#8221;0px&#8221; border_width_bottom=&#8221;3px&#8221; border_color_bottom=&#8221;#54a1d6&#8243; global_colors_info=&#8221;{}&#8221;]Vous pouvez obtenir les r\u00e9sultats de ce test par le biais d\u2019une offre de 24 heures ou d\u2019un abonnement mensuel.<\/p>\n<p>\u039c\u03c0\u03bf\u03c1\u03b5\u03af\u03c4\u03b5 \u03bd\u03b1 \u03b2\u03c1\u03b5\u03af\u03c4\u03b5 \u03cc\u03bb\u03b1 \u03c4\u03b1 \u03b2\u03ae\u03bc\u03b1\u03c4\u03b1 \u03c0\u03bf\u03c5 \u03c0\u03c1\u03ad\u03c0\u03b5\u03b9 \u03bd\u03b1 \u03b1\u03ba\u03bf\u03bb\u03bf\u03c5\u03b8\u03ae\u03c3\u03b5\u03c4\u03b5 \u03b3\u03b9\u03b1 \u03bd\u03b1 \u03bf\u03bb\u03bf\u03ba\u03bb\u03b7\u03c1\u03ce\u03c3\u03b5\u03c4\u03b5 \u03c4\u03bf \u03c4\u03b5\u03c3\u03c4 \u03ba\u03b1\u03b9 \u03bd\u03b1 \u03b5\u03b3\u03b3\u03c1\u03b1\u03c6\u03b5\u03af\u03c4\u03b5 \u03c3\u03b5 \u03ad\u03bd\u03b1 \u03c0\u03b1\u03ba\u03ad\u03c4\u03bf \u03c3\u03c4\u03b7 \u03c3\u03b5\u03bb\u03af\u03b4\u03b1 \"\u03a0\u03ce\u03c2 \u03bb\u03b5\u03b9\u03c4\u03bf\u03c5\u03c1\u03b3\u03b5\u03af;\".<\/p>\n<p>L\u2019historique de tous les tests r\u00e9alis\u00e9s sur votre compte est disponible dans l\u2019onglet historique de votre espace compte.[\/et_pb_toggle][et_pb_toggle title=&#8221;Comment souscrire \u00e0 un abonnement ?&#8221; open_toggle_text_color=&#8221;#4e4e4e&#8221; icon_color=&#8221;#54a1d6&#8243; toggle_icon=&#8221;&#x33;||divi||400&#8243; use_icon_font_size=&#8221;on&#8221; icon_font_size=&#8221;45px&#8221; open_icon_color=&#8221;#54a1d6&#8243; open_toggle_icon=&#8221;&#x32;||divi||400&#8243; open_use_icon_font_size=&#8221;on&#8221; open_icon_font_size=&#8221;45px&#8221; _builder_version=&#8221;4.17.6&#8243; _module_preset=&#8221;default&#8221; title_text_color=&#8221;#4e4e4e&#8221; title_font=&#8221;|700|||||||&#8221; title_font_size=&#8221;18px&#8221; closed_title_font=&#8221;|700|||||||&#8221; closed_title_font_size=&#8221;18px&#8221; body_font=&#8221;|300|||||||&#8221; body_font_size=&#8221;16px&#8221; background_color=&#8221;RGBA(255,255,255,0)&#8221; custom_margin=&#8221;||30px||false|false&#8221; custom_padding=&#8221;||5px||false|false&#8221; custom_css_toggle_title=&#8221;margin-left:-20px;&#8221; custom_css_toggle_content=&#8221;margin-left:20px;&#8221; border_width_all=&#8221;0px&#8221; border_width_bottom=&#8221;3px&#8221; border_color_bottom=&#8221;#54a1d6&#8243; global_colors_info=&#8221;{}&#8221;]Premi\u00e8rement, il vous faut r\u00e9aliser le test. \u00c0 la fin de celui-ci, pour voir les r\u00e9sultats, il vous faudra souscrire \u00e0 l\u2019offre 24 heures pour un montant de 0,50\u20ac. Passer les 24h, l\u2019offre passera automatiquement sur un abonnement mensuel pour un montant de 47,50\u20ac.<\/p>\n<p>\u0391\u03bd \u03b8\u03ad\u03bb\u03b5\u03c4\u03b5 \u03bc\u03cc\u03bd\u03bf \u03ad\u03bd\u03b1 24\u03c9\u03c1\u03bf \u03c0\u03b1\u03ba\u03ad\u03c4\u03bf, \u03bc\u03c0\u03bf\u03c1\u03b5\u03af\u03c4\u03b5 \u03b1\u03c0\u03bb\u03ac \u03bd\u03b1 \u03b4\u03b9\u03b1\u03b3\u03c1\u03b1\u03c6\u03b5\u03af\u03c4\u03b5.<\/p>\n<p>Vous pouvez retrouver toutes les \u00e9tapes \u00e0 suivre pour r\u00e9aliser le test et souscrire \u00e0 une offre dans la page \u201cComment \u00e7a marche ?\u201d.[\/et_pb_toggle][et_pb_toggle title=&#8221;Quels sont les services inclus dans l\u2019abonnement ?&#8221; open_toggle_text_color=&#8221;#4e4e4e&#8221; icon_color=&#8221;#54a1d6&#8243; toggle_icon=&#8221;&#x33;||divi||400&#8243; use_icon_font_size=&#8221;on&#8221; icon_font_size=&#8221;45px&#8221; open_icon_color=&#8221;#54a1d6&#8243; open_toggle_icon=&#8221;&#x32;||divi||400&#8243; open_use_icon_font_size=&#8221;on&#8221; open_icon_font_size=&#8221;45px&#8221; _builder_version=&#8221;4.23.4&#8243; _module_preset=&#8221;default&#8221; title_text_color=&#8221;#4e4e4e&#8221; title_font=&#8221;|700|||||||&#8221; title_font_size=&#8221;18px&#8221; closed_title_font=&#8221;|700|||||||&#8221; closed_title_font_size=&#8221;18px&#8221; body_font=&#8221;|300|||||||&#8221; body_font_size=&#8221;16px&#8221; background_color=&#8221;RGBA(255,255,255,0)&#8221; custom_margin=&#8221;||30px||false|false&#8221; custom_padding=&#8221;||5px||false|false&#8221; custom_css_toggle_title=&#8221;margin-left:-20px;&#8221; custom_css_toggle_content=&#8221;margin-left:20px;&#8221; border_width_all=&#8221;0px&#8221; border_width_bottom=&#8221;3px&#8221; border_color_bottom=&#8221;#54a1d6&#8243; global_colors_info=&#8221;{}&#8221;]<\/p>\n<p><span>\u039c\u03b5 \u03bc\u03b9\u03b1 \u03c3\u03c5\u03bd\u03b4\u03c1\u03bf\u03bc\u03ae, \u03bc\u03c0\u03bf\u03c1\u03b5\u03af\u03c4\u03b5 \u03bd\u03b1 \u03ba\u03ac\u03bd\u03b5\u03c4\u03b5 \u03ba\u03b1\u03b9 \u03bd\u03b1 \u03b5\u03c0\u03b1\u03bd\u03b1\u03bb\u03b1\u03bc\u03b2\u03ac\u03bd\u03b5\u03c4\u03b5 \u03c4\u03bf \u03c4\u03b5\u03c3\u03c4 \u03cc\u03c3\u03bf \u03c3\u03c5\u03c7\u03bd\u03ac \u03b8\u03ad\u03bb\u03b5\u03c4\u03b5 (\u03b3\u03b9\u03b1 \u03c4\u03bf\u03bd \u03b5\u03b1\u03c5\u03c4\u03cc \u03c3\u03b1\u03c2 \u03ae \u03b3\u03b9\u03b1 \u03ac\u03bb\u03bb\u03bf\u03c5\u03c2) \u03ba\u03b1\u03b9 \u03bd\u03b1 \u03bb\u03b1\u03bc\u03b2\u03ac\u03bd\u03b5\u03c4\u03b5 \u03c4\u03b1 \u03b1\u03c0\u03bf\u03c4\u03b5\u03bb\u03ad\u03c3\u03bc\u03b1\u03c4\u03b1 (\u03b3\u03b9\u03b1 \u03c3\u03cd\u03b3\u03ba\u03c1\u03b9\u03c3\u03b7 \u03ba\u03b1\u03b9 \u03b1\u03c0\u03bf\u03b8\u03ae\u03ba\u03b5\u03c5\u03c3\u03b7).<\/span><\/p>\n<p>[\/et_pb_toggle][et_pb_button button_url=&#8221;@ET-DC@eyJkeW5hbWljIjp0cnVlLCJjb250ZW50IjoicG9zdF9saW5rX3VybF9wYWdlIiwic2V0dGluZ3MiOnsicG9zdF9pZCI6IjM0In19@&#8221; button_text=&#8221;FAQ d\u00e9taill\u00e9e&#8221; button_alignment=&#8221;center&#8221; disabled_on=&#8221;off|off|off&#8221; module_class=&#8221;custom-btn center blue&#8221; _builder_version=&#8221;4.17.6&#8243; _dynamic_attributes=&#8221;button_url&#8221; _module_preset=&#8221;default&#8221; button_bg_color=&#8221;#54a1d6&#8243; custom_margin=&#8221;||||true|false&#8221; custom_padding=&#8221;|50px||50px|false|true&#8221; custom_padding_tablet=&#8221;|50px||50px|false|true&#8221; custom_padding_phone=&#8221;|50px||50px|false|true&#8221; custom_padding_last_edited=&#8221;on|desktop&#8221; locked=&#8221;off&#8221; global_colors_info=&#8221;{}&#8221;][\/et_pb_button][\/et_pb_column][\/et_pb_row][\/et_pb_section]<\/p>","protected":false},"excerpt":{"rendered":"<p>Se d\u00e9sabonnerPour vous d\u00e9sabonner facilement, il vous suffit de saisir votre adresse e-mail et de cliquer sur &#8220;annuler l&#8217;abonnement&#8221;.<form action=\"https:\/\/talkto.ac\/wp-admin\/admin-post.php\" method=\"post\">\r\n\t\t\t\t<input type=\"hidden\" name=\"action\" value=\"nexus_cancel_sub\">\r\n\t\t\t\t<div class=\"cancel-wrap\">\r\n\t\t\t\t<label for=\"email\">\u0397\u03bb\u03b5\u03ba\u03c4\u03c1\u03bf\u03bd\u03b9\u03ba\u03cc \u03c4\u03b1\u03c7\u03c5\u03b4\u03c1\u03bf\u03bc\u03b5\u03af\u03bf<\/label>\r\n\t\t\t\t<input type=\"email\" name=\"email\" id=\"email\" placeholder=\"johndoe@gmail.com\" value=\"\">\r\n\t\t\t\t<input type=\"submit\" value=\"\u0391\u03ba\u03cd\u03c1\u03c9\u03c3\u03b7 \u03c3\u03c5\u03bd\u03b4\u03c1\u03bf\u03bc\u03ae\u03c2\">\r\n\t\t\t\t<\/div> \r\n\t\t\t<\/form>FAQL&#8217;objectif est d&#8217;\u00e9valuer les connaissances et la compr\u00e9hension d&#8217;une personne dans une vari\u00e9t\u00e9 de domaines. Ces tests peuvent permettre d\u2019\u00e9valuer les connaissances g\u00e9n\u00e9rales d&#8217;une personne pour des raisons acad\u00e9miques ou professionnelles, ou pour aider \u00e0 d\u00e9terminer les [&hellip;]<\/p>","protected":false},"author":1,"featured_media":0,"parent":0,"menu_order":0,"comment_status":"closed","ping_status":"closed","template":"","meta":{"_et_pb_use_builder":"on","_et_pb_old_content":"<!-- wp:divi\/placeholder \/-->","_et_gb_content_width":"","inline_featured_image":false,"footnotes":""},"class_list":["post-827","page","type-page","status-publish","hentry"],"_links":{"self":[{"href":"https:\/\/talkto.ac\/el\/wp-json\/wp\/v2\/pages\/827","targetHints":{"allow":["GET"]}}],"collection":[{"href":"https:\/\/talkto.ac\/el\/wp-json\/wp\/v2\/pages"}],"about":[{"href":"https:\/\/talkto.ac\/el\/wp-json\/wp\/v2\/types\/page"}],"author":[{"embeddable":true,"href":"https:\/\/talkto.ac\/el\/wp-json\/wp\/v2\/users\/1"}],"replies":[{"embeddable":true,"href":"https:\/\/talkto.ac\/el\/wp-json\/wp\/v2\/comments?post=827"}],"version-history":[{"count":27,"href":"https:\/\/talkto.ac\/el\/wp-json\/wp\/v2\/pages\/827\/revisions"}],"predecessor-version":[{"id":2332,"href":"https:\/\/talkto.ac\/el\/wp-json\/wp\/v2\/pages\/827\/revisions\/2332"}],"wp:attachment":[{"href":"https:\/\/talkto.ac\/el\/wp-json\/wp\/v2\/media?parent=827"}],"curies":[{"name":"wp","href":"https:\/\/api.w.org\/{rel}","templated":true}]}}