{"id":32,"date":"2023-08-18T13:35:47","date_gmt":"2023-08-18T13:35:47","guid":{"rendered":"https:\/\/talkto.ac\/?page_id=32"},"modified":"2025-11-17T13:11:52","modified_gmt":"2025-11-17T13:11:52","slug":"contact","status":"publish","type":"page","link":"https:\/\/talkto.ac\/el\/contact\/","title":{"rendered":"\u0395\u03c0\u03b9\u03ba\u03bf\u03b9\u03bd\u03c9\u03bd\u03af\u03b1"},"content":{"rendered":"<p>[et_pb_section fb_built=&#8221;1&#8243; _builder_version=&#8221;4.23.4&#8243; _module_preset=&#8221;default&#8221; global_colors_info=&#8221;{}&#8221;][et_pb_row _builder_version=&#8221;4.17.6&#8243; _module_preset=&#8221;default&#8221; width=&#8221;60%&#8221; locked=&#8221;off&#8221; global_colors_info=&#8221;{}&#8221;][et_pb_column type=&#8221;4_4&#8243; _builder_version=&#8221;4.17.6&#8243; _module_preset=&#8221;default&#8221; global_colors_info=&#8221;{}&#8221;][et_pb_text module_class=&#8221;custom-title&#8221; _builder_version=&#8221;4.23.4&#8243; _module_preset=&#8221;default&#8221; global_colors_info=&#8221;{}&#8221;]<\/p>\n<h2>\u0395\u03c0\u03b9\u03ba\u03bf\u03b9\u03bd\u03c9\u03bd\u03ae\u03c3\u03c4\u03b5 \u03bc\u03b1\u03b6\u03af \u03bc\u03b1\u03c2<\/h2>\n<p>[\/et_pb_text][\/et_pb_column][\/et_pb_row][et_pb_row column_structure=&#8221;1_3,2_3&#8243; make_equal=&#8221;on&#8221; module_class=&#8221;custom-form&#8221; _builder_version=&#8221;4.23.4&#8243; _module_preset=&#8221;default&#8221; width=&#8221;68%&#8221; width_tablet=&#8221;65%&#8221; width_phone=&#8221;85%&#8221; width_last_edited=&#8221;on|phone&#8221; global_colors_info=&#8221;{}&#8221;][et_pb_column type=&#8221;1_3&#8243; _builder_version=&#8221;4.23.4&#8243; _module_preset=&#8221;default&#8221; custom_padding=&#8221;50px||50px||true|true&#8221; border_radii=&#8221;on|30px|30px|30px|30px&#8221; box_shadow_style=&#8221;preset1&#8243; box_shadow_horizontal=&#8221;5px&#8221; box_shadow_vertical=&#8221;5px&#8221; box_shadow_blur=&#8221;15px&#8221; box_shadow_color=&#8221;rgba(0,0,0,0.16)&#8221; global_colors_info=&#8221;{}&#8221; custom_css_before_last_edited=&#8221;on|desktop&#8221; custom_css_before_tablet=&#8221;content:unset;&#8221; custom_css_before_phone=&#8221;content:unset;&#8221;][et_pb_text _builder_version=&#8221;4.17.6&#8243; _module_preset=&#8221;default&#8221; global_colors_info=&#8221;{}&#8221;]<\/p>\n<div class='reseaux'><img decoding=\"async\" src=\"https:\/\/talkto.ac\/wp-content\/uploads\/2023\/08\/Groupe-69.svg\" width=\"52\" height=\"52\" alt=\"\" class=\"wp-image-507 alignnone size-full\" \/> <img decoding=\"async\" src=\"https:\/\/talkto.ac\/wp-content\/uploads\/2023\/08\/Groupe-70.svg\" width=\"52\" height=\"52\" alt=\"\" class=\"wp-image-508 alignnone size-full\" \/> <img decoding=\"async\" src=\"https:\/\/talkto.ac\/wp-content\/uploads\/2023\/08\/Groupe-71.svg\" width=\"52\" height=\"52\" alt=\"\" class=\"wp-image-509 alignnone size-full\" \/><\/div>\n<p>[\/et_pb_text][et_pb_text _builder_version=&#8221;4.17.6&#8243; _module_preset=&#8221;default&#8221; header_3_font=&#8221;|700|||||||&#8221; header_3_text_align=&#8221;center&#8221; header_3_font_size=&#8221;25px&#8221; custom_margin=&#8221;||||false|false&#8221; global_colors_info=&#8221;{}&#8221;]<\/p>\n<h3>\u03a3\u03c4\u03bf\u03b9\u03c7\u03b5\u03af\u03b1 \u03b5\u03c0\u03b9\u03ba\u03bf\u03b9\u03bd\u03c9\u03bd\u03af\u03b1\u03c2<\/h3>\n<p>[\/et_pb_text][et_pb_text content_tablet=&#8221;<\/p>\n<div class=\"%22contact-informations%22\">\n<div class=\"%22information%22\">\n<div class=\"%22img-wrap%22\"><img src=\"%22https:\/\/talkto.ac\/wp-content\/uploads\/2023\/08\/Groupe-64.svg%22\" width=\"%2233%22\" height=\"%2225%22\" alt=\"%22%22\" class=\"%22wp-image-504\" alignleft size-full%22 \/><\/div>\n<div class=\"%22text-content%22\"><a href=\"\/el\/%22mailto:contact.talkto1@gmail.com%22\/\"><span>contact.talkto1@gmail.com<\/span><\/a><\/div>\n<\/div>\n<div class=\"%22information%22\">\n<div class=\"%22img-wrap%22\"><img src=\"%22https:\/\/talkto.ac\/wp-content\/uploads\/2023\/08\/Groupe-66.svg%22\" width=\"%2233%22\" height=\"%2225%22\" alt=\"%22%22\" class=\"%22wp-image-504\" alignleft size-full%22 \/><\/div>\n<div class=\"%22text-content%22\"><span>CELLO POP SL -<br \/>\nAVENIDA EUROPA (ED ATICA 5,), 26 - 2 PLT<br \/>\n28224, \u039c\u03b1\u03b4\u03c1\u03af\u03c4\u03b7<\/span><\/div>\n<\/div>\n<\/div>\n<p>&#8221; content_phone=&#8221;<\/p>\n<p style=\"%22text-align:\" center;%22><span><a href=\"\/el\/%22mailto:contact.talkto1@gmail.com%22\/\">contact.talkto1@gmail.com<\/a><a href=\"\/el\/%22mailto:contact.talk4to@protonmail.com%22\/\"><\/a><\/span><\/p>\n<p style=\"%22text-align:\" center;%22><span>CELLO POP SL -<br \/>\nAVENIDA EUROPA (ED ATICA 5,), 26 - 2 PLT<br \/>\n28224, \u039c\u03b1\u03b4\u03c1\u03af\u03c4\u03b7<\/span><\/p>\n<p style=\"%22text-align:\" center;%22><span><\/span><\/p>\n<p>&#8221; content_last_edited=&#8221;on|phone&#8221; _builder_version=&#8221;4.27.4&#8243; _module_preset=&#8221;default&#8221; text_font_size=&#8221;17px&#8221; width=&#8221;80%&#8221; width_tablet=&#8221;60%&#8221; width_phone=&#8221;90%&#8221; width_last_edited=&#8221;on|tablet&#8221; module_alignment=&#8221;center&#8221; global_colors_info=&#8221;{}&#8221;]<\/p>\n<div class=\"contact-informations\">\n<div class=\"information\">\n<div class=\"img-wrap\"><img loading=\"lazy\" decoding=\"async\" src=\"https:\/\/talkto.ac\/wp-content\/uploads\/2023\/08\/Groupe-64.svg\" width=\"33\" height=\"25\" alt=\"\" class=\"wp-image-504 alignleft size-full\" \/><\/div>\n<div class=\"text-content\"><a href=\"mailto:contact.talkto1@gmail.com\"><span>contact.talkto1@gmail.com<\/span><\/a><\/div>\n<\/div>\n<div class=\"information\">\n<div class=\"img-wrap\"><img loading=\"lazy\" decoding=\"async\" src=\"https:\/\/talkto.ac\/wp-content\/uploads\/2023\/08\/Groupe-66.svg\" width=\"33\" height=\"25\" alt=\"\" class=\"wp-image-504 alignleft size-full\" \/><\/div>\n<div class=\"text-content\">\n<p><span>CELLO POP SL -<br \/>AVENIDA EUROPA (ED ATICA 5,), 26 - 2 PLT<br \/>28224, \u039c\u03b1\u03b4\u03c1\u03af\u03c4\u03b7<\/span><\/p>\n<p>&nbsp;<\/p>\n<\/div>\n<\/div>\n<\/div>\n<p>[\/et_pb_text][et_pb_text content_tablet=&#8221;<\/p>\n<div class=\"%22contact-informations%22\">\n<div class=\"%22information%22\">\n<div class=\"%22img-wrap%22\"><\/div>\n<div class=\"%22text-content%22\">\n<p><span><br \/>\u0394\u03b5\u03c5\u03c4\u03ad\u03c1\u03b1 \u03ad\u03c9\u03c2 \u03a0\u03b1\u03c1\u03b1\u03c3\u03ba\u03b5\u03c5\u03ae :<br \/>9.30 \u03c0.\u03bc. - 5.30 \u03bc.\u03bc.<\/span><\/p>\n<\/div>\n<\/div>\n<\/div>\n<p>&#8221; content_phone=&#8221;<\/p>\n<p>\u0394\u03b5\u03c5\u03c4\u03ad\u03c1\u03b1 \u03ad\u03c9\u03c2 \u03a0\u03b1\u03c1\u03b1\u03c3\u03ba\u03b5\u03c5\u03ae :<br \/>9.30 \u03c0.\u03bc. - 5.30 \u03bc.\u03bc.<\/p>\n<p>&#8221; content_last_edited=&#8221;on|phone&#8221; _builder_version=&#8221;4.27.4&#8243; _module_preset=&#8221;default&#8221; text_font_size=&#8221;17px&#8221; positioning=&#8221;relative&#8221; vertical_offset=&#8221;-50px&#8221; width=&#8221;80%&#8221; width_tablet=&#8221;60%&#8221; width_phone=&#8221;90%&#8221; width_last_edited=&#8221;on|tablet&#8221; module_alignment=&#8221;center&#8221; custom_margin=&#8221;0px||||false|false&#8221; custom_margin_tablet=&#8221;0px||||false|false&#8221; custom_margin_phone=&#8221;50px||20px||false|false&#8221; custom_margin_last_edited=&#8221;on|tablet&#8221; custom_padding=&#8221;0px||||false|false&#8221; text_orientation_tablet=&#8221;&#8221; text_orientation_phone=&#8221;center&#8221; text_orientation_last_edited=&#8221;on|phone&#8221; global_colors_info=&#8221;{}&#8221;]<\/p>\n<div class=\"contact-informations\">\n<div class=\"information\">\n<div class=\"img-wrap\"><\/div>\n<div class=\"text-content\">\n<p><span><br \/>\u0394\u03b5\u03c5\u03c4\u03ad\u03c1\u03b1 \u03ad\u03c9\u03c2 \u03a0\u03b1\u03c1\u03b1\u03c3\u03ba\u03b5\u03c5\u03ae :<br \/>9.30 \u03c0.\u03bc. - 5.30 \u03bc.\u03bc.<\/span><\/p>\n<\/div>\n<\/div>\n<\/div>\n<p>[\/et_pb_text][\/et_pb_column][et_pb_column type=&#8221;2_3&#8243; _builder_version=&#8221;4.23.4&#8243; _module_preset=&#8221;default&#8221; custom_padding=&#8221;50px|30px|50px|30px|true|true&#8221; border_radii=&#8221;on|30px|30px|30px|30px&#8221; box_shadow_style=&#8221;preset1&#8243; box_shadow_horizontal=&#8221;5px&#8221; box_shadow_vertical=&#8221;5px&#8221; box_shadow_blur=&#8221;15px&#8221; box_shadow_color=&#8221;rgba(0,0,0,0.16)&#8221; global_colors_info=&#8221;{}&#8221; custom_css_before_last_edited=&#8221;on|desktop&#8221; custom_css_before_tablet=&#8221;content:unset;&#8221; custom_css_main_element_last_edited=&#8221;on|tablet&#8221; custom_css_main_element_tablet=&#8221;margin-top:150px;&#8221; custom_css_main_element_phone=&#8221;margin-top:60px;&#8221; custom_css_before_phone=&#8221;content:unset;&#8221;][et_pb_contact_form use_spam_service=&#8221;on&#8221; recaptcha_list=&#8221;Ace Agency|Ace Agency-0&#8243; email=&#8221;contact.talkto1@gmail.com&#8221; custom_message=&#8221;Formulaire de contact &#8211; TALKTO||et_pb_line_break_holder||||et_pb_line_break_holder||Nom : %%name%%||et_pb_line_break_holder||Pr\u00e9nom : %%first_name%%||et_pb_line_break_holder||Email : %%Email%%||et_pb_line_break_holder||Sujet : %%Sujet%%||et_pb_line_break_holder||Message : %%Message%%&#8221; success_message=&#8221;Merci de nous avoir contact\u00e9, nous vous r\u00e9pondrons dans les plus brefs d\u00e9lais&#8221; submit_button_text=&#8221;Envoyer&#8221; _builder_version=&#8221;4.23.4&#8243; _module_preset=&#8221;default&#8221; _unique_id=&#8221;e12cee1b-8f70-4f62-a9fc-98d0ccc03a86&#8243; form_field_background_color=&#8221;RGBA(255,255,255,0)&#8221; form_field_text_color=&#8221;rgba(0,0,0,0.4)&#8221; form_field_focus_background_color=&#8221;RGBA(255,255,255,0)&#8221; form_field_focus_text_color=&#8221;#000000&#8243; form_field_font=&#8221;Inter||||||||&#8221; form_field_font_size=&#8221;16px&#8221; custom_button=&#8221;on&#8221; button_text_color=&#8221;#FFFFFF&#8221; button_bg_color=&#8221;#54a1d6&#8243; button_border_color=&#8221;RGBA(255,255,255,0)&#8221; button_border_radius=&#8221;29px&#8221; button_font=&#8221;|700|||||||&#8221; button_use_icon=&#8221;off&#8221; button_custom_padding=&#8221;10px|80px|10px|80px|true|true&#8221; width=&#8221;85%&#8221; width_tablet=&#8221;100%&#8221; width_phone=&#8221;90%&#8221; width_last_edited=&#8221;on|desktop&#8221; module_alignment=&#8221;center&#8221; custom_padding=&#8221;|||||true&#8221; custom_css_free_form=&#8221;selector .et_pb_contact_form_label {||  display:block;||  margin-bottom:10px;||  font-size:16px;||}&#8221; border_width_all=&#8221;1px&#8221; border_color_all=&#8221;rgba(0,0,0,0.11)&#8221; global_colors_info=&#8221;{}&#8221; custom_css_contact_button_last_edited=&#8221;on|phone&#8221; custom_css_contact_button_phone=&#8221;margin-top:20px;&#8221; custom_css_contact_fields_last_edited=&#8221;on|phone&#8221; custom_css_contact_fields_phone=&#8221;margin:15px 0;&#8221;][et_pb_contact_field field_id=&#8221;name&#8221; field_title=&#8221;Nom&#8221; _builder_version=&#8221;4.23.4&#8243; global_colors_info=&#8221;{}&#8221; button_text_size__hover_enabled=&#8221;off&#8221; button_one_text_size__hover_enabled=&#8221;off&#8221; button_two_text_size__hover_enabled=&#8221;off&#8221; button_text_color__hover_enabled=&#8221;off&#8221; button_one_text_color__hover_enabled=&#8221;off&#8221; button_two_text_color__hover_enabled=&#8221;off&#8221; button_border_width__hover_enabled=&#8221;off&#8221; button_one_border_width__hover_enabled=&#8221;off&#8221; button_two_border_width__hover_enabled=&#8221;off&#8221; button_border_color__hover_enabled=&#8221;off&#8221; button_one_border_color__hover_enabled=&#8221;off&#8221; button_two_border_color__hover_enabled=&#8221;off&#8221; button_border_radius__hover_enabled=&#8221;off&#8221; button_one_border_radius__hover_enabled=&#8221;off&#8221; button_two_border_radius__hover_enabled=&#8221;off&#8221; button_letter_spacing__hover_enabled=&#8221;off&#8221; button_one_letter_spacing__hover_enabled=&#8221;off&#8221; button_two_letter_spacing__hover_enabled=&#8221;off&#8221; button_bg_color__hover_enabled=&#8221;off&#8221; button_one_bg_color__hover_enabled=&#8221;off&#8221; button_two_bg_color__hover_enabled=&#8221;off&#8221;][\/et_pb_contact_field][et_pb_contact_field field_id=&#8221;first_name&#8221; field_title=&#8221;Pr\u00e9nom&#8221; _builder_version=&#8221;4.23.4&#8243; _module_preset=&#8221;default&#8221; global_colors_info=&#8221;{}&#8221;][\/et_pb_contact_field][et_pb_contact_field field_id=&#8221;Email&#8221; field_title=&#8221;Adresse e-mail&#8221; field_type=&#8221;email&#8221; fullwidth_field=&#8221;on&#8221; _builder_version=&#8221;4.23.4&#8243; global_colors_info=&#8221;{}&#8221; button_text_size__hover_enabled=&#8221;off&#8221; button_one_text_size__hover_enabled=&#8221;off&#8221; button_two_text_size__hover_enabled=&#8221;off&#8221; button_text_color__hover_enabled=&#8221;off&#8221; button_one_text_color__hover_enabled=&#8221;off&#8221; button_two_text_color__hover_enabled=&#8221;off&#8221; button_border_width__hover_enabled=&#8221;off&#8221; button_one_border_width__hover_enabled=&#8221;off&#8221; button_two_border_width__hover_enabled=&#8221;off&#8221; button_border_color__hover_enabled=&#8221;off&#8221; button_one_border_color__hover_enabled=&#8221;off&#8221; button_two_border_color__hover_enabled=&#8221;off&#8221; button_border_radius__hover_enabled=&#8221;off&#8221; button_one_border_radius__hover_enabled=&#8221;off&#8221; button_two_border_radius__hover_enabled=&#8221;off&#8221; button_letter_spacing__hover_enabled=&#8221;off&#8221; button_one_letter_spacing__hover_enabled=&#8221;off&#8221; button_two_letter_spacing__hover_enabled=&#8221;off&#8221; button_bg_color__hover_enabled=&#8221;off&#8221; button_one_bg_color__hover_enabled=&#8221;off&#8221; button_two_bg_color__hover_enabled=&#8221;off&#8221;][\/et_pb_contact_field][et_pb_contact_field field_id=&#8221;Sujet&#8221; field_title=&#8221;Sujet&#8221; fullwidth_field=&#8221;on&#8221; _builder_version=&#8221;4.23.4&#8243; _module_preset=&#8221;default&#8221; global_colors_info=&#8221;{}&#8221;][\/et_pb_contact_field][et_pb_contact_field field_id=&#8221;Message&#8221; field_title=&#8221;Message&#8221; field_type=&#8221;text&#8221; fullwidth_field=&#8221;on&#8221; _builder_version=&#8221;4.23.4&#8243; global_colors_info=&#8221;{}&#8221; button_text_size__hover_enabled=&#8221;off&#8221; button_one_text_size__hover_enabled=&#8221;off&#8221; button_two_text_size__hover_enabled=&#8221;off&#8221; button_text_color__hover_enabled=&#8221;off&#8221; button_one_text_color__hover_enabled=&#8221;off&#8221; button_two_text_color__hover_enabled=&#8221;off&#8221; button_border_width__hover_enabled=&#8221;off&#8221; button_one_border_width__hover_enabled=&#8221;off&#8221; button_two_border_width__hover_enabled=&#8221;off&#8221; button_border_color__hover_enabled=&#8221;off&#8221; button_one_border_color__hover_enabled=&#8221;off&#8221; button_two_border_color__hover_enabled=&#8221;off&#8221; button_border_radius__hover_enabled=&#8221;off&#8221; button_one_border_radius__hover_enabled=&#8221;off&#8221; button_two_border_radius__hover_enabled=&#8221;off&#8221; button_letter_spacing__hover_enabled=&#8221;off&#8221; button_one_letter_spacing__hover_enabled=&#8221;off&#8221; button_two_letter_spacing__hover_enabled=&#8221;off&#8221; button_bg_color__hover_enabled=&#8221;off&#8221; button_one_bg_color__hover_enabled=&#8221;off&#8221; button_two_bg_color__hover_enabled=&#8221;off&#8221;][\/et_pb_contact_field][\/et_pb_contact_form][\/et_pb_column][\/et_pb_row][\/et_pb_section]<\/p>","protected":false},"excerpt":{"rendered":"<p>Nous contacter Informations de contact contact.talkto1@gmail.com CELLO POP SL -AVENIDA EUROPA (ED ATICA 5,), 26 &#8211; 2 PLT28224, Madrid &nbsp; Lundi \u00e0 Vendredi :9h30 &#8211; 17h30<\/p>","protected":false},"author":1,"featured_media":0,"parent":0,"menu_order":0,"comment_status":"closed","ping_status":"closed","template":"","meta":{"_et_pb_use_builder":"on","_et_pb_old_content":"<!-- wp:divi\/placeholder \/-->","_et_gb_content_width":"","inline_featured_image":false,"footnotes":""},"class_list":["post-32","page","type-page","status-publish","hentry"],"_links":{"self":[{"href":"https:\/\/talkto.ac\/el\/wp-json\/wp\/v2\/pages\/32","targetHints":{"allow":["GET"]}}],"collection":[{"href":"https:\/\/talkto.ac\/el\/wp-json\/wp\/v2\/pages"}],"about":[{"href":"https:\/\/talkto.ac\/el\/wp-json\/wp\/v2\/types\/page"}],"author":[{"embeddable":true,"href":"https:\/\/talkto.ac\/el\/wp-json\/wp\/v2\/users\/1"}],"replies":[{"embeddable":true,"href":"https:\/\/talkto.ac\/el\/wp-json\/wp\/v2\/comments?post=32"}],"version-history":[{"count":56,"href":"https:\/\/talkto.ac\/el\/wp-json\/wp\/v2\/pages\/32\/revisions"}],"predecessor-version":[{"id":3440,"href":"https:\/\/talkto.ac\/el\/wp-json\/wp\/v2\/pages\/32\/revisions\/3440"}],"wp:attachment":[{"href":"https:\/\/talkto.ac\/el\/wp-json\/wp\/v2\/media?parent=32"}],"curies":[{"name":"wp","href":"https:\/\/api.w.org\/{rel}","templated":true}]}}