{"id":2801,"date":"2025-10-16T20:01:16","date_gmt":"2025-10-16T20:01:16","guid":{"rendered":"https:\/\/talkto.ac\/?page_id=2801"},"modified":"2026-02-18T20:18:45","modified_gmt":"2026-02-18T20:18:45","slug":"resultat-du-test-cdlr","status":"publish","type":"page","link":"https:\/\/talkto.ac\/el\/resultat-du-test-cdlr\/","title":{"rendered":"\u0391\u03c0\u03bf\u03c4\u03b5\u03bb\u03ad\u03c3\u03bc\u03b1\u03c4\u03b1 \u03b5\u03be\u03b5\u03c4\u03ac\u03c3\u03b5\u03c9\u03bd - CDLR"},"content":{"rendered":"<p>[et_pb_section fb_built=&#8221;1&#8243; module_class=&#8221;english-test&#8221; _builder_version=&#8221;4.27.4&#8243; _module_preset=&#8221;default&#8221; background_color=&#8221;RGBA(255,255,255,0)&#8221; custom_margin=&#8221;0px||0px||true|false&#8221; custom_padding=&#8221;0px||0px||true|false&#8221; custom_css_before=&#8221;content:&#8221;;||position:absolute;||background:url(&#8216;https:\/\/talkto.ac\/wp-content\/uploads\/2023\/09\/Trace-2517.svg&#8217;);||background-size:cover;||right:0;||top:-50px;||width:900px;||height:900px;||display:block;&#8221; global_colors_info=&#8221;{}&#8221;][et_pb_row _builder_version=&#8221;4.27.4&#8243; _module_preset=&#8221;default&#8221; width=&#8221;100%&#8221; max_width=&#8221;100%&#8221; global_colors_info=&#8221;{}&#8221;][et_pb_column type=&#8221;4_4&#8243; _builder_version=&#8221;4.17.6&#8243; _module_preset=&#8221;default&#8221; global_colors_info=&#8221;{}&#8221;][et_pb_text _builder_version=&#8221;4.27.4&#8243; _module_preset=&#8221;default&#8221; hover_enabled=&#8221;0&#8243; global_colors_info=&#8221;{}&#8221; sticky_enabled=&#8221;0&#8243; admin_label=&#8221;Texte&#8221;]<\/p>\n\n<p>\u0394\u03b5\u03bd \u03ad\u03c7\u03b5\u03c4\u03b5 \u03b1\u03ba\u03cc\u03bc\u03b7 \u03c3\u03c5\u03bc\u03c0\u03bb\u03b7\u03c1\u03ce\u03c3\u03b5\u03b9 \u03c4\u03bf \u03b5\u03c1\u03c9\u03c4\u03b7\u03bc\u03b1\u03c4\u03bf\u03bb\u03cc\u03b3\u03b9\u03bf (SQL)<br \/><\/p>\n<p>[\/et_pb_text][et_pb_code _builder_version=&#8221;4.27.4&#8243; _module_preset=&#8221;default&#8221; positioning=&#8221;absolute&#8221; width=&#8221;100%&#8221; hover_enabled=&#8221;0&#8243; custom_css_main_element=&#8221;opacity:0;||user-select:none;||pointer-events:none;&#8221; global_colors_info=&#8221;{}&#8221; locked=&#8221;off&#8221; sticky_enabled=&#8221;0&#8243;]<script><!-- [et_pb_line_break_holder] -->window.addEventListener(\"load\", function () {<!-- [et_pb_line_break_holder] -->    var resultsPage = document.querySelector(\".qsm-results-page\");<!-- [et_pb_line_break_holder] -->    var ebookBlock = document.getElementById(\"ebook-upsell-block\");<!-- [et_pb_line_break_holder] -->    <!-- [et_pb_line_break_holder] -->    if (resultsPage && ebookBlock) {<!-- [et_pb_line_break_holder] -->        resultsPage.appendChild(ebookBlock);<!-- [et_pb_line_break_holder] -->    }<!-- [et_pb_line_break_holder] --><!-- [et_pb_line_break_holder] -->    \/\/ Compter les bonnes r\u00e9ponses depuis le DOM (les 30 premi\u00e8res = Connaissances, les 10 derni\u00e8res = Attention)<!-- [et_pb_line_break_holder] -->    var questions = document.querySelectorAll(\".qmn_question_answer\");<!-- [et_pb_line_break_holder] -->    if (!questions.length) return;<!-- [et_pb_line_break_holder] --><!-- [et_pb_line_break_holder] -->    var connaissanceCorrect = 0;<!-- [et_pb_line_break_holder] -->    var attentionCorrect = 0;<!-- [et_pb_line_break_holder] -->    var connaissanceTotal = 30;<!-- [et_pb_line_break_holder] -->    var attentionTotal = 10;<!-- [et_pb_line_break_holder] --><!-- [et_pb_line_break_holder] -->    questions.forEach(function (q, i) {<!-- [et_pb_line_break_holder] -->        var isCorrect = q.classList.contains(\"qmn_question_answer_correct\");<!-- [et_pb_line_break_holder] -->        if (i < connaissanceTotal) {<!-- [et_pb_line_break_holder] -->            if (isCorrect) connaissanceCorrect++;<!-- [et_pb_line_break_holder] -->        } else {<!-- [et_pb_line_break_holder] -->            if (isCorrect) attentionCorrect++;<!-- [et_pb_line_break_holder] -->        }<!-- [et_pb_line_break_holder] -->    });<!-- [et_pb_line_break_holder] --><!-- [et_pb_line_break_holder] -->    \/\/ Remplacer les scores<!-- [et_pb_line_break_holder] -->    var connSpan = document.querySelector(\".connaissance-score .total_correct\");<!-- [et_pb_line_break_holder] -->    var attSpan = document.querySelector(\".attention-score .total_correct\");<!-- [et_pb_line_break_holder] --><!-- [et_pb_line_break_holder] -->    if (connSpan) connSpan.textContent = connaissanceCorrect + \" \/ \" + connaissanceTotal;<!-- [et_pb_line_break_holder] -->    if (attSpan) attSpan.textContent = attentionCorrect + \" \/ \" + attentionTotal;<!-- [et_pb_line_break_holder] --><!-- [et_pb_line_break_holder] -->    \/\/ Masquer la ligne \"niveau de langue\"<!-- [et_pb_line_break_holder] -->    var levelLine = document.querySelector(\".result-line p:first-of-type\");<!-- [et_pb_line_break_holder] -->    if (levelLine && levelLine.textContent.indexOf(\"niveau de langue\") > -1) {<!-- [et_pb_line_break_holder] -->        levelLine.style.display = \"none\";<!-- [et_pb_line_break_holder] -->    }<!-- [et_pb_line_break_holder] -->});<!-- [et_pb_line_break_holder] --><\/script>[\/et_pb_code][\/et_pb_column][\/et_pb_row][\/et_pb_section]<\/p>","protected":false},"excerpt":{"rendered":"<p> \u0394\u03b5\u03bd \u03ad\u03c7\u03b5\u03c4\u03b5 \u03b1\u03ba\u03cc\u03bc\u03b7 \u03c3\u03c5\u03bc\u03c0\u03bb\u03b7\u03c1\u03ce\u03c3\u03b5\u03b9 \u03c4\u03bf \u03b5\u03c1\u03c9\u03c4\u03b7\u03bc\u03b1\u03c4\u03bf\u03bb\u03cc\u03b3\u03b9\u03bf (SQL)<\/p>","protected":false},"author":1,"featured_media":0,"parent":0,"menu_order":0,"comment_status":"closed","ping_status":"closed","template":"","meta":{"_et_pb_use_builder":"on","_et_pb_old_content":"<!-- wp:divi\/placeholder \/-->","_et_gb_content_width":"","inline_featured_image":false,"footnotes":""},"class_list":["post-2801","page","type-page","status-publish","hentry"],"_links":{"self":[{"href":"https:\/\/talkto.ac\/el\/wp-json\/wp\/v2\/pages\/2801","targetHints":{"allow":["GET"]}}],"collection":[{"href":"https:\/\/talkto.ac\/el\/wp-json\/wp\/v2\/pages"}],"about":[{"href":"https:\/\/talkto.ac\/el\/wp-json\/wp\/v2\/types\/page"}],"author":[{"embeddable":true,"href":"https:\/\/talkto.ac\/el\/wp-json\/wp\/v2\/users\/1"}],"replies":[{"embeddable":true,"href":"https:\/\/talkto.ac\/el\/wp-json\/wp\/v2\/comments?post=2801"}],"version-history":[{"count":9,"href":"https:\/\/talkto.ac\/el\/wp-json\/wp\/v2\/pages\/2801\/revisions"}],"predecessor-version":[{"id":3608,"href":"https:\/\/talkto.ac\/el\/wp-json\/wp\/v2\/pages\/2801\/revisions\/3608"}],"wp:attachment":[{"href":"https:\/\/talkto.ac\/el\/wp-json\/wp\/v2\/media?parent=2801"}],"curies":[{"name":"wp","href":"https:\/\/api.w.org\/{rel}","templated":true}]}}