{"id":1033,"date":"2024-02-06T14:19:43","date_gmt":"2024-02-06T14:19:43","guid":{"rendered":"https:\/\/talkto.ac\/?page_id=1033"},"modified":"2026-02-03T13:20:23","modified_gmt":"2026-02-03T13:20:23","slug":"conditions-de-paiements-recurrents","status":"publish","type":"page","link":"https:\/\/talkto.ac\/de\/conditions-de-paiements-recurrents\/","title":{"rendered":"Bedingungen f\u00fcr wiederkehrende Zahlungen"},"content":{"rendered":"<p>[et_pb_section fb_built=&#8221;1&#8243; admin_label=&#8221;Header&#8221; _builder_version=&#8221;4.17.6&#8243; custom_margin=&#8221;0px||||false|false&#8221; custom_padding=&#8221;0px||||false|false&#8221; locked=&#8221;off&#8221; global_colors_info=&#8221;{}&#8221;][et_pb_row column_structure=&#8221;1_2,1_2&#8243; custom_padding_last_edited=&#8221;on|phone&#8221; module_class=&#8221;custom-header&#8221; _builder_version=&#8221;4.17.6&#8243; _module_preset=&#8221;default&#8221; width=&#8221;70%&#8221; width_tablet=&#8221;&#8221; width_phone=&#8221;78%&#8221; width_last_edited=&#8221;on|desktop&#8221; custom_margin_tablet=&#8221;&#8221; custom_margin_phone=&#8221;0px||0px||true|false&#8221; custom_margin_last_edited=&#8221;on|phone&#8221; custom_padding_tablet=&#8221;&#8221; custom_padding_phone=&#8221;0px||0px||true|false&#8221; global_colors_info=&#8221;{}&#8221;][et_pb_column type=&#8221;1_2&#8243; _builder_version=&#8221;4.17.6&#8243; _module_preset=&#8221;default&#8221; global_colors_info=&#8221;{}&#8221;][et_pb_text _builder_version=&#8221;4.23.4&#8243; _module_preset=&#8221;default&#8221; custom_margin=&#8221;80px||||false|false&#8221; custom_margin_tablet=&#8221;0px||||false|false&#8221; custom_margin_phone=&#8221;0px||0px||false|false&#8221; custom_margin_last_edited=&#8221;on|tablet&#8221; custom_padding=&#8221;||0px||false|false&#8221; header_text_align_tablet=&#8221;&#8221; header_text_align_phone=&#8221;center&#8221; header_text_align_last_edited=&#8221;on|phone&#8221; global_colors_info=&#8221;{}&#8221;]<\/p>\n<h1>Bedingungen f\u00fcr wiederkehrende Zahlungen<\/h1>\n<p>[\/et_pb_text][et_pb_button button_url=&#8221;https:\/\/talkto.ac\/passer-le-test\/&#8221; button_text=&#8221;Commencer le test&#8221; button_alignment=&#8221;center&#8221; disabled_on=&#8221;on|off|off&#8221; module_class=&#8221;custom-btn &#8221; _builder_version=&#8221;4.17.6&#8243; _dynamic_attributes=&#8221;button_url&#8221; _module_preset=&#8221;default&#8221; custom_margin=&#8221;||||true|false&#8221; locked=&#8221;off&#8221; global_colors_info=&#8221;{}&#8221;][\/et_pb_button][\/et_pb_column][et_pb_column type=&#8221;1_2&#8243; _builder_version=&#8221;4.17.6&#8243; _module_preset=&#8221;default&#8221; global_colors_info=&#8221;{}&#8221;][et_pb_image src=&#8221;https:\/\/talkto.ac\/wp-content\/uploads\/2023\/08\/Legal.svg&#8221; title_text=&#8221;Legal&#8221; align_tablet=&#8221;&#8221; align_phone=&#8221;center&#8221; align_last_edited=&#8221;on|phone&#8221; _builder_version=&#8221;4.17.6&#8243; _module_preset=&#8221;default&#8221; positioning=&#8221;relative&#8221; horizontal_offset=&#8221;-3vw&#8221; vertical_offset_tablet=&#8221;&#8221; vertical_offset_phone=&#8221;-5vh&#8221; vertical_offset_last_edited=&#8221;on|phone&#8221; horizontal_offset_tablet=&#8221;-3vw&#8221; horizontal_offset_phone=&#8221;-30vw&#8221; horizontal_offset_last_edited=&#8221;on|desktop&#8221; width_tablet=&#8221;&#8221; width_phone=&#8221;130vw&#8221; width_last_edited=&#8221;on|phone&#8221; custom_margin_tablet=&#8221;&#8221; custom_margin_phone=&#8221;0px||||false|false&#8221; custom_margin_last_edited=&#8221;on|phone&#8221; custom_padding_tablet=&#8221;&#8221; custom_padding_phone=&#8221;0px||||false|false&#8221; custom_padding_last_edited=&#8221;on|phone&#8221; global_colors_info=&#8221;{}&#8221;][\/et_pb_image][et_pb_button button_url=&#8221;https:\/\/talkto.ac\/passer-le-test\/&#8221; button_text=&#8221;Commencer le test&#8221; button_alignment=&#8221;center&#8221; disabled_on=&#8221;off|on|on&#8221; module_class=&#8221;custom-btn center&#8221; _builder_version=&#8221;4.17.6&#8243; _dynamic_attributes=&#8221;button_url&#8221; _module_preset=&#8221;default&#8221; custom_margin=&#8221;||||true|false&#8221; locked=&#8221;off&#8221; global_colors_info=&#8221;{}&#8221;][\/et_pb_button][\/et_pb_column][\/et_pb_row][\/et_pb_section][et_pb_section fb_built=&#8221;1&#8243; _builder_version=&#8221;4.17.6&#8243; _module_preset=&#8221;default&#8221; locked=&#8221;off&#8221; global_colors_info=&#8221;{}&#8221;][et_pb_row _builder_version=&#8221;4.17.6&#8243; _module_preset=&#8221;default&#8221; global_colors_info=&#8221;{}&#8221;][et_pb_column type=&#8221;4_4&#8243; _builder_version=&#8221;4.17.6&#8243; _module_preset=&#8221;default&#8221; global_colors_info=&#8221;{}&#8221;][et_pb_text _builder_version=&#8221;4.27.4&#8243; _module_preset=&#8221;default&#8221; hover_enabled=&#8221;0&#8243; global_colors_info=&#8221;{}&#8221; sticky_enabled=&#8221;0&#8243;]<\/p>\n<p><strong>CELLO POP SL<\/strong>mit eingetragenem Sitz in AVENIDA EUROPA (ED ATICA 5,), 26 - 2 PLT 28224, Madrid - VAT: ESB70809629<\/p>\n<p>Delegiert an :<\/p>\n<p>Das Unternehmen SAS FRIENDZ. Eingetragener Sitz: 9, rue de Paris - 94100 St-Maur-Des-Foss\u00e9s. Siren 891 437 535 NAF: 62.01Z- Stammkapital von 1.200,00 \u20ac. MwSt.-Inhaber FR16891437535<\/p>\n<p>Die Vermarktung aller auf der Website verbreiteten Inhalte\u00a0<a href=\"http:\/\/www.talkt.ac\/\" target=\"_blank\" rel=\"noopener\">www.talkto.ac<\/a>gem\u00e4\u00df den Bestimmungen des zwischen den beiden Parteien geschlossenen Vertrags<\/p>\n<p>Letzte Aktualisierung: 08. Juli 2025<\/p>\n<p>[\/et_pb_text][et_pb_text module_class=&#8221;custom-title&#8221; _builder_version=&#8221;4.17.6&#8243; _module_preset=&#8221;default&#8221; global_colors_info=&#8221;{}&#8221;]<\/p>\n<h2>Pr\u00e4ambel<\/h2>\n<p>[\/et_pb_text][et_pb_text _builder_version=&#8221;4.27.4&#8243; _module_preset=&#8221;default&#8221; global_colors_info=&#8221;{}&#8221;]<\/p>\n<p>Das Abonnement der Dienste von www.talkto.ac, bietet Zugang zu den folgenden Vorteilen:<\/p>\n<ul>\n<li>Unbegrenzte Tests<\/li>\n<li>Speicherung aller Testergebnisse<\/li>\n<li>Vergleiche zwischen den Tests<\/li>\n<li>Versenden der Ergebnisse per E-Mail.<\/li>\n<\/ul>\n<p>Mit dem Abonnement erhalten Sie 24 Stunden lang Zugang zum Mitgliederbereich zum Sonderpreis von 0,5 \u20ac (inkl. MwSt.). Nach Ablauf dieser Probezeit gilt das Monatsabonnement zum Preis von 47,5 \u20ac inkl. MwSt. pro Monat. Diese wird jeden Monat am Jahrestag automatisch von Ihrer Kreditkarte abgebucht.<\/p>\n<p>Sie k\u00f6nnen das Abonnement jederzeit und ohne Bedingungen direkt auf dieser Seite k\u00fcndigen :\u00a0<a href=\"https:\/\/talkto.ac\/de\/se-desabonner\/\">https:\/\/talkto.ac\/se-desabonner\/<\/a><\/p>\n<p>Um Ihr Abonnement zu k\u00fcndigen, wenden Sie sich bitte an unseren Kundenservice, per E-Mail an\u00a0<a href=\"mailto:contact.talkto1@gmail.com\">contact.talkto1@gmail.com<\/a>oder \u00fcber unser Kontaktformular unter diesem Link:\u00a0<a href=\"https:\/\/talkto.ac\/de\/contact\/\">https:\/\/talkto.ac\/contact\/<\/a><\/p>\n<p>www.talkto.ac verkauft die Informationen seiner Kunden nicht weiter; die pers\u00f6nlichen Daten werden nur dazu verwendet, mit den Kunden zu kommunizieren und ihnen das gew\u00fcnschte Serviceniveau zu bieten.<\/p>\n<p>www.talkto.ac verwendet Zahlungsanbieter, die die erforderlichen PCI DSS-Sicherheitsstandards erf\u00fcllen.<\/p>\n<p>[\/et_pb_text][\/et_pb_column][\/et_pb_row][\/et_pb_section]<\/p>","protected":false},"excerpt":{"rendered":"<p>Conditions de paiements recurrentsCELLO POP SL, dont le si\u00e8ge social est situ\u00e9 \u00e0 AVENIDA EUROPA (ED ATICA 5,), 26 &#8211; 2 PLT 28224, Madrid \u2013 VAT : ESB70809629 D\u00e9l\u00e8gue \u00e0\u00a0: La soci\u00e9t\u00e9 SAS FRIENDZ. Si\u00e8ge Social\u00a0:\u00a0 9, rue de Paris &#8211; 94100 St-Maur-Des-Foss\u00e9s. Siren 891 437 535 NAF\u00a0: 62.01Z\u2013 Capital social de 1.200,00 \u20ac. TVA [&hellip;]<\/p>","protected":false},"author":1,"featured_media":0,"parent":0,"menu_order":0,"comment_status":"closed","ping_status":"closed","template":"","meta":{"_et_pb_use_builder":"on","_et_pb_old_content":"","_et_gb_content_width":"","inline_featured_image":false,"footnotes":""},"class_list":["post-1033","page","type-page","status-publish","hentry"],"_links":{"self":[{"href":"https:\/\/talkto.ac\/de\/wp-json\/wp\/v2\/pages\/1033","targetHints":{"allow":["GET"]}}],"collection":[{"href":"https:\/\/talkto.ac\/de\/wp-json\/wp\/v2\/pages"}],"about":[{"href":"https:\/\/talkto.ac\/de\/wp-json\/wp\/v2\/types\/page"}],"author":[{"embeddable":true,"href":"https:\/\/talkto.ac\/de\/wp-json\/wp\/v2\/users\/1"}],"replies":[{"embeddable":true,"href":"https:\/\/talkto.ac\/de\/wp-json\/wp\/v2\/comments?post=1033"}],"version-history":[{"count":8,"href":"https:\/\/talkto.ac\/de\/wp-json\/wp\/v2\/pages\/1033\/revisions"}],"predecessor-version":[{"id":3504,"href":"https:\/\/talkto.ac\/de\/wp-json\/wp\/v2\/pages\/1033\/revisions\/3504"}],"wp:attachment":[{"href":"https:\/\/talkto.ac\/de\/wp-json\/wp\/v2\/media?parent=1033"}],"curies":[{"name":"wp","href":"https:\/\/api.w.org\/{rel}","templated":true}]}}