{"id":39,"date":"2023-08-18T13:37:08","date_gmt":"2023-08-18T13:37:08","guid":{"rendered":"https:\/\/talkto.ac\/?page_id=39"},"modified":"2026-02-03T13:25:25","modified_gmt":"2026-02-03T13:25:25","slug":"protection-des-donnees","status":"publish","type":"page","link":"https:\/\/talkto.ac\/da\/protection-des-donnees\/","title":{"rendered":"Beskyttelse af data"},"content":{"rendered":"<p>[et_pb_section fb_built=&#8221;1&#8243; admin_label=&#8221;Header&#8221; _builder_version=&#8221;4.17.6&#8243; custom_margin=&#8221;0px||||false|false&#8221; custom_padding=&#8221;0px||||false|false&#8221; locked=&#8221;off&#8221; global_colors_info=&#8221;{}&#8221;][et_pb_row column_structure=&#8221;1_2,1_2&#8243; custom_padding_last_edited=&#8221;on|phone&#8221; module_class=&#8221;custom-header&#8221; _builder_version=&#8221;4.17.6&#8243; _module_preset=&#8221;default&#8221; width=&#8221;70%&#8221; width_tablet=&#8221;&#8221; width_phone=&#8221;78%&#8221; width_last_edited=&#8221;on|desktop&#8221; custom_margin_tablet=&#8221;&#8221; custom_margin_phone=&#8221;0px||0px||true|false&#8221; custom_margin_last_edited=&#8221;on|phone&#8221; custom_padding_tablet=&#8221;&#8221; custom_padding_phone=&#8221;0px||0px||true|false&#8221; global_colors_info=&#8221;{}&#8221;][et_pb_column type=&#8221;1_2&#8243; _builder_version=&#8221;4.17.6&#8243; _module_preset=&#8221;default&#8221; global_colors_info=&#8221;{}&#8221;][et_pb_text _builder_version=&#8221;4.17.6&#8243; _module_preset=&#8221;default&#8221; custom_margin=&#8221;80px||||false|false&#8221; custom_margin_tablet=&#8221;0px||||false|false&#8221; custom_margin_phone=&#8221;0px||0px||false|false&#8221; custom_margin_last_edited=&#8221;on|tablet&#8221; custom_padding=&#8221;||0px||false|false&#8221; header_text_align_tablet=&#8221;&#8221; header_text_align_phone=&#8221;center&#8221; header_text_align_last_edited=&#8221;on|phone&#8221; global_colors_info=&#8221;{}&#8221;]<\/p>\n<h1>Beskyttelse af<br \/>\n<span class=\"bigger\">data<\/span><\/h1>\n<p>[\/et_pb_text][et_pb_button button_url=&#8221;https:\/\/talkto.ac\/passer-le-test\/&#8221; button_text=&#8221;Commencer le test&#8221; button_alignment=&#8221;center&#8221; disabled_on=&#8221;on|off|off&#8221; module_class=&#8221;custom-btn &#8221; _builder_version=&#8221;4.17.6&#8243; _dynamic_attributes=&#8221;button_url&#8221; _module_preset=&#8221;default&#8221; custom_margin=&#8221;||||true|false&#8221; locked=&#8221;off&#8221; global_colors_info=&#8221;{}&#8221;][\/et_pb_button][\/et_pb_column][et_pb_column type=&#8221;1_2&#8243; _builder_version=&#8221;4.17.6&#8243; _module_preset=&#8221;default&#8221; global_colors_info=&#8221;{}&#8221;][et_pb_image src=&#8221;https:\/\/talkto.ac\/wp-content\/uploads\/2023\/08\/Legal.svg&#8221; title_text=&#8221;Legal&#8221; align_tablet=&#8221;&#8221; align_phone=&#8221;center&#8221; align_last_edited=&#8221;on|phone&#8221; _builder_version=&#8221;4.17.6&#8243; _module_preset=&#8221;default&#8221; positioning=&#8221;relative&#8221; horizontal_offset=&#8221;-3vw&#8221; vertical_offset_tablet=&#8221;&#8221; vertical_offset_phone=&#8221;-5vh&#8221; vertical_offset_last_edited=&#8221;on|phone&#8221; horizontal_offset_tablet=&#8221;-3vw&#8221; horizontal_offset_phone=&#8221;-30vw&#8221; horizontal_offset_last_edited=&#8221;on|desktop&#8221; width_tablet=&#8221;&#8221; width_phone=&#8221;130vw&#8221; width_last_edited=&#8221;on|phone&#8221; custom_margin_tablet=&#8221;&#8221; custom_margin_phone=&#8221;0px||||false|false&#8221; custom_margin_last_edited=&#8221;on|phone&#8221; custom_padding_tablet=&#8221;&#8221; custom_padding_phone=&#8221;0px||||false|false&#8221; custom_padding_last_edited=&#8221;on|phone&#8221; global_colors_info=&#8221;{}&#8221;][\/et_pb_image][et_pb_button button_url=&#8221;https:\/\/talkto.ac\/passer-le-test\/&#8221; button_text=&#8221;Commencer le test&#8221; button_alignment=&#8221;center&#8221; disabled_on=&#8221;off|on|on&#8221; module_class=&#8221;custom-btn center&#8221; _builder_version=&#8221;4.17.6&#8243; _dynamic_attributes=&#8221;button_url&#8221; _module_preset=&#8221;default&#8221; custom_margin=&#8221;||||true|false&#8221; locked=&#8221;off&#8221; global_colors_info=&#8221;{}&#8221;][\/et_pb_button][\/et_pb_column][\/et_pb_row][\/et_pb_section][et_pb_section fb_built=&#8221;1&#8243; _builder_version=&#8221;4.17.6&#8243; _module_preset=&#8221;default&#8221; locked=&#8221;off&#8221; global_colors_info=&#8221;{}&#8221;][et_pb_row _builder_version=&#8221;4.17.6&#8243; _module_preset=&#8221;default&#8221; global_colors_info=&#8221;{}&#8221;][et_pb_column type=&#8221;4_4&#8243; _builder_version=&#8221;4.17.6&#8243; _module_preset=&#8221;default&#8221; global_colors_info=&#8221;{}&#8221;][et_pb_text _builder_version=&#8221;4.27.4&#8243; _module_preset=&#8221;default&#8221; hover_enabled=&#8221;0&#8243; global_colors_info=&#8221;{}&#8221; sticky_enabled=&#8221;0&#8243; locked=&#8221;off&#8221;]<\/p>\n<p><strong>CELLO POP SL<\/strong>med registreret kontor p\u00e5 AVENIDA EUROPA (ED ATICA 5,), 26 - 2 PLT 28224, Madrid - VAT: ESB70809629<\/p>\n<p>Uddelegeret til :<\/p>\n<p>SAS FRIENDZ. Registreret kontor: 9, rue de Paris - 94100 St-Maur-Des-Foss\u00e9s. Siren 891 437 535 NAF: 62.01Z- Aktiekapital p\u00e5 \u20ac1.200,00. Momsnummer FR16891437535<\/p>\n<p>Markedsf\u00f8ring af alt indhold, der offentligg\u00f8res p\u00e5 webstedet\u00a0<a href=\"http:\/\/www.talkt.ac\/\" target=\"_blank\" rel=\"noopener\">www.talkto.ac<\/a>i overensstemmelse med bestemmelserne i den kontrakt, der er indg\u00e5et mellem de to parter<\/p>\n<p>Sidst opdateret: 08. juli 2025<\/p>\n<p>[\/et_pb_text][et_pb_text module_class=&#8221;custom-title&#8221; _builder_version=&#8221;4.17.6&#8243; _module_preset=&#8221;default&#8221; global_colors_info=&#8221;{}&#8221;]<\/p>\n<h2>Pr\u00e6ambel<\/h2>\n<p>[\/et_pb_text][et_pb_text _builder_version=&#8221;4.27.4&#8243; _module_preset=&#8221;default&#8221; global_colors_info=&#8221;{}&#8221;]<\/p>\n<p>Ved at forts\u00e6tte med at gennemse vores websted https:\/\/talkto.ac\/ (i det f\u00f8lgende ben\u00e6vnt \"webstedet\") accepterer bes\u00f8gende p\u00e5 webstedet (i det f\u00f8lgende ben\u00e6vnt \"brugere\") uden forbehold f\u00f8lgende bestemmelser og betingelser for brug (i det f\u00f8lgende ben\u00e6vnt \"G.U.C.\"). Forud for enhver brug af funktionerne p\u00e5 vores websted anerkender brugeren, at han\/hun har l\u00e6st disse G.U.C. og har accepteret dem.<\/p>\n<p>&nbsp;<\/p>\n<p>Den version af vores G.C.U., der i \u00f8jeblikket er online, er den eneste version, der kan p\u00e5ber\u00e5bes i hele perioden for brug af webstedet, og indtil vi erstatter den med en ny version.<\/p>\n<p>&nbsp;<\/p>\n<p>Webstedet administreres af virksomhederne <strong>CELLO POP SL<\/strong> (i det f\u00f8lgende ben\u00e6vnt \"S\u00e6lger\" eller \"TALKTO\"), som forbeholder sig ret til at \u00e6ndre disse betingelser til enhver tid. Enhver brug af vores websted efter \u00e6ndring af T.G.U. indeb\u00e6rer brugerens uigenkaldelige accept af den nye version. I tilf\u00e6lde af uenighed med vores T.G.U. opfordres brugeren til at stoppe med at bruge vores websted.<\/p>\n<p>[\/et_pb_text][et_pb_text module_class=&#8221;custom-title&#8221; _builder_version=&#8221;4.17.6&#8243; _module_preset=&#8221;default&#8221; global_colors_info=&#8221;{}&#8221;]<\/p>\n<h2>Artikel 1 - Definitioner<\/h2>\n<p>[\/et_pb_text][et_pb_text _builder_version=&#8221;4.17.6&#8243; _module_preset=&#8221;default&#8221; global_colors_info=&#8221;{}&#8221;]<\/p>\n<p>P\u00e5 vores websted har nedenst\u00e5ende udtryk f\u00f8lgende betydninger:<\/p>\n<p>&nbsp;<\/p>\n<p>\"Indhold\": henviser til alle de elementer, der udg\u00f8r informationen p\u00e5 vores websted (tekst, billeder, videoer, algoritmer, software, widgets osv.), og som g\u00f8r det muligt for det at fungere, informere brugerne og pr\u00e6sentere vores tjenester;<\/p>\n<p>&nbsp;<\/p>\n<p>\"Intellektuelle ejendomsrettigheder\": henviser til alle intellektuelle ejendomsrettigheder og relaterede rettigheder (ophavsret, varem\u00e6rkerettigheder, patentrettigheder, handelsnavne, databaser osv.) som beskyttet af loven om intellektuel ejendomsret, der blev oprettet ved lov nr. 92-587 af 1. juli 1992, hvis g\u00e6ldende version er den, der g\u00e6lder p\u00e5 det tidspunkt, hvor brugeren konsulterer webstedet;<\/p>\n<p>&nbsp;<\/p>\n<p>\"Funktioner\": henviser til alle de funktioner, der stilles til r\u00e5dighed for vores brugere via vores websted;<\/p>\n<p>&nbsp;<\/p>\n<p>\"Websted\": henviser til webstedet https:\/\/talkto.ac\/, der drives af s\u00e6lgeren og stilles til r\u00e5dighed for brugeren;<\/p>\n<p>&nbsp;<\/p>\n<p>\"Bruger\": henviser til enhver person, der bruger vores websted og har adgang til dets indhold.<\/p>\n<p>[\/et_pb_text][et_pb_text module_class=&#8221;custom-title&#8221; _builder_version=&#8221;4.17.6&#8243; _module_preset=&#8221;default&#8221; global_colors_info=&#8221;{}&#8221;]<\/p>\n<h2>Artikel 2 - Juridiske oplysninger<\/h2>\n<p>[\/et_pb_text][et_pb_text _builder_version=&#8221;4.17.6&#8243; _module_preset=&#8221;default&#8221; global_colors_info=&#8221;{}&#8221;]<\/p>\n<p>I henhold til den franske lov nr. 2004-575 af 21. juni 2004 om tillid til den digitale \u00f8konomi informeres brugerne af vores websted om identiteten p\u00e5 de personer, der er involveret i oprettelsen og overv\u00e5gningen af det:<\/p>\n<p>&nbsp;<\/p>\n<p>Redaktionel leder: Carlo Ela contact.talkto1@gmail.com .<\/p>\n<p>&nbsp;<\/p>\n<p>V\u00e6rt: Kinsta, 8605 Santa Monica Blvd #92581 West Hollywood, CA 90069 - USA. https:\/\/kinsta.com\/fr\/<\/p>\n<p>&nbsp;<\/p>\n<p>Udvikler: TALKTO<\/p>\n<p>&nbsp;<\/p>\n<p>Databeskyttelsesansvarlig: Carlo Ela contact.talkto1@gmail.com.<\/p>\n<p>[\/et_pb_text][et_pb_text module_class=&#8221;custom-title&#8221; _builder_version=&#8221;4.17.6&#8243; _module_preset=&#8221;default&#8221; global_colors_info=&#8221;{}&#8221;]<\/p>\n<h2>Artikel 3 - Beskyttelse af personoplysninger<\/h2>\n<p>[\/et_pb_text][et_pb_text _builder_version=&#8221;4.17.6&#8243; _module_preset=&#8221;default&#8221; global_colors_info=&#8221;{}&#8221;]<\/p>\n<p>For at kunne bruge vores websted behandler vi visse personoplysninger om brugerne. Denne behandling udf\u00f8res i overensstemmelse med den franske lov nr. 78-17 af 6. januar 1978, med \u00e6ndringer, om informationsteknologi, filer og borgerlige frihedsrettigheder (kendt som \"lov om informationsteknologi og borgerlige frihedsrettigheder\") og med databeskyttelsespolitikken, der er tilg\u00e6ngelig i den tilsvarende fane p\u00e5 vores websted.<\/p>\n<p>[\/et_pb_text][et_pb_text module_class=&#8221;custom-title&#8221; _builder_version=&#8221;4.17.6&#8243; _module_preset=&#8221;default&#8221; global_colors_info=&#8221;{}&#8221;]<\/p>\n<h2>Artikel 4 - Adgang til omr\u00e5det<\/h2>\n<p>[\/et_pb_text][et_pb_text _builder_version=&#8221;4.17.6&#8243; _module_preset=&#8221;default&#8221; global_colors_info=&#8221;{}&#8221;]<\/p>\n<p>Adgang til og brug af webstedet er forbeholdt strengt personlig brug. Brugeren forpligter sig til ikke at bruge webstedet og de oplysninger eller data, der er indeholdt deri, til kommercielle, politiske eller reklamem\u00e6ssige form\u00e5l eller til nogen form for kommerciel anmodning, is\u00e6r afsendelse af uopfordrede e-mails.<\/p>\n<p>&nbsp;<\/p>\n<p>Adgang til webstedet er forbeholdt voksne. Udgiveren forbeholder sig ret til at kr\u00e6ve bevis for alder, is\u00e6r hvis du bruger onlinebestillingstjenester. Udgiveren kan ikke holdes ansvarlig i tilf\u00e6lde af mindre\u00e5riges adgang til webstedet, og kan heller ikke holdes ansvarlig i tilf\u00e6lde af fejlagtige eller vildledende oplysninger fra brugere af webstedet.<\/p>\n<p>&nbsp;<\/p>\n<p>Brugere er personligt ansvarlige for at ops\u00e6tte de IT- og telekommunikationsressourcer, der kr\u00e6ves for at f\u00e5 adgang til webstedet. De er ansvarlige for alle telekommunikationsomkostninger, der opst\u00e5r, n\u00e5r de f\u00e5r adgang til internettet og bruger webstedet.<\/p>\n<p>[\/et_pb_text][et_pb_text module_class=&#8221;custom-title&#8221; _builder_version=&#8221;4.17.6&#8243; _module_preset=&#8221;default&#8221; global_colors_info=&#8221;{}&#8221;]<\/p>\n<h2>Artikel 5 - Beskrivelse af de leverede tjenester<\/h2>\n<p>[\/et_pb_text][et_pb_text _builder_version=&#8221;4.17.6&#8243; _module_preset=&#8221;default&#8221; global_colors_info=&#8221;{}&#8221;]<\/p>\n<p>Vi bestr\u00e6ber os p\u00e5 at give s\u00e5 n\u00f8jagtige oplysninger som muligt, men vi kan ikke holdes ansvarlige for eventuelle udeladelser, un\u00f8jagtigheder eller manglende opdatering af oplysningerne. Alle oplysninger p\u00e5 vores websted gives kun til orientering og er ikke udt\u00f8mmende. De gives med forbehold for eventuelle \u00e6ndringer, der m\u00e5tte v\u00e6re foretaget, siden de blev lagt p\u00e5 nettet.<\/p>\n<p>[\/et_pb_text][et_pb_text module_class=&#8221;custom-title&#8221; _builder_version=&#8221;4.17.6&#8243; _module_preset=&#8221;default&#8221; global_colors_info=&#8221;{}&#8221;]<\/p>\n<h2>Artikel 6 - Intellektuel ejendomsret<\/h2>\n<p>[\/et_pb_text][et_pb_text _builder_version=&#8221;4.17.6&#8243; _module_preset=&#8221;default&#8221; global_colors_info=&#8221;{}&#8221;]<\/p>\n<p>6.1 Vores hjemmeside<\/p>\n<p>&nbsp;<\/p>\n<p>Alle varem\u00e6rker, fotografier, tekster, kommentarer, illustrationer, billeder (animerede eller ej), videosekvenser, lyde samt alle computerprogrammer, der kan bruges til at drive webstedet, og mere generelt alle elementer, der gengives eller bruges p\u00e5 webstedet, er beskyttet af den g\u00e6ldende lovgivning om intellektuel ejendomsret.<\/p>\n<p>&nbsp;<\/p>\n<p>De tilh\u00f8rer fuldt og helt ud udgiveren eller dennes kommercielle partnere. Enhver reproduktion, repr\u00e6sentation, brug eller tilpasning, i enhver form, af alle eller dele af disse elementer, herunder computerapplikationer, uden forudg\u00e5ende skriftligt samtykke fra udgiveren, er strengt forbudt. Det faktum, at udgiveren ikke indleder en procedure, s\u00e5 snart han bliver opm\u00e6rksom p\u00e5 en s\u00e5dan uautoriseret brug, udg\u00f8r ikke en accept af den n\u00e6vnte brug og et afkald p\u00e5 retslige skridt.<\/p>\n<p>&nbsp;<\/p>\n<p>Det er strengt forbudt for brugere at :<\/p>\n<p>&nbsp;<\/p>\n<p>Kopiere, reproducere, repr\u00e6sentere, sprede, distribuere eller offentligg\u00f8re, permanent eller midlertidigt, hele eller dele af indholdet og\/eller webstedet p\u00e5 enhver m\u00e5de og p\u00e5 ethvert kendt eller ukendt medium;<\/p>\n<p>Skabe afledte v\u00e6rker fra indholdet og\/eller webstedet;<\/p>\n<p>\u00c6ndre, overs\u00e6tte, tilpasse eller arrangere hele eller dele af indholdet og\/eller webstedet;<\/p>\n<p>Demontere, dekompilere eller foretage reverse engineering af webstedet.<\/p>\n<p>Under alle omst\u00e6ndigheder er brugerne alene ansvarlige for deres brug af webstedet.<\/p>\n<p>&nbsp;<\/p>\n<p>Enhver uautoriseret brug af webstedet eller af nogen af de elementer, det indeholder, vil blive betragtet som en overtr\u00e6delse og vil blive retsforfulgt i overensstemmelse med bestemmelserne i artikel L. 335-2 ff. i den franske lov om intellektuel ejendomsret.<\/p>\n<p>&nbsp;<\/p>\n<p>Vores brand<\/p>\n<p>Udgiverens og TALKTO's verbale og visuelle varem\u00e6rker (logoer) er beskyttede. Brug af dem uden skriftlig tilladelse fra udgiveren eller dennes partnere p\u00e5 et hvilket som helst medie med henblik p\u00e5 at fremme produkter eller tjenester eller til kommercielle form\u00e5l er forbudt under trussel om strafferetlige og civile s\u00f8gsm\u00e5l fra udgiverens side mod brugeren og\/eller enhver ansvarlig tredjepart.<\/p>\n<p>&nbsp;<\/p>\n<p>Indhold<\/p>\n<p>Indholdet er frit tilg\u00e6ngeligt p\u00e5 webstedet. Det faktum, at dette indhold er placeret online, indeb\u00e6rer ikke nogen overf\u00f8rsel af ophavsret eller ejendomsret til indholdet, som forbliver udgiverens og bidragydernes fulde og hele intellektuelle ejendom.<\/p>\n<p>&nbsp;<\/p>\n<p>Ingen bruger m\u00e5 eller skal foretage handlinger, der er uforenelige med respekten for ophavsret og intellektuelle ejendomsrettigheder, eller som er i strid med anden fransk eller international lovgivning vedr\u00f8rende intellektuelle ejendomsrettigheder. Udgiveren og dens bidragydere forbeholder sig ret til at retsforf\u00f8lge enhver bruger for enhver overtr\u00e6delse af disse bestemmelser.<\/p>\n<p>[\/et_pb_text][et_pb_text module_class=&#8221;custom-title&#8221; _builder_version=&#8221;4.17.6&#8243; _module_preset=&#8221;default&#8221; global_colors_info=&#8221;{}&#8221;]<\/p>\n<h2>Artikel 7 - Ledelse af byggepladsen<\/h2>\n<p>[\/et_pb_text][et_pb_text _builder_version=&#8221;4.17.6&#8243; _module_preset=&#8221;default&#8221; global_colors_info=&#8221;{}&#8221;]<\/p>\n<p>Vores websted er normalt tilg\u00e6ngeligt for brugere p\u00e5 alle tidspunkter. For at sikre korrekt administration af webstedet kan udgiveren til enhver tid forbeholde sig ret til at :<\/p>\n<p>&nbsp;<\/p>\n<p>Suspendere, afbryde eller begr\u00e6nse adgangen til hele eller dele af webstedet, uanset \u00e5rsag, med eller uden forudg\u00e5ende varsel og efter eget sk\u00f8n;<\/p>\n<p>Slette alle oplysninger, der kan forstyrre driften, uanset \u00e5rsag, med eller uden forudg\u00e5ende varsel og efter eget sk\u00f8n;<\/p>\n<p>Suspendere webstedet for at udf\u00f8re opdateringer.<\/p>\n<p>Udgiveren vil g\u00f8re sit yderste for at informere brugerne om datoer og tidspunkter for interventionen p\u00e5 forh\u00e5nd, men kan ikke holdes ansvarlig i tilf\u00e6lde af, at dette ikke sker.<\/p>\n<p>[\/et_pb_text][et_pb_text module_class=&#8221;custom-title&#8221; _builder_version=&#8221;4.17.6&#8243; _module_preset=&#8221;default&#8221; global_colors_info=&#8221;{}&#8221;]<\/p>\n<h2>Artikel 8 - Ansvarsomr\u00e5der<\/h2>\n<p>[\/et_pb_text][et_pb_text _builder_version=&#8221;4.17.6&#8243; _module_preset=&#8221;default&#8221; global_colors_info=&#8221;{}&#8221;]<\/p>\n<p>8.1 Adgang til stedet<\/p>\n<p>&nbsp;<\/p>\n<p>Udgiveren forpligter sig til at g\u00f8re sit yderste for at sikre, at webstedet er tilg\u00e6ngeligt 24 timer i d\u00f8gnet, 7 dage om ugen. Udgiveren forpligter sig dog ikke til at sikre, at webstedet er tilg\u00e6ngeligt og permanent tilg\u00e6ngeligt, og garanterer ikke, at webstedet er fejlfrit. Udgiveren kan ikke holdes ansvarlig i tilf\u00e6lde af fejl, nedbrud, vanskeligheder eller afbrydelser i driften, der forhindrer adgang til webstedet eller til nogen af dets funktioner.<\/p>\n<p>&nbsp;<\/p>\n<p>Udgiveren og v\u00e6rten kan ikke holdes ansvarlig i tilf\u00e6lde af funktionsfejl i internetnetv\u00e6rket, telefonlinjer eller computer- og telefonudstyr, is\u00e6r som f\u00f8lge af overbelastning af netv\u00e6rket, der forhindrer adgang til serveren.<\/p>\n<p>&nbsp;<\/p>\n<p>Udgiveren kan ikke holdes ansvarlig for eventuelle retslige skridt mod brugerne:<\/p>\n<p>&nbsp;<\/p>\n<p>Som f\u00f8lge af brug af webstedet eller enhver anden tjeneste, der er tilg\u00e6ngelig via internettet;<\/p>\n<p>Som f\u00f8lge af brugerens manglende overholdelse af disse GCU.<\/p>\n<p>&nbsp;<\/p>\n<p>Anvendt udstyr<\/p>\n<p>Det udstyr, som brugeren anvender til at oprette forbindelse til webstedet, er udelukkende brugerens ansvar. De skal tr\u00e6ffe alle passende foranstaltninger for at beskytte deres udstyr og deres egne data. Brugeren forpligter sig til at f\u00e5 adgang til webstedet ved hj\u00e6lp af nyere hardware, fri for virus og med en nyligt opdateret browser.<\/p>\n<p>&nbsp;<\/p>\n<p>Udgiveren er ikke ansvarlig for skader p\u00e5 brugere, tredjeparter og\/eller deres udstyr som f\u00f8lge af deres forbindelse til eller brug af webstedet, og brugerne frasiger sig alle krav mod udgiveren i denne henseende.<\/p>\n<p>&nbsp;<\/p>\n<p>Udgiveren kan ikke holdes ansvarlig for indirekte skader (s\u00e5som tab af marked eller tab af muligheder) som f\u00f8lge af brugen af webstedet.<\/p>\n<p>[\/et_pb_text][et_pb_text module_class=&#8221;custom-title&#8221; _builder_version=&#8221;4.17.6&#8243; _module_preset=&#8221;default&#8221; global_colors_info=&#8221;{}&#8221;]<\/p>\n<h2>Artikel 9 - Fotografier og gengivelse af produkter og tjenester<\/h2>\n<p>[\/et_pb_text][et_pb_text _builder_version=&#8221;4.17.6&#8243; _module_preset=&#8221;default&#8221; global_colors_info=&#8221;{}&#8221;]<\/p>\n<p>Fotografierne p\u00e5 webstedet, der ledsager deres beskrivelse, er ikke kontraktlige og er ikke bindende for udgiveren.<\/p>\n<p>[\/et_pb_text][et_pb_text module_class=&#8221;custom-title&#8221; _builder_version=&#8221;4.17.6&#8243; _module_preset=&#8221;default&#8221; global_colors_info=&#8221;{}&#8221;]<\/p>\n<h2>Artikel 10 - Hypertekst-links<\/h2>\n<p>[\/et_pb_text][et_pb_text _builder_version=&#8221;4.17.6&#8243; _module_preset=&#8221;default&#8221; global_colors_info=&#8221;{}&#8221;]<\/p>\n<p>Brugere kan oprette hypertekstlinks til hele eller dele af webstedet med forbehold af forudg\u00e5ende skriftlig tilladelse fra TALKTO, der anmodes om via e-mail fra f\u00f8lgende adresse: contact.talkto1@gmail.com.<\/p>\n<p>&nbsp;<\/p>\n<p>Forlaget kan frit n\u00e6gte denne tilladelse uden at skulle begrunde sin beslutning p\u00e5 nogen m\u00e5de. I tilf\u00e6lde af at udgiveren giver sin tilladelse, er denne tilladelse i alle tilf\u00e6lde kun midlertidig og kan til enhver tid tr\u00e6kkes tilbage uden nogen forpligtelse til at begrunde sin beslutning. I alle tilf\u00e6lde skal ethvert link tr\u00e6kkes tilbage p\u00e5 simpel anmodning fra brandet.<\/p>\n<p>&nbsp;<\/p>\n<p>Webstedet indeholder en r\u00e6kke hypertekstlinks til andre websteder, der er oprettet med tilladelse fra udgiveren. Vores virksomhed er imidlertid ikke i stand til at kontrollere indholdet af de websteder, der bes\u00f8ges p\u00e5 denne m\u00e5de, og p\u00e5tager sig derfor intet ansvar i denne henseende.<\/p>\n<p>[\/et_pb_text][et_pb_text module_class=&#8221;custom-title&#8221; _builder_version=&#8221;4.17.6&#8243; _module_preset=&#8221;default&#8221; global_colors_info=&#8221;{}&#8221;]<\/p>\n<h2>Artikel 11 - Delvis ugyldighed<\/h2>\n<p>[\/et_pb_text][et_pb_text _builder_version=&#8221;4.17.6&#8243; _module_preset=&#8221;default&#8221; global_colors_info=&#8221;{}&#8221;]<\/p>\n<p>Den midlertidige uanvendelse af en eller flere klausuler i n\u00e6rv\u00e6rende generelle betingelser kan under ingen omst\u00e6ndigheder fortolkes som et afkald fra TALKTO's side p\u00e5 at drage fordel af nogen af de n\u00e6vnte klausuler.<\/p>\n<p>&nbsp;<\/p>\n<p>Hvis en eller flere af bestemmelserne i disse vilk\u00e5r og betingelser skulle blive erkl\u00e6ret ugyldige eller uanvendelige ved lov, forordning eller efter en endelig domstolsafg\u00f8relse, vil de \u00f8vrige bestemmelser bevare al deres kraft og omfang og vil fortsat g\u00e6lde fuldt ud.<\/p>\n<p>[\/et_pb_text][et_pb_text module_class=&#8221;custom-title&#8221; _builder_version=&#8221;4.17.6&#8243; _module_preset=&#8221;default&#8221; global_colors_info=&#8221;{}&#8221;]<\/p>\n<h2>Artikel 12 - Sprog<\/h2>\n<p>[\/et_pb_text][et_pb_text _builder_version=&#8221;4.17.6&#8243; _module_preset=&#8221;default&#8221; global_colors_info=&#8221;{}&#8221;]<\/p>\n<p>Hvis disse generelle vilk\u00e5r og betingelser er oversat til et eller flere sprog, vil fortolkningssproget v\u00e6re fransk i tilf\u00e6lde af uoverensstemmelse eller tvist om betydningen af et vilk\u00e5r eller en bestemmelse.<\/p>\n<p>[\/et_pb_text][et_pb_text module_class=&#8221;custom-title&#8221; _builder_version=&#8221;4.17.6&#8243; _module_preset=&#8221;default&#8221; global_colors_info=&#8221;{}&#8221;]<\/p>\n<h2>Artikel 13 - G\u00e6ldende lov<\/h2>\n<p>[\/et_pb_text][et_pb_text _builder_version=&#8221;4.17.6&#8243; _module_preset=&#8221;default&#8221; global_colors_info=&#8221;{}&#8221;]<\/p>\n<p>Disse betingelser for brug af webstedet er underlagt britisk lov og er - i tilf\u00e6lde af en tvist - underlagt den eksklusive jurisdiktion for de kompetente domstole i henhold til almindelig lov, med forbehold for en specifik tildeling af jurisdiktion som f\u00f8lge af en bestemt juridisk eller lovgivningsm\u00e6ssig tekst.<\/p>\n<p>[\/et_pb_text][et_pb_text module_class=&#8221;custom-title&#8221; _builder_version=&#8221;4.17.6&#8243; _module_preset=&#8221;default&#8221; global_colors_info=&#8221;{}&#8221;]<\/p>\n<h2>Artikel 14 - Kontakt os<\/h2>\n<p>[\/et_pb_text][et_pb_text _builder_version=&#8221;4.17.6&#8243; _module_preset=&#8221;default&#8221; global_colors_info=&#8221;{}&#8221;]<\/p>\n<p>For sp\u00f8rgsm\u00e5l eller oplysninger om de tjenester, der pr\u00e6senteres p\u00e5 webstedet, eller om selve webstedet, kan brugeren efterlade en besked p\u00e5 f\u00f8lgende adresse: <a href=\"mailto:contact.talkto1@gmail.com\">contact.talkto1@gmail.com<\/a>.<\/p>\n<p>[\/et_pb_text][\/et_pb_column][\/et_pb_row][\/et_pb_section]<\/p>","protected":false},"excerpt":{"rendered":"<p>Protection des donn\u00e9esCELLO POP SL, dont le si\u00e8ge social est situ\u00e9 \u00e0 AVENIDA EUROPA (ED ATICA 5,), 26 &#8211; 2 PLT 28224, Madrid \u2013 VAT : ESB70809629 D\u00e9l\u00e8gue \u00e0\u00a0: La soci\u00e9t\u00e9 SAS FRIENDZ. Si\u00e8ge Social\u00a0:\u00a0 9, rue de Paris &#8211; 94100 St-Maur-Des-Foss\u00e9s. Siren 891 437 535 NAF\u00a0: 62.01Z\u2013 Capital social de 1.200,00 \u20ac. TVA intr. [&hellip;]<\/p>","protected":false},"author":1,"featured_media":0,"parent":0,"menu_order":0,"comment_status":"closed","ping_status":"closed","template":"","meta":{"_et_pb_use_builder":"on","_et_pb_old_content":"<!-- wp:divi\/placeholder \/-->","_et_gb_content_width":"","inline_featured_image":false,"footnotes":""},"class_list":["post-39","page","type-page","status-publish","hentry"],"_links":{"self":[{"href":"https:\/\/talkto.ac\/da\/wp-json\/wp\/v2\/pages\/39","targetHints":{"allow":["GET"]}}],"collection":[{"href":"https:\/\/talkto.ac\/da\/wp-json\/wp\/v2\/pages"}],"about":[{"href":"https:\/\/talkto.ac\/da\/wp-json\/wp\/v2\/types\/page"}],"author":[{"embeddable":true,"href":"https:\/\/talkto.ac\/da\/wp-json\/wp\/v2\/users\/1"}],"replies":[{"embeddable":true,"href":"https:\/\/talkto.ac\/da\/wp-json\/wp\/v2\/comments?post=39"}],"version-history":[{"count":12,"href":"https:\/\/talkto.ac\/da\/wp-json\/wp\/v2\/pages\/39\/revisions"}],"predecessor-version":[{"id":3510,"href":"https:\/\/talkto.ac\/da\/wp-json\/wp\/v2\/pages\/39\/revisions\/3510"}],"wp:attachment":[{"href":"https:\/\/talkto.ac\/da\/wp-json\/wp\/v2\/media?parent=39"}],"curies":[{"name":"wp","href":"https:\/\/api.w.org\/{rel}","templated":true}]}}