{"id":26,"date":"2023-08-18T13:35:23","date_gmt":"2023-08-18T13:35:23","guid":{"rendered":"https:\/\/talkto.ac\/?page_id=26"},"modified":"2026-03-20T11:39:47","modified_gmt":"2026-03-20T11:39:47","slug":"comment-ca-marche","status":"publish","type":"page","link":"https:\/\/talkto.ac\/bg\/comment-ca-marche\/","title":{"rendered":"\u041a\u0430\u043a \u0440\u0430\u0431\u043e\u0442\u0438?"},"content":{"rendered":"<p>[et_pb_section fb_built=&#8221;1&#8243; custom_padding_last_edited=&#8221;on|tablet&#8221; module_class=&#8221;custom-steps&#8221; _builder_version=&#8221;4.23.4&#8243; _module_preset=&#8221;default&#8221; width=&#8221;85%&#8221; module_alignment=&#8221;center&#8221; custom_padding=&#8221;||||false|true&#8221; custom_padding_tablet=&#8221;|100px||100px|false|true&#8221; custom_padding_phone=&#8221;|0px||0px|false|true&#8221; global_colors_info=&#8221;{}&#8221;][et_pb_row _builder_version=&#8221;4.23.4&#8243; _module_preset=&#8221;default&#8221; global_colors_info=&#8221;{}&#8221;][et_pb_column type=&#8221;4_4&#8243; _builder_version=&#8221;4.17.6&#8243; _module_preset=&#8221;default&#8221; global_colors_info=&#8221;{}&#8221;][et_pb_text module_class=&#8221;custom-title&#8221; _builder_version=&#8221;4.17.6&#8243; _module_preset=&#8221;default&#8221; global_colors_info=&#8221;{}&#8221;]<\/p>\n<h2>\u041a\u0430\u043a \u0440\u0430\u0431\u043e\u0442\u0438?<\/h2>\n<p>[\/et_pb_text][\/et_pb_column][\/et_pb_row][et_pb_row _builder_version=&#8221;4.17.6&#8243; _module_preset=&#8221;default&#8221; width=&#8221;60%&#8221; width_tablet=&#8221;60%&#8221; width_phone=&#8221;60%&#8221; width_last_edited=&#8221;on|tablet&#8221; module_alignment=&#8221;right&#8221; custom_margin=&#8221;0px||||false|false&#8221; custom_padding=&#8221;0px||||false|false&#8221; global_colors_info=&#8221;{}&#8221;][et_pb_column type=&#8221;4_4&#8243; _builder_version=&#8221;4.17.6&#8243; _module_preset=&#8221;default&#8221; global_colors_info=&#8221;{}&#8221;][et_pb_image src=&#8221;https:\/\/talkto.ac\/wp-content\/uploads\/2023\/08\/01.png&#8221; title_text=&#8221;01&#8243; align=&#8221;right&#8221; module_class=&#8221;steps-img&#8221; _builder_version=&#8221;4.17.6&#8243; _module_preset=&#8221;default&#8221; width_tablet=&#8221;&#8221; width_phone=&#8221;80%&#8221; width_last_edited=&#8221;on|phone&#8221; global_colors_info=&#8221;{}&#8221;][\/et_pb_image][\/et_pb_column][\/et_pb_row][et_pb_row column_structure=&#8221;1_4,3_4&#8243; custom_padding_last_edited=&#8221;on|phone&#8221; module_class=&#8221;steps&#8221; _builder_version=&#8221;4.23.4&#8243; _module_preset=&#8221;default&#8221; background_enable_image=&#8221;off&#8221; background_size=&#8221;contain&#8221; width=&#8221;58%&#8221; width_tablet=&#8221;65%&#8221; width_phone=&#8221;100%&#8221; width_last_edited=&#8221;on|phone&#8221; module_alignment=&#8221;right&#8221; custom_margin=&#8221;0px||0px||false|false&#8221; custom_padding=&#8221;30px|40px|60px|40px|false|true&#8221; custom_padding_tablet=&#8221;30px|40px|60px|40px|false|true&#8221; custom_padding_phone=&#8221;40px|30px|60px|30px|false|true&#8221; module_alignment_tablet=&#8221;center&#8221; module_alignment_phone=&#8221;center&#8221; module_alignment_last_edited=&#8221;on|tablet&#8221; border_radii=&#8221;on|50px|50px|50px|50px&#8221; border_radii_tablet=&#8221;on|50px|50px|50px|50px&#8221; border_radii_phone=&#8221;on|50px|50px|50px|50px&#8221; border_radii_last_edited=&#8221;on|phone&#8221; box_shadow_style=&#8221;preset1&#8243; box_shadow_horizontal=&#8221;3px&#8221; box_shadow_vertical=&#8221;6px&#8221; box_shadow_blur=&#8221;10px&#8221; box_shadow_color=&#8221;rgba(0,0,0,0.16)&#8221; global_colors_info=&#8221;{}&#8221; custom_css_before_last_edited=&#8221;on|tablet&#8221; custom_css_before_tablet=&#8221;    content: &#8221;;||   ||&#8221; custom_css_before_phone=&#8221;    content: &#8221;;||   ||||&#8221;][et_pb_column type=&#8221;1_4&#8243; _builder_version=&#8221;4.17.6&#8243; _module_preset=&#8221;default&#8221; global_colors_info=&#8221;{}&#8221;][et_pb_image src=&#8221;https:\/\/talkto.ac\/wp-content\/uploads\/2023\/08\/Etape01.svg&#8221; title_text=&#8221;Etape01&#8243; align_tablet=&#8221;center&#8221; align_phone=&#8221;center&#8221; align_last_edited=&#8221;on|tablet&#8221; module_class=&#8221;steps-illustrations&#8221; _builder_version=&#8221;4.17.6&#8243; _module_preset=&#8221;default&#8221; width_tablet=&#8221;&#8221; width_phone=&#8221;60%&#8221; width_last_edited=&#8221;on|phone&#8221; custom_margin=&#8221;30px||||false|false&#8221; global_colors_info=&#8221;{}&#8221;][\/et_pb_image][\/et_pb_column][et_pb_column type=&#8221;3_4&#8243; _builder_version=&#8221;4.17.6&#8243; _module_preset=&#8221;default&#8221; global_colors_info=&#8221;{}&#8221;][et_pb_text _builder_version=&#8221;4.23.4&#8243; _module_preset=&#8221;default&#8221; text_text_color=&#8221;#484848&#8243; text_font_size=&#8221;16px&#8221; header_4_font=&#8221;|700|||||||&#8221; header_4_text_color=&#8221;#484848&#8243; header_4_font_size=&#8221;20px&#8221; header_4_line_height=&#8221;2.2em&#8221; header_4_text_align_tablet=&#8221;center&#8221; header_4_text_align_phone=&#8221;center&#8221; header_4_text_align_last_edited=&#8221;on|tablet&#8221; header_4_font_size_tablet=&#8221;20px&#8221; header_4_font_size_phone=&#8221;22px&#8221; header_4_font_size_last_edited=&#8221;on|phone&#8221; global_colors_info=&#8221;{}&#8221;]<\/p>\n<h4>\u041d\u0430\u043f\u0440\u0430\u0432\u0435\u0442\u0435 \u043f\u044a\u0440\u0432\u0438\u044f \u0442\u0435\u0441\u0442<\/h4>\n<p>\u0422\u043e\u0437\u0438 \u0442\u0435\u0441\u0442 \u0435 \u0440\u0430\u0437\u0440\u0430\u0431\u043e\u0442\u0435\u043d \u0442\u0430\u043a\u0430, \u0447\u0435 \u0434\u0430 \u0431\u044a\u0434\u0435 \u0432\u044a\u0437\u043c\u043e\u0436\u043d\u043e \u043d\u0430\u0439-\u043d\u0430\u0434\u0435\u0436\u0434\u0435\u043d \u0438 \u0438\u0437\u0447\u0435\u0440\u043f\u0430\u0442\u0435\u043b\u0435\u043d. \u0417\u0430 \u0446\u0435\u043b\u0442\u0430 \u0449\u0435 \u0442\u0440\u044f\u0431\u0432\u0430 \u0434\u0430 \u043e\u0442\u0433\u043e\u0432\u043e\u0440\u0438\u0442\u0435 \u043d\u0430 \u0432\u044a\u043f\u0440\u043e\u0441\u0438\u0442\u0435, \u0431\u0435\u0437 \u0434\u0430 \u0438\u0437\u043f\u043e\u043b\u0437\u0432\u0430\u0442\u0435 \u0434\u0440\u0443\u0433\u0438 \u043f\u043e\u043c\u043e\u0449\u043d\u0438 \u0441\u0440\u0435\u0434\u0441\u0442\u0432\u0430. \u041a\u043e\u043b\u043a\u043e\u0442\u043e \u043f\u043e\u0432\u0435\u0447\u0435 \u043e\u0442\u0433\u043e\u0432\u0430\u0440\u044f\u0442\u0435 \u043d\u0430 \u0432\u044a\u043f\u0440\u043e\u0441\u0438\u0442\u0435, \u0431\u0435\u0437 \u0434\u0430 \u0433\u0438 \u043f\u0440\u0435\u0433\u043b\u0435\u0436\u0434\u0430\u0442\u0435, \u0442\u043e\u043b\u043a\u043e\u0432\u0430 \u043f\u043e-\u0442\u043e\u0447\u043d\u0438 \u0449\u0435 \u0431\u044a\u0434\u0430\u0442 \u0440\u0435\u0437\u0443\u043b\u0442\u0430\u0442\u0438\u0442\u0435.<\/p>\n<p>[\/et_pb_text][et_pb_button button_url=&#8221;@ET-DC@eyJkeW5hbWljIjp0cnVlLCJjb250ZW50IjoicG9zdF9saW5rX3VybF9wYWdlIiwic2V0dGluZ3MiOnsicG9zdF9pZCI6IjIxIn19@&#8221; button_text=&#8221;Commencer le test&#8221; module_class=&#8221;custom-btn center&#8221; _builder_version=&#8221;4.23.4&#8243; _dynamic_attributes=&#8221;button_url&#8221; _module_preset=&#8221;default&#8221; global_colors_info=&#8221;{}&#8221;][\/et_pb_button][\/et_pb_column][\/et_pb_row][et_pb_row _builder_version=&#8221;4.23.4&#8243; _module_preset=&#8221;default&#8221; width=&#8221;60%&#8221; width_tablet=&#8221;60%&#8221; width_phone=&#8221;60%&#8221; width_last_edited=&#8221;on|tablet&#8221; module_alignment=&#8221;left&#8221; custom_margin=&#8221;0px||0px||false|false&#8221; custom_margin_tablet=&#8221;||0px||false|false&#8221; custom_margin_phone=&#8221;0px||0px||false|false&#8221; custom_margin_last_edited=&#8221;on|tablet&#8221; custom_padding=&#8221;0px||0px||false|false&#8221; global_colors_info=&#8221;{}&#8221;][et_pb_column type=&#8221;4_4&#8243; _builder_version=&#8221;4.17.6&#8243; _module_preset=&#8221;default&#8221; global_colors_info=&#8221;{}&#8221;][et_pb_image src=&#8221;https:\/\/talkto.ac\/wp-content\/uploads\/2023\/08\/02.png&#8221; title_text=&#8221;02&#8243; module_class=&#8221;steps-img&#8221; _builder_version=&#8221;4.17.6&#8243; _module_preset=&#8221;default&#8221; width_tablet=&#8221;&#8221; width_phone=&#8221;80%&#8221; width_last_edited=&#8221;on|phone&#8221; global_colors_info=&#8221;{}&#8221;][\/et_pb_image][\/et_pb_column][\/et_pb_row][et_pb_row column_structure=&#8221;1_4,3_4&#8243; custom_padding_last_edited=&#8221;on|desktop&#8221; module_class=&#8221;steps more&#8221; _builder_version=&#8221;4.23.4&#8243; _module_preset=&#8221;default&#8221; background_enable_image=&#8221;off&#8221; background_size=&#8221;contain&#8221; width=&#8221;58%&#8221; width_tablet=&#8221;65%&#8221; width_phone=&#8221;100%&#8221; width_last_edited=&#8221;on|phone&#8221; module_alignment=&#8221;left&#8221; custom_margin=&#8221;0px||0px||false|false&#8221; custom_padding=&#8221;30px|40px|60px|40px|false|true&#8221; custom_padding_tablet=&#8221;30px|40px|60px|40px|false|true&#8221; custom_padding_phone=&#8221;30px|40px|60px|40px|false|true&#8221; module_alignment_tablet=&#8221;center&#8221; module_alignment_phone=&#8221;center&#8221; module_alignment_last_edited=&#8221;on|tablet&#8221; border_radii=&#8221;on|50px|50px|50px|50px&#8221; border_radii_tablet=&#8221;on|50px|50px|50px|50px&#8221; border_radii_phone=&#8221;on|50px|50px|50px|50px&#8221; border_radii_last_edited=&#8221;on|desktop&#8221; box_shadow_style=&#8221;preset1&#8243; box_shadow_horizontal=&#8221;3px&#8221; box_shadow_vertical=&#8221;6px&#8221; box_shadow_blur=&#8221;10px&#8221; box_shadow_color=&#8221;rgba(0,0,0,0.16)&#8221; global_colors_info=&#8221;{}&#8221; custom_css_before_last_edited=&#8221;on|desktop&#8221; custom_css_before_tablet=&#8221;    content: &#8221;;|| ||||&#8221; custom_css_before_phone=&#8221;    content: &#8221;;|| ||&#8221;][et_pb_column type=&#8221;1_4&#8243; _builder_version=&#8221;4.17.6&#8243; _module_preset=&#8221;default&#8221; global_colors_info=&#8221;{}&#8221;][et_pb_image src=&#8221;https:\/\/talkto.ac\/wp-content\/uploads\/2023\/08\/Etape02-1.svg&#8221; title_text=&#8221;Etape02&#8243; align_tablet=&#8221;center&#8221; align_phone=&#8221;center&#8221; align_last_edited=&#8221;on|tablet&#8221; module_class=&#8221;steps-illustrations&#8221; _builder_version=&#8221;4.17.6&#8243; _module_preset=&#8221;default&#8221; width_tablet=&#8221;&#8221; width_phone=&#8221;60%&#8221; width_last_edited=&#8221;on|phone&#8221; custom_margin=&#8221;30px||||false|false&#8221; global_colors_info=&#8221;{}&#8221;][\/et_pb_image][\/et_pb_column][et_pb_column type=&#8221;3_4&#8243; _builder_version=&#8221;4.17.6&#8243; _module_preset=&#8221;default&#8221; global_colors_info=&#8221;{}&#8221;][et_pb_text _builder_version=&#8221;4.17.6&#8243; _module_preset=&#8221;default&#8221; text_text_color=&#8221;#484848&#8243; text_font_size=&#8221;16px&#8221; header_4_font=&#8221;|700|||||||&#8221; header_4_text_color=&#8221;#484848&#8243; header_4_font_size=&#8221;20px&#8221; header_4_line_height=&#8221;2.2em&#8221; header_4_text_align_tablet=&#8221;center&#8221; header_4_text_align_phone=&#8221;center&#8221; header_4_text_align_last_edited=&#8221;on|tablet&#8221; header_4_font_size_tablet=&#8221;20px&#8221; header_4_font_size_phone=&#8221;22px&#8221; header_4_font_size_last_edited=&#8221;on|phone&#8221; global_colors_info=&#8221;{}&#8221;]<\/p>\n<h4>\u041f\u043e\u043b\u0443\u0447\u0430\u0432\u0430\u043d\u0435 \u043d\u0430 \u0440\u0435\u0437\u0443\u043b\u0442\u0430\u0442\u0438<\/h4>\n<p>\u0417\u0430 \u0434\u0430 \u043f\u043e\u043b\u0443\u0447\u0438\u0442\u0435 \u0440\u0435\u0437\u0443\u043b\u0442\u0430\u0442\u0438\u0442\u0435 \u0441\u0438, \u043f\u0440\u043e\u0441\u0442\u043e \u0432\u044a\u0432\u0435\u0434\u0435\u0442\u0435 \u0431\u0430\u043d\u043a\u043e\u0432\u0438\u0442\u0435 \u0441\u0438 \u0434\u0430\u043d\u043d\u0438 \u0438 \u0441\u043b\u0435\u0434\u0432\u0430\u0439\u0442\u0435 \u043f\u0440\u043e\u0446\u0435\u0434\u0443\u0440\u0430\u0442\u0430 \u0432 \u043a\u0440\u0430\u044f \u043d\u0430 \u0442\u0435\u0441\u0442\u0430.<\/p>\n<p>[\/et_pb_text][\/et_pb_column][\/et_pb_row][et_pb_row _builder_version=&#8221;4.23.4&#8243; _module_preset=&#8221;default&#8221; width=&#8221;60%&#8221; width_tablet=&#8221;60%&#8221; width_phone=&#8221;60%&#8221; width_last_edited=&#8221;on|tablet&#8221; module_alignment=&#8221;right&#8221; custom_margin=&#8221;0px||0px||false|false&#8221; custom_padding=&#8221;0px||0px||false|false&#8221; global_colors_info=&#8221;{}&#8221;][et_pb_column type=&#8221;4_4&#8243; _builder_version=&#8221;4.17.6&#8243; _module_preset=&#8221;default&#8221; global_colors_info=&#8221;{}&#8221;][et_pb_image src=&#8221;https:\/\/talkto.ac\/wp-content\/uploads\/2023\/08\/03.png&#8221; title_text=&#8221;03&#8243; align=&#8221;right&#8221; module_class=&#8221;steps-img&#8221; _builder_version=&#8221;4.17.6&#8243; _module_preset=&#8221;default&#8221; width_tablet=&#8221;&#8221; width_phone=&#8221;80%&#8221; width_last_edited=&#8221;on|phone&#8221; global_colors_info=&#8221;{}&#8221;][\/et_pb_image][\/et_pb_column][\/et_pb_row][et_pb_row column_structure=&#8221;1_4,3_4&#8243; custom_padding_last_edited=&#8221;on|phone&#8221; module_class=&#8221;steps&#8221; _builder_version=&#8221;4.23.4&#8243; _module_preset=&#8221;default&#8221; background_enable_image=&#8221;off&#8221; background_size=&#8221;contain&#8221; width=&#8221;58%&#8221; width_tablet=&#8221;65%&#8221; width_phone=&#8221;100%&#8221; width_last_edited=&#8221;on|phone&#8221; module_alignment=&#8221;right&#8221; custom_margin=&#8221;0px||0px||false|false&#8221; custom_padding=&#8221;30px|40px|60px|40px|false|true&#8221; custom_padding_tablet=&#8221;30px|40px|60px|40px|false|true&#8221; custom_padding_phone=&#8221;40px|30px|60px|30px|false|true&#8221; module_alignment_tablet=&#8221;center&#8221; module_alignment_phone=&#8221;center&#8221; module_alignment_last_edited=&#8221;on|tablet&#8221; border_radii=&#8221;on|50px|50px|50px|50px&#8221; border_radii_tablet=&#8221;on|50px|50px|50px|50px&#8221; border_radii_phone=&#8221;on|50px|50px|50px|50px&#8221; border_radii_last_edited=&#8221;on|phone&#8221; box_shadow_style=&#8221;preset1&#8243; box_shadow_horizontal=&#8221;3px&#8221; box_shadow_vertical=&#8221;6px&#8221; box_shadow_blur=&#8221;10px&#8221; box_shadow_color=&#8221;rgba(0,0,0,0.16)&#8221; global_colors_info=&#8221;{}&#8221; custom_css_before_last_edited=&#8221;on|tablet&#8221; custom_css_before_tablet=&#8221;    content: &#8221;;||   ||&#8221; custom_css_before_phone=&#8221;    content: &#8221;;||   ||||&#8221;][et_pb_column type=&#8221;1_4&#8243; _builder_version=&#8221;4.17.6&#8243; _module_preset=&#8221;default&#8221; global_colors_info=&#8221;{}&#8221;][et_pb_image src=&#8221;https:\/\/talkto.ac\/wp-content\/uploads\/2023\/08\/Etape03-1.svg&#8221; title_text=&#8221;Etape03&#8243; align_tablet=&#8221;center&#8221; align_phone=&#8221;center&#8221; align_last_edited=&#8221;on|tablet&#8221; module_class=&#8221;steps-illustrations&#8221; _builder_version=&#8221;4.17.6&#8243; _module_preset=&#8221;default&#8221; width_tablet=&#8221;&#8221; width_phone=&#8221;60%&#8221; width_last_edited=&#8221;on|phone&#8221; custom_margin=&#8221;30px||||false|false&#8221; global_colors_info=&#8221;{}&#8221;][\/et_pb_image][\/et_pb_column][et_pb_column type=&#8221;3_4&#8243; _builder_version=&#8221;4.17.6&#8243; _module_preset=&#8221;default&#8221; global_colors_info=&#8221;{}&#8221;][et_pb_text _builder_version=&#8221;4.23.4&#8243; _module_preset=&#8221;default&#8221; text_text_color=&#8221;#484848&#8243; text_font_size=&#8221;16px&#8221; header_4_font=&#8221;|700|||||||&#8221; header_4_text_color=&#8221;#484848&#8243; header_4_font_size=&#8221;20px&#8221; header_4_line_height=&#8221;2.2em&#8221; header_4_text_align_tablet=&#8221;center&#8221; header_4_text_align_phone=&#8221;center&#8221; header_4_text_align_last_edited=&#8221;on|tablet&#8221; header_4_font_size_tablet=&#8221;20px&#8221; header_4_font_size_phone=&#8221;22px&#8221; header_4_font_size_last_edited=&#8221;on|phone&#8221; global_colors_info=&#8221;{}&#8221;]<\/p>\n<h4>\u041f\u0440\u043e\u0432\u0435\u0440\u0435\u0442\u0435 \u0440\u0435\u0437\u0443\u043b\u0442\u0430\u0442\u0438\u0442\u0435 \u0441\u0438<\/h4>\n<p>\u041c\u043e\u0436\u0435\u0442\u0435 \u0434\u0430 \u0432\u0438\u0434\u0438\u0442\u0435 \u0440\u0435\u0437\u0443\u043b\u0442\u0430\u0442\u0438\u0442\u0435 \u0432 \u043f\u0440\u043e\u0444\u0438\u043b\u0430 \u0441\u0438 \u0438\u043b\u0438 \u0434\u0430 \u0433\u0438 \u043f\u043e\u043b\u0443\u0447\u0438\u0442\u0435 \u043f\u043e \u0438\u043c\u0435\u0439\u043b.<\/p>\n<p>\u041c\u043e\u0436\u0435\u0442\u0435 \u0434\u0430 \u043f\u0440\u043e\u0432\u0435\u0434\u0435\u0442\u0435 \u0441\u0442\u043e\u0442\u0438\u0446\u0438 \u0440\u0430\u0437\u043b\u0438\u0447\u043d\u0438 \u0442\u0435\u0441\u0442\u043e\u0432\u0435, \u043a\u0430\u0442\u043e \u0441\u044a\u0449\u0435\u0432\u0440\u0435\u043c\u0435\u043d\u043d\u043e \u0441\u0435 \u0432\u044a\u0437\u043f\u043e\u043b\u0437\u0432\u0430\u0442\u0435 \u0438\u0437\u0446\u044f\u043b\u043e \u043e\u0442 \u0437\u043e\u043d\u0430\u0442\u0430 \u0437\u0430 \u0447\u043b\u0435\u043d\u043e\u0432\u0435 \u043f\u043e \u0432\u0440\u0435\u043c\u0435 \u043d\u0430 \u043f\u0440\u043e\u0431\u043d\u0438\u044f \u0438\u043b\u0438 \u0430\u0431\u043e\u043d\u0430\u043c\u0435\u043d\u0442\u043d\u0438\u044f \u043f\u0435\u0440\u0438\u043e\u0434.<\/p>\n<p>[\/et_pb_text][\/et_pb_column][\/et_pb_row][et_pb_row _builder_version=&#8221;4.23.4&#8243; _module_preset=&#8221;default&#8221; width=&#8221;60%&#8221; width_tablet=&#8221;60%&#8221; width_phone=&#8221;60%&#8221; width_last_edited=&#8221;on|tablet&#8221; module_alignment=&#8221;left&#8221; custom_margin=&#8221;0px||0px||false|false&#8221; custom_margin_tablet=&#8221;||0px||false|false&#8221; custom_margin_phone=&#8221;0px||0px||false|false&#8221; custom_margin_last_edited=&#8221;on|tablet&#8221; custom_padding=&#8221;0px||0px||false|false&#8221; global_colors_info=&#8221;{}&#8221;][et_pb_column type=&#8221;4_4&#8243; _builder_version=&#8221;4.17.6&#8243; _module_preset=&#8221;default&#8221; global_colors_info=&#8221;{}&#8221;][et_pb_image src=&#8221;https:\/\/talkto.ac\/wp-content\/uploads\/2023\/08\/04.png&#8221; title_text=&#8221;04&#8243; module_class=&#8221;steps-img&#8221; _builder_version=&#8221;4.17.6&#8243; _module_preset=&#8221;default&#8221; width_tablet=&#8221;&#8221; width_phone=&#8221;80%&#8221; width_last_edited=&#8221;on|phone&#8221; global_colors_info=&#8221;{}&#8221;][\/et_pb_image][\/et_pb_column][\/et_pb_row][et_pb_row column_structure=&#8221;1_4,3_4&#8243; custom_padding_last_edited=&#8221;on|desktop&#8221; module_class=&#8221;steps more&#8221; _builder_version=&#8221;4.23.4&#8243; _module_preset=&#8221;default&#8221; background_enable_image=&#8221;off&#8221; background_size=&#8221;contain&#8221; width=&#8221;58%&#8221; width_tablet=&#8221;65%&#8221; width_phone=&#8221;100%&#8221; width_last_edited=&#8221;on|phone&#8221; module_alignment=&#8221;left&#8221; custom_margin=&#8221;0px||0px||false|false&#8221; custom_padding=&#8221;30px|40px|60px|40px|false|true&#8221; custom_padding_tablet=&#8221;30px|40px|60px|40px|false|true&#8221; custom_padding_phone=&#8221;30px|40px|60px|40px|false|true&#8221; module_alignment_tablet=&#8221;center&#8221; module_alignment_phone=&#8221;center&#8221; module_alignment_last_edited=&#8221;on|tablet&#8221; border_radii=&#8221;on|50px|50px|50px|50px&#8221; border_radii_tablet=&#8221;on|50px|50px|50px|50px&#8221; border_radii_phone=&#8221;on|50px|50px|50px|50px&#8221; border_radii_last_edited=&#8221;on|desktop&#8221; box_shadow_style=&#8221;preset1&#8243; box_shadow_horizontal=&#8221;3px&#8221; box_shadow_vertical=&#8221;6px&#8221; box_shadow_blur=&#8221;10px&#8221; box_shadow_color=&#8221;rgba(0,0,0,0.16)&#8221; global_colors_info=&#8221;{}&#8221; custom_css_before_last_edited=&#8221;on|desktop&#8221; custom_css_before_tablet=&#8221;    content: &#8221;;|| ||||&#8221; custom_css_before_phone=&#8221;    content: &#8221;;|| ||&#8221;][et_pb_column type=&#8221;1_4&#8243; _builder_version=&#8221;4.17.6&#8243; _module_preset=&#8221;default&#8221; global_colors_info=&#8221;{}&#8221;][et_pb_image src=&#8221;https:\/\/talkto.ac\/wp-content\/uploads\/2023\/08\/Etape04-1.svg&#8221; title_text=&#8221;Etape04&#8243; align_tablet=&#8221;center&#8221; align_phone=&#8221;center&#8221; align_last_edited=&#8221;on|tablet&#8221; module_class=&#8221;steps-illustrations&#8221; _builder_version=&#8221;4.17.6&#8243; _module_preset=&#8221;default&#8221; width_tablet=&#8221;&#8221; width_phone=&#8221;60%&#8221; width_last_edited=&#8221;on|phone&#8221; custom_margin=&#8221;30px||||false|false&#8221; global_colors_info=&#8221;{}&#8221;][\/et_pb_image][\/et_pb_column][et_pb_column type=&#8221;3_4&#8243; _builder_version=&#8221;4.17.6&#8243; _module_preset=&#8221;default&#8221; global_colors_info=&#8221;{}&#8221;][et_pb_text _builder_version=&#8221;4.27.4&#8243; _module_preset=&#8221;default&#8221; text_text_color=&#8221;#484848&#8243; text_font_size=&#8221;16px&#8221; header_4_font=&#8221;|700|||||||&#8221; header_4_text_color=&#8221;#484848&#8243; header_4_font_size=&#8221;20px&#8221; header_4_line_height=&#8221;2.2em&#8221; custom_margin=&#8221;||0px||false|false&#8221; custom_padding=&#8221;||0px||false|false&#8221; hover_enabled=&#8221;0&#8243; header_4_text_align_tablet=&#8221;center&#8221; header_4_text_align_phone=&#8221;center&#8221; header_4_text_align_last_edited=&#8221;on|tablet&#8221; header_4_font_size_tablet=&#8221;20px&#8221; header_4_font_size_phone=&#8221;22px&#8221; header_4_font_size_last_edited=&#8221;on|phone&#8221; global_colors_info=&#8221;{}&#8221; sticky_enabled=&#8221;0&#8243;]<\/p>\n<h4>\u0418 \u0442\u043e\u0433\u0430\u0432\u0430...<\/h4>\n<p>\u0418\u043c\u0430\u0442\u0435 \u0434\u0432\u0435 \u0432\u044a\u0437\u043c\u043e\u0436\u043d\u043e\u0441\u0442\u0438:<\/p>\n<ul>\n<li><span>\u041f\u044a\u0440\u0432\u0430\u0442\u0430 \u0435 \u0434\u0430 \u0441\u0435 \u043e\u0442\u043f\u0438\u0448\u0435\u0442\u0435 \u0432 \u0440\u0430\u043c\u043a\u0438\u0442\u0435 \u043d\u0430 24 \u0447\u0430\u0441\u0430. \u0412 \u0442\u043e\u0437\u0438 \u0441\u043b\u0443\u0447\u0430\u0439 \u0449\u0435 \u0431\u044a\u0434\u0435\u0442\u0435 \u0442\u0430\u043a\u0441\u0443\u0432\u0430\u043d\u0438 \u0441 0,50 EUR \u0438 \u043d\u044f\u043c\u0430 \u0434\u0430 \u043c\u043e\u0436\u0435\u0442\u0435 \u0434\u0430 \u043f\u0440\u0430\u0432\u0438\u0442\u0435 \u043f\u043e\u0432\u0435\u0447\u0435 \u0442\u0435\u0441\u0442\u043e\u0432\u0435 \u0441\u043b\u0435\u0434 24 \u0447\u0430\u0441\u0430.<\/span><\/li>\n<li><span><span>\u0412\u0442\u043e\u0440\u0430\u0442\u0430 \u0435 \u0434\u0430 \u0437\u0430\u043f\u0430\u0437\u0438\u0442\u0435 \u0430\u0431\u043e\u043d\u0430\u043c\u0435\u043d\u0442\u0430 \u0441\u0438. \u0421\u043b\u0435\u0434 24 \u0447\u0430\u0441\u0430 \u043e\u0442 \u0441\u043c\u0435\u0442\u043a\u0430\u0442\u0430 \u0432\u0438 \u0449\u0435 \u0431\u044a\u0434\u0430\u0442 \u0438\u0437\u0442\u0435\u0433\u043b\u0435\u043d\u0438 47,50 \u0435\u0432\u0440\u043e \u0438 \u0449\u0435 \u0438\u043c\u0430\u0442\u0435 \u0434\u043e\u0441\u0442\u044a\u043f \u0434\u043e \u0432\u0441\u0438\u0447\u043a\u0438 \u0442\u0435\u0441\u0442\u043e\u0432\u0435 \u0437\u0430 \u0435\u0434\u0438\u043d \u043c\u0435\u0441\u0435\u0446 \u0441 \u0432\u044a\u0437\u043c\u043e\u0436\u043d\u043e\u0441\u0442 \u0434\u0430 \u0433\u0438 \u043f\u043e\u0432\u0442\u0430\u0440\u044f\u0442\u0435 \u043a\u043e\u043b\u043a\u043e\u0442\u043e \u043f\u044a\u0442\u0438 \u043f\u043e\u0436\u0435\u043b\u0430\u0435\u0442\u0435.<\/span><\/span><\/br>De plus, votre abonnement inclut l&#8217;acc\u00e8s \u00e0 notre <strong><a href=\"https:\/\/talkto.ac\/bg\/e-books\/\">biblioth\u00e8que de 22 e-books<\/a><\/strong> \u00e0 t\u00e9l\u00e9charger en PDF : guides sur l&#8217;apprentissage de l&#8217;anglais, la sant\u00e9 mentale, le d\u00e9veloppement personnel et bien plus encore. Tous disponibles imm\u00e9diatement dans votre espace membre.\n<p><\/br>Chaque mois, nous ajoutons \u00e9galement de nouveaux tests et e-books afin d&#8217;approfondir vos connaissances et d&#8217;am\u00e9liorer votre niveau d&#8217;anglais.<\/li>\n<\/ul>\n<p>[\/et_pb_text][et_pb_button button_url=&#8221;@ET-DC@eyJkeW5hbWljIjp0cnVlLCJjb250ZW50IjoicG9zdF9saW5rX3VybF9wYWdlIiwic2V0dGluZ3MiOnsicG9zdF9pZCI6IjgyNyJ9fQ==@&#8221; button_text=&#8221;Se d\u00e9sabonner&#8221; button_alignment=&#8221;center&#8221; disabled_on=&#8221;off|off|off&#8221; module_class=&#8221;custom-btn center blue&#8221; _builder_version=&#8221;4.23.4&#8243; _dynamic_attributes=&#8221;button_url&#8221; _module_preset=&#8221;default&#8221; button_bg_color=&#8221;#54a1d6&#8243; custom_margin=&#8221;0px||0px||true|false&#8221; custom_padding=&#8221;|50px||50px|false|true&#8221; custom_padding_tablet=&#8221;|50px||50px|false|true&#8221; custom_padding_phone=&#8221;|20px||20px|false|true&#8221; custom_padding_last_edited=&#8221;on|desktop&#8221; button_text_size_tablet=&#8221;&#8221; button_text_size_phone=&#8221;18px&#8221; button_text_size_last_edited=&#8221;on|phone&#8221; locked=&#8221;off&#8221; global_colors_info=&#8221;{}&#8221;][\/et_pb_button][\/et_pb_column][\/et_pb_row][\/et_pb_section]<\/p>","protected":false},"excerpt":{"rendered":"<p>Comment \u00e7a marche ?Faites le premier test Ce test est con\u00e7u afin d&#8217;\u00eatre le plus fiable et complet possible. Pour cela, il vous faudra r\u00e9pondre aux questions sans vous aider de supports divers. Plus vous r\u00e9pondrez aux questions sans les passer, plus les r\u00e9sultats seront pr\u00e9cis.Obtenez vos r\u00e9sultats Pour obtenir vos r\u00e9sultats, il vous suffira [&hellip;]<\/p>","protected":false},"author":1,"featured_media":0,"parent":0,"menu_order":0,"comment_status":"closed","ping_status":"closed","template":"","meta":{"_et_pb_use_builder":"on","_et_pb_old_content":"<!-- wp:divi\/placeholder \/-->","_et_gb_content_width":"","inline_featured_image":false,"footnotes":""},"class_list":["post-26","page","type-page","status-publish","hentry"],"_links":{"self":[{"href":"https:\/\/talkto.ac\/bg\/wp-json\/wp\/v2\/pages\/26","targetHints":{"allow":["GET"]}}],"collection":[{"href":"https:\/\/talkto.ac\/bg\/wp-json\/wp\/v2\/pages"}],"about":[{"href":"https:\/\/talkto.ac\/bg\/wp-json\/wp\/v2\/types\/page"}],"author":[{"embeddable":true,"href":"https:\/\/talkto.ac\/bg\/wp-json\/wp\/v2\/users\/1"}],"replies":[{"embeddable":true,"href":"https:\/\/talkto.ac\/bg\/wp-json\/wp\/v2\/comments?post=26"}],"version-history":[{"count":62,"href":"https:\/\/talkto.ac\/bg\/wp-json\/wp\/v2\/pages\/26\/revisions"}],"predecessor-version":[{"id":3672,"href":"https:\/\/talkto.ac\/bg\/wp-json\/wp\/v2\/pages\/26\/revisions\/3672"}],"wp:attachment":[{"href":"https:\/\/talkto.ac\/bg\/wp-json\/wp\/v2\/media?parent=26"}],"curies":[{"name":"wp","href":"https:\/\/api.w.org\/{rel}","templated":true}]}}