{"id":1033,"date":"2024-02-06T14:19:43","date_gmt":"2024-02-06T14:19:43","guid":{"rendered":"https:\/\/talkto.ac\/?page_id=1033"},"modified":"2026-02-03T13:20:23","modified_gmt":"2026-02-03T13:20:23","slug":"conditions-de-paiements-recurrents","status":"publish","type":"page","link":"https:\/\/talkto.ac\/bg\/conditions-de-paiements-recurrents\/","title":{"rendered":"\u0423\u0441\u043b\u043e\u0432\u0438\u044f \u0437\u0430 \u043f\u0435\u0440\u0438\u043e\u0434\u0438\u0447\u043d\u043e \u043f\u043b\u0430\u0449\u0430\u043d\u0435"},"content":{"rendered":"<p>[et_pb_section fb_built=&#8221;1&#8243; admin_label=&#8221;Header&#8221; _builder_version=&#8221;4.17.6&#8243; custom_margin=&#8221;0px||||false|false&#8221; custom_padding=&#8221;0px||||false|false&#8221; locked=&#8221;off&#8221; global_colors_info=&#8221;{}&#8221;][et_pb_row column_structure=&#8221;1_2,1_2&#8243; custom_padding_last_edited=&#8221;on|phone&#8221; module_class=&#8221;custom-header&#8221; _builder_version=&#8221;4.17.6&#8243; _module_preset=&#8221;default&#8221; width=&#8221;70%&#8221; width_tablet=&#8221;&#8221; width_phone=&#8221;78%&#8221; width_last_edited=&#8221;on|desktop&#8221; custom_margin_tablet=&#8221;&#8221; custom_margin_phone=&#8221;0px||0px||true|false&#8221; custom_margin_last_edited=&#8221;on|phone&#8221; custom_padding_tablet=&#8221;&#8221; custom_padding_phone=&#8221;0px||0px||true|false&#8221; global_colors_info=&#8221;{}&#8221;][et_pb_column type=&#8221;1_2&#8243; _builder_version=&#8221;4.17.6&#8243; _module_preset=&#8221;default&#8221; global_colors_info=&#8221;{}&#8221;][et_pb_text _builder_version=&#8221;4.23.4&#8243; _module_preset=&#8221;default&#8221; custom_margin=&#8221;80px||||false|false&#8221; custom_margin_tablet=&#8221;0px||||false|false&#8221; custom_margin_phone=&#8221;0px||0px||false|false&#8221; custom_margin_last_edited=&#8221;on|tablet&#8221; custom_padding=&#8221;||0px||false|false&#8221; header_text_align_tablet=&#8221;&#8221; header_text_align_phone=&#8221;center&#8221; header_text_align_last_edited=&#8221;on|phone&#8221; global_colors_info=&#8221;{}&#8221;]<\/p>\n<h1>\u0423\u0441\u043b\u043e\u0432\u0438\u044f \u0437\u0430 \u043f\u0435\u0440\u0438\u043e\u0434\u0438\u0447\u043d\u0438 \u043f\u043b\u0430\u0449\u0430\u043d\u0438\u044f<\/h1>\n<p>[\/et_pb_text][et_pb_button button_url=&#8221;https:\/\/talkto.ac\/passer-le-test\/&#8221; button_text=&#8221;Commencer le test&#8221; button_alignment=&#8221;center&#8221; disabled_on=&#8221;on|off|off&#8221; module_class=&#8221;custom-btn &#8221; _builder_version=&#8221;4.17.6&#8243; _dynamic_attributes=&#8221;button_url&#8221; _module_preset=&#8221;default&#8221; custom_margin=&#8221;||||true|false&#8221; locked=&#8221;off&#8221; global_colors_info=&#8221;{}&#8221;][\/et_pb_button][\/et_pb_column][et_pb_column type=&#8221;1_2&#8243; _builder_version=&#8221;4.17.6&#8243; _module_preset=&#8221;default&#8221; global_colors_info=&#8221;{}&#8221;][et_pb_image src=&#8221;https:\/\/talkto.ac\/wp-content\/uploads\/2023\/08\/Legal.svg&#8221; title_text=&#8221;Legal&#8221; align_tablet=&#8221;&#8221; align_phone=&#8221;center&#8221; align_last_edited=&#8221;on|phone&#8221; _builder_version=&#8221;4.17.6&#8243; _module_preset=&#8221;default&#8221; positioning=&#8221;relative&#8221; horizontal_offset=&#8221;-3vw&#8221; vertical_offset_tablet=&#8221;&#8221; vertical_offset_phone=&#8221;-5vh&#8221; vertical_offset_last_edited=&#8221;on|phone&#8221; horizontal_offset_tablet=&#8221;-3vw&#8221; horizontal_offset_phone=&#8221;-30vw&#8221; horizontal_offset_last_edited=&#8221;on|desktop&#8221; width_tablet=&#8221;&#8221; width_phone=&#8221;130vw&#8221; width_last_edited=&#8221;on|phone&#8221; custom_margin_tablet=&#8221;&#8221; custom_margin_phone=&#8221;0px||||false|false&#8221; custom_margin_last_edited=&#8221;on|phone&#8221; custom_padding_tablet=&#8221;&#8221; custom_padding_phone=&#8221;0px||||false|false&#8221; custom_padding_last_edited=&#8221;on|phone&#8221; global_colors_info=&#8221;{}&#8221;][\/et_pb_image][et_pb_button button_url=&#8221;https:\/\/talkto.ac\/passer-le-test\/&#8221; button_text=&#8221;Commencer le test&#8221; button_alignment=&#8221;center&#8221; disabled_on=&#8221;off|on|on&#8221; module_class=&#8221;custom-btn center&#8221; _builder_version=&#8221;4.17.6&#8243; _dynamic_attributes=&#8221;button_url&#8221; _module_preset=&#8221;default&#8221; custom_margin=&#8221;||||true|false&#8221; locked=&#8221;off&#8221; global_colors_info=&#8221;{}&#8221;][\/et_pb_button][\/et_pb_column][\/et_pb_row][\/et_pb_section][et_pb_section fb_built=&#8221;1&#8243; _builder_version=&#8221;4.17.6&#8243; _module_preset=&#8221;default&#8221; locked=&#8221;off&#8221; global_colors_info=&#8221;{}&#8221;][et_pb_row _builder_version=&#8221;4.17.6&#8243; _module_preset=&#8221;default&#8221; global_colors_info=&#8221;{}&#8221;][et_pb_column type=&#8221;4_4&#8243; _builder_version=&#8221;4.17.6&#8243; _module_preset=&#8221;default&#8221; global_colors_info=&#8221;{}&#8221;][et_pb_text _builder_version=&#8221;4.27.4&#8243; _module_preset=&#8221;default&#8221; hover_enabled=&#8221;0&#8243; global_colors_info=&#8221;{}&#8221; sticky_enabled=&#8221;0&#8243;]<\/p>\n<p><strong>CELLO POP SL<\/strong>\u0441\u044a\u0441 \u0441\u0435\u0434\u0430\u043b\u0438\u0449\u0435 AVENIDA EUROPA (ED ATICA 5,), 26 - 2 PLT 28224, \u041c\u0430\u0434\u0440\u0438\u0434 - \u0414\u0414\u0421: ESB70809629<\/p>\n<p>\u0414\u0435\u043b\u0435\u0433\u0438\u0440\u0430\u043d\u043e \u043d\u0430 :<\/p>\n<p>SAS FRIENDZ. \u0421\u0435\u0434\u0430\u043b\u0438\u0449\u0435: 9, rue de Paris - 94100 St-Maur-Des-Foss\u00e9s. Siren 891 437 535 NAF: 62.01Z- \u0410\u043a\u0446\u0438\u043e\u043d\u0435\u0440\u043d\u0438\u044f\u0442 \u043a\u0430\u043f\u0438\u0442\u0430\u043b \u0435 1 200,00 EUR. \u0414\u0414\u0421 \u043d\u043e\u043c\u0435\u0440 FR16891437535<\/p>\n<p>\u041c\u0430\u0440\u043a\u0435\u0442\u0438\u043d\u0433 \u043d\u0430 \u0446\u044f\u043b\u043e\u0442\u043e \u0441\u044a\u0434\u044a\u0440\u0436\u0430\u043d\u0438\u0435, \u043f\u0443\u0431\u043b\u0438\u043a\u0443\u0432\u0430\u043d\u043e \u043d\u0430 \u0441\u0430\u0439\u0442\u0430\u00a0<a href=\"http:\/\/www.talkt.ac\/\" target=\"_blank\" rel=\"noopener\">www.talkto.ac<\/a>\u0432 \u0441\u044a\u043e\u0442\u0432\u0435\u0442\u0441\u0442\u0432\u0438\u0435 \u0441 \u043a\u043b\u0430\u0443\u0437\u0438\u0442\u0435 \u043d\u0430 \u0434\u043e\u0433\u043e\u0432\u043e\u0440\u0430, \u0441\u043a\u043b\u044e\u0447\u0435\u043d \u043c\u0435\u0436\u0434\u0443 \u0434\u0432\u0435\u0442\u0435 \u0441\u0442\u0440\u0430\u043d\u0438<\/p>\n<p>\u041f\u043e\u0441\u043b\u0435\u0434\u043d\u0430 \u0430\u043a\u0442\u0443\u0430\u043b\u0438\u0437\u0430\u0446\u0438\u044f: 08 \u044e\u043b\u0438 2025 \u0433.<\/p>\n<p>[\/et_pb_text][et_pb_text module_class=&#8221;custom-title&#8221; _builder_version=&#8221;4.17.6&#8243; _module_preset=&#8221;default&#8221; global_colors_info=&#8221;{}&#8221;]<\/p>\n<h2>\u041f\u0440\u0435\u0430\u043c\u0431\u044e\u043b<\/h2>\n<p>[\/et_pb_text][et_pb_text _builder_version=&#8221;4.27.4&#8243; _module_preset=&#8221;default&#8221; global_colors_info=&#8221;{}&#8221;]<\/p>\n<p>\u0410\u0431\u043e\u043d\u0438\u0440\u0430\u043d\u0435\u0442\u043e \u0437\u0430 \u0443\u0441\u043b\u0443\u0433\u0438\u0442\u0435 \u043d\u0430 www.talkto.ac \u0432\u0438 \u0434\u0430\u0432\u0430 \u0434\u043e\u0441\u0442\u044a\u043f \u0434\u043e \u0441\u043b\u0435\u0434\u043d\u0438\u0442\u0435 \u043f\u0440\u0435\u0434\u0438\u043c\u0441\u0442\u0432\u0430:<\/p>\n<ul>\n<li>\u041d\u0435\u043e\u0433\u0440\u0430\u043d\u0438\u0447\u0435\u043d\u0438 \u0442\u0435\u0441\u0442\u043e\u0432\u0435<\/li>\n<li>\u0421\u044a\u0445\u0440\u0430\u043d\u044f\u0432\u0430\u043d\u0435 \u043d\u0430 \u0432\u0441\u0438\u0447\u043a\u0438 \u0440\u0435\u0437\u0443\u043b\u0442\u0430\u0442\u0438 \u043e\u0442 \u0442\u0435\u0441\u0442\u043e\u0432\u0435\u0442\u0435<\/li>\n<li>\u0421\u0440\u0430\u0432\u043d\u0435\u043d\u0438\u044f \u043c\u0435\u0436\u0434\u0443 \u0442\u0435\u0441\u0442\u043e\u0432\u0435\u0442\u0435<\/li>\n<li>\u0420\u0435\u0437\u0443\u043b\u0442\u0430\u0442\u0438\u0442\u0435 \u0441\u0435 \u0438\u0437\u043f\u0440\u0430\u0449\u0430\u0442 \u043f\u043e \u0438\u043c\u0435\u0439\u043b.<\/li>\n<\/ul>\n<p>\u0410\u0431\u043e\u043d\u0430\u043c\u0435\u043d\u0442\u044a\u0442 \u0432\u0438 \u0434\u0430\u0432\u0430 \u0434\u043e\u0441\u0442\u044a\u043f \u0434\u043e \u0437\u043e\u043d\u0430\u0442\u0430 \u0437\u0430 \u0447\u043b\u0435\u043d\u043e\u0432\u0435 \u0437\u0430 24 \u0447\u0430\u0441\u0430 \u043d\u0430 \u043f\u0440\u043e\u043c\u043e\u0446\u0438\u043e\u043d\u0430\u043b\u043d\u0430\u0442\u0430 \u0446\u0435\u043d\u0430 \u043e\u0442 0,5 \u0435\u0432\u0440\u043e \u0441 \u0414\u0414\u0421. \u0412 \u043a\u0440\u0430\u044f \u043d\u0430 \u0442\u043e\u0437\u0438 \u043f\u0440\u043e\u0431\u0435\u043d \u043f\u0435\u0440\u0438\u043e\u0434 \u0441\u0435 \u043f\u0440\u0438\u043b\u0430\u0433\u0430 \u043c\u0435\u0441\u0435\u0447\u043d\u0438\u044f\u0442 \u0430\u0431\u043e\u043d\u0430\u043c\u0435\u043d\u0442 \u043d\u0430 \u0441\u0442\u043e\u0439\u043d\u043e\u0441\u0442 47,5 \u0435\u0432\u0440\u043e \u0441 \u0414\u0414\u0421 \u043d\u0430 \u043c\u0435\u0441\u0435\u0446. \u041f\u043b\u0430\u0449\u0430\u043d\u0435\u0442\u043e \u0449\u0435 \u0431\u044a\u0434\u0435 \u0430\u0432\u0442\u043e\u043c\u0430\u0442\u0438\u0447\u043d\u043e \u0434\u0435\u0431\u0438\u0442\u0438\u0440\u0430\u043d\u043e \u043e\u0442 \u043a\u0440\u0435\u0434\u0438\u0442\u043d\u0430\u0442\u0430 \u0432\u0438 \u043a\u0430\u0440\u0442\u0430 \u0432\u0441\u0435\u043a\u0438 \u043c\u0435\u0441\u0435\u0446 \u043d\u0430 \u0434\u0430\u0442\u0430\u0442\u0430 \u043d\u0430 \u0433\u043e\u0434\u0438\u0448\u043d\u0438\u043d\u0430\u0442\u0430.<\/p>\n<p>\u041c\u043e\u0436\u0435\u0442\u0435 \u0434\u0430 \u043f\u0440\u0435\u043a\u0440\u0430\u0442\u0438\u0442\u0435 \u0430\u0431\u043e\u043d\u0430\u043c\u0435\u043d\u0442\u0430 \u0441\u0438 \u043f\u043e \u0432\u0441\u044f\u043a\u043e \u0432\u0440\u0435\u043c\u0435 \u0438 \u0431\u0435\u0437\u0443\u0441\u043b\u043e\u0432\u043d\u043e \u0434\u0438\u0440\u0435\u043a\u0442\u043d\u043e \u043d\u0430 \u0442\u0430\u0437\u0438 \u0441\u0442\u0440\u0430\u043d\u0438\u0446\u0430:\u00a0<a href=\"https:\/\/talkto.ac\/bg\/se-desabonner\/\">https:\/\/talkto.ac\/se-desabonner\/<\/a><\/p>\n<p>\u0417\u0430 \u0434\u0430 \u043f\u0440\u0435\u043a\u0440\u0430\u0442\u0438\u0442\u0435 \u0430\u0431\u043e\u043d\u0430\u043c\u0435\u043d\u0442\u0430 \u0441\u0438, \u043c\u043e\u043b\u044f, \u0441\u0432\u044a\u0440\u0436\u0435\u0442\u0435 \u0441\u0435 \u0441 \u043d\u0430\u0448\u0430\u0442\u0430 \u0441\u043b\u0443\u0436\u0431\u0430 \u0437\u0430 \u043e\u0431\u0441\u043b\u0443\u0436\u0432\u0430\u043d\u0435 \u043d\u0430 \u043a\u043b\u0438\u0435\u043d\u0442\u0438 \u043f\u043e \u0438\u043c\u0435\u0439\u043b \u043d\u0430 \u0430\u0434\u0440\u0435\u0441\u00a0<a href=\"mailto:contact.talkto1@gmail.com\">contact.talkto1@gmail.com<\/a>\u0438\u043b\u0438 \u0447\u0440\u0435\u0437 \u043d\u0430\u0448\u0438\u044f \u0444\u043e\u0440\u043c\u0443\u043b\u044f\u0440 \u0437\u0430 \u043a\u043e\u043d\u0442\u0430\u043a\u0442, \u043a\u0430\u0442\u043e \u043f\u043e\u0441\u043b\u0435\u0434\u0432\u0430\u0442\u0435 \u0442\u0430\u0437\u0438 \u0432\u0440\u044a\u0437\u043a\u0430:\u00a0<a href=\"https:\/\/talkto.ac\/bg\/contact\/\">https:\/\/talkto.ac\/contact\/<\/a><\/p>\n<p>www.talkto.ac \u043d\u0435 \u043f\u0440\u0435\u043f\u0440\u043e\u0434\u0430\u0432\u0430 \u0438\u043d\u0444\u043e\u0440\u043c\u0430\u0446\u0438\u044f \u0437\u0430 \u043a\u043b\u0438\u0435\u043d\u0442\u0438\u0442\u0435; \u043b\u0438\u0447\u043d\u0438\u0442\u0435 \u0434\u0430\u043d\u043d\u0438 \u0441\u0435 \u0438\u0437\u043f\u043e\u043b\u0437\u0432\u0430\u0442 \u0435\u0434\u0438\u043d\u0441\u0442\u0432\u0435\u043d\u043e \u0441 \u0446\u0435\u043b \u043a\u043e\u043c\u0443\u043d\u0438\u043a\u0430\u0446\u0438\u044f \u0441 \u043a\u043b\u0438\u0435\u043d\u0442\u0438\u0442\u0435 \u0438 \u043f\u0440\u0435\u0434\u043e\u0441\u0442\u0430\u0432\u044f\u043d\u0435 \u043d\u0430 \u0436\u0435\u043b\u0430\u043d\u043e\u0442\u043e \u043d\u0438\u0432\u043e \u043d\u0430 \u043e\u0431\u0441\u043b\u0443\u0436\u0432\u0430\u043d\u0435.<\/p>\n<p>www.talkto.ac \u0438\u0437\u043f\u043e\u043b\u0437\u0432\u0430 \u0434\u043e\u0441\u0442\u0430\u0432\u0447\u0438\u0446\u0438 \u043d\u0430 \u043f\u043b\u0430\u0442\u0435\u0436\u043d\u0438 \u0443\u0441\u043b\u0443\u0433\u0438, \u043a\u043e\u0438\u0442\u043e \u043e\u0442\u0433\u043e\u0432\u0430\u0440\u044f\u0442 \u043d\u0430 \u0438\u0437\u0438\u0441\u043a\u0432\u0430\u043d\u0438\u0442\u0435 \u0441\u0442\u0430\u043d\u0434\u0430\u0440\u0442\u0438 \u0437\u0430 \u0441\u0438\u0433\u0443\u0440\u043d\u043e\u0441\u0442 PCI DSS.<\/p>\n<p>[\/et_pb_text][\/et_pb_column][\/et_pb_row][\/et_pb_section]<\/p>","protected":false},"excerpt":{"rendered":"<p>Conditions de paiements recurrentsCELLO POP SL, dont le si\u00e8ge social est situ\u00e9 \u00e0 AVENIDA EUROPA (ED ATICA 5,), 26 &#8211; 2 PLT 28224, Madrid \u2013 VAT : ESB70809629 D\u00e9l\u00e8gue \u00e0\u00a0: La soci\u00e9t\u00e9 SAS FRIENDZ. Si\u00e8ge Social\u00a0:\u00a0 9, rue de Paris &#8211; 94100 St-Maur-Des-Foss\u00e9s. Siren 891 437 535 NAF\u00a0: 62.01Z\u2013 Capital social de 1.200,00 \u20ac. TVA [&hellip;]<\/p>","protected":false},"author":1,"featured_media":0,"parent":0,"menu_order":0,"comment_status":"closed","ping_status":"closed","template":"","meta":{"_et_pb_use_builder":"on","_et_pb_old_content":"","_et_gb_content_width":"","inline_featured_image":false,"footnotes":""},"class_list":["post-1033","page","type-page","status-publish","hentry"],"_links":{"self":[{"href":"https:\/\/talkto.ac\/bg\/wp-json\/wp\/v2\/pages\/1033","targetHints":{"allow":["GET"]}}],"collection":[{"href":"https:\/\/talkto.ac\/bg\/wp-json\/wp\/v2\/pages"}],"about":[{"href":"https:\/\/talkto.ac\/bg\/wp-json\/wp\/v2\/types\/page"}],"author":[{"embeddable":true,"href":"https:\/\/talkto.ac\/bg\/wp-json\/wp\/v2\/users\/1"}],"replies":[{"embeddable":true,"href":"https:\/\/talkto.ac\/bg\/wp-json\/wp\/v2\/comments?post=1033"}],"version-history":[{"count":8,"href":"https:\/\/talkto.ac\/bg\/wp-json\/wp\/v2\/pages\/1033\/revisions"}],"predecessor-version":[{"id":3504,"href":"https:\/\/talkto.ac\/bg\/wp-json\/wp\/v2\/pages\/1033\/revisions\/3504"}],"wp:attachment":[{"href":"https:\/\/talkto.ac\/bg\/wp-json\/wp\/v2\/media?parent=1033"}],"curies":[{"name":"wp","href":"https:\/\/api.w.org\/{rel}","templated":true}]}}