{"id":26,"date":"2023-08-18T13:35:23","date_gmt":"2023-08-18T13:35:23","guid":{"rendered":"https:\/\/talkto.ac\/?page_id=26"},"modified":"2026-03-20T11:39:47","modified_gmt":"2026-03-20T11:39:47","slug":"comment-ca-marche","status":"publish","type":"page","link":"https:\/\/talkto.ac\/be\/comment-ca-marche\/","title":{"rendered":"Comment \u00e7a marche ?"},"content":{"rendered":"<p>[et_pb_section fb_built=&#8221;1&#8243; custom_padding_last_edited=&#8221;on|tablet&#8221; module_class=&#8221;custom-steps&#8221; _builder_version=&#8221;4.23.4&#8243; _module_preset=&#8221;default&#8221; width=&#8221;85%&#8221; module_alignment=&#8221;center&#8221; custom_padding=&#8221;||||false|true&#8221; custom_padding_tablet=&#8221;|100px||100px|false|true&#8221; custom_padding_phone=&#8221;|0px||0px|false|true&#8221; global_colors_info=&#8221;{}&#8221;][et_pb_row _builder_version=&#8221;4.23.4&#8243; _module_preset=&#8221;default&#8221; global_colors_info=&#8221;{}&#8221;][et_pb_column type=&#8221;4_4&#8243; _builder_version=&#8221;4.17.6&#8243; _module_preset=&#8221;default&#8221; global_colors_info=&#8221;{}&#8221;][et_pb_text module_class=&#8221;custom-title&#8221; _builder_version=&#8221;4.17.6&#8243; _module_preset=&#8221;default&#8221; global_colors_info=&#8221;{}&#8221;]<\/p>\n<h2>Comment \u00e7a marche ?<\/h2>\n<p>[\/et_pb_text][\/et_pb_column][\/et_pb_row][et_pb_row _builder_version=&#8221;4.17.6&#8243; _module_preset=&#8221;default&#8221; width=&#8221;60%&#8221; width_tablet=&#8221;60%&#8221; width_phone=&#8221;60%&#8221; width_last_edited=&#8221;on|tablet&#8221; module_alignment=&#8221;right&#8221; custom_margin=&#8221;0px||||false|false&#8221; custom_padding=&#8221;0px||||false|false&#8221; global_colors_info=&#8221;{}&#8221;][et_pb_column type=&#8221;4_4&#8243; _builder_version=&#8221;4.17.6&#8243; _module_preset=&#8221;default&#8221; global_colors_info=&#8221;{}&#8221;][et_pb_image src=&#8221;https:\/\/talkto.ac\/wp-content\/uploads\/2023\/08\/01.png&#8221; title_text=&#8221;01&#8243; align=&#8221;right&#8221; module_class=&#8221;steps-img&#8221; _builder_version=&#8221;4.17.6&#8243; _module_preset=&#8221;default&#8221; width_tablet=&#8221;&#8221; width_phone=&#8221;80%&#8221; width_last_edited=&#8221;on|phone&#8221; global_colors_info=&#8221;{}&#8221;][\/et_pb_image][\/et_pb_column][\/et_pb_row][et_pb_row column_structure=&#8221;1_4,3_4&#8243; custom_padding_last_edited=&#8221;on|phone&#8221; module_class=&#8221;steps&#8221; _builder_version=&#8221;4.23.4&#8243; _module_preset=&#8221;default&#8221; background_enable_image=&#8221;off&#8221; background_size=&#8221;contain&#8221; width=&#8221;58%&#8221; width_tablet=&#8221;65%&#8221; width_phone=&#8221;100%&#8221; width_last_edited=&#8221;on|phone&#8221; module_alignment=&#8221;right&#8221; custom_margin=&#8221;0px||0px||false|false&#8221; custom_padding=&#8221;30px|40px|60px|40px|false|true&#8221; custom_padding_tablet=&#8221;30px|40px|60px|40px|false|true&#8221; custom_padding_phone=&#8221;40px|30px|60px|30px|false|true&#8221; module_alignment_tablet=&#8221;center&#8221; module_alignment_phone=&#8221;center&#8221; module_alignment_last_edited=&#8221;on|tablet&#8221; border_radii=&#8221;on|50px|50px|50px|50px&#8221; border_radii_tablet=&#8221;on|50px|50px|50px|50px&#8221; border_radii_phone=&#8221;on|50px|50px|50px|50px&#8221; border_radii_last_edited=&#8221;on|phone&#8221; box_shadow_style=&#8221;preset1&#8243; box_shadow_horizontal=&#8221;3px&#8221; box_shadow_vertical=&#8221;6px&#8221; box_shadow_blur=&#8221;10px&#8221; box_shadow_color=&#8221;rgba(0,0,0,0.16)&#8221; global_colors_info=&#8221;{}&#8221; custom_css_before_last_edited=&#8221;on|tablet&#8221; custom_css_before_tablet=&#8221;    content: &#8221;;||   ||&#8221; custom_css_before_phone=&#8221;    content: &#8221;;||   ||||&#8221;][et_pb_column type=&#8221;1_4&#8243; _builder_version=&#8221;4.17.6&#8243; _module_preset=&#8221;default&#8221; global_colors_info=&#8221;{}&#8221;][et_pb_image src=&#8221;https:\/\/talkto.ac\/wp-content\/uploads\/2023\/08\/Etape01.svg&#8221; title_text=&#8221;Etape01&#8243; align_tablet=&#8221;center&#8221; align_phone=&#8221;center&#8221; align_last_edited=&#8221;on|tablet&#8221; module_class=&#8221;steps-illustrations&#8221; _builder_version=&#8221;4.17.6&#8243; _module_preset=&#8221;default&#8221; width_tablet=&#8221;&#8221; width_phone=&#8221;60%&#8221; width_last_edited=&#8221;on|phone&#8221; custom_margin=&#8221;30px||||false|false&#8221; global_colors_info=&#8221;{}&#8221;][\/et_pb_image][\/et_pb_column][et_pb_column type=&#8221;3_4&#8243; _builder_version=&#8221;4.17.6&#8243; _module_preset=&#8221;default&#8221; global_colors_info=&#8221;{}&#8221;][et_pb_text _builder_version=&#8221;4.23.4&#8243; _module_preset=&#8221;default&#8221; text_text_color=&#8221;#484848&#8243; text_font_size=&#8221;16px&#8221; header_4_font=&#8221;|700|||||||&#8221; header_4_text_color=&#8221;#484848&#8243; header_4_font_size=&#8221;20px&#8221; header_4_line_height=&#8221;2.2em&#8221; header_4_text_align_tablet=&#8221;center&#8221; header_4_text_align_phone=&#8221;center&#8221; header_4_text_align_last_edited=&#8221;on|tablet&#8221; header_4_font_size_tablet=&#8221;20px&#8221; header_4_font_size_phone=&#8221;22px&#8221; header_4_font_size_last_edited=&#8221;on|phone&#8221; global_colors_info=&#8221;{}&#8221;]<\/p>\n<h4>Faites le premier test<\/h4>\n<p>Ce test est con\u00e7u afin d&#8217;\u00eatre le plus fiable et complet possible. Pour cela, il vous faudra r\u00e9pondre aux questions sans vous aider de supports divers. Plus vous r\u00e9pondrez aux questions sans les passer, plus les r\u00e9sultats seront pr\u00e9cis.<\/p>\n<p>[\/et_pb_text][et_pb_button button_url=&#8221;@ET-DC@eyJkeW5hbWljIjp0cnVlLCJjb250ZW50IjoicG9zdF9saW5rX3VybF9wYWdlIiwic2V0dGluZ3MiOnsicG9zdF9pZCI6IjIxIn19@&#8221; button_text=&#8221;Commencer le test&#8221; module_class=&#8221;custom-btn center&#8221; _builder_version=&#8221;4.23.4&#8243; _dynamic_attributes=&#8221;button_url&#8221; _module_preset=&#8221;default&#8221; global_colors_info=&#8221;{}&#8221;][\/et_pb_button][\/et_pb_column][\/et_pb_row][et_pb_row _builder_version=&#8221;4.23.4&#8243; _module_preset=&#8221;default&#8221; width=&#8221;60%&#8221; width_tablet=&#8221;60%&#8221; width_phone=&#8221;60%&#8221; width_last_edited=&#8221;on|tablet&#8221; module_alignment=&#8221;left&#8221; custom_margin=&#8221;0px||0px||false|false&#8221; custom_margin_tablet=&#8221;||0px||false|false&#8221; custom_margin_phone=&#8221;0px||0px||false|false&#8221; custom_margin_last_edited=&#8221;on|tablet&#8221; custom_padding=&#8221;0px||0px||false|false&#8221; global_colors_info=&#8221;{}&#8221;][et_pb_column type=&#8221;4_4&#8243; _builder_version=&#8221;4.17.6&#8243; _module_preset=&#8221;default&#8221; global_colors_info=&#8221;{}&#8221;][et_pb_image src=&#8221;https:\/\/talkto.ac\/wp-content\/uploads\/2023\/08\/02.png&#8221; title_text=&#8221;02&#8243; module_class=&#8221;steps-img&#8221; _builder_version=&#8221;4.17.6&#8243; _module_preset=&#8221;default&#8221; width_tablet=&#8221;&#8221; width_phone=&#8221;80%&#8221; width_last_edited=&#8221;on|phone&#8221; global_colors_info=&#8221;{}&#8221;][\/et_pb_image][\/et_pb_column][\/et_pb_row][et_pb_row column_structure=&#8221;1_4,3_4&#8243; custom_padding_last_edited=&#8221;on|desktop&#8221; module_class=&#8221;steps more&#8221; _builder_version=&#8221;4.23.4&#8243; _module_preset=&#8221;default&#8221; background_enable_image=&#8221;off&#8221; background_size=&#8221;contain&#8221; width=&#8221;58%&#8221; width_tablet=&#8221;65%&#8221; width_phone=&#8221;100%&#8221; width_last_edited=&#8221;on|phone&#8221; module_alignment=&#8221;left&#8221; custom_margin=&#8221;0px||0px||false|false&#8221; custom_padding=&#8221;30px|40px|60px|40px|false|true&#8221; custom_padding_tablet=&#8221;30px|40px|60px|40px|false|true&#8221; custom_padding_phone=&#8221;30px|40px|60px|40px|false|true&#8221; module_alignment_tablet=&#8221;center&#8221; module_alignment_phone=&#8221;center&#8221; module_alignment_last_edited=&#8221;on|tablet&#8221; border_radii=&#8221;on|50px|50px|50px|50px&#8221; border_radii_tablet=&#8221;on|50px|50px|50px|50px&#8221; border_radii_phone=&#8221;on|50px|50px|50px|50px&#8221; border_radii_last_edited=&#8221;on|desktop&#8221; box_shadow_style=&#8221;preset1&#8243; box_shadow_horizontal=&#8221;3px&#8221; box_shadow_vertical=&#8221;6px&#8221; box_shadow_blur=&#8221;10px&#8221; box_shadow_color=&#8221;rgba(0,0,0,0.16)&#8221; global_colors_info=&#8221;{}&#8221; custom_css_before_last_edited=&#8221;on|desktop&#8221; custom_css_before_tablet=&#8221;    content: &#8221;;|| ||||&#8221; custom_css_before_phone=&#8221;    content: &#8221;;|| ||&#8221;][et_pb_column type=&#8221;1_4&#8243; _builder_version=&#8221;4.17.6&#8243; _module_preset=&#8221;default&#8221; global_colors_info=&#8221;{}&#8221;][et_pb_image src=&#8221;https:\/\/talkto.ac\/wp-content\/uploads\/2023\/08\/Etape02-1.svg&#8221; title_text=&#8221;Etape02&#8243; align_tablet=&#8221;center&#8221; align_phone=&#8221;center&#8221; align_last_edited=&#8221;on|tablet&#8221; module_class=&#8221;steps-illustrations&#8221; _builder_version=&#8221;4.17.6&#8243; _module_preset=&#8221;default&#8221; width_tablet=&#8221;&#8221; width_phone=&#8221;60%&#8221; width_last_edited=&#8221;on|phone&#8221; custom_margin=&#8221;30px||||false|false&#8221; global_colors_info=&#8221;{}&#8221;][\/et_pb_image][\/et_pb_column][et_pb_column type=&#8221;3_4&#8243; _builder_version=&#8221;4.17.6&#8243; _module_preset=&#8221;default&#8221; global_colors_info=&#8221;{}&#8221;][et_pb_text _builder_version=&#8221;4.17.6&#8243; _module_preset=&#8221;default&#8221; text_text_color=&#8221;#484848&#8243; text_font_size=&#8221;16px&#8221; header_4_font=&#8221;|700|||||||&#8221; header_4_text_color=&#8221;#484848&#8243; header_4_font_size=&#8221;20px&#8221; header_4_line_height=&#8221;2.2em&#8221; header_4_text_align_tablet=&#8221;center&#8221; header_4_text_align_phone=&#8221;center&#8221; header_4_text_align_last_edited=&#8221;on|tablet&#8221; header_4_font_size_tablet=&#8221;20px&#8221; header_4_font_size_phone=&#8221;22px&#8221; header_4_font_size_last_edited=&#8221;on|phone&#8221; global_colors_info=&#8221;{}&#8221;]<\/p>\n<h4>Obtenez vos r\u00e9sultats<\/h4>\n<p>Pour obtenir vos r\u00e9sultats, il vous suffira d&#8217;entrer vos coordonn\u00e9es bancaires et de suivre la proc\u00e9dure indiqu\u00e9e \u00e0 la fin du test.<\/p>\n<p>[\/et_pb_text][\/et_pb_column][\/et_pb_row][et_pb_row _builder_version=&#8221;4.23.4&#8243; _module_preset=&#8221;default&#8221; width=&#8221;60%&#8221; width_tablet=&#8221;60%&#8221; width_phone=&#8221;60%&#8221; width_last_edited=&#8221;on|tablet&#8221; module_alignment=&#8221;right&#8221; custom_margin=&#8221;0px||0px||false|false&#8221; custom_padding=&#8221;0px||0px||false|false&#8221; global_colors_info=&#8221;{}&#8221;][et_pb_column type=&#8221;4_4&#8243; _builder_version=&#8221;4.17.6&#8243; _module_preset=&#8221;default&#8221; global_colors_info=&#8221;{}&#8221;][et_pb_image src=&#8221;https:\/\/talkto.ac\/wp-content\/uploads\/2023\/08\/03.png&#8221; title_text=&#8221;03&#8243; align=&#8221;right&#8221; module_class=&#8221;steps-img&#8221; _builder_version=&#8221;4.17.6&#8243; _module_preset=&#8221;default&#8221; width_tablet=&#8221;&#8221; width_phone=&#8221;80%&#8221; width_last_edited=&#8221;on|phone&#8221; global_colors_info=&#8221;{}&#8221;][\/et_pb_image][\/et_pb_column][\/et_pb_row][et_pb_row column_structure=&#8221;1_4,3_4&#8243; custom_padding_last_edited=&#8221;on|phone&#8221; module_class=&#8221;steps&#8221; _builder_version=&#8221;4.23.4&#8243; _module_preset=&#8221;default&#8221; background_enable_image=&#8221;off&#8221; background_size=&#8221;contain&#8221; width=&#8221;58%&#8221; width_tablet=&#8221;65%&#8221; width_phone=&#8221;100%&#8221; width_last_edited=&#8221;on|phone&#8221; module_alignment=&#8221;right&#8221; custom_margin=&#8221;0px||0px||false|false&#8221; custom_padding=&#8221;30px|40px|60px|40px|false|true&#8221; custom_padding_tablet=&#8221;30px|40px|60px|40px|false|true&#8221; custom_padding_phone=&#8221;40px|30px|60px|30px|false|true&#8221; module_alignment_tablet=&#8221;center&#8221; module_alignment_phone=&#8221;center&#8221; module_alignment_last_edited=&#8221;on|tablet&#8221; border_radii=&#8221;on|50px|50px|50px|50px&#8221; border_radii_tablet=&#8221;on|50px|50px|50px|50px&#8221; border_radii_phone=&#8221;on|50px|50px|50px|50px&#8221; border_radii_last_edited=&#8221;on|phone&#8221; box_shadow_style=&#8221;preset1&#8243; box_shadow_horizontal=&#8221;3px&#8221; box_shadow_vertical=&#8221;6px&#8221; box_shadow_blur=&#8221;10px&#8221; box_shadow_color=&#8221;rgba(0,0,0,0.16)&#8221; global_colors_info=&#8221;{}&#8221; custom_css_before_last_edited=&#8221;on|tablet&#8221; custom_css_before_tablet=&#8221;    content: &#8221;;||   ||&#8221; custom_css_before_phone=&#8221;    content: &#8221;;||   ||||&#8221;][et_pb_column type=&#8221;1_4&#8243; _builder_version=&#8221;4.17.6&#8243; _module_preset=&#8221;default&#8221; global_colors_info=&#8221;{}&#8221;][et_pb_image src=&#8221;https:\/\/talkto.ac\/wp-content\/uploads\/2023\/08\/Etape03-1.svg&#8221; title_text=&#8221;Etape03&#8243; align_tablet=&#8221;center&#8221; align_phone=&#8221;center&#8221; align_last_edited=&#8221;on|tablet&#8221; module_class=&#8221;steps-illustrations&#8221; _builder_version=&#8221;4.17.6&#8243; _module_preset=&#8221;default&#8221; width_tablet=&#8221;&#8221; width_phone=&#8221;60%&#8221; width_last_edited=&#8221;on|phone&#8221; custom_margin=&#8221;30px||||false|false&#8221; global_colors_info=&#8221;{}&#8221;][\/et_pb_image][\/et_pb_column][et_pb_column type=&#8221;3_4&#8243; _builder_version=&#8221;4.17.6&#8243; _module_preset=&#8221;default&#8221; global_colors_info=&#8221;{}&#8221;][et_pb_text _builder_version=&#8221;4.23.4&#8243; _module_preset=&#8221;default&#8221; text_text_color=&#8221;#484848&#8243; text_font_size=&#8221;16px&#8221; header_4_font=&#8221;|700|||||||&#8221; header_4_text_color=&#8221;#484848&#8243; header_4_font_size=&#8221;20px&#8221; header_4_line_height=&#8221;2.2em&#8221; header_4_text_align_tablet=&#8221;center&#8221; header_4_text_align_phone=&#8221;center&#8221; header_4_text_align_last_edited=&#8221;on|tablet&#8221; header_4_font_size_tablet=&#8221;20px&#8221; header_4_font_size_phone=&#8221;22px&#8221; header_4_font_size_last_edited=&#8221;on|phone&#8221; global_colors_info=&#8221;{}&#8221;]<\/p>\n<h4>Consultez vos r\u00e9sultats<\/h4>\n<p>Vous pouvez consulter vos r\u00e9sultats sur votre compte, ou bien, vous pouvez les recevoir par email.<\/p>\n<p>Vous pouvez r\u00e9aliser des centaines de tests diff\u00e9rents en profitant pleinement de votre zone membre durant votre p\u00e9riode d&#8217;essai ou abonnement.<\/p>\n<p>[\/et_pb_text][\/et_pb_column][\/et_pb_row][et_pb_row _builder_version=&#8221;4.23.4&#8243; _module_preset=&#8221;default&#8221; width=&#8221;60%&#8221; width_tablet=&#8221;60%&#8221; width_phone=&#8221;60%&#8221; width_last_edited=&#8221;on|tablet&#8221; module_alignment=&#8221;left&#8221; custom_margin=&#8221;0px||0px||false|false&#8221; custom_margin_tablet=&#8221;||0px||false|false&#8221; custom_margin_phone=&#8221;0px||0px||false|false&#8221; custom_margin_last_edited=&#8221;on|tablet&#8221; custom_padding=&#8221;0px||0px||false|false&#8221; global_colors_info=&#8221;{}&#8221;][et_pb_column type=&#8221;4_4&#8243; _builder_version=&#8221;4.17.6&#8243; _module_preset=&#8221;default&#8221; global_colors_info=&#8221;{}&#8221;][et_pb_image src=&#8221;https:\/\/talkto.ac\/wp-content\/uploads\/2023\/08\/04.png&#8221; title_text=&#8221;04&#8243; module_class=&#8221;steps-img&#8221; _builder_version=&#8221;4.17.6&#8243; _module_preset=&#8221;default&#8221; width_tablet=&#8221;&#8221; width_phone=&#8221;80%&#8221; width_last_edited=&#8221;on|phone&#8221; global_colors_info=&#8221;{}&#8221;][\/et_pb_image][\/et_pb_column][\/et_pb_row][et_pb_row column_structure=&#8221;1_4,3_4&#8243; custom_padding_last_edited=&#8221;on|desktop&#8221; module_class=&#8221;steps more&#8221; _builder_version=&#8221;4.23.4&#8243; _module_preset=&#8221;default&#8221; background_enable_image=&#8221;off&#8221; background_size=&#8221;contain&#8221; width=&#8221;58%&#8221; width_tablet=&#8221;65%&#8221; width_phone=&#8221;100%&#8221; width_last_edited=&#8221;on|phone&#8221; module_alignment=&#8221;left&#8221; custom_margin=&#8221;0px||0px||false|false&#8221; custom_padding=&#8221;30px|40px|60px|40px|false|true&#8221; custom_padding_tablet=&#8221;30px|40px|60px|40px|false|true&#8221; custom_padding_phone=&#8221;30px|40px|60px|40px|false|true&#8221; module_alignment_tablet=&#8221;center&#8221; module_alignment_phone=&#8221;center&#8221; module_alignment_last_edited=&#8221;on|tablet&#8221; border_radii=&#8221;on|50px|50px|50px|50px&#8221; border_radii_tablet=&#8221;on|50px|50px|50px|50px&#8221; border_radii_phone=&#8221;on|50px|50px|50px|50px&#8221; border_radii_last_edited=&#8221;on|desktop&#8221; box_shadow_style=&#8221;preset1&#8243; box_shadow_horizontal=&#8221;3px&#8221; box_shadow_vertical=&#8221;6px&#8221; box_shadow_blur=&#8221;10px&#8221; box_shadow_color=&#8221;rgba(0,0,0,0.16)&#8221; global_colors_info=&#8221;{}&#8221; custom_css_before_last_edited=&#8221;on|desktop&#8221; custom_css_before_tablet=&#8221;    content: &#8221;;|| ||||&#8221; custom_css_before_phone=&#8221;    content: &#8221;;|| ||&#8221;][et_pb_column type=&#8221;1_4&#8243; _builder_version=&#8221;4.17.6&#8243; _module_preset=&#8221;default&#8221; global_colors_info=&#8221;{}&#8221;][et_pb_image src=&#8221;https:\/\/talkto.ac\/wp-content\/uploads\/2023\/08\/Etape04-1.svg&#8221; title_text=&#8221;Etape04&#8243; align_tablet=&#8221;center&#8221; align_phone=&#8221;center&#8221; align_last_edited=&#8221;on|tablet&#8221; module_class=&#8221;steps-illustrations&#8221; _builder_version=&#8221;4.17.6&#8243; _module_preset=&#8221;default&#8221; width_tablet=&#8221;&#8221; width_phone=&#8221;60%&#8221; width_last_edited=&#8221;on|phone&#8221; custom_margin=&#8221;30px||||false|false&#8221; global_colors_info=&#8221;{}&#8221;][\/et_pb_image][\/et_pb_column][et_pb_column type=&#8221;3_4&#8243; _builder_version=&#8221;4.17.6&#8243; _module_preset=&#8221;default&#8221; global_colors_info=&#8221;{}&#8221;][et_pb_text _builder_version=&#8221;4.27.4&#8243; _module_preset=&#8221;default&#8221; text_text_color=&#8221;#484848&#8243; text_font_size=&#8221;16px&#8221; header_4_font=&#8221;|700|||||||&#8221; header_4_text_color=&#8221;#484848&#8243; header_4_font_size=&#8221;20px&#8221; header_4_line_height=&#8221;2.2em&#8221; custom_margin=&#8221;||0px||false|false&#8221; custom_padding=&#8221;||0px||false|false&#8221; hover_enabled=&#8221;0&#8243; header_4_text_align_tablet=&#8221;center&#8221; header_4_text_align_phone=&#8221;center&#8221; header_4_text_align_last_edited=&#8221;on|tablet&#8221; header_4_font_size_tablet=&#8221;20px&#8221; header_4_font_size_phone=&#8221;22px&#8221; header_4_font_size_last_edited=&#8221;on|phone&#8221; global_colors_info=&#8221;{}&#8221; sticky_enabled=&#8221;0&#8243;]<\/p>\n<h4>Et ensuite&#8230;<\/h4>\n<p>Deux options s&#8217;offrent \u00e0 vous :<\/p>\n<ul>\n<li><span>La premi\u00e8re est de vous d\u00e9sinscrire dans un d\u00e9lai de 24 heures. Dans ce cas-l\u00e0, vous serez pr\u00e9lev\u00e9 de 0,50 \u20ac, et ne pourrez plus faire de tests apr\u00e8s les 24 heures.<\/span><\/li>\n<li><span><span>La seconde est de conserver votre abonnement. Apr\u00e8s 24 heures, vous serez pr\u00e9lev\u00e9 de 47,50 \u20ac, et vous aurez acc\u00e8s \u00e0 l&#8217;ensemble des tests durant un mois, avec la possibilit\u00e9 de les refaire autant de fois que vous le souhaitez.<\/span><\/span><\/br>De plus, votre abonnement inclut l&#8217;acc\u00e8s \u00e0 notre <strong><a href=\"https:\/\/talkto.ac\/be\/e-books\/\">biblioth\u00e8que de 22 e-books<\/a><\/strong> \u00e0 t\u00e9l\u00e9charger en PDF : guides sur l&#8217;apprentissage de l&#8217;anglais, la sant\u00e9 mentale, le d\u00e9veloppement personnel et bien plus encore. Tous disponibles imm\u00e9diatement dans votre espace membre.\n<p><\/br>Chaque mois, nous ajoutons \u00e9galement de nouveaux tests et e-books afin d&#8217;approfondir vos connaissances et d&#8217;am\u00e9liorer votre niveau d&#8217;anglais.<\/li>\n<\/ul>\n<p>[\/et_pb_text][et_pb_button button_url=&#8221;@ET-DC@eyJkeW5hbWljIjp0cnVlLCJjb250ZW50IjoicG9zdF9saW5rX3VybF9wYWdlIiwic2V0dGluZ3MiOnsicG9zdF9pZCI6IjgyNyJ9fQ==@&#8221; button_text=&#8221;Se d\u00e9sabonner&#8221; button_alignment=&#8221;center&#8221; disabled_on=&#8221;off|off|off&#8221; module_class=&#8221;custom-btn center blue&#8221; _builder_version=&#8221;4.23.4&#8243; _dynamic_attributes=&#8221;button_url&#8221; _module_preset=&#8221;default&#8221; button_bg_color=&#8221;#54a1d6&#8243; custom_margin=&#8221;0px||0px||true|false&#8221; custom_padding=&#8221;|50px||50px|false|true&#8221; custom_padding_tablet=&#8221;|50px||50px|false|true&#8221; custom_padding_phone=&#8221;|20px||20px|false|true&#8221; custom_padding_last_edited=&#8221;on|desktop&#8221; button_text_size_tablet=&#8221;&#8221; button_text_size_phone=&#8221;18px&#8221; button_text_size_last_edited=&#8221;on|phone&#8221; locked=&#8221;off&#8221; global_colors_info=&#8221;{}&#8221;][\/et_pb_button][\/et_pb_column][\/et_pb_row][\/et_pb_section]<\/p>","protected":false},"excerpt":{"rendered":"<p>Comment \u00e7a marche ?Faites le premier test Ce test est con\u00e7u afin d&#8217;\u00eatre le plus fiable et complet possible. Pour cela, il vous faudra r\u00e9pondre aux questions sans vous aider de supports divers. Plus vous r\u00e9pondrez aux questions sans les passer, plus les r\u00e9sultats seront pr\u00e9cis.Obtenez vos r\u00e9sultats Pour obtenir vos r\u00e9sultats, il vous suffira [&hellip;]<\/p>","protected":false},"author":1,"featured_media":0,"parent":0,"menu_order":0,"comment_status":"closed","ping_status":"closed","template":"","meta":{"_et_pb_use_builder":"on","_et_pb_old_content":"<!-- wp:divi\/placeholder \/-->","_et_gb_content_width":"","inline_featured_image":false,"footnotes":""},"class_list":["post-26","page","type-page","status-publish","hentry"],"_links":{"self":[{"href":"https:\/\/talkto.ac\/be\/wp-json\/wp\/v2\/pages\/26","targetHints":{"allow":["GET"]}}],"collection":[{"href":"https:\/\/talkto.ac\/be\/wp-json\/wp\/v2\/pages"}],"about":[{"href":"https:\/\/talkto.ac\/be\/wp-json\/wp\/v2\/types\/page"}],"author":[{"embeddable":true,"href":"https:\/\/talkto.ac\/be\/wp-json\/wp\/v2\/users\/1"}],"replies":[{"embeddable":true,"href":"https:\/\/talkto.ac\/be\/wp-json\/wp\/v2\/comments?post=26"}],"version-history":[{"count":62,"href":"https:\/\/talkto.ac\/be\/wp-json\/wp\/v2\/pages\/26\/revisions"}],"predecessor-version":[{"id":3672,"href":"https:\/\/talkto.ac\/be\/wp-json\/wp\/v2\/pages\/26\/revisions\/3672"}],"wp:attachment":[{"href":"https:\/\/talkto.ac\/be\/wp-json\/wp\/v2\/media?parent=26"}],"curies":[{"name":"wp","href":"https:\/\/api.w.org\/{rel}","templated":true}]}}