{"id":39,"date":"2023-08-18T13:37:08","date_gmt":"2023-08-18T13:37:08","guid":{"rendered":"https:\/\/talkto.ac\/?page_id=39"},"modified":"2026-02-03T13:25:25","modified_gmt":"2026-02-03T13:25:25","slug":"protection-des-donnees","status":"publish","type":"page","link":"https:\/\/talkto.ac\/at\/protection-des-donnees\/","title":{"rendered":"Schutz der Daten"},"content":{"rendered":"<p>[et_pb_section fb_built=&#8221;1&#8243; admin_label=&#8221;Header&#8221; _builder_version=&#8221;4.17.6&#8243; custom_margin=&#8221;0px||||false|false&#8221; custom_padding=&#8221;0px||||false|false&#8221; locked=&#8221;off&#8221; global_colors_info=&#8221;{}&#8221;][et_pb_row column_structure=&#8221;1_2,1_2&#8243; custom_padding_last_edited=&#8221;on|phone&#8221; module_class=&#8221;custom-header&#8221; _builder_version=&#8221;4.17.6&#8243; _module_preset=&#8221;default&#8221; width=&#8221;70%&#8221; width_tablet=&#8221;&#8221; width_phone=&#8221;78%&#8221; width_last_edited=&#8221;on|desktop&#8221; custom_margin_tablet=&#8221;&#8221; custom_margin_phone=&#8221;0px||0px||true|false&#8221; custom_margin_last_edited=&#8221;on|phone&#8221; custom_padding_tablet=&#8221;&#8221; custom_padding_phone=&#8221;0px||0px||true|false&#8221; global_colors_info=&#8221;{}&#8221;][et_pb_column type=&#8221;1_2&#8243; _builder_version=&#8221;4.17.6&#8243; _module_preset=&#8221;default&#8221; global_colors_info=&#8221;{}&#8221;][et_pb_text _builder_version=&#8221;4.17.6&#8243; _module_preset=&#8221;default&#8221; custom_margin=&#8221;80px||||false|false&#8221; custom_margin_tablet=&#8221;0px||||false|false&#8221; custom_margin_phone=&#8221;0px||0px||false|false&#8221; custom_margin_last_edited=&#8221;on|tablet&#8221; custom_padding=&#8221;||0px||false|false&#8221; header_text_align_tablet=&#8221;&#8221; header_text_align_phone=&#8221;center&#8221; header_text_align_last_edited=&#8221;on|phone&#8221; global_colors_info=&#8221;{}&#8221;]<\/p>\n<h1>Schutz von<br \/>\n<span class=\"bigger\">Daten<\/span><\/h1>\n<p>[\/et_pb_text][et_pb_button button_url=&#8221;https:\/\/talkto.ac\/passer-le-test\/&#8221; button_text=&#8221;Commencer le test&#8221; button_alignment=&#8221;center&#8221; disabled_on=&#8221;on|off|off&#8221; module_class=&#8221;custom-btn &#8221; _builder_version=&#8221;4.17.6&#8243; _dynamic_attributes=&#8221;button_url&#8221; _module_preset=&#8221;default&#8221; custom_margin=&#8221;||||true|false&#8221; locked=&#8221;off&#8221; global_colors_info=&#8221;{}&#8221;][\/et_pb_button][\/et_pb_column][et_pb_column type=&#8221;1_2&#8243; _builder_version=&#8221;4.17.6&#8243; _module_preset=&#8221;default&#8221; global_colors_info=&#8221;{}&#8221;][et_pb_image src=&#8221;https:\/\/talkto.ac\/wp-content\/uploads\/2023\/08\/Legal.svg&#8221; title_text=&#8221;Legal&#8221; align_tablet=&#8221;&#8221; align_phone=&#8221;center&#8221; align_last_edited=&#8221;on|phone&#8221; _builder_version=&#8221;4.17.6&#8243; _module_preset=&#8221;default&#8221; positioning=&#8221;relative&#8221; horizontal_offset=&#8221;-3vw&#8221; vertical_offset_tablet=&#8221;&#8221; vertical_offset_phone=&#8221;-5vh&#8221; vertical_offset_last_edited=&#8221;on|phone&#8221; horizontal_offset_tablet=&#8221;-3vw&#8221; horizontal_offset_phone=&#8221;-30vw&#8221; horizontal_offset_last_edited=&#8221;on|desktop&#8221; width_tablet=&#8221;&#8221; width_phone=&#8221;130vw&#8221; width_last_edited=&#8221;on|phone&#8221; custom_margin_tablet=&#8221;&#8221; custom_margin_phone=&#8221;0px||||false|false&#8221; custom_margin_last_edited=&#8221;on|phone&#8221; custom_padding_tablet=&#8221;&#8221; custom_padding_phone=&#8221;0px||||false|false&#8221; custom_padding_last_edited=&#8221;on|phone&#8221; global_colors_info=&#8221;{}&#8221;][\/et_pb_image][et_pb_button button_url=&#8221;https:\/\/talkto.ac\/passer-le-test\/&#8221; button_text=&#8221;Commencer le test&#8221; button_alignment=&#8221;center&#8221; disabled_on=&#8221;off|on|on&#8221; module_class=&#8221;custom-btn center&#8221; _builder_version=&#8221;4.17.6&#8243; _dynamic_attributes=&#8221;button_url&#8221; _module_preset=&#8221;default&#8221; custom_margin=&#8221;||||true|false&#8221; locked=&#8221;off&#8221; global_colors_info=&#8221;{}&#8221;][\/et_pb_button][\/et_pb_column][\/et_pb_row][\/et_pb_section][et_pb_section fb_built=&#8221;1&#8243; _builder_version=&#8221;4.17.6&#8243; _module_preset=&#8221;default&#8221; locked=&#8221;off&#8221; global_colors_info=&#8221;{}&#8221;][et_pb_row _builder_version=&#8221;4.17.6&#8243; _module_preset=&#8221;default&#8221; global_colors_info=&#8221;{}&#8221;][et_pb_column type=&#8221;4_4&#8243; _builder_version=&#8221;4.17.6&#8243; _module_preset=&#8221;default&#8221; global_colors_info=&#8221;{}&#8221;][et_pb_text _builder_version=&#8221;4.27.4&#8243; _module_preset=&#8221;default&#8221; hover_enabled=&#8221;0&#8243; global_colors_info=&#8221;{}&#8221; sticky_enabled=&#8221;0&#8243; locked=&#8221;off&#8221;]<\/p>\n<p><strong>CELLO POP SL<\/strong>mit eingetragenem Sitz in AVENIDA EUROPA (ED ATICA 5,), 26 - 2 PLT 28224, Madrid - VAT: ESB70809629<\/p>\n<p>Delegiert an :<\/p>\n<p>Das Unternehmen SAS FRIENDZ. Eingetragener Sitz: 9, rue de Paris - 94100 St-Maur-Des-Foss\u00e9s. Siren 891 437 535 NAF: 62.01Z- Stammkapital von 1.200,00 \u20ac. MwSt.-Inhaber FR16891437535<\/p>\n<p>Die Vermarktung aller auf der Website verbreiteten Inhalte\u00a0<a href=\"http:\/\/www.talkt.ac\/\" target=\"_blank\" rel=\"noopener\">www.talkto.ac<\/a>gem\u00e4\u00df den Bestimmungen des zwischen den beiden Parteien geschlossenen Vertrags<\/p>\n<p>Letzte Aktualisierung: 08. Juli 2025<\/p>\n<p>[\/et_pb_text][et_pb_text module_class=&#8221;custom-title&#8221; _builder_version=&#8221;4.17.6&#8243; _module_preset=&#8221;default&#8221; global_colors_info=&#8221;{}&#8221;]<\/p>\n<h2>Pr\u00e4ambel<\/h2>\n<p>[\/et_pb_text][et_pb_text _builder_version=&#8221;4.27.4&#8243; _module_preset=&#8221;default&#8221; global_colors_info=&#8221;{}&#8221;]<\/p>\n<p>Die Fortsetzung der Navigation auf unserer Website https:\/\/talkto.ac\/ (im Folgenden \"die Website\") gilt als vorbehaltlose Annahme der folgenden Bestimmungen und Nutzungsbedingungen (im Folgenden \"UGC\") durch die Besucher der Website (im Folgenden \"Nutzer\"). Vor der Nutzung der Funktionen unserer Website best\u00e4tigt der Nutzer, dass er diese AGB gelesen hat und ihnen zustimmt.<\/p>\n<p>&nbsp;<\/p>\n<p>Die derzeit online verf\u00fcgbare Version unserer AGB ist w\u00e4hrend der gesamten Dauer der Nutzung der Website und bis zu dem Zeitpunkt, an dem wir sie durch eine neue Version ersetzen, die einzig verbindliche Version.<\/p>\n<p>&nbsp;<\/p>\n<p>Die Website wird von den Firmen <strong>CELLO POP SL<\/strong> (im Folgenden der \"Verk\u00e4ufer\" oder \"TALKTO\"), die sich das Recht vorbeh\u00e4lt, die vorliegenden Bedingungen jederzeit zu \u00e4ndern. Jede Nutzung unserer Website nach einer \u00c4nderung der AGB gilt als unwiderrufliche Annahme der neuen Version durch den Nutzer. Im Falle einer Nicht\u00fcbereinstimmung mit unseren AGB wird der Nutzer aufgefordert, unsere Website nicht mehr zu nutzen.<\/p>\n<p>[\/et_pb_text][et_pb_text module_class=&#8221;custom-title&#8221; _builder_version=&#8221;4.17.6&#8243; _module_preset=&#8221;default&#8221; global_colors_info=&#8221;{}&#8221;]<\/p>\n<h2>Artikel 1 - Begriffsbestimmungen<\/h2>\n<p>[\/et_pb_text][et_pb_text _builder_version=&#8221;4.17.6&#8243; _module_preset=&#8221;default&#8221; global_colors_info=&#8221;{}&#8221;]<\/p>\n<p>Auf unserer Website haben die folgenden Begriffe die folgende Bedeutung:<\/p>\n<p>&nbsp;<\/p>\n<p>\"Inhalt\": bezeichnet die Gesamtheit der Elemente, die die Informationen auf unserer Website ausmachen (Texte, Bilder, Videos, Algorithmen, Software, Widgets usw.) und die ihr Funktionieren, die Information des Nutzers und die Pr\u00e4sentation unserer Dienstleistungen erm\u00f6glichen ;<\/p>\n<p>&nbsp;<\/p>\n<p>\"Geistige Eigentumsrechte\": bezeichnet alle geistigen Eigentumsrechte und damit verbundenen Rechte (Urheberrechte, Markenrechte, Patentrechte, Handelsnamen, Datenbanken usw.), wie sie durch den Code de la Propri\u00e9t\u00e9 Intellectuelle gesch\u00fctzt sind, der durch das Gesetz Nr. 92-587 vom 1. Juli 1992 geschaffen wurde und dessen geltende Fassung zum Zeitpunkt des Besuchs der Website durch den Nutzer anwendbar ist ;<\/p>\n<p>&nbsp;<\/p>\n<p>\"Funktionen\": bezeichnet alle Funktionen, die unseren Nutzern \u00fcber unsere Website zur Verf\u00fcgung gestellt werden;<\/p>\n<p>&nbsp;<\/p>\n<p>\"Website\": bezeichnet die vom Verk\u00e4ufer betriebene und dem Nutzer zur Verf\u00fcgung gestellte Website https:\/\/talkto.ac\/ ;<\/p>\n<p>&nbsp;<\/p>\n<p>\"Nutzer\": bezeichnet jede Person, die unsere Website nutzt und Zugang zu ihren Inhalten hat.<\/p>\n<p>[\/et_pb_text][et_pb_text module_class=&#8221;custom-title&#8221; _builder_version=&#8221;4.17.6&#8243; _module_preset=&#8221;default&#8221; global_colors_info=&#8221;{}&#8221;]<\/p>\n<h2>Artikel 2 - Rechtliche Hinweise<\/h2>\n<p>[\/et_pb_text][et_pb_text _builder_version=&#8221;4.17.6&#8243; _module_preset=&#8221;default&#8221; global_colors_info=&#8221;{}&#8221;]<\/p>\n<p>In Anwendung des Gesetzes Nr. 2004-575 vom 21. Juni 2004 \u00fcber das Vertrauen in die digitale Wirtschaft wird den Nutzern unserer Website die Identit\u00e4t der an der Erstellung und Betreuung der Website beteiligten Personen mitgeteilt:<\/p>\n<p>&nbsp;<\/p>\n<p>Redaktioneller Verantwortlicher: Carlo Ela contact.talkto1@gmail.com .<\/p>\n<p>&nbsp;<\/p>\n<p>Hosting: Kinsta, 8605 Santa Monica Blvd #92581 West Hollywood, CA 90069 - USA. https:\/\/kinsta.com\/fr\/<\/p>\n<p>&nbsp;<\/p>\n<p>Entwickler : TALKTO<\/p>\n<p>&nbsp;<\/p>\n<p>Datenschutzbeauftragter: Carlo Ela contact.talkto1@gmail.com.<\/p>\n<p>[\/et_pb_text][et_pb_text module_class=&#8221;custom-title&#8221; _builder_version=&#8221;4.17.6&#8243; _module_preset=&#8221;default&#8221; global_colors_info=&#8221;{}&#8221;]<\/p>\n<h2>Artikel 3 - Schutz personenbezogener Daten<\/h2>\n<p>[\/et_pb_text][et_pb_text _builder_version=&#8221;4.17.6&#8243; _module_preset=&#8221;default&#8221; global_colors_info=&#8221;{}&#8221;]<\/p>\n<p>F\u00fcr die Nutzung unserer Website werden wir bestimmte personenbezogene Daten der Nutzer verarbeiten. Diese Verarbeitung erfolgt unter Einhaltung des ge\u00e4nderten Gesetzes Nr. 78-17 vom 6. Januar 1978 \u00fcber Informatik, Dateien und Freiheiten (sog. \"Loi Informatique et Libert\u00e9s\") und der Datenschutzrichtlinie, die auf der entsprechenden Registerkarte auf unserer Website zug\u00e4nglich ist.<\/p>\n<p>[\/et_pb_text][et_pb_text module_class=&#8221;custom-title&#8221; _builder_version=&#8221;4.17.6&#8243; _module_preset=&#8221;default&#8221; global_colors_info=&#8221;{}&#8221;]<\/p>\n<h2>Artikel 4 - Zugang zur Website<\/h2>\n<p>[\/et_pb_text][et_pb_text _builder_version=&#8221;4.17.6&#8243; _module_preset=&#8221;default&#8221; global_colors_info=&#8221;{}&#8221;]<\/p>\n<p>Der Zugang zur Website und ihre Nutzung sind ausschlie\u00dflich f\u00fcr den pers\u00f6nlichen Gebrauch bestimmt. Der Nutzer verpflichtet sich, die Website und die darin enthaltenen Informationen oder Daten nicht zu kommerziellen, politischen oder Werbezwecken sowie f\u00fcr jede Form von kommerzieller Werbung und insbesondere f\u00fcr den Versand von unerw\u00fcnschten E-Mails zu nutzen.<\/p>\n<p>&nbsp;<\/p>\n<p>Der Zugang zur Website ist vollj\u00e4hrigen Personen vorbehalten. Der Herausgeber beh\u00e4lt sich das Recht vor, einen Altersnachweis zu verlangen, insbesondere wenn Sie Online-Bestelldienste nutzen. Der Herausgeber kann nicht f\u00fcr den Zugang von Minderj\u00e4hrigen zur Website haftbar gemacht werden, ebenso wenig wie f\u00fcr falsche oder irref\u00fchrende Informationen, die von den Nutzern der Website angegeben werden.<\/p>\n<p>&nbsp;<\/p>\n<p>Die Nutzerinnen und Nutzer sind selbst f\u00fcr die Einrichtung der Informatik- und Telekommunikationsmittel verantwortlich, die den Zugang zur Website erm\u00f6glichen. Sie tragen die Kosten f\u00fcr die Telekommunikation beim Zugang zum Internet und bei der Nutzung der Website selbst.<\/p>\n<p>[\/et_pb_text][et_pb_text module_class=&#8221;custom-title&#8221; _builder_version=&#8221;4.17.6&#8243; _module_preset=&#8221;default&#8221; global_colors_info=&#8221;{}&#8221;]<\/p>\n<h2>Artikel 5 - Beschreibung der erbrachten Leistungen<\/h2>\n<p>[\/et_pb_text][et_pb_text _builder_version=&#8221;4.17.6&#8243; _module_preset=&#8221;default&#8221; global_colors_info=&#8221;{}&#8221;]<\/p>\n<p>Wir bem\u00fchen uns, m\u00f6glichst genaue Informationen bereitzustellen, haften jedoch nicht f\u00fcr Auslassungen, Ungenauigkeiten oder M\u00e4ngel bei der Aktualisierung der Informationen. Alle Informationen auf unserer Website sind unverbindlich und nicht ersch\u00f6pfend, sie unterliegen \u00c4nderungen seit ihrer Ver\u00f6ffentlichung.<\/p>\n<p>[\/et_pb_text][et_pb_text module_class=&#8221;custom-title&#8221; _builder_version=&#8221;4.17.6&#8243; _module_preset=&#8221;default&#8221; global_colors_info=&#8221;{}&#8221;]<\/p>\n<h2>Artikel 6 - Geistiges Eigentum<\/h2>\n<p>[\/et_pb_text][et_pb_text _builder_version=&#8221;4.17.6&#8243; _module_preset=&#8221;default&#8221; global_colors_info=&#8221;{}&#8221;]<\/p>\n<p>6.1 Unsere Seite<\/p>\n<p>&nbsp;<\/p>\n<p>Alle Marken, Fotografien, Texte, Kommentare, Illustrationen, animierte oder nicht animierte Bilder, Videosequenzen, T\u00f6ne sowie alle Computeranwendungen, die f\u00fcr den Betrieb der Website verwendet werden k\u00f6nnten, und ganz allgemein alle auf der Website reproduzierten oder verwendeten Elemente sind durch die geltenden Gesetze zum Schutz des geistigen Eigentums gesch\u00fctzt.<\/p>\n<p>&nbsp;<\/p>\n<p>Sie sind das vollst\u00e4ndige und uneingeschr\u00e4nkte Eigentum des Herausgebers oder seiner Gesch\u00e4ftspartner. Jede Vervielf\u00e4ltigung, Darstellung, Nutzung oder Anpassung, in welcher Form auch immer, aller oder eines Teils dieser Elemente, einschlie\u00dflich der Computeranwendungen, ohne die vorherige schriftliche Zustimmung des Herausgebers ist strengstens untersagt. Die Tatsache, dass der Herausgeber nicht sofort nach Kenntnisnahme dieser nicht genehmigten Nutzungen ein Verfahren einleitet, bedeutet nicht, dass er diese Nutzungen akzeptiert und auf eine Strafverfolgung verzichtet.<\/p>\n<p>&nbsp;<\/p>\n<p>Es ist dem Nutzer strengstens untersagt, :<\/p>\n<p>&nbsp;<\/p>\n<p>Kopieren, Vervielf\u00e4ltigen, Darstellen, Verbreiten, Verteilen, Ver\u00f6ffentlichen, dauerhaft oder vor\u00fcbergehend, des gesamten Inhalts und\/oder der Website oder eines Teils davon mit allen Mitteln und in allen Medien, die derzeit bekannt oder unbekannt sind;<\/p>\n<p>Abgeleitete Werke aus dem Inhalt und\/oder der Website erstellen ;<\/p>\n<p>Bearbeiten, \u00fcbersetzen, anpassen, arrangieren, ganz oder teilweise des Inhalts und\/oder der Website ;<\/p>\n<p>Disassemblieren, Dekompilieren, Reverse Engineering auf der Website durchf\u00fchren.<\/p>\n<p>In jedem Fall ist der Nutzer allein verantwortlich f\u00fcr die Nutzung der Website.<\/p>\n<p>&nbsp;<\/p>\n<p>Jede nicht genehmigte Nutzung der Website oder eines ihrer Elemente wird als F\u00e4lschung angesehen und gem\u00e4\u00df den Bestimmungen der Artikel L. 335-2 ff. des franz\u00f6sischen Gesetzbuchs \u00fcber geistiges Eigentum verfolgt.<\/p>\n<p>&nbsp;<\/p>\n<p>Unsere Marke<\/p>\n<p>Die Wort- und Bildmarken (Logos) des Herausgebers sowie von TALKTO sind gesch\u00fctzt. Ihre Nutzung ohne schriftliche Genehmigung des Herausgebers oder seiner Partner auf jeglichem Tr\u00e4ger, zur Aufwertung von Produkten oder Dienstleistungen oder zu kommerziellen Zwecken ist untersagt und wird vom Herausgeber straf- und zivilrechtlich gegen den Nutzer und\/oder verantwortliche Dritte verfolgt.<\/p>\n<p>&nbsp;<\/p>\n<p>Inhalt<\/p>\n<p>Auf der Website sind frei zug\u00e4ngliche Inhalte verf\u00fcgbar. Die Bereitstellung dieser Inhalte f\u00fchrt nicht zu einer \u00dcbertragung von Urheber- und Eigentumsrechten an den Inhalten, die das volle und ausschlie\u00dfliche geistige Eigentum des Herausgebers und der Beitragenden bleiben.<\/p>\n<p>&nbsp;<\/p>\n<p>Kein Nutzer kann oder darf Ma\u00dfnahmen ergreifen, die mit der Einhaltung des Urheberrechts und des Rechts auf geistiges Eigentum unvereinbar sind oder die gegen andere franz\u00f6sische und internationale Gesetze versto\u00dfen, die sich auf das Recht auf geistiges Eigentum beziehen. Der Herausgeber und seine Mitwirkenden behalten sich das Recht vor, jeden Nutzer wegen eines Versto\u00dfes gegen diese Bestimmungen strafrechtlich zu verfolgen.<\/p>\n<p>[\/et_pb_text][et_pb_text module_class=&#8221;custom-title&#8221; _builder_version=&#8221;4.17.6&#8243; _module_preset=&#8221;default&#8221; global_colors_info=&#8221;{}&#8221;]<\/p>\n<h2>Artikel 7 - Verwaltung der Website<\/h2>\n<p>[\/et_pb_text][et_pb_text _builder_version=&#8221;4.17.6&#8243; _module_preset=&#8221;default&#8221; global_colors_info=&#8221;{}&#8221;]<\/p>\n<p>Unsere Website ist normalerweise jederzeit f\u00fcr die Nutzer zug\u00e4nglich. Um die Website ordnungsgem\u00e4\u00df zu verwalten, kann sich der Herausgeber jederzeit das Recht vorbehalten, :<\/p>\n<p>&nbsp;<\/p>\n<p>den Zugriff auf die gesamte oder einen Teil der Website aus irgendeinem Grund mit oder ohne Vorank\u00fcndigung und nach eigenem Ermessen auszusetzen, zu unterbrechen oder einzuschr\u00e4nken ;<\/p>\n<p>Informationen, die den Betrieb st\u00f6ren k\u00f6nnten, aus irgendeinem Grund mit oder ohne Vorank\u00fcndigung und nach eigenem Ermessen zu entfernen;<\/p>\n<p>die Website zur Durchf\u00fchrung von Aktualisierungen zu unterbrechen.<\/p>\n<p>Der Herausgeber wird sich nach besten Kr\u00e4ften bem\u00fchen, den Nutzern vorab die Daten und Uhrzeiten der Intervention mitzuteilen, doch kann er im Falle einer nicht erfolgten Vorabmitteilung nicht haftbar gemacht werden.<\/p>\n<p>[\/et_pb_text][et_pb_text module_class=&#8221;custom-title&#8221; _builder_version=&#8221;4.17.6&#8243; _module_preset=&#8221;default&#8221; global_colors_info=&#8221;{}&#8221;]<\/p>\n<h2>Artikel 8 - Verantwortlichkeiten<\/h2>\n<p>[\/et_pb_text][et_pb_text _builder_version=&#8221;4.17.6&#8243; _module_preset=&#8221;default&#8221; global_colors_info=&#8221;{}&#8221;]<\/p>\n<p>8.1 Zugang zur Website<\/p>\n<p>&nbsp;<\/p>\n<p>Der Herausgeber verpflichtet sich, alle Anstrengungen zu unternehmen, um die Website 24 Stunden am Tag und 7 Tage die Woche zug\u00e4nglich zu machen. Der Herausgeber \u00fcbernimmt jedoch keine Verpflichtung hinsichtlich der st\u00e4ndigen Verf\u00fcgbarkeit und Zug\u00e4nglichkeit der Website und garantiert nicht, dass die Website frei von Fehlern ist. Der Herausgeber kann nicht f\u00fcr Fehler, Pannen, Schwierigkeiten oder Betriebsunterbrechungen haftbar gemacht werden, die den Zugang zur Website oder zu einer ihrer Funktionen verhindern.<\/p>\n<p>&nbsp;<\/p>\n<p>Der Herausgeber und der Hoster k\u00f6nnen nicht haftbar gemacht werden, wenn St\u00f6rungen des Internetnetzes, der Telefonleitungen oder der Computer- und Telefonausr\u00fcstung auftreten, die insbesondere mit einer \u00dcberlastung des Netzes verbunden sind und den Zugang zum Server verhindern.<\/p>\n<p>&nbsp;<\/p>\n<p>Der Herausgeber kann nicht f\u00fcr rechtliche Schritte gegen die Nutzer verantwortlich gemacht werden:<\/p>\n<p>&nbsp;<\/p>\n<p>Durch die Nutzung der Website oder eines anderen \u00fcber das Internet zug\u00e4nglichen Dienstes;<\/p>\n<p>Aufgrund der Nichteinhaltung der vorliegenden ANB durch den Nutzer.<\/p>\n<p>&nbsp;<\/p>\n<p>Verwendetes Material<\/p>\n<p>Die vom Nutzer verwendete Hardware f\u00fcr die Verbindung mit der Website unterliegt seiner alleinigen Verantwortung. Er muss alle geeigneten Ma\u00dfnahmen ergreifen, um seine Hardware und seine eigenen Daten zu sch\u00fctzen. Der Nutzer verpflichtet sich, auf die Website mit neuer Hardware, die keine Viren enth\u00e4lt, und mit einem k\u00fcrzlich aktualisierten Browser zuzugreifen.<\/p>\n<p>&nbsp;<\/p>\n<p>Der Herausgeber haftet nicht f\u00fcr Sch\u00e4den, die den Nutzern, Dritten und\/oder ihrer Ausr\u00fcstung durch ihre Verbindung oder Nutzung der Website entstehen, und die Nutzer verzichten auf jegliche Klage aus diesem Grund gegen den Herausgeber.<\/p>\n<p>&nbsp;<\/p>\n<p>Der Herausgeber kann auch nicht f\u00fcr indirekte Sch\u00e4den (wie z. B. Markt- oder Chancenverluste) haftbar gemacht werden, die aus der Nutzung der Website resultieren.<\/p>\n<p>[\/et_pb_text][et_pb_text module_class=&#8221;custom-title&#8221; _builder_version=&#8221;4.17.6&#8243; _module_preset=&#8221;default&#8221; global_colors_info=&#8221;{}&#8221;]<\/p>\n<h2>Artikel 9 - Fotografien und Darstellung von Produkten und Dienstleistungen<\/h2>\n<p>[\/et_pb_text][et_pb_text _builder_version=&#8221;4.17.6&#8243; _module_preset=&#8221;default&#8221; global_colors_info=&#8221;{}&#8221;]<\/p>\n<p>Die auf der Website vorhandenen Fotografien, die ihre Beschreibung begleiten, sind nicht vertraglich bindend und verpflichten den Herausgeber nicht.<\/p>\n<p>[\/et_pb_text][et_pb_text module_class=&#8221;custom-title&#8221; _builder_version=&#8221;4.17.6&#8243; _module_preset=&#8221;default&#8221; global_colors_info=&#8221;{}&#8221;]<\/p>\n<h2>Artikel 10 - Hyperlinks<\/h2>\n<p>[\/et_pb_text][et_pb_text _builder_version=&#8221;4.17.6&#8243; _module_preset=&#8221;default&#8221; global_colors_info=&#8221;{}&#8221;]<\/p>\n<p>Die Einrichtung von Hypertext-Links zu allen oder einem Teil der Website durch die Nutzer ist vorbehaltlich der vorherigen schriftlichen Genehmigung der Firma TALKTO, die per E-Mail an die folgende Adresse erbeten wird, erlaubt: contact.talkto1@gmail.com.<\/p>\n<p>&nbsp;<\/p>\n<p>Der Ver\u00f6ffentlicher kann diese Genehmigung verweigern, ohne seine Entscheidung in irgendeiner Weise begr\u00fcnden zu m\u00fcssen. Falls der Herausgeber seine Genehmigung erteilt, ist diese in jedem Fall nur vor\u00fcbergehend und kann jederzeit ohne Begr\u00fcndungspflicht zur\u00fcckgezogen werden. In jedem Fall muss jeder Link auf einfache Anfrage der Marke entfernt werden.<\/p>\n<p>&nbsp;<\/p>\n<p>Die Website enth\u00e4lt eine Reihe von Hyperlinks zu anderen Websites, die mit der Genehmigung des Herausgebers eingerichtet wurden. Unsere Gesellschaft hat jedoch nicht die M\u00f6glichkeit, den Inhalt der so besuchten Seiten zu \u00fcberpr\u00fcfen und \u00fcbernimmt dementsprechend keine Verantwortung f\u00fcr diesen Umstand.<\/p>\n<p>[\/et_pb_text][et_pb_text module_class=&#8221;custom-title&#8221; _builder_version=&#8221;4.17.6&#8243; _module_preset=&#8221;default&#8221; global_colors_info=&#8221;{}&#8221;]<\/p>\n<h2>Artikel 11 - Teilweise Ung\u00fcltigkeit<\/h2>\n<p>[\/et_pb_text][et_pb_text _builder_version=&#8221;4.17.6&#8243; _module_preset=&#8221;default&#8221; global_colors_info=&#8221;{}&#8221;]<\/p>\n<p>Die zeitweilige Nichtanwendung einer oder mehrerer Klauseln der vorliegenden Allgemeinen Gesch\u00e4ftsbedingungen kann in keinem Fall als Verzicht seitens TALKTO auf die Geltendmachung einer der genannten Klauseln ausgelegt werden.<\/p>\n<p>&nbsp;<\/p>\n<p>Wenn eine oder mehrere Bestimmungen dieser Vereinbarung durch ein Gesetz, eine Verordnung oder infolge einer rechtskr\u00e4ftigen Gerichtsentscheidung f\u00fcr ung\u00fcltig oder nicht durchsetzbar erkl\u00e4rt werden, behalten die \u00fcbrigen Bestimmungen ihre volle Kraft und Tragweite und gelten weiterhin in vollem Umfang.<\/p>\n<p>[\/et_pb_text][et_pb_text module_class=&#8221;custom-title&#8221; _builder_version=&#8221;4.17.6&#8243; _module_preset=&#8221;default&#8221; global_colors_info=&#8221;{}&#8221;]<\/p>\n<h2>Artikel 12 - Sprache<\/h2>\n<p>[\/et_pb_text][et_pb_text _builder_version=&#8221;4.17.6&#8243; _module_preset=&#8221;default&#8221; global_colors_info=&#8221;{}&#8221;]<\/p>\n<p>Im Falle einer \u00dcbersetzung der vorliegenden Allgemeinen Gesch\u00e4ftsbedingungen in eine oder mehrere Sprachen gilt im Falle von Widerspr\u00fcchen oder Streitigkeiten \u00fcber die Bedeutung eines Begriffs oder einer Bestimmung die franz\u00f6sische Sprache als Auslegungssprache.<\/p>\n<p>[\/et_pb_text][et_pb_text module_class=&#8221;custom-title&#8221; _builder_version=&#8221;4.17.6&#8243; _module_preset=&#8221;default&#8221; global_colors_info=&#8221;{}&#8221;]<\/p>\n<h2>Artikel 13 - Anwendbares Recht<\/h2>\n<p>[\/et_pb_text][et_pb_text _builder_version=&#8221;4.17.6&#8243; _module_preset=&#8221;default&#8221; global_colors_info=&#8221;{}&#8221;]<\/p>\n<p>Diese Nutzungsbedingungen f\u00fcr die Website unterliegen dem britischen Recht und unterliegen - im Falle eines Rechtsstreits - der ausschlie\u00dflichen Zust\u00e4ndigkeit der zust\u00e4ndigen ordentlichen Gerichte, vorbehaltlich einer besonderen Zust\u00e4ndigkeitszuweisung, die sich aus einem bestimmten Gesetzes- oder Verordnungstext ergibt.<\/p>\n<p>[\/et_pb_text][et_pb_text module_class=&#8221;custom-title&#8221; _builder_version=&#8221;4.17.6&#8243; _module_preset=&#8221;default&#8221; global_colors_info=&#8221;{}&#8221;]<\/p>\n<h2>Artikel 14 - Kontaktieren Sie uns<\/h2>\n<p>[\/et_pb_text][et_pb_text _builder_version=&#8221;4.17.6&#8243; _module_preset=&#8221;default&#8221; global_colors_info=&#8221;{}&#8221;]<\/p>\n<p>Bei Fragen, Informationen zu den auf der Website angebotenen Dienstleistungen oder zur Website selbst kann der Nutzer eine Nachricht an die folgende Adresse schicken: <a href=\"mailto:contact.talkto1@gmail.com\">contact.talkto1@gmail.com<\/a>.<\/p>\n<p>[\/et_pb_text][\/et_pb_column][\/et_pb_row][\/et_pb_section]<\/p>","protected":false},"excerpt":{"rendered":"<p>Protection des donn\u00e9esCELLO POP SL, dont le si\u00e8ge social est situ\u00e9 \u00e0 AVENIDA EUROPA (ED ATICA 5,), 26 &#8211; 2 PLT 28224, Madrid \u2013 VAT : ESB70809629 D\u00e9l\u00e8gue \u00e0\u00a0: La soci\u00e9t\u00e9 SAS FRIENDZ. Si\u00e8ge Social\u00a0:\u00a0 9, rue de Paris &#8211; 94100 St-Maur-Des-Foss\u00e9s. Siren 891 437 535 NAF\u00a0: 62.01Z\u2013 Capital social de 1.200,00 \u20ac. TVA intr. [&hellip;]<\/p>","protected":false},"author":1,"featured_media":0,"parent":0,"menu_order":0,"comment_status":"closed","ping_status":"closed","template":"","meta":{"_et_pb_use_builder":"on","_et_pb_old_content":"<!-- wp:divi\/placeholder \/-->","_et_gb_content_width":"","inline_featured_image":false,"footnotes":""},"class_list":["post-39","page","type-page","status-publish","hentry"],"_links":{"self":[{"href":"https:\/\/talkto.ac\/at\/wp-json\/wp\/v2\/pages\/39","targetHints":{"allow":["GET"]}}],"collection":[{"href":"https:\/\/talkto.ac\/at\/wp-json\/wp\/v2\/pages"}],"about":[{"href":"https:\/\/talkto.ac\/at\/wp-json\/wp\/v2\/types\/page"}],"author":[{"embeddable":true,"href":"https:\/\/talkto.ac\/at\/wp-json\/wp\/v2\/users\/1"}],"replies":[{"embeddable":true,"href":"https:\/\/talkto.ac\/at\/wp-json\/wp\/v2\/comments?post=39"}],"version-history":[{"count":12,"href":"https:\/\/talkto.ac\/at\/wp-json\/wp\/v2\/pages\/39\/revisions"}],"predecessor-version":[{"id":3510,"href":"https:\/\/talkto.ac\/at\/wp-json\/wp\/v2\/pages\/39\/revisions\/3510"}],"wp:attachment":[{"href":"https:\/\/talkto.ac\/at\/wp-json\/wp\/v2\/media?parent=39"}],"curies":[{"name":"wp","href":"https:\/\/api.w.org\/{rel}","templated":true}]}}